{"id":724,"date":"2017-03-04T10:39:06","date_gmt":"2017-03-04T10:39:06","guid":{"rendered":"http:\/\/www.lep.pl\/?page_id=724"},"modified":"2024-11-12T12:00:08","modified_gmt":"2024-11-12T12:00:08","slug":"klp47p","status":"publish","type":"page","link":"https:\/\/lep.pl\/index.php\/witamy\/klp47p\/","title":{"rendered":"KLP47P"},"content":{"rendered":"<div class=\"wpb-content-wrapper\"><p>[vc_row css=&#8221;.vc_custom_1552398563232{background-position: center !important;background-repeat: no-repeat !important;background-size: cover !important;}&#8221;][vc_column][vc_row_inner css=&#8221;.vc_custom_1552398569359{padding-top: 3% !important;padding-right: 12% !important;padding-left: 12% !important;}&#8221;][vc_column_inner width=&#8221;1\/2&#8243;][vc_column_text]<\/p>\n<h1>KLP47P<br \/>\nkonwerter linii po\u017carowej do alarmowej<\/h1>\n<p>[\/vc_column_text][\/vc_column_inner][vc_column_inner width=&#8221;1\/4&#8243;][vc_single_image image=&#8221;915&#8243; img_size=&#8221;large&#8221; alignment=&#8221;center&#8221; onclick=&#8221;link_image&#8221; title=&#8221;KLP47P&#8221; img_size=&#8221;large&#8221; alignment=&#8221;center&#8221; onclick=&#8221;link_image&#8221; title=&#8221;KLP47P&#8221; el_class=&#8221;image_text&#8221;][\/vc_column_inner][\/vc_row_inner][vc_row_inner css=&#8221;.vc_custom_1485607271454{padding-right: 12% !important;padding-left: 12% !important;}&#8221;][vc_column_inner][vc_toggle title=&#8221;Opis produktu (rozwi\u0144\/zwi\u0144)&#8221; style=&#8221;simple&#8221; color=&#8221;green&#8221; size=&#8221;lg&#8221; el_id=&#8221;1552568975610-1195c6ce-e367&#8243;]Konwerter linii po\u017carowej KLP47P (konwencjonalnych linii system\u00f3w wykrywania i sygnalizacji po\u017caru) do linii system\u00f3w sygnalizacji w\u0142amania i napadu umo\u017cliwia pod\u0142\u0105czenie konwencjonalnej, dwuprzewodowej linii z detektorami po\u017carowymi do sze\u015bcioprzewodowej linii po\u017carowej centralki w\u0142amaniowej.[\/vc_toggle][vc_toggle title=&#8221;Zasada dzia\u0142ania (rozwi\u0144\/zwi\u0144)&#8221; style=&#8221;simple&#8221; color=&#8221;green&#8221; size=&#8221;lg&#8221; el_id=&#8221;1552569026536-3ed8e85c-e27c&#8221;]Konwerter posiada dwa przeka\u017aniki prze\u0142\u0105czane pod wp\u0142ywem sygna\u0142u alarmu czujki i sygna\u0142u sabota\u017cu (przerwa linii, wyj\u0119cie czujki z gniazda). Prze\u0142\u0105czniki stanu dzia\u0142ania przeka\u017anik\u00f3w (NC\/NO) oraz tryb\u00f3w pracy dost\u0119pne s\u0105 w postaci wysuni\u0119tych p\u0119telek przewod\u00f3w w r\u00f3\u017cnych kolorach (\u201ezworki\u201d). Ustawienia fabryczne urz\u0105dzenia: wszystkie zworki zwarte (w\u0142\u0105czona funkcja sabota\u017cu, przeka\u017aniki w trybie NC, w\u0142\u0105czona funkcja autoreset, wy\u0142\u0105czona funkcja kasowania pierwszego alarmu z czujki).<\/p>\n<p>Rysunek przedstawia stan styk\u00f3w przeka\u017anik\u00f3w dla ustawie\u0144 fabrycznych urz\u0105dzenia po podaniu zasilania w stanie dozorowania: zwarte odpowiednio 3 z 4 i 6 z 7.<\/p>\n<p>Alarm dowolnej czujki spowoduje: miganie kontrolki AL co oko\u0142o 6 sekund i prze\u0142\u0105czenie styk\u00f3w przeka\u017anika ALARM (zwarte 7 i 8) &#8211; jest to sygna\u0142 \u201ealarm\u201d dla centrali w\u0142amaniowej.<br \/>\nPrzerwanie linii dozorowej spowoduje za\u015bwiecenie kontrolki AL i prze\u0142\u0105czenie przeka\u017anika SAB (zwarte 4 i 5) &#8211; jest to sygna\u0142 \u201esabota\u017c\u201d dla centralki w\u0142amaniowej.<\/p>\n<p>Linia dozorowa posiada zabezpieczenie przeciwzwarciowe &#8211; zwarcie w linii jest sygnalizowane miganiem kontrolki AL, prze\u0142\u0105czeniem przeka\u017anika ALARM (zwarte 7 i 8), za\u015bwieceniem kontrolki SAB i prze\u0142\u0105czeniem przeka\u017anika SAB (zwarte 4 i 5). Rozwarcie zworki czerwonej (autoreset) powoduje zatrzask stanu alarmu: (zwarte 7 i 8) oraz ci\u0105g\u0142e \u015bwiecenie kontrolki AL, a\u017c do momentu wy\u0142\u0105czenia zasilania urz\u0105dzenia.<\/p>\n<p>Zworki \u017c\u00f3\u0142ta i niebieska zmieniaj\u0105 tryb pracy przeka\u017anik\u00f3w sygnalizacyjnych z NC (zwarte &#8211; stan fabryczny) na NO (rozwarte).<br \/>\nRozwarcie zworki czarnej powoduje w\u0142\u0105czenie funkcji kasowania &#8211; anulowanie pierwszego alarmu z czujki (uniewa\u017cnienie przypadkowych alarm\u00f3w z czujek).<\/p>\n<p>W linii dozorowej (zaciski 1 i 2 LINIA) mo\u017ce pracowa\u0107 max. 50 czujek OSD23 wraz z gniazdami GNP18, przy czym alarm mo\u017ce wyst\u0105pi\u0107 r\u00f3wnocze\u015bnie w maksymalnie 12 czujkach.<\/p>\n<p>Linia dozorowa musi by\u0107 zako\u0144czona rezystorem ko\u0144cowym o warto\u015bci 2,7k\u03a9, zamontowanym w ostatnim gnie\u017adzie w linii dozorowej.[\/vc_toggle][vc_toggle title=&#8221;Dane techniczne (rozwi\u0144\/zwi\u0144)&#8221; style=&#8221;simple&#8221; color=&#8221;green&#8221; size=&#8221;lg&#8221; el_id=&#8221;1552569048418-c3341ca3-d8d6&#8243;]<\/p>\n<table border=\"0\">\n<tbody>\n<tr>\n<td>Napi\u0119cie zasilania<\/td>\n<td align=\"right\">12V DC<\/td>\n<\/tr>\n<tr>\n<td>Maksymalny pob\u00f3r pr\u0105du<\/td>\n<td align=\"right\"><\/td>\n<\/tr>\n<tr>\n<td>&#8211; w stanie dozorowania<\/td>\n<td align=\"right\">40mA dla 2xNC 15mA dla 2xNO<\/td>\n<\/tr>\n<tr>\n<td>&#8211; w stanie alarmowania<\/td>\n<td align=\"right\">160mA<\/td>\n<\/tr>\n<tr>\n<td>Obci\u0105\u017calno\u015b\u0107 styk\u00f3w przeka\u017anika<\/td>\n<td align=\"right\">24V\/1A (125V\/0,5A)<\/td>\n<\/tr>\n<tr>\n<td>Kontrolki<\/td>\n<td style=\"text-align: right;\" align=\"right\">zielona &#8211; zasilanie urz\u0105dzenia<\/td>\n<\/tr>\n<tr>\n<td><\/td>\n<td style=\"text-align: right;\" align=\"right\">czerwona &#8211; stan alarmu w linii dozorowej<\/td>\n<\/tr>\n<tr>\n<td><\/td>\n<td style=\"text-align: right;\" align=\"right\">\u017c\u00f3\u0142ta &#8211; stan sabota\u017cu w linii dozorowej<\/td>\n<\/tr>\n<tr>\n<td>Zworki<\/td>\n<td style=\"text-align: right;\" align=\"right\">\u017c\u00f3\u0142ta &#8211; stan pracy przeka\u017anika SAB<br \/>\n(zwarta: NC, rozwarta: NO)<\/td>\n<\/tr>\n<tr>\n<td><\/td>\n<td style=\"text-align: right;\" align=\"right\">niebieska &#8211; stan pracy przeka\u017anika AL<br \/>\n(zwarta: NC, rozwarta: NO)<\/td>\n<\/tr>\n<tr>\n<td><\/td>\n<td align=\"right\">czerwona &#8211; autoreset<br \/>\n(zwarta: autoreset linii dozorowej,<br \/>\nrozwarta: zatrzask alarmu)<\/td>\n<\/tr>\n<tr>\n<td><\/td>\n<td align=\"right\">czarna &#8211; funkcja kasowania<br \/>\n(zwarta: wy\u0142\u0105czona funkcja kasowania,<br \/>\nrozwarta: anulowanie pierwszego alarmu z czujki)<\/td>\n<\/tr>\n<tr>\n<td>Zakres temperatur pracy<\/td>\n<td align=\"right\">-25\u00b0 C do +55\u00b0 C<\/td>\n<\/tr>\n<tr>\n<td>Wilgotno\u015b\u0107 wzgl\u0119dna<\/td>\n<td align=\"right\">do 80% przy +40\u00b0C<\/td>\n<\/tr>\n<tr>\n<td>Waga<\/td>\n<td align=\"right\">100g<\/td>\n<\/tr>\n<tr>\n<td>Wymiary<\/td>\n<td align=\"right\">90 x 105x 70 mm<\/td>\n<\/tr>\n<\/tbody>\n<\/table>\n<p>[\/vc_toggle][vc_toggle title=&#8221;Pliki i dokumenty (rozwi\u0144\/zwi\u0144)&#8221; style=&#8221;simple&#8221; color=&#8221;green&#8221; size=&#8221;lg&#8221; el_id=&#8221;1552569072781-0bbb5642-31d4&#8243;]<\/p>\n<ol>\n<li><img decoding=\"async\" src=\"https:\/\/lep.pl\/wp-content\/uploads\/2017\/01\/ic_done.png\" width=\"20\" height=\"20\" \/><a href=\"https:\/\/lep.pl\/files\/file\/PL\/IO\/47-klp47p-iot-160602.pdf\">KLP47P &#8211; instrukcja obs\u0142ugi, informacja techniczna<\/a><\/li>\n<li><img decoding=\"async\" src=\"https:\/\/lep.pl\/wp-content\/uploads\/2017\/01\/ic_done.png\" width=\"20\" height=\"20\" \/><a href=\"https:\/\/lep.pl\/files\/file\/PL\/KK\/47-klp47p-kk-160602.pdf\">KLP47P &#8211; karta katalogowa<\/a><\/li>\n<\/ol>\n<p>[\/vc_toggle][\/vc_column_inner][\/vc_row_inner][\/vc_column][\/vc_row][vc_row content_placement=&#8221;top&#8221; css=&#8221;.vc_custom_1552569139755{background-position: center !important;background-repeat: no-repeat !important;background-size: cover !important;}&#8221;][vc_column][vc_row_inner css=&#8221;.vc_custom_1552569144789{padding-right: 12% !important;padding-left: 12% !important;}&#8221;][vc_column_inner width=&#8221;1\/4&#8243;][vc_column_text]<a href=\"mailto:biuro@lep.pl\">biuro@lep.pl<\/a>[\/vc_column_text][\/vc_column_inner][vc_column_inner width=&#8221;1\/4&#8243;][vc_column_text](32) 754 54 54<br \/>\n(32) 754 54 55[\/vc_column_text][\/vc_column_inner][vc_column_inner width=&#8221;1\/4&#8243;][vc_column_text]<a href=\"https:\/\/goo.gl\/maps\/2HeA81byii52\" target=\"_blank\" rel=\"noopener noreferrer\">Wsp\u00f3lna 9, <\/a><a href=\"https:\/\/goo.gl\/maps\/2HeA81byii52\">32-300, Olkusz<br \/>\n<\/a>NIP: 637-010-87-21[\/vc_column_text][\/vc_column_inner][vc_column_inner width=&#8221;1\/4&#8243;][\/vc_column_inner][\/vc_row_inner][\/vc_column][\/vc_row]<\/p>\n<\/div>","protected":false},"excerpt":{"rendered":"<p>[vc_row css=&#8221;.vc_custom_1552398563232{background-position: center !important;background-repeat: no-repeat !important;background-size: cover !important;}&#8221;][vc_column][vc_row_inner css=&#8221;.vc_custom_1552398569359{padding-top: 3% !important;padding-right: 12% !important;padding-left: 12% !important;}&#8221;][vc_column_inner width=&#8221;1\/2&#8243;][vc_column_text] KLP47P konwerter linii po\u017carowej do alarmowej [\/vc_column_text][\/vc_column_inner][vc_column_inner width=&#8221;1\/4&#8243;][vc_single_image image=&#8221;915&#8243; img_size=&#8221;large&#8221; alignment=&#8221;center&#8221; onclick=&#8221;link_image&#8221; title=&#8221;KLP47P&#8221; img_size=&#8221;large&#8221; alignment=&#8221;center&#8221; onclick=&#8221;link_image&#8221; title=&#8221;KLP47P&#8221; el_class=&#8221;image_text&#8221;][\/vc_column_inner][\/vc_row_inner][vc_row_inner css=&#8221;.vc_custom_1485607271454{padding-right: 12% !important;padding-left: 12% !important;}&#8221;][vc_column_inner][vc_toggle title=&#8221;Opis produktu (rozwi\u0144\/zwi\u0144)&#8221; style=&#8221;simple&#8221; color=&#8221;green&#8221; size=&#8221;lg&#8221; el_id=&#8221;1552568975610-1195c6ce-e367&#8243;]Konwerter linii po\u017carowej KLP47P (konwencjonalnych linii system\u00f3w wykrywania i sygnalizacji [&hellip;]<\/p>\n","protected":false},"author":2,"featured_media":0,"parent":381,"menu_order":0,"comment_status":"closed","ping_status":"closed","template":"page-full-width.php","meta":{"footnotes":""},"class_list":["post-724","page","type-page","status-publish","hentry"],"yoast_head":"<!-- This site is optimized with the Yoast SEO plugin v27.3 - https:\/\/yoast.com\/product\/yoast-seo-wordpress\/ -->\n<title>Konwerter linii po\u017carowej KLP47P | LEP - producent elektroniki ppo\u017c<\/title>\n<meta name=\"description\" content=\"Konwerter linii po\u017carowej KLP47P umo\u017cliwia pod\u0142\u0105czenie konwencjonalnej, dwuprzewodowej linii po\u017carowej do linii alarmowej centralki w\u0142amaniowej.\" \/>\n<meta name=\"robots\" content=\"index, follow, max-snippet:-1, max-image-preview:large, max-video-preview:-1\" \/>\n<link rel=\"canonical\" href=\"https:\/\/lep.pl\/index.php\/witamy\/klp47p\/\" \/>\n<meta property=\"og:locale\" content=\"pl_PL\" \/>\n<meta property=\"og:type\" content=\"article\" \/>\n<meta property=\"og:title\" content=\"Konwerter linii po\u017carowej KLP47P | LEP - producent elektroniki ppo\u017c\" \/>\n<meta property=\"og:description\" content=\"Konwerter linii po\u017carowej KLP47P umo\u017cliwia pod\u0142\u0105czenie konwencjonalnej, dwuprzewodowej linii po\u017carowej do linii alarmowej centralki w\u0142amaniowej.\" \/>\n<meta property=\"og:url\" content=\"https:\/\/lep.pl\/index.php\/witamy\/klp47p\/\" \/>\n<meta property=\"og:site_name\" content=\"LEP\" \/>\n<meta property=\"article:modified_time\" content=\"2024-11-12T12:00:08+00:00\" \/>\n<meta property=\"og:image\" content=\"http:\/\/lep.pl\/wp-content\/uploads\/2017\/01\/ic_done.png\" \/>\n<meta name=\"twitter:card\" content=\"summary_large_image\" \/>\n<meta name=\"twitter:label1\" content=\"Szacowany czas czytania\" \/>\n\t<meta name=\"twitter:data1\" content=\"4 minuty\" \/>\n<script type=\"application\/ld+json\" class=\"yoast-schema-graph\">{\"@context\":\"https:\\\/\\\/schema.org\",\"@graph\":[{\"@type\":\"WebPage\",\"@id\":\"https:\\\/\\\/lep.pl\\\/index.php\\\/witamy\\\/klp47p\\\/\",\"url\":\"https:\\\/\\\/lep.pl\\\/index.php\\\/witamy\\\/klp47p\\\/\",\"name\":\"Konwerter linii po\u017carowej KLP47P | LEP - producent elektroniki ppo\u017c\",\"isPartOf\":{\"@id\":\"https:\\\/\\\/lep.pl\\\/#website\"},\"primaryImageOfPage\":{\"@id\":\"https:\\\/\\\/lep.pl\\\/index.php\\\/witamy\\\/klp47p\\\/#primaryimage\"},\"image\":{\"@id\":\"https:\\\/\\\/lep.pl\\\/index.php\\\/witamy\\\/klp47p\\\/#primaryimage\"},\"thumbnailUrl\":\"http:\\\/\\\/lep.pl\\\/wp-content\\\/uploads\\\/2017\\\/01\\\/ic_done.png\",\"datePublished\":\"2017-03-04T10:39:06+00:00\",\"dateModified\":\"2024-11-12T12:00:08+00:00\",\"description\":\"Konwerter linii po\u017carowej KLP47P umo\u017cliwia pod\u0142\u0105czenie konwencjonalnej, dwuprzewodowej linii po\u017carowej do linii alarmowej centralki w\u0142amaniowej.\",\"breadcrumb\":{\"@id\":\"https:\\\/\\\/lep.pl\\\/index.php\\\/witamy\\\/klp47p\\\/#breadcrumb\"},\"inLanguage\":\"pl-PL\",\"potentialAction\":[{\"@type\":\"ReadAction\",\"target\":[\"https:\\\/\\\/lep.pl\\\/index.php\\\/witamy\\\/klp47p\\\/\"]}]},{\"@type\":\"ImageObject\",\"inLanguage\":\"pl-PL\",\"@id\":\"https:\\\/\\\/lep.pl\\\/index.php\\\/witamy\\\/klp47p\\\/#primaryimage\",\"url\":\"http:\\\/\\\/lep.pl\\\/wp-content\\\/uploads\\\/2017\\\/01\\\/ic_done.png\",\"contentUrl\":\"http:\\\/\\\/lep.pl\\\/wp-content\\\/uploads\\\/2017\\\/01\\\/ic_done.png\"},{\"@type\":\"BreadcrumbList\",\"@id\":\"https:\\\/\\\/lep.pl\\\/index.php\\\/witamy\\\/klp47p\\\/#breadcrumb\",\"itemListElement\":[{\"@type\":\"ListItem\",\"position\":1,\"name\":\"Strona g\u0142\u00f3wna\",\"item\":\"https:\\\/\\\/lep.pl\\\/\"},{\"@type\":\"ListItem\",\"position\":2,\"name\":\"Witamy\",\"item\":\"https:\\\/\\\/lep.pl\\\/\"},{\"@type\":\"ListItem\",\"position\":3,\"name\":\"KLP47P\"}]},{\"@type\":\"WebSite\",\"@id\":\"https:\\\/\\\/lep.pl\\\/#website\",\"url\":\"https:\\\/\\\/lep.pl\\\/\",\"name\":\"LEP\",\"description\":\"- centrale PPO\u017b, czujniki dymu i zasilacze\",\"publisher\":{\"@id\":\"https:\\\/\\\/lep.pl\\\/#organization\"},\"potentialAction\":[{\"@type\":\"SearchAction\",\"target\":{\"@type\":\"EntryPoint\",\"urlTemplate\":\"https:\\\/\\\/lep.pl\\\/?s={search_term_string}\"},\"query-input\":{\"@type\":\"PropertyValueSpecification\",\"valueRequired\":true,\"valueName\":\"search_term_string\"}}],\"inLanguage\":\"pl-PL\"},{\"@type\":\"Organization\",\"@id\":\"https:\\\/\\\/lep.pl\\\/#organization\",\"name\":\"Lep\",\"url\":\"https:\\\/\\\/lep.pl\\\/\",\"logo\":{\"@type\":\"ImageObject\",\"inLanguage\":\"pl-PL\",\"@id\":\"https:\\\/\\\/lep.pl\\\/#\\\/schema\\\/logo\\\/image\\\/\",\"url\":\"https:\\\/\\\/lep.pl\\\/wp-content\\\/uploads\\\/2017\\\/04\\\/logo@1x.png\",\"contentUrl\":\"https:\\\/\\\/lep.pl\\\/wp-content\\\/uploads\\\/2017\\\/04\\\/logo@1x.png\",\"width\":400,\"height\":54,\"caption\":\"Lep\"},\"image\":{\"@id\":\"https:\\\/\\\/lep.pl\\\/#\\\/schema\\\/logo\\\/image\\\/\"}}]}<\/script>\n<!-- \/ Yoast SEO plugin. -->","yoast_head_json":{"title":"Konwerter linii po\u017carowej KLP47P | LEP - producent elektroniki ppo\u017c","description":"Konwerter linii po\u017carowej KLP47P umo\u017cliwia pod\u0142\u0105czenie konwencjonalnej, dwuprzewodowej linii po\u017carowej do linii alarmowej centralki w\u0142amaniowej.","robots":{"index":"index","follow":"follow","max-snippet":"max-snippet:-1","max-image-preview":"max-image-preview:large","max-video-preview":"max-video-preview:-1"},"canonical":"https:\/\/lep.pl\/index.php\/witamy\/klp47p\/","og_locale":"pl_PL","og_type":"article","og_title":"Konwerter linii po\u017carowej KLP47P | LEP - producent elektroniki ppo\u017c","og_description":"Konwerter linii po\u017carowej KLP47P umo\u017cliwia pod\u0142\u0105czenie konwencjonalnej, dwuprzewodowej linii po\u017carowej do linii alarmowej centralki w\u0142amaniowej.","og_url":"https:\/\/lep.pl\/index.php\/witamy\/klp47p\/","og_site_name":"LEP","article_modified_time":"2024-11-12T12:00:08+00:00","og_image":[{"url":"http:\/\/lep.pl\/wp-content\/uploads\/2017\/01\/ic_done.png","type":"","width":"","height":""}],"twitter_card":"summary_large_image","twitter_misc":{"Szacowany czas czytania":"4 minuty"},"schema":{"@context":"https:\/\/schema.org","@graph":[{"@type":"WebPage","@id":"https:\/\/lep.pl\/index.php\/witamy\/klp47p\/","url":"https:\/\/lep.pl\/index.php\/witamy\/klp47p\/","name":"Konwerter linii po\u017carowej KLP47P | LEP - producent elektroniki ppo\u017c","isPartOf":{"@id":"https:\/\/lep.pl\/#website"},"primaryImageOfPage":{"@id":"https:\/\/lep.pl\/index.php\/witamy\/klp47p\/#primaryimage"},"image":{"@id":"https:\/\/lep.pl\/index.php\/witamy\/klp47p\/#primaryimage"},"thumbnailUrl":"http:\/\/lep.pl\/wp-content\/uploads\/2017\/01\/ic_done.png","datePublished":"2017-03-04T10:39:06+00:00","dateModified":"2024-11-12T12:00:08+00:00","description":"Konwerter linii po\u017carowej KLP47P umo\u017cliwia pod\u0142\u0105czenie konwencjonalnej, dwuprzewodowej linii po\u017carowej do linii alarmowej centralki w\u0142amaniowej.","breadcrumb":{"@id":"https:\/\/lep.pl\/index.php\/witamy\/klp47p\/#breadcrumb"},"inLanguage":"pl-PL","potentialAction":[{"@type":"ReadAction","target":["https:\/\/lep.pl\/index.php\/witamy\/klp47p\/"]}]},{"@type":"ImageObject","inLanguage":"pl-PL","@id":"https:\/\/lep.pl\/index.php\/witamy\/klp47p\/#primaryimage","url":"http:\/\/lep.pl\/wp-content\/uploads\/2017\/01\/ic_done.png","contentUrl":"http:\/\/lep.pl\/wp-content\/uploads\/2017\/01\/ic_done.png"},{"@type":"BreadcrumbList","@id":"https:\/\/lep.pl\/index.php\/witamy\/klp47p\/#breadcrumb","itemListElement":[{"@type":"ListItem","position":1,"name":"Strona g\u0142\u00f3wna","item":"https:\/\/lep.pl\/"},{"@type":"ListItem","position":2,"name":"Witamy","item":"https:\/\/lep.pl\/"},{"@type":"ListItem","position":3,"name":"KLP47P"}]},{"@type":"WebSite","@id":"https:\/\/lep.pl\/#website","url":"https:\/\/lep.pl\/","name":"LEP","description":"- centrale PPO\u017b, czujniki dymu i zasilacze","publisher":{"@id":"https:\/\/lep.pl\/#organization"},"potentialAction":[{"@type":"SearchAction","target":{"@type":"EntryPoint","urlTemplate":"https:\/\/lep.pl\/?s={search_term_string}"},"query-input":{"@type":"PropertyValueSpecification","valueRequired":true,"valueName":"search_term_string"}}],"inLanguage":"pl-PL"},{"@type":"Organization","@id":"https:\/\/lep.pl\/#organization","name":"Lep","url":"https:\/\/lep.pl\/","logo":{"@type":"ImageObject","inLanguage":"pl-PL","@id":"https:\/\/lep.pl\/#\/schema\/logo\/image\/","url":"https:\/\/lep.pl\/wp-content\/uploads\/2017\/04\/logo@1x.png","contentUrl":"https:\/\/lep.pl\/wp-content\/uploads\/2017\/04\/logo@1x.png","width":400,"height":54,"caption":"Lep"},"image":{"@id":"https:\/\/lep.pl\/#\/schema\/logo\/image\/"}}]}},"_links":{"self":[{"href":"https:\/\/lep.pl\/index.php\/wp-json\/wp\/v2\/pages\/724","targetHints":{"allow":["GET"]}}],"collection":[{"href":"https:\/\/lep.pl\/index.php\/wp-json\/wp\/v2\/pages"}],"about":[{"href":"https:\/\/lep.pl\/index.php\/wp-json\/wp\/v2\/types\/page"}],"author":[{"embeddable":true,"href":"https:\/\/lep.pl\/index.php\/wp-json\/wp\/v2\/users\/2"}],"replies":[{"embeddable":true,"href":"https:\/\/lep.pl\/index.php\/wp-json\/wp\/v2\/comments?post=724"}],"version-history":[{"count":34,"href":"https:\/\/lep.pl\/index.php\/wp-json\/wp\/v2\/pages\/724\/revisions"}],"predecessor-version":[{"id":3650,"href":"https:\/\/lep.pl\/index.php\/wp-json\/wp\/v2\/pages\/724\/revisions\/3650"}],"up":[{"embeddable":true,"href":"https:\/\/lep.pl\/index.php\/wp-json\/wp\/v2\/pages\/381"}],"wp:attachment":[{"href":"https:\/\/lep.pl\/index.php\/wp-json\/wp\/v2\/media?parent=724"}],"curies":[{"name":"wp","href":"https:\/\/api.w.org\/{rel}","templated":true}]}}