{"id":721,"date":"2017-03-04T10:25:30","date_gmt":"2017-03-04T10:25:30","guid":{"rendered":"http:\/\/www.lep.pl\/?page_id=721"},"modified":"2024-11-12T11:43:12","modified_gmt":"2024-11-12T11:43:12","slug":"asw45","status":"publish","type":"page","link":"https:\/\/lep.pl\/index.php\/witamy\/asw45\/","title":{"rendered":"ASW45"},"content":{"rendered":"<div class=\"wpb-content-wrapper\"><p>[vc_row css=&#8221;.vc_custom_1552480762255{background-position: center !important;background-repeat: no-repeat !important;background-size: cover !important;}&#8221;][vc_column][vc_row_inner css=&#8221;.vc_custom_1552480773177{padding-top: 3% !important;padding-right: 12% !important;padding-left: 12% !important;}&#8221;][vc_column_inner width=&#8221;1\/2&#8243;][vc_column_text]<\/p>\n<h1><strong>ASW45<\/strong><br \/>\nautonomiczny sterownik urz\u0105dze\u0144 wykonawczych<\/h1>\n<p>[\/vc_column_text][\/vc_column_inner][vc_column_inner width=&#8221;1\/4&#8243;][vc_single_image image=&#8221;908&#8243; img_size=&#8221;large&#8221; alignment=&#8221;center&#8221; onclick=&#8221;link_image&#8221; el_class=&#8221;image_text&#8221; title=&#8221;ASW45&#8243;][\/vc_column_inner][vc_column_inner width=&#8221;1\/4&#8243;][\/vc_column_inner][\/vc_row_inner][vc_row_inner css=&#8221;.vc_custom_1552480849446{padding-right: 12% !important;padding-left: 12% !important;}&#8221;][vc_column_inner][vc_toggle title=&#8221;Opis produktu (rozwi\u0144\/zwi\u0144)&#8221; style=&#8221;simple&#8221; color=&#8221;green&#8221; size=&#8221;lg&#8221; css=&#8221;&#8221; el_id=&#8221;1552480825853-ab253c3d-7a67&#8243;]Autonomiczny sterownik ASW45 jest przeznaczony do uruchamiania (poprzez bezpotencja\u0142owe styki przeka\u017anika) urz\u0105dze\u0144 wykonawczych, b\u0119d\u0105cych elementami systemu ppo\u017c., takich jak wentylatory, sygnalizatory i klapy dymowe.<\/p>\n<p>Urz\u0105dzenia wykonawcze s\u0105 w\u0142\u0105czane poprzez modu\u0142 po wykryciu dymu przez czujki OSD23 lub OSD63. Wy\u0142\u0105czenie nast\u0119puje po up\u0142ywie oko\u0142o 30 sekund od momentu, gdy czujka przestanie sygnalizowa\u0107 obecno\u015b\u0107 dymu.[\/vc_toggle][vc_toggle title=&#8221;Zasada dzia\u0142ania (rozwi\u0144\/zwi\u0144)&#8221; style=&#8221;simple&#8221; color=&#8221;green&#8221; size=&#8221;lg&#8221; css=&#8221;&#8221; el_id=&#8221;1552480858715-9a0147d4-e176&#8243;]Sterowanie urz\u0105dze\u0144 wykonawczych nast\u0119puje poprzez bezpotencja\u0142owe styki przeka\u017anika. Pozycja kotwicy przeka\u017anika w stanie dozorowania jest ustalana zwork\u0105 NC\/NO &#8211; patrz: dane techniczne.<\/p>\n<p>Gdy przynajmniej jedna czujka pod\u0142\u0105czona do sterownika wykryje obecno\u015b\u0107 dymu w powietrzu, nast\u0105pi prze\u0142\u0105czenie kotwicy przeka\u017anika w stan alarmu. Czujka w stanie alarmu zwi\u0119ksza pob\u00f3r pr\u0105du w linii dozorowej z warto\u015bci 50uA do warto\u015bci 20mA.<\/p>\n<p>Stan alarmu sygnalizowany jest \u015bwieceniem kontrolki AL. Po sygnale o alarmie dymowym z czujki modu\u0142 automatycznie resetuje lini\u0119 dozorow\u0105, o ile nie zosta\u0142a przeci\u0119ta zworka czerwona. Przeci\u0119cie czerwonej zworki spowoduje \u201ezatrza\u015bni\u0119cie\u201d stanu alarmowania danej czujki &#8211; mo\u017cna wtedy stan alarmu skasowa\u0107 albo wy\u0142\u0105czeniem zasilania, albo za pomoc\u0105 do\u0142\u0105czonego do zacisk\u00f3w RESET prze\u0142\u0105cznika.<\/p>\n<p>Po ustaniu zadymienia, kiedy czujka przestaje alarmowa\u0107 po resecie (lub autoresecie), styki przeka\u017anika pozostaj\u0105 w pozycji alarmowej jeszcze przez oko\u0142o 30 sekund, o ile nie zosta\u0142a przeci\u0119ta zworka czarna &#8211; przeci\u0119cie tej zworki spowoduje brak \u201eprzeci\u0105gni\u0119cia\u201d alarmu na stykach przeka\u017anika.<\/p>\n<p>Do\u0142\u0105czenie do zacisk\u00f3w 1 i 2 (R\u0118CZNE W\u0141. URZ.)\u00a0 dowolnego prze\u0142\u0105cznika bistabilnego zwiernego umo\u017cliwia prze\u0142\u0105czanie na sta\u0142e przeka\u017anika ze stanu dozorowania w stan alarmowania. Pozwala to na niezale\u017cne od stanu czujek w\u0142\u0105czanie urz\u0105dzenia wykonawczego.<br \/>\nDo\u0142\u0105czenie do zacisk\u00f3w 5 i 6 (RESET) dowolnego prze\u0142\u0105cznika monostabilnego zwiernego umo\u017cliwia resetowanie stanu alarmu czujek &#8211; funkcja wykorzystywana, je\u017celi w sterowniku wy\u0142\u0105czona zostanie funkcja autoresetu.<\/p>\n<p>Stan styk\u00f3w przeka\u017anika w r\u00f3\u017cnych stanach pracy urz\u0105dzenia zale\u017cy od ustawienia zworki NC\/NO dost\u0119pnej w postaci wysuni\u0119tej p\u0119telki przewodu w kolorze niebieskim.<\/p>\n<ul>\n<li>Ustawienie NC (fabryczne &#8211; zworka nie przeci\u0119ta): bez zasilania zwarte styki 9 z 10 i 12 z 13, po podaniu zasilania zwarte styki 10 z 11 i 13 z 14, w czasie alarmu i sabota\u017cu zwarte styki 9 z 10 i 12 z 13<\/li>\n<li>Ustawienie NO (zworka przeci\u0119ta): bez zasilania zwarte styki 9 z 10 i 12 z 13, po podaniu zasilania zwarte styki 9 z 10 i 12 z 13, w czasie alarmu i sabota\u017cu zwarte styki 10 z 11 i 13 z 14<\/li>\n<\/ul>\n<p>Sterownik wyposa\u017cony jest w zabezpieczenie przeciwzwarciowe linii dozorowej. Zwarcie linii powoduje wy\u0142\u0105czenie napi\u0119cia w linii, prze\u0142\u0105czenie przeka\u017anika w stan alarmu i ci\u0105g\u0142e \u015bwiecenie kontrolki SAB oraz miganie kontroli AL. Po usuni\u0119ciu zwarcia sterownik automatycznie przejdzie w stan dozorowania.<\/p>\n<p>Podobnie jak na zwarcie, sterownik reaguje na wyj\u0119cie czujki z gniazda lub przerw\u0119 w linii &#8211; tzw. SABOTA\u017b. Nast\u0105pi wtedy prze\u0142\u0105czenie przeka\u017anika i ci\u0105g\u0142e \u015bwiecenie kontrolki SAB.\u00a0\u00a0\u00a0\u00a0\u00a0\u00a0\u00a0\u00a0 UWAGA ! W ostatnim gnie\u017adzie musi by\u0107 zainstalowany opornik ko\u0144cowy = 2,7k\u03a9.<\/p>\n<p>Mo\u017cna wyeliminowa\u0107 prze\u0142\u0105czanie przeka\u017anika w sytuacji sabota\u017cu lub zwarcia w linii poprzez przeci\u0119cie zworki \u017c\u00f3\u0142tej &#8211; sygnalizacje kontrolkami pozostan\u0105 bez zmian.[\/vc_toggle][vc_toggle title=&#8221;Dane techniczne (rozwi\u0144\/zwi\u0144)&#8221; style=&#8221;simple&#8221; color=&#8221;green&#8221; size=&#8221;lg&#8221; css=&#8221;&#8221; el_id=&#8221;1552480953833-5fa7751b-2de5&#8243;]<\/p>\n<div>\n<div>\n<div>\n<div>\n<div>\n<div>\n<div>\n<table border=\"0\">\n<tbody>\n<tr>\n<td>Napi\u0119cie zasilania<\/td>\n<td align=\"right\">24V DC (10V &#8211; 28V)<\/td>\n<\/tr>\n<tr>\n<td>Maksymalny pob\u00f3r pr\u0105du: &#8211; startowy (60sek) &#8211; w stanie dozorowania &#8211; w stanie alarmu<\/td>\n<td align=\"right\">55 mA 15 mA (NO) 200 mA<\/td>\n<\/tr>\n<tr>\n<td>Obci\u0105\u017calno\u015b\u0107 styk\u00f3w przeka\u017anika<\/td>\n<td align=\"right\">230V\/8A<\/td>\n<\/tr>\n<tr>\n<td>Temperatura pracy<\/td>\n<td align=\"right\">-25\u00b0C do +55\u00b0C<\/td>\n<\/tr>\n<tr>\n<td>Wilgotno\u015b\u0107 wzgl\u0119dna<\/td>\n<td align=\"right\">80% przy 40\u00b0C<\/td>\n<\/tr>\n<tr>\n<td>Waga<\/td>\n<td align=\"right\">ok. 100g<\/td>\n<\/tr>\n<\/tbody>\n<\/table>\n<\/div>\n<\/div>\n<\/div>\n<\/div>\n<\/div>\n<\/div>\n<\/div>\n<p>[\/vc_toggle][vc_toggle title=&#8221;Pliki i dokumenty (rozwi\u0144\/zwi\u0144)&#8221; style=&#8221;simple&#8221; color=&#8221;green&#8221; size=&#8221;lg&#8221; css=&#8221;&#8221; el_id=&#8221;1552480968588-535aeadc-3098&#8243;]<\/p>\n<ol>\n<li><img decoding=\"async\" src=\"https:\/\/lep.pl\/wp-content\/uploads\/2017\/01\/ic_done.png\" width=\"20\" height=\"20\" \/><a href=\"https:\/\/lep.pl\/files\/file\/PL\/IO\/45-asw45-iot-191021.pdf\">ASW45 &#8211; instrukcja obs\u0142ugi, informacja techniczna<\/a><\/li>\n<li><img decoding=\"async\" src=\"https:\/\/lep.pl\/wp-content\/uploads\/2017\/01\/ic_done.png\" width=\"20\" height=\"20\" \/><a href=\"https:\/\/lep.pl\/files\/file\/PL\/KK\/45-asw45-kk-191021.pdf\">ASW45 &#8211; karta katalogowa<\/a><\/li>\n<\/ol>\n<p>[\/vc_toggle][\/vc_column_inner][\/vc_row_inner][\/vc_column][\/vc_row][vc_row content_placement=&#8221;top&#8221; css=&#8221;.vc_custom_1552481021991{background-position: center !important;background-repeat: no-repeat !important;background-size: cover !important;}&#8221;][vc_column][vc_row_inner css=&#8221;.vc_custom_1552481027783{padding-right: 12% !important;padding-left: 12% !important;}&#8221;][vc_column_inner width=&#8221;1\/4&#8243;][vc_column_text]<a href=\"mailto:biuro@lep.pl\">biuro@lep.pl<\/a>[\/vc_column_text][\/vc_column_inner][vc_column_inner width=&#8221;1\/4&#8243;][vc_column_text](32) 754 54 54<br \/>\n(32) 754 54 55[\/vc_column_text][\/vc_column_inner][vc_column_inner width=&#8221;1\/4&#8243;][vc_column_text]<a href=\"https:\/\/goo.gl\/maps\/2HeA81byii52\" target=\"_blank\" rel=\"noopener noreferrer\">Wsp\u00f3lna 9, <\/a><a href=\"https:\/\/goo.gl\/maps\/2HeA81byii52\">32-300, Olkusz<br \/>\n<\/a>NIP: 637-010-87-21[\/vc_column_text][\/vc_column_inner][vc_column_inner width=&#8221;1\/4&#8243;][\/vc_column_inner][\/vc_row_inner][\/vc_column][\/vc_row]<\/p>\n<\/div>","protected":false},"excerpt":{"rendered":"<p>[vc_row css=&#8221;.vc_custom_1552480762255{background-position: center !important;background-repeat: no-repeat !important;background-size: cover !important;}&#8221;][vc_column][vc_row_inner css=&#8221;.vc_custom_1552480773177{padding-top: 3% !important;padding-right: 12% !important;padding-left: 12% !important;}&#8221;][vc_column_inner width=&#8221;1\/2&#8243;][vc_column_text] ASW45 autonomiczny sterownik urz\u0105dze\u0144 wykonawczych [\/vc_column_text][\/vc_column_inner][vc_column_inner width=&#8221;1\/4&#8243;][vc_single_image image=&#8221;908&#8243; img_size=&#8221;large&#8221; alignment=&#8221;center&#8221; onclick=&#8221;link_image&#8221; el_class=&#8221;image_text&#8221; title=&#8221;ASW45&#8243;][\/vc_column_inner][vc_column_inner width=&#8221;1\/4&#8243;][\/vc_column_inner][\/vc_row_inner][vc_row_inner css=&#8221;.vc_custom_1552480849446{padding-right: 12% !important;padding-left: 12% !important;}&#8221;][vc_column_inner][vc_toggle title=&#8221;Opis produktu (rozwi\u0144\/zwi\u0144)&#8221; style=&#8221;simple&#8221; color=&#8221;green&#8221; size=&#8221;lg&#8221; css=&#8221;&#8221; el_id=&#8221;1552480825853-ab253c3d-7a67&#8243;]Autonomiczny sterownik ASW45 jest przeznaczony do uruchamiania (poprzez bezpotencja\u0142owe styki przeka\u017anika) urz\u0105dze\u0144 wykonawczych, [&hellip;]<\/p>\n","protected":false},"author":2,"featured_media":0,"parent":381,"menu_order":0,"comment_status":"closed","ping_status":"closed","template":"page-full-width.php","meta":{"footnotes":""},"class_list":["post-721","page","type-page","status-publish","hentry"],"yoast_head":"<!-- This site is optimized with the Yoast SEO plugin v27.3 - https:\/\/yoast.com\/product\/yoast-seo-wordpress\/ -->\n<title>Autonomiczny sterownik ASW45 | LEP - producent elektroniki<\/title>\n<meta name=\"description\" content=\"Autonomiczny sterownik ASW45 jest przeznaczony do uruchamiania (poprzez bez-potencja\u0142owe styki przeka\u017anika) urz\u0105dze\u0144 wykonawczych system\u00f3w alarmowych\" \/>\n<meta name=\"robots\" content=\"index, follow, max-snippet:-1, max-image-preview:large, max-video-preview:-1\" \/>\n<link rel=\"canonical\" href=\"https:\/\/lep.pl\/index.php\/witamy\/asw45\/\" \/>\n<meta property=\"og:locale\" content=\"pl_PL\" \/>\n<meta property=\"og:type\" content=\"article\" \/>\n<meta property=\"og:title\" content=\"Autonomiczny sterownik ASW45 | LEP - producent elektroniki\" \/>\n<meta property=\"og:description\" content=\"Autonomiczny sterownik ASW45 jest przeznaczony do uruchamiania (poprzez bez-potencja\u0142owe styki przeka\u017anika) urz\u0105dze\u0144 wykonawczych system\u00f3w alarmowych\" \/>\n<meta property=\"og:url\" content=\"https:\/\/lep.pl\/index.php\/witamy\/asw45\/\" \/>\n<meta property=\"og:site_name\" content=\"LEP\" \/>\n<meta property=\"article:modified_time\" content=\"2024-11-12T11:43:12+00:00\" \/>\n<meta property=\"og:image\" content=\"http:\/\/lep.pl\/wp-content\/uploads\/2017\/01\/ic_done.png\" \/>\n<meta name=\"twitter:card\" content=\"summary_large_image\" \/>\n<meta name=\"twitter:label1\" content=\"Szacowany czas czytania\" \/>\n\t<meta name=\"twitter:data1\" content=\"5 minut\" \/>\n<script type=\"application\/ld+json\" class=\"yoast-schema-graph\">{\"@context\":\"https:\\\/\\\/schema.org\",\"@graph\":[{\"@type\":\"WebPage\",\"@id\":\"https:\\\/\\\/lep.pl\\\/index.php\\\/witamy\\\/asw45\\\/\",\"url\":\"https:\\\/\\\/lep.pl\\\/index.php\\\/witamy\\\/asw45\\\/\",\"name\":\"Autonomiczny sterownik ASW45 | LEP - producent elektroniki\",\"isPartOf\":{\"@id\":\"https:\\\/\\\/lep.pl\\\/#website\"},\"primaryImageOfPage\":{\"@id\":\"https:\\\/\\\/lep.pl\\\/index.php\\\/witamy\\\/asw45\\\/#primaryimage\"},\"image\":{\"@id\":\"https:\\\/\\\/lep.pl\\\/index.php\\\/witamy\\\/asw45\\\/#primaryimage\"},\"thumbnailUrl\":\"http:\\\/\\\/lep.pl\\\/wp-content\\\/uploads\\\/2017\\\/01\\\/ic_done.png\",\"datePublished\":\"2017-03-04T10:25:30+00:00\",\"dateModified\":\"2024-11-12T11:43:12+00:00\",\"description\":\"Autonomiczny sterownik ASW45 jest przeznaczony do uruchamiania (poprzez bez-potencja\u0142owe styki przeka\u017anika) urz\u0105dze\u0144 wykonawczych system\u00f3w alarmowych\",\"breadcrumb\":{\"@id\":\"https:\\\/\\\/lep.pl\\\/index.php\\\/witamy\\\/asw45\\\/#breadcrumb\"},\"inLanguage\":\"pl-PL\",\"potentialAction\":[{\"@type\":\"ReadAction\",\"target\":[\"https:\\\/\\\/lep.pl\\\/index.php\\\/witamy\\\/asw45\\\/\"]}]},{\"@type\":\"ImageObject\",\"inLanguage\":\"pl-PL\",\"@id\":\"https:\\\/\\\/lep.pl\\\/index.php\\\/witamy\\\/asw45\\\/#primaryimage\",\"url\":\"http:\\\/\\\/lep.pl\\\/wp-content\\\/uploads\\\/2017\\\/01\\\/ic_done.png\",\"contentUrl\":\"http:\\\/\\\/lep.pl\\\/wp-content\\\/uploads\\\/2017\\\/01\\\/ic_done.png\"},{\"@type\":\"BreadcrumbList\",\"@id\":\"https:\\\/\\\/lep.pl\\\/index.php\\\/witamy\\\/asw45\\\/#breadcrumb\",\"itemListElement\":[{\"@type\":\"ListItem\",\"position\":1,\"name\":\"Strona g\u0142\u00f3wna\",\"item\":\"https:\\\/\\\/lep.pl\\\/\"},{\"@type\":\"ListItem\",\"position\":2,\"name\":\"Witamy\",\"item\":\"https:\\\/\\\/lep.pl\\\/\"},{\"@type\":\"ListItem\",\"position\":3,\"name\":\"ASW45\"}]},{\"@type\":\"WebSite\",\"@id\":\"https:\\\/\\\/lep.pl\\\/#website\",\"url\":\"https:\\\/\\\/lep.pl\\\/\",\"name\":\"LEP\",\"description\":\"- centrale PPO\u017b, czujniki dymu i zasilacze\",\"publisher\":{\"@id\":\"https:\\\/\\\/lep.pl\\\/#organization\"},\"potentialAction\":[{\"@type\":\"SearchAction\",\"target\":{\"@type\":\"EntryPoint\",\"urlTemplate\":\"https:\\\/\\\/lep.pl\\\/?s={search_term_string}\"},\"query-input\":{\"@type\":\"PropertyValueSpecification\",\"valueRequired\":true,\"valueName\":\"search_term_string\"}}],\"inLanguage\":\"pl-PL\"},{\"@type\":\"Organization\",\"@id\":\"https:\\\/\\\/lep.pl\\\/#organization\",\"name\":\"Lep\",\"url\":\"https:\\\/\\\/lep.pl\\\/\",\"logo\":{\"@type\":\"ImageObject\",\"inLanguage\":\"pl-PL\",\"@id\":\"https:\\\/\\\/lep.pl\\\/#\\\/schema\\\/logo\\\/image\\\/\",\"url\":\"https:\\\/\\\/lep.pl\\\/wp-content\\\/uploads\\\/2017\\\/04\\\/logo@1x.png\",\"contentUrl\":\"https:\\\/\\\/lep.pl\\\/wp-content\\\/uploads\\\/2017\\\/04\\\/logo@1x.png\",\"width\":400,\"height\":54,\"caption\":\"Lep\"},\"image\":{\"@id\":\"https:\\\/\\\/lep.pl\\\/#\\\/schema\\\/logo\\\/image\\\/\"}}]}<\/script>\n<!-- \/ Yoast SEO plugin. -->","yoast_head_json":{"title":"Autonomiczny sterownik ASW45 | LEP - producent elektroniki","description":"Autonomiczny sterownik ASW45 jest przeznaczony do uruchamiania (poprzez bez-potencja\u0142owe styki przeka\u017anika) urz\u0105dze\u0144 wykonawczych system\u00f3w alarmowych","robots":{"index":"index","follow":"follow","max-snippet":"max-snippet:-1","max-image-preview":"max-image-preview:large","max-video-preview":"max-video-preview:-1"},"canonical":"https:\/\/lep.pl\/index.php\/witamy\/asw45\/","og_locale":"pl_PL","og_type":"article","og_title":"Autonomiczny sterownik ASW45 | LEP - producent elektroniki","og_description":"Autonomiczny sterownik ASW45 jest przeznaczony do uruchamiania (poprzez bez-potencja\u0142owe styki przeka\u017anika) urz\u0105dze\u0144 wykonawczych system\u00f3w alarmowych","og_url":"https:\/\/lep.pl\/index.php\/witamy\/asw45\/","og_site_name":"LEP","article_modified_time":"2024-11-12T11:43:12+00:00","og_image":[{"url":"http:\/\/lep.pl\/wp-content\/uploads\/2017\/01\/ic_done.png","type":"","width":"","height":""}],"twitter_card":"summary_large_image","twitter_misc":{"Szacowany czas czytania":"5 minut"},"schema":{"@context":"https:\/\/schema.org","@graph":[{"@type":"WebPage","@id":"https:\/\/lep.pl\/index.php\/witamy\/asw45\/","url":"https:\/\/lep.pl\/index.php\/witamy\/asw45\/","name":"Autonomiczny sterownik ASW45 | LEP - producent elektroniki","isPartOf":{"@id":"https:\/\/lep.pl\/#website"},"primaryImageOfPage":{"@id":"https:\/\/lep.pl\/index.php\/witamy\/asw45\/#primaryimage"},"image":{"@id":"https:\/\/lep.pl\/index.php\/witamy\/asw45\/#primaryimage"},"thumbnailUrl":"http:\/\/lep.pl\/wp-content\/uploads\/2017\/01\/ic_done.png","datePublished":"2017-03-04T10:25:30+00:00","dateModified":"2024-11-12T11:43:12+00:00","description":"Autonomiczny sterownik ASW45 jest przeznaczony do uruchamiania (poprzez bez-potencja\u0142owe styki przeka\u017anika) urz\u0105dze\u0144 wykonawczych system\u00f3w alarmowych","breadcrumb":{"@id":"https:\/\/lep.pl\/index.php\/witamy\/asw45\/#breadcrumb"},"inLanguage":"pl-PL","potentialAction":[{"@type":"ReadAction","target":["https:\/\/lep.pl\/index.php\/witamy\/asw45\/"]}]},{"@type":"ImageObject","inLanguage":"pl-PL","@id":"https:\/\/lep.pl\/index.php\/witamy\/asw45\/#primaryimage","url":"http:\/\/lep.pl\/wp-content\/uploads\/2017\/01\/ic_done.png","contentUrl":"http:\/\/lep.pl\/wp-content\/uploads\/2017\/01\/ic_done.png"},{"@type":"BreadcrumbList","@id":"https:\/\/lep.pl\/index.php\/witamy\/asw45\/#breadcrumb","itemListElement":[{"@type":"ListItem","position":1,"name":"Strona g\u0142\u00f3wna","item":"https:\/\/lep.pl\/"},{"@type":"ListItem","position":2,"name":"Witamy","item":"https:\/\/lep.pl\/"},{"@type":"ListItem","position":3,"name":"ASW45"}]},{"@type":"WebSite","@id":"https:\/\/lep.pl\/#website","url":"https:\/\/lep.pl\/","name":"LEP","description":"- centrale PPO\u017b, czujniki dymu i zasilacze","publisher":{"@id":"https:\/\/lep.pl\/#organization"},"potentialAction":[{"@type":"SearchAction","target":{"@type":"EntryPoint","urlTemplate":"https:\/\/lep.pl\/?s={search_term_string}"},"query-input":{"@type":"PropertyValueSpecification","valueRequired":true,"valueName":"search_term_string"}}],"inLanguage":"pl-PL"},{"@type":"Organization","@id":"https:\/\/lep.pl\/#organization","name":"Lep","url":"https:\/\/lep.pl\/","logo":{"@type":"ImageObject","inLanguage":"pl-PL","@id":"https:\/\/lep.pl\/#\/schema\/logo\/image\/","url":"https:\/\/lep.pl\/wp-content\/uploads\/2017\/04\/logo@1x.png","contentUrl":"https:\/\/lep.pl\/wp-content\/uploads\/2017\/04\/logo@1x.png","width":400,"height":54,"caption":"Lep"},"image":{"@id":"https:\/\/lep.pl\/#\/schema\/logo\/image\/"}}]}},"_links":{"self":[{"href":"https:\/\/lep.pl\/index.php\/wp-json\/wp\/v2\/pages\/721","targetHints":{"allow":["GET"]}}],"collection":[{"href":"https:\/\/lep.pl\/index.php\/wp-json\/wp\/v2\/pages"}],"about":[{"href":"https:\/\/lep.pl\/index.php\/wp-json\/wp\/v2\/types\/page"}],"author":[{"embeddable":true,"href":"https:\/\/lep.pl\/index.php\/wp-json\/wp\/v2\/users\/2"}],"replies":[{"embeddable":true,"href":"https:\/\/lep.pl\/index.php\/wp-json\/wp\/v2\/comments?post=721"}],"version-history":[{"count":41,"href":"https:\/\/lep.pl\/index.php\/wp-json\/wp\/v2\/pages\/721\/revisions"}],"predecessor-version":[{"id":3646,"href":"https:\/\/lep.pl\/index.php\/wp-json\/wp\/v2\/pages\/721\/revisions\/3646"}],"up":[{"embeddable":true,"href":"https:\/\/lep.pl\/index.php\/wp-json\/wp\/v2\/pages\/381"}],"wp:attachment":[{"href":"https:\/\/lep.pl\/index.php\/wp-json\/wp\/v2\/media?parent=721"}],"curies":[{"name":"wp","href":"https:\/\/api.w.org\/{rel}","templated":true}]}}