{"id":718,"date":"2017-03-04T10:19:29","date_gmt":"2017-03-04T10:19:29","guid":{"rendered":"http:\/\/www.lep.pl\/?page_id=718"},"modified":"2024-11-13T09:58:09","modified_gmt":"2024-11-13T09:58:09","slug":"mts42","status":"publish","type":"page","link":"https:\/\/lep.pl\/index.php\/witamy\/mts42\/","title":{"rendered":"MTS42"},"content":{"rendered":"<div class=\"wpb-content-wrapper\"><p>[vc_row css=&#8221;.vc_custom_1552479564419{background-position: center !important;background-repeat: no-repeat !important;background-size: cover !important;}&#8221;][vc_column][vc_row_inner css=&#8221;.vc_custom_1552479569143{padding-top: 3% !important;padding-right: 12% !important;padding-left: 12% !important;}&#8221;][vc_column_inner width=&#8221;1\/2&#8243;][vc_column_text]<\/p>\n<h1><strong>MTS42<\/strong><br \/>\nmodu\u0142 tablicy synoptycznej<\/h1>\n<p>[\/vc_column_text][\/vc_column_inner][vc_column_inner width=&#8221;1\/4&#8243;][vc_single_image image=&#8221;2962&#8243; img_size=&#8221;large&#8221; alignment=&#8221;center&#8221; onclick=&#8221;link_image&#8221; title=&#8221;MTS42&#8243; el_class=&#8221;image_text&#8221;][\/vc_column_inner][vc_column_inner width=&#8221;1\/4&#8243;][vc_single_image image=&#8221;2964&#8243; img_size=&#8221;large&#8221; alignment=&#8221;center&#8221; onclick=&#8221;link_image&#8221; title=&#8221;MTS42&#8243; el_class=&#8221;image_text&#8221;][\/vc_column_inner][\/vc_row_inner][vc_row_inner css=&#8221;.vc_custom_1485607271454{padding-right: 12% !important;padding-left: 12% !important;}&#8221;][vc_column_inner][vc_toggle title=&#8221;Opis produktu (rozwi\u0144\/zwi\u0144)&#8221; style=&#8221;simple&#8221; color=&#8221;green&#8221; size=&#8221;lg&#8221; css=&#8221;&#8221; el_id=&#8221;1552479620239-2d66b80f-5bac&#8221;]Sterownik tablicy synoptycznej MTS42 jest przeznaczony do obs\u0142ugi tablic synoptycznych lub innych urz\u0105dze\u0144 wska\u017anikowych w systemie AFS42. Tablica synoptyczna jest urz\u0105dzeniem posiadaj\u0105cym grup\u0119 wska\u017anik\u00f3w, kt\u00f3re mog\u0105 pos\u0142u\u017cy\u0107 do sygnalizacji stanu poszczeg\u00f3lnych cz\u0119\u015bci systemu AFS42 (np. tablica z diodami LED z nadanymi nazwami pomieszcze\u0144). MTS42 jest odpowiedzialny za przetwarzanie informacji przesy\u0142anych przez central\u0119 AFS42 i sterowanie wyj\u015bciami, do kt\u00f3rych pod\u0142\u0105czone s\u0105 wska\u017aniki.<br \/>\nMTS42 rozr\u00f3\u017cnia trzy stany element\u00f3w systemu AFS42 (adresy i strefy) \u2013 awari\u0119, alarm I stopnia oraz alarm II stopnia. Dodatkowo MTS42 jest w stanie sygnalizowa\u0107 stany specjalne oraz awarie og\u00f3lne centrali. <strong>Poniewa\u017c MTS42 jest w stanie sterowa\u0107 25 wska\u017anikami, w przypadku potrzeby zbudowania tablicy synoptycznej z wi\u0119ksz\u0105 liczb\u0105 wska\u017anik\u00f3w mo\u017cna w systemie AFS42 instalowa\u0107 r\u00f3wnocze\u015bnie wi\u0119cej ni\u017c jeden modu\u0142 MTS42.<\/strong>[\/vc_toggle][vc_toggle title=&#8221;Zasada dzia\u0142ania (rozwi\u0144\/zwi\u0144)&#8221; style=&#8221;simple&#8221; color=&#8221;green&#8221; size=&#8221;lg&#8221; css=&#8221;&#8221; el_id=&#8221;1552479675040-fe75669d-0b07&#8243;]Dzia\u0142anie modu\u0142u sprowadza si\u0119 do dw\u00f3ch zasadniczych tryb\u00f3w: trybu konfiguracji i trybu dozoru.<br \/>\nW trybie konfiguracji modu\u0142 jest pod\u0142\u0105czony do komputera poprzez z\u0142\u0105cze USB. Z\u0142\u0105cze USB zapewnia zasilanie i komunikacj\u0119 z komputerem. Z poziomu komputera, w dedykowanym programie do obs\u0142ugi MTS42, ustalona zostaje i przes\u0142ana konfiguracja modu\u0142u.<br \/>\nW trybie dozoru MTS42 jest zasilony z dedykowanego zasilania 12V DC i jest pod\u0142\u0105czony do magistrali RS485 centrali AFS42. Dzi\u0119ki temu ca\u0142y czas monitoruje stan centrali i w razie potrzeby uruchamia odpowiednie wyj\u015bcia zgodnie z konfiguracj\u0105 zapisan\u0105 w nieulotnej wewn\u0119trznej pami\u0119ci typu FLASH.<br \/>\nKonfiguracja modu\u0142u, obs\u0142ugiwane stany i precyzyjny opis sterowania wyj\u015bciami (miganie) zosta\u0142y szczeg\u00f3\u0142owo opisane instrukcji obs\u0142ugi modu\u0142u.<\/p>\n<p>[\/vc_toggle][vc_toggle title=&#8221;Dane techniczne (rozwi\u0144\/zwi\u0144)&#8221; style=&#8221;simple&#8221; color=&#8221;green&#8221; size=&#8221;lg&#8221; css=&#8221;&#8221; el_id=&#8221;1552479651134-435d0a0d-6ed5&#8243;]<\/p>\n<table style=\"width: 39.8119%;\" border=\"0\">\n<tbody>\n<tr>\n<td style=\"width: 56.8401%;\">Napi\u0119cie zasilania<\/td>\n<td style=\"width: 51.0597%;\" align=\"right\">5V DV (USB), 12V DC (doz\u00f3r)<\/td>\n<\/tr>\n<tr>\n<td style=\"width: 56.8401%;\">Pob\u00f3r pr\u0105du<\/td>\n<td style=\"width: 51.0597%;\" align=\"right\">50mA<\/td>\n<\/tr>\n<tr>\n<td style=\"width: 56.8401%;\">Ograniczenie pr\u0105d\u00f3w wyj\u015bciowych<br \/>\nna zaciskach 1-25 przy u\u017cyciu rezystor\u00f3w<\/td>\n<td style=\"width: 51.0597%;\" align=\"right\">1,2 k ohm &#8211; 10mA<br \/>\n600 ohm &#8211; 20mA<br \/>\n240 ohm &#8211; 50mA<br \/>\n120 ohm &#8211; 100mA<\/td>\n<\/tr>\n<tr>\n<td style=\"width: 56.8401%;\">Zabezpieczenie pr\u0105dowe<br \/>\n\u0142\u0105czne dla wyj\u015b\u0107 nr 1-25<\/td>\n<td style=\"width: 51.0597%;\" align=\"right\">500mA<\/td>\n<\/tr>\n<tr>\n<td style=\"width: 56.8401%;\">Temperatura pracy<\/td>\n<td style=\"width: 51.0597%;\" align=\"right\">-20\u00b0C do +40\u00b0C<\/td>\n<\/tr>\n<tr>\n<td style=\"width: 56.8401%;\">Wilgotno\u015b\u0107 wzgl\u0119dna<\/td>\n<td style=\"width: 51.0597%;\" align=\"right\">do 80% przy 40\u00b0C<\/td>\n<\/tr>\n<tr>\n<td style=\"width: 56.8401%;\">Obudowa<\/td>\n<td style=\"width: 51.0597%;\" align=\"right\">plastikowa na szyn\u0119 DIN<\/td>\n<\/tr>\n<tr>\n<td style=\"width: 56.8401%;\">Wymiary<\/td>\n<td style=\"width: 51.0597%;\" align=\"right\">107 x 90x 66 mm<\/td>\n<\/tr>\n<tr>\n<td style=\"width: 56.8401%;\">Masa<\/td>\n<td style=\"width: 51.0597%;\" align=\"right\">100g \u00b1 5g<\/td>\n<\/tr>\n<\/tbody>\n<\/table>\n<p>[\/vc_toggle][vc_toggle title=&#8221;Pliki i dokumenty (rozwi\u0144\/zwi\u0144)&#8221; style=&#8221;simple&#8221; color=&#8221;green&#8221; size=&#8221;lg&#8221; css=&#8221;&#8221; el_id=&#8221;1552479696008-08015adc-a5fa&#8221;]<img decoding=\"async\" src=\"https:\/\/lep.pl\/wp-content\/uploads\/2017\/01\/ic_done.png\" width=\"20\" height=\"20\" \/>\u00a0<a href=\"https:\/\/lep.pl\/files\/file\/PL\/IO\/42-mts42-iot-120906.pdf\">MTS42 Modu\u0142 tablicy synoptycznej do systemu AFS42 &#8211; instrukcja obs\u0142ugi, informacja techniczna <\/a><\/p>\n<p><img decoding=\"async\" src=\"https:\/\/lep.pl\/wp-content\/uploads\/2017\/01\/ic_done.png\" width=\"20\" height=\"20\" \/>\u00a0<a href=\"https:\/\/lep.pl\/files\/file\/PL\/PR\/mts42_konfigurator_111010.zip\">\u00a0MTS 42 v1_5 &#8211; program konfiguracyjny <\/a>[\/vc_toggle][\/vc_column_inner][\/vc_row_inner][\/vc_column][\/vc_row][vc_row content_placement=&#8221;top&#8221; css=&#8221;.vc_custom_1552479838769{background-position: center !important;background-repeat: no-repeat !important;background-size: cover !important;}&#8221;][vc_column][vc_row_inner css=&#8221;.vc_custom_1552479763691{padding-right: 12% !important;padding-left: 12% !important;}&#8221;][vc_column_inner width=&#8221;1\/4&#8243;][vc_column_text]<a href=\"mailto:biuro@lep.pl\">biuro@lep.pl<\/a>[\/vc_column_text][\/vc_column_inner][vc_column_inner width=&#8221;1\/4&#8243;][vc_column_text](32) 754 54 54<br \/>\n(32) 754 54 55[\/vc_column_text][\/vc_column_inner][vc_column_inner width=&#8221;1\/4&#8243;][vc_column_text]<a href=\"https:\/\/goo.gl\/maps\/2HeA81byii52\" target=\"_blank\" rel=\"noopener noreferrer\">Wsp\u00f3lna 9, <\/a><a href=\"https:\/\/goo.gl\/maps\/2HeA81byii52\">32-300, Olkusz<br \/>\n<\/a>NIP: 637-010-87-21[\/vc_column_text][\/vc_column_inner][vc_column_inner width=&#8221;1\/4&#8243;][\/vc_column_inner][\/vc_row_inner][\/vc_column][\/vc_row]<\/p>\n<\/div>","protected":false},"excerpt":{"rendered":"<p>[vc_row css=&#8221;.vc_custom_1552479564419{background-position: center !important;background-repeat: no-repeat !important;background-size: cover !important;}&#8221;][vc_column][vc_row_inner css=&#8221;.vc_custom_1552479569143{padding-top: 3% !important;padding-right: 12% !important;padding-left: 12% !important;}&#8221;][vc_column_inner width=&#8221;1\/2&#8243;][vc_column_text] MTS42 modu\u0142 tablicy synoptycznej [\/vc_column_text][\/vc_column_inner][vc_column_inner width=&#8221;1\/4&#8243;][vc_single_image image=&#8221;2962&#8243; img_size=&#8221;large&#8221; alignment=&#8221;center&#8221; onclick=&#8221;link_image&#8221; title=&#8221;MTS42&#8243; el_class=&#8221;image_text&#8221;][\/vc_column_inner][vc_column_inner width=&#8221;1\/4&#8243;][vc_single_image image=&#8221;2964&#8243; img_size=&#8221;large&#8221; alignment=&#8221;center&#8221; onclick=&#8221;link_image&#8221; title=&#8221;MTS42&#8243; el_class=&#8221;image_text&#8221;][\/vc_column_inner][\/vc_row_inner][vc_row_inner css=&#8221;.vc_custom_1485607271454{padding-right: 12% !important;padding-left: 12% !important;}&#8221;][vc_column_inner][vc_toggle title=&#8221;Opis produktu (rozwi\u0144\/zwi\u0144)&#8221; style=&#8221;simple&#8221; color=&#8221;green&#8221; size=&#8221;lg&#8221; css=&#8221;&#8221; el_id=&#8221;1552479620239-2d66b80f-5bac&#8221;]Sterownik tablicy synoptycznej MTS42 jest przeznaczony do obs\u0142ugi [&hellip;]<\/p>\n","protected":false},"author":2,"featured_media":0,"parent":381,"menu_order":0,"comment_status":"closed","ping_status":"closed","template":"page-full-width.php","meta":{"footnotes":""},"class_list":["post-718","page","type-page","status-publish","hentry"],"yoast_head":"<!-- This site is optimized with the Yoast SEO plugin v27.3 - https:\/\/yoast.com\/product\/yoast-seo-wordpress\/ -->\n<title>sterownik tablicy synoptycznej MTS42 | LEP - producent elektroniki ppo\u017c<\/title>\n<meta name=\"description\" content=\"Sterownik tablicy synoptycznej MTS42 jest przeznaczony do obs\u0142ugi tablic synoptycznych lub innych urz\u0105dze\u0144 wska\u017anikowych w systemie AFS42.\" \/>\n<meta name=\"robots\" content=\"index, follow, max-snippet:-1, max-image-preview:large, max-video-preview:-1\" \/>\n<link rel=\"canonical\" href=\"https:\/\/lep.pl\/index.php\/witamy\/mts42\/\" \/>\n<meta property=\"og:locale\" content=\"pl_PL\" \/>\n<meta property=\"og:type\" content=\"article\" \/>\n<meta property=\"og:title\" content=\"sterownik tablicy synoptycznej MTS42 | LEP - producent elektroniki ppo\u017c\" \/>\n<meta property=\"og:description\" content=\"Sterownik tablicy synoptycznej MTS42 jest przeznaczony do obs\u0142ugi tablic synoptycznych lub innych urz\u0105dze\u0144 wska\u017anikowych w systemie AFS42.\" \/>\n<meta property=\"og:url\" content=\"https:\/\/lep.pl\/index.php\/witamy\/mts42\/\" \/>\n<meta property=\"og:site_name\" content=\"LEP\" \/>\n<meta property=\"article:modified_time\" content=\"2024-11-13T09:58:09+00:00\" \/>\n<meta property=\"og:image\" content=\"http:\/\/lep.pl\/wp-content\/uploads\/2017\/01\/ic_done.png\" \/>\n<meta name=\"twitter:card\" content=\"summary_large_image\" \/>\n<meta name=\"twitter:label1\" content=\"Szacowany czas czytania\" \/>\n\t<meta name=\"twitter:data1\" content=\"4 minuty\" \/>\n<script type=\"application\/ld+json\" class=\"yoast-schema-graph\">{\"@context\":\"https:\\\/\\\/schema.org\",\"@graph\":[{\"@type\":\"WebPage\",\"@id\":\"https:\\\/\\\/lep.pl\\\/index.php\\\/witamy\\\/mts42\\\/\",\"url\":\"https:\\\/\\\/lep.pl\\\/index.php\\\/witamy\\\/mts42\\\/\",\"name\":\"sterownik tablicy synoptycznej MTS42 | LEP - producent elektroniki ppo\u017c\",\"isPartOf\":{\"@id\":\"https:\\\/\\\/lep.pl\\\/#website\"},\"primaryImageOfPage\":{\"@id\":\"https:\\\/\\\/lep.pl\\\/index.php\\\/witamy\\\/mts42\\\/#primaryimage\"},\"image\":{\"@id\":\"https:\\\/\\\/lep.pl\\\/index.php\\\/witamy\\\/mts42\\\/#primaryimage\"},\"thumbnailUrl\":\"http:\\\/\\\/lep.pl\\\/wp-content\\\/uploads\\\/2017\\\/01\\\/ic_done.png\",\"datePublished\":\"2017-03-04T10:19:29+00:00\",\"dateModified\":\"2024-11-13T09:58:09+00:00\",\"description\":\"Sterownik tablicy synoptycznej MTS42 jest przeznaczony do obs\u0142ugi tablic synoptycznych lub innych urz\u0105dze\u0144 wska\u017anikowych w systemie AFS42.\",\"breadcrumb\":{\"@id\":\"https:\\\/\\\/lep.pl\\\/index.php\\\/witamy\\\/mts42\\\/#breadcrumb\"},\"inLanguage\":\"pl-PL\",\"potentialAction\":[{\"@type\":\"ReadAction\",\"target\":[\"https:\\\/\\\/lep.pl\\\/index.php\\\/witamy\\\/mts42\\\/\"]}]},{\"@type\":\"ImageObject\",\"inLanguage\":\"pl-PL\",\"@id\":\"https:\\\/\\\/lep.pl\\\/index.php\\\/witamy\\\/mts42\\\/#primaryimage\",\"url\":\"http:\\\/\\\/lep.pl\\\/wp-content\\\/uploads\\\/2017\\\/01\\\/ic_done.png\",\"contentUrl\":\"http:\\\/\\\/lep.pl\\\/wp-content\\\/uploads\\\/2017\\\/01\\\/ic_done.png\"},{\"@type\":\"BreadcrumbList\",\"@id\":\"https:\\\/\\\/lep.pl\\\/index.php\\\/witamy\\\/mts42\\\/#breadcrumb\",\"itemListElement\":[{\"@type\":\"ListItem\",\"position\":1,\"name\":\"Strona g\u0142\u00f3wna\",\"item\":\"https:\\\/\\\/lep.pl\\\/\"},{\"@type\":\"ListItem\",\"position\":2,\"name\":\"Witamy\",\"item\":\"https:\\\/\\\/lep.pl\\\/\"},{\"@type\":\"ListItem\",\"position\":3,\"name\":\"MTS42\"}]},{\"@type\":\"WebSite\",\"@id\":\"https:\\\/\\\/lep.pl\\\/#website\",\"url\":\"https:\\\/\\\/lep.pl\\\/\",\"name\":\"LEP\",\"description\":\"- centrale PPO\u017b, czujniki dymu i zasilacze\",\"publisher\":{\"@id\":\"https:\\\/\\\/lep.pl\\\/#organization\"},\"potentialAction\":[{\"@type\":\"SearchAction\",\"target\":{\"@type\":\"EntryPoint\",\"urlTemplate\":\"https:\\\/\\\/lep.pl\\\/?s={search_term_string}\"},\"query-input\":{\"@type\":\"PropertyValueSpecification\",\"valueRequired\":true,\"valueName\":\"search_term_string\"}}],\"inLanguage\":\"pl-PL\"},{\"@type\":\"Organization\",\"@id\":\"https:\\\/\\\/lep.pl\\\/#organization\",\"name\":\"Lep\",\"url\":\"https:\\\/\\\/lep.pl\\\/\",\"logo\":{\"@type\":\"ImageObject\",\"inLanguage\":\"pl-PL\",\"@id\":\"https:\\\/\\\/lep.pl\\\/#\\\/schema\\\/logo\\\/image\\\/\",\"url\":\"https:\\\/\\\/lep.pl\\\/wp-content\\\/uploads\\\/2017\\\/04\\\/logo@1x.png\",\"contentUrl\":\"https:\\\/\\\/lep.pl\\\/wp-content\\\/uploads\\\/2017\\\/04\\\/logo@1x.png\",\"width\":400,\"height\":54,\"caption\":\"Lep\"},\"image\":{\"@id\":\"https:\\\/\\\/lep.pl\\\/#\\\/schema\\\/logo\\\/image\\\/\"}}]}<\/script>\n<!-- \/ Yoast SEO plugin. -->","yoast_head_json":{"title":"sterownik tablicy synoptycznej MTS42 | LEP - producent elektroniki ppo\u017c","description":"Sterownik tablicy synoptycznej MTS42 jest przeznaczony do obs\u0142ugi tablic synoptycznych lub innych urz\u0105dze\u0144 wska\u017anikowych w systemie AFS42.","robots":{"index":"index","follow":"follow","max-snippet":"max-snippet:-1","max-image-preview":"max-image-preview:large","max-video-preview":"max-video-preview:-1"},"canonical":"https:\/\/lep.pl\/index.php\/witamy\/mts42\/","og_locale":"pl_PL","og_type":"article","og_title":"sterownik tablicy synoptycznej MTS42 | LEP - producent elektroniki ppo\u017c","og_description":"Sterownik tablicy synoptycznej MTS42 jest przeznaczony do obs\u0142ugi tablic synoptycznych lub innych urz\u0105dze\u0144 wska\u017anikowych w systemie AFS42.","og_url":"https:\/\/lep.pl\/index.php\/witamy\/mts42\/","og_site_name":"LEP","article_modified_time":"2024-11-13T09:58:09+00:00","og_image":[{"url":"http:\/\/lep.pl\/wp-content\/uploads\/2017\/01\/ic_done.png","type":"","width":"","height":""}],"twitter_card":"summary_large_image","twitter_misc":{"Szacowany czas czytania":"4 minuty"},"schema":{"@context":"https:\/\/schema.org","@graph":[{"@type":"WebPage","@id":"https:\/\/lep.pl\/index.php\/witamy\/mts42\/","url":"https:\/\/lep.pl\/index.php\/witamy\/mts42\/","name":"sterownik tablicy synoptycznej MTS42 | LEP - producent elektroniki ppo\u017c","isPartOf":{"@id":"https:\/\/lep.pl\/#website"},"primaryImageOfPage":{"@id":"https:\/\/lep.pl\/index.php\/witamy\/mts42\/#primaryimage"},"image":{"@id":"https:\/\/lep.pl\/index.php\/witamy\/mts42\/#primaryimage"},"thumbnailUrl":"http:\/\/lep.pl\/wp-content\/uploads\/2017\/01\/ic_done.png","datePublished":"2017-03-04T10:19:29+00:00","dateModified":"2024-11-13T09:58:09+00:00","description":"Sterownik tablicy synoptycznej MTS42 jest przeznaczony do obs\u0142ugi tablic synoptycznych lub innych urz\u0105dze\u0144 wska\u017anikowych w systemie AFS42.","breadcrumb":{"@id":"https:\/\/lep.pl\/index.php\/witamy\/mts42\/#breadcrumb"},"inLanguage":"pl-PL","potentialAction":[{"@type":"ReadAction","target":["https:\/\/lep.pl\/index.php\/witamy\/mts42\/"]}]},{"@type":"ImageObject","inLanguage":"pl-PL","@id":"https:\/\/lep.pl\/index.php\/witamy\/mts42\/#primaryimage","url":"http:\/\/lep.pl\/wp-content\/uploads\/2017\/01\/ic_done.png","contentUrl":"http:\/\/lep.pl\/wp-content\/uploads\/2017\/01\/ic_done.png"},{"@type":"BreadcrumbList","@id":"https:\/\/lep.pl\/index.php\/witamy\/mts42\/#breadcrumb","itemListElement":[{"@type":"ListItem","position":1,"name":"Strona g\u0142\u00f3wna","item":"https:\/\/lep.pl\/"},{"@type":"ListItem","position":2,"name":"Witamy","item":"https:\/\/lep.pl\/"},{"@type":"ListItem","position":3,"name":"MTS42"}]},{"@type":"WebSite","@id":"https:\/\/lep.pl\/#website","url":"https:\/\/lep.pl\/","name":"LEP","description":"- centrale PPO\u017b, czujniki dymu i zasilacze","publisher":{"@id":"https:\/\/lep.pl\/#organization"},"potentialAction":[{"@type":"SearchAction","target":{"@type":"EntryPoint","urlTemplate":"https:\/\/lep.pl\/?s={search_term_string}"},"query-input":{"@type":"PropertyValueSpecification","valueRequired":true,"valueName":"search_term_string"}}],"inLanguage":"pl-PL"},{"@type":"Organization","@id":"https:\/\/lep.pl\/#organization","name":"Lep","url":"https:\/\/lep.pl\/","logo":{"@type":"ImageObject","inLanguage":"pl-PL","@id":"https:\/\/lep.pl\/#\/schema\/logo\/image\/","url":"https:\/\/lep.pl\/wp-content\/uploads\/2017\/04\/logo@1x.png","contentUrl":"https:\/\/lep.pl\/wp-content\/uploads\/2017\/04\/logo@1x.png","width":400,"height":54,"caption":"Lep"},"image":{"@id":"https:\/\/lep.pl\/#\/schema\/logo\/image\/"}}]}},"_links":{"self":[{"href":"https:\/\/lep.pl\/index.php\/wp-json\/wp\/v2\/pages\/718","targetHints":{"allow":["GET"]}}],"collection":[{"href":"https:\/\/lep.pl\/index.php\/wp-json\/wp\/v2\/pages"}],"about":[{"href":"https:\/\/lep.pl\/index.php\/wp-json\/wp\/v2\/types\/page"}],"author":[{"embeddable":true,"href":"https:\/\/lep.pl\/index.php\/wp-json\/wp\/v2\/users\/2"}],"replies":[{"embeddable":true,"href":"https:\/\/lep.pl\/index.php\/wp-json\/wp\/v2\/comments?post=718"}],"version-history":[{"count":25,"href":"https:\/\/lep.pl\/index.php\/wp-json\/wp\/v2\/pages\/718\/revisions"}],"predecessor-version":[{"id":3657,"href":"https:\/\/lep.pl\/index.php\/wp-json\/wp\/v2\/pages\/718\/revisions\/3657"}],"up":[{"embeddable":true,"href":"https:\/\/lep.pl\/index.php\/wp-json\/wp\/v2\/pages\/381"}],"wp:attachment":[{"href":"https:\/\/lep.pl\/index.php\/wp-json\/wp\/v2\/media?parent=718"}],"curies":[{"name":"wp","href":"https:\/\/api.w.org\/{rel}","templated":true}]}}