{"id":706,"date":"2017-03-04T09:52:52","date_gmt":"2017-03-04T09:52:52","guid":{"rendered":"http:\/\/www.lep.pl\/?page_id=706"},"modified":"2025-07-17T13:40:50","modified_gmt":"2025-07-17T13:40:50","slug":"gnw12-gnw24","status":"publish","type":"page","link":"https:\/\/lep.pl\/index.php\/witamy\/gnw12-gnw24\/","title":{"rendered":"GNW12, GNW24"},"content":{"rendered":"<div class=\"wpb-content-wrapper\"><p>[vc_row css=&#8221;.vc_custom_1552477867857{background-position: center !important;background-repeat: no-repeat !important;background-size: cover !important;}&#8221;][vc_column][vc_row_inner css=&#8221;.vc_custom_1552477873897{padding-top: 3% !important;padding-right: 12% !important;padding-left: 12% !important;}&#8221;][vc_column_inner width=&#8221;1\/2&#8243;][vc_column_text]<\/p>\n<h1><strong>GNW12, GNW24<\/strong><br \/>\ngniazdo do system\u00f3w alarmowych<\/h1>\n<p>[\/vc_column_text][\/vc_column_inner][vc_column_inner width=&#8221;1\/4&#8243;][vc_single_image image=&#8221;3722&#8243; img_size=&#8221;large&#8221; alignment=&#8221;center&#8221; onclick=&#8221;link_image&#8221; css=&#8221;&#8221; title=&#8221;GNW12&#8243; el_class=&#8221;image_text&#8221;][\/vc_column_inner][vc_column_inner width=&#8221;1\/4&#8243;][vc_single_image image=&#8221;3723&#8243; img_size=&#8221;large&#8221; alignment=&#8221;center&#8221; onclick=&#8221;link_image&#8221; css=&#8221;&#8221; title=&#8221;GNW24&#8243; el_class=&#8221;image_text&#8221;][\/vc_column_inner][\/vc_row_inner][vc_row_inner css=&#8221;.vc_custom_1552477883695{padding-right: 12% !important;padding-left: 12% !important;}&#8221;][vc_column_inner][vc_toggle title=&#8221;Opis produktu (rozwi\u0144\/zwi\u0144)&#8221; style=&#8221;simple&#8221; color=&#8221;green&#8221; size=&#8221;lg&#8221; css=&#8221;&#8221; el_id=&#8221;1552477803538-38b940fa-c9c9&#8243;]Gniazdo GNW wyst\u0119puje w 4 odmianach:<\/p>\n<ul>\n<li>GNW12 &#8211; napi\u0119cie zasilania 12V DC<\/li>\n<li>GNW24 &#8211; napi\u0119cie zasilania 24V DC<\/li>\n<li>GNW12AR &#8211; napi\u0119cie zasilania 12V DC i autoreset stanu alarmowego (nie wsp\u00f3\u0142pracuje z OSD23R)<\/li>\n<li>GNW24AR &#8211; napi\u0119cie zasilania 24V DC i autoreset stanu alarmowego (nie wsp\u00f3\u0142pracuje z OSD23R)<\/li>\n<\/ul>\n<p>Gniazdo GNW12 s\u0142u\u017cy do pod\u0142\u0105czenia czujki OSD23 do typowego systemu alarmowego, pracuj\u0105cego przy napi\u0119ciu zasilaj\u0105cym w linii dozorowej 12V (GNW24 przy napi\u0119ciu w linii 24V).<br \/>\nOpr\u00f3cz zasilania czujki, gniazdo GNW12 (GNW24) umo\u017cliwia pod\u0142\u0105czenie izolowanej galwanicznie linii alarmowej, linii sabota\u017cowej oraz pozwala na \u0142atwe od\u0142\u0105czenie czujki z miejsca zainstalowania dla cel\u00f3w serwisowych (czyszczenie).<br \/>\nGniazda GNW w odmianie AR (GNW12AR, GNW24AR) posiadaj\u0105 wbudowan\u0105 funkcj\u0119 autoresetu alarmu czujki, powoduj\u0105c\u0105 zaprzestanie alarmowania po ust\u0105pieniu zadymienia. <span dir=\"ltr\" role=\"presentation\">GNW12AR<\/span> <span dir=\"ltr\" role=\"presentation\">zmienia pozycj<\/span><span dir=\"ltr\" role=\"presentation\">\u0119<\/span> kotwicy przeka\u017anika <span dir=\"ltr\" role=\"presentation\">na ok. 1s co 6 sekund &#8211; po <\/span><span dir=\"ltr\" role=\"presentation\">ust<\/span><span dir=\"ltr\" role=\"presentation\">\u0105<\/span><span dir=\"ltr\" role=\"presentation\">pieniu zadymienia kotwica wraca do pozycji dozorowania<\/span>.<br \/>\nKotwica przeka\u017anika alarmowego w gnie\u017adzie (zacisk 4) zmienia pozycj\u0119 w czasie sygnalizacji czujki OSD23 o obecno\u015bci dymu (zapalona czerwona dioda LED w czujce):<\/p>\n<ul>\n<li>w GNW12, GNW24 &#8211; na ca\u0142y czas sygnalizacji czujki OSD23 o obecno\u015bci dymu,<\/li>\n<li>w GNW12AR, GNW24AR (tj. odmianie AR) &#8211; reset czujki, cyklicznie na oko\u0142o 1s co 6s, a\u017c do zako\u0144czenia sygnalizacji o obecno\u015bci dymu przez czujk\u0119 OSD23.<\/li>\n<\/ul>\n<p>Po ust\u0105pieniu zadymienia kotwica wraca do pozycji dozorowania.<\/p>\n<p>UWAGA!<br \/>\nGniazda w odmianie AR (GNW12AR, GNW24AR) nie mog\u0105 funkcjonowa\u0107 razem z czujkami dymu w odmianie R i MR (OSD23R, OSD23MR), poniewa\u017c czujki te posiadaj\u0105 ju\u017c wbudowany algorytm autoresetu (kasowania stanu alarmu i powr\u00f3t do stanu dozorowania po ust\u0105pieniu zadymienia) &#8211; tj. realizuj\u0105 funkcj\u0119 autoresetu alarmu ale w odmienny spos\u00f3b.[\/vc_toggle][vc_toggle title=&#8221;Budowa (rozwi\u0144\/zwi\u0144)&#8221; style=&#8221;simple&#8221; color=&#8221;green&#8221; size=&#8221;lg&#8221; css=&#8221;&#8221; el_id=&#8221;1552477890089-22e1f786-4187&#8243;]Gniazdo GNW12 (GNW24) zbudowane jest jako pojedynczy modu\u0142 elektroniczny osadzony w obudowie z tworzywa sztucznego przystosowanej do monta\u017cu na suficie za pomoc\u0105 np. ko\u0142k\u00f3w rozporowych w rozstawie 90mm. Urz\u0105dzenie wyposa\u017cone jest w z\u0142\u0105cza umo\u017cliwiaj\u0105ce pod\u0142\u0105czenie czujki OSD23\/03 oraz z\u0142\u0105cza \u015brubowe stanowi\u0105ce listw\u0119 zaciskow\u0105 linii dozorowej. Styki przeka\u017anika alarmowego (3,4,5) i mikroprze\u0142\u0105cznika sabota\u017cowego TAMPER (6,7) s\u0105 odizolowane od cz\u0119\u015bci elektronicznej modu\u0142u. Obudowa posiada (zrealizowan\u0105 w postaci plastikowego zatrzasku) mechaniczn\u0105 blokad\u0119 uniemo\u017cliwiaj\u0105c\u0105 wymontowanie czujki OSD23 z gniazda bez u\u017cycia klucza. Rezygnacja z blokady polega na wy\u0142amaniu plastikowego zatrzasku przed wkr\u0119ceniem czujki.[\/vc_toggle][vc_toggle title=&#8221;Dane techniczne (rozwi\u0144\/zwi\u0144)&#8221; style=&#8221;simple&#8221; color=&#8221;green&#8221; size=&#8221;lg&#8221; css=&#8221;&#8221; el_id=&#8221;1552477926086-1a4a13d9-b4d4&#8243;]<\/p>\n<div>\n<div>\n<div>\n<div>\n<div>\n<div>\n<div>\n<table border=\"0\">\n<tbody>\n<tr>\n<td>Napi\u0119cie zasilania GNW12:<\/td>\n<td align=\"right\">12V DC<\/td>\n<\/tr>\n<tr>\n<td rowspan=\"2\">Pr\u0105d dozorowania GNW12 (gniazdo wraz z czujk\u0105 OSD23):<\/td>\n<td>gniazdo NC &#8211; 12,5mA<\/td>\n<\/tr>\n<tr>\n<td align=\"right\">gniazdo NO &#8211; 0,1mA<\/td>\n<\/tr>\n<tr>\n<td rowspan=\"2\">Pr\u0105d alarmowania GNW12 (gniazdo wraz z czujk\u0105 OSD23):<\/td>\n<td style=\"text-align: right;\">gniazdo NC &#8211; 8,5mA<\/td>\n<\/tr>\n<tr>\n<td>gniazdo NO &#8211; 20,5mA<\/td>\n<\/tr>\n<tr>\n<td>Napi\u0119cie zasilania GNW24<\/td>\n<td style=\"text-align: right;\">24V DC<\/td>\n<\/tr>\n<tr>\n<td rowspan=\"2\">Pr\u0105d dozorowania GNW24 (gniazdo wraz z czujk\u0105 OSD23):<\/td>\n<td align=\"right\">gniazdo NC &#8211; 12,5mA<\/td>\n<\/tr>\n<tr>\n<td align=\"right\">gniazdo NO &#8211; 0,1mA<\/td>\n<\/tr>\n<tr>\n<td rowspan=\"2\">Pr\u0105d alarmowania GNW24 (gniazdo wraz z czujk\u0105 OSD23):<\/td>\n<td align=\"right\">gniazdo NC &#8211; 25,5mA<\/td>\n<\/tr>\n<tr>\n<td style=\"text-align: right;\">gniazdo NO &#8211; 37mA<\/td>\n<\/tr>\n<tr>\n<td>Wytrzyma\u0142o\u015b\u0107 pr\u0105dowa styk\u00f3w przeka\u017anika<\/td>\n<td align=\"right\">1000mA przy 24V<\/td>\n<\/tr>\n<tr>\n<td>Maksymalny pr\u0105d styk\u00f3w 3, 4, 5<\/td>\n<td align=\"right\">100mA (*)<\/td>\n<\/tr>\n<tr>\n<td>Temperatura pracy<\/td>\n<td align=\"right\">-25\u00b0C do +55\u00b0C<\/td>\n<\/tr>\n<tr>\n<td>Wymiary &#8211; \u015brednica &#8211; wysoko\u015b\u0107<\/td>\n<td align=\"right\">102mm 21mm<\/td>\n<\/tr>\n<tr>\n<td>Waga<\/td>\n<td align=\"right\">67g<\/td>\n<\/tr>\n<tr>\n<td>Rozstaw otwor\u00f3w monta\u017cowych<\/td>\n<td align=\"right\">90mm<\/td>\n<\/tr>\n<tr>\n<td colspan=\"2\">(*) &#8211; dla zwi\u0119kszenia pr\u0105du do 1000mA nale\u017cy zewrze\u0107 rezystor R5<\/td>\n<\/tr>\n<\/tbody>\n<\/table>\n<\/div>\n<\/div>\n<\/div>\n<\/div>\n<\/div>\n<\/div>\n<\/div>\n<p>[\/vc_toggle][vc_toggle title=&#8221;Pliki i dokumenty (rozwi\u0144\/zwi\u0144)&#8221; style=&#8221;simple&#8221; color=&#8221;green&#8221; size=&#8221;lg&#8221; css=&#8221;&#8221; el_id=&#8221;1552477949918-ab93adc6-1d73&#8243;]<\/p>\n<ol>\n<li><img decoding=\"async\" src=\"https:\/\/lep.pl\/wp-content\/uploads\/2017\/01\/ic_done.png\" width=\"20\" height=\"20\" \/> <a href=\"https:\/\/lep.pl\/files\/file\/PL\/IO\/53-osd23-iot-170127-pl.pdf\">OSD23 &#8211; instrukcja obs\u0142ugi, informacja techniczna<\/a><\/li>\n<li><img decoding=\"async\" src=\"https:\/\/lep.pl\/wp-content\/uploads\/2017\/01\/ic_done.png\" width=\"20\" height=\"20\" \/> <a href=\"https:\/\/lep.pl\/files\/file\/PL\/KK\/23-gnw12-kk-160603.pdf\">GNW12 &#8211; karta katalogowa<\/a><\/li>\n<li><img decoding=\"async\" src=\"https:\/\/lep.pl\/wp-content\/uploads\/2017\/01\/ic_done.png\" width=\"20\" height=\"20\" \/> <a href=\"https:\/\/lep.pl\/files\/file\/PL\/KK\/23-gnw24-kk-160603.pdf\">GNW24 &#8211; karta katalogowa<\/a><\/li>\n<li><img decoding=\"async\" src=\"https:\/\/lep.pl\/wp-content\/uploads\/2017\/01\/ic_done.png\" width=\"20\" height=\"20\" \/> <a href=\"https:\/\/lep.pl\/files\/file\/PL\/CE\/23-gnw12-ce-091214.pdf\">GNW12 (GNW24) &#8211; Deklaracja zgodno\u015bci<\/a><\/li>\n<li><img decoding=\"async\" src=\"https:\/\/lep.pl\/wp-content\/uploads\/2017\/01\/ic_done.png\" width=\"20\" height=\"20\" \/>\u00a0<a href=\"https:\/\/lep.pl\/files\/file\/PL\/IO\/53-gnw12-24-iot-170127.pdf\">GNW12 (GNW24) &#8211; instrukcja obs\u0142ugi, informacja techniczna<\/a><\/li>\n<\/ol>\n<p>[\/vc_toggle][\/vc_column_inner][\/vc_row_inner][\/vc_column][\/vc_row][vc_row content_placement=&#8221;top&#8221; css=&#8221;.vc_custom_1552478730836{background-position: center !important;background-repeat: no-repeat !important;background-size: cover !important;}&#8221;][vc_column][vc_row_inner css=&#8221;.vc_custom_1485612616667{padding-top: 6% !important;padding-right: 12% !important;padding-bottom: 6% !important;padding-left: 12% !important;}&#8221;][vc_column_inner width=&#8221;1\/4&#8243;][vc_column_text]<a href=\"mailto:biuro@lep.pl\">biuro@lep.pl<\/a>[\/vc_column_text][\/vc_column_inner][vc_column_inner width=&#8221;1\/4&#8243;][vc_column_text](32) 754 54 54<br \/>\n(32) 754 54 55[\/vc_column_text][\/vc_column_inner][vc_column_inner width=&#8221;1\/4&#8243;][vc_column_text]<a href=\"https:\/\/goo.gl\/maps\/2HeA81byii52\" target=\"_blank\" rel=\"noopener noreferrer\">ul. Wsp\u00f3lna 9, <\/a><a href=\"https:\/\/goo.gl\/maps\/2HeA81byii52\">32-300 Olkusz<br \/>\n<\/a> NIP: 637-010-87-21[\/vc_column_text][\/vc_column_inner][vc_column_inner width=&#8221;1\/4&#8243;][\/vc_column_inner][\/vc_row_inner][\/vc_column][\/vc_row]<\/p>\n<\/div>","protected":false},"excerpt":{"rendered":"<p>[vc_row css=&#8221;.vc_custom_1552477867857{background-position: center !important;background-repeat: no-repeat !important;background-size: cover !important;}&#8221;][vc_column][vc_row_inner css=&#8221;.vc_custom_1552477873897{padding-top: 3% !important;padding-right: 12% !important;padding-left: 12% !important;}&#8221;][vc_column_inner width=&#8221;1\/2&#8243;][vc_column_text] GNW12, GNW24 gniazdo do system\u00f3w alarmowych [\/vc_column_text][\/vc_column_inner][vc_column_inner width=&#8221;1\/4&#8243;][vc_single_image image=&#8221;3722&#8243; img_size=&#8221;large&#8221; alignment=&#8221;center&#8221; onclick=&#8221;link_image&#8221; css=&#8221;&#8221; title=&#8221;GNW12&#8243; el_class=&#8221;image_text&#8221;][\/vc_column_inner][vc_column_inner width=&#8221;1\/4&#8243;][vc_single_image image=&#8221;3723&#8243; img_size=&#8221;large&#8221; alignment=&#8221;center&#8221; onclick=&#8221;link_image&#8221; css=&#8221;&#8221; title=&#8221;GNW24&#8243; el_class=&#8221;image_text&#8221;][\/vc_column_inner][\/vc_row_inner][vc_row_inner css=&#8221;.vc_custom_1552477883695{padding-right: 12% !important;padding-left: 12% !important;}&#8221;][vc_column_inner][vc_toggle title=&#8221;Opis produktu (rozwi\u0144\/zwi\u0144)&#8221; style=&#8221;simple&#8221; color=&#8221;green&#8221; size=&#8221;lg&#8221; css=&#8221;&#8221; el_id=&#8221;1552477803538-38b940fa-c9c9&#8243;]Gniazdo GNW wyst\u0119puje w [&hellip;]<\/p>\n","protected":false},"author":2,"featured_media":0,"parent":381,"menu_order":0,"comment_status":"closed","ping_status":"closed","template":"page-full-width.php","meta":{"footnotes":""},"class_list":["post-706","page","type-page","status-publish","hentry"],"yoast_head":"<!-- This site is optimized with the Yoast SEO plugin v27.3 - https:\/\/yoast.com\/product\/yoast-seo-wordpress\/ -->\n<title>Gniazdo alarmowe GNW12, GNW24 | LEP - producent elektroniki ppo\u017c<\/title>\n<meta name=\"description\" content=\"Gniazdo alarmowe GNW12, GNW24 s\u0142u\u017cy do pod\u0142\u0105czenia czujki OSD23 do typowego systemu alarmowego pracuj\u0105cego przy napi\u0119ciu zasilaj\u0105cym 12V i 24V\" \/>\n<meta name=\"robots\" content=\"index, follow, max-snippet:-1, max-image-preview:large, max-video-preview:-1\" \/>\n<link rel=\"canonical\" href=\"https:\/\/lep.pl\/index.php\/witamy\/gnw12-gnw24\/\" \/>\n<meta property=\"og:locale\" content=\"pl_PL\" \/>\n<meta property=\"og:type\" content=\"article\" \/>\n<meta property=\"og:title\" content=\"Gniazdo alarmowe GNW12, GNW24 | LEP - producent elektroniki ppo\u017c\" \/>\n<meta property=\"og:description\" content=\"Gniazdo alarmowe GNW12, GNW24 s\u0142u\u017cy do pod\u0142\u0105czenia czujki OSD23 do typowego systemu alarmowego pracuj\u0105cego przy napi\u0119ciu zasilaj\u0105cym 12V i 24V\" \/>\n<meta property=\"og:url\" content=\"https:\/\/lep.pl\/index.php\/witamy\/gnw12-gnw24\/\" \/>\n<meta property=\"og:site_name\" content=\"LEP\" \/>\n<meta property=\"article:modified_time\" content=\"2025-07-17T13:40:50+00:00\" \/>\n<meta property=\"og:image\" content=\"http:\/\/lep.pl\/wp-content\/uploads\/2017\/01\/ic_done.png\" \/>\n<meta name=\"twitter:card\" content=\"summary_large_image\" \/>\n<meta name=\"twitter:label1\" content=\"Szacowany czas czytania\" \/>\n\t<meta name=\"twitter:data1\" content=\"5 minut\" \/>\n<script type=\"application\/ld+json\" class=\"yoast-schema-graph\">{\"@context\":\"https:\\\/\\\/schema.org\",\"@graph\":[{\"@type\":\"WebPage\",\"@id\":\"https:\\\/\\\/lep.pl\\\/index.php\\\/witamy\\\/gnw12-gnw24\\\/\",\"url\":\"https:\\\/\\\/lep.pl\\\/index.php\\\/witamy\\\/gnw12-gnw24\\\/\",\"name\":\"Gniazdo alarmowe GNW12, GNW24 | LEP - producent elektroniki ppo\u017c\",\"isPartOf\":{\"@id\":\"https:\\\/\\\/lep.pl\\\/#website\"},\"primaryImageOfPage\":{\"@id\":\"https:\\\/\\\/lep.pl\\\/index.php\\\/witamy\\\/gnw12-gnw24\\\/#primaryimage\"},\"image\":{\"@id\":\"https:\\\/\\\/lep.pl\\\/index.php\\\/witamy\\\/gnw12-gnw24\\\/#primaryimage\"},\"thumbnailUrl\":\"http:\\\/\\\/lep.pl\\\/wp-content\\\/uploads\\\/2017\\\/01\\\/ic_done.png\",\"datePublished\":\"2017-03-04T09:52:52+00:00\",\"dateModified\":\"2025-07-17T13:40:50+00:00\",\"description\":\"Gniazdo alarmowe GNW12, GNW24 s\u0142u\u017cy do pod\u0142\u0105czenia czujki OSD23 do typowego systemu alarmowego pracuj\u0105cego przy napi\u0119ciu zasilaj\u0105cym 12V i 24V\",\"breadcrumb\":{\"@id\":\"https:\\\/\\\/lep.pl\\\/index.php\\\/witamy\\\/gnw12-gnw24\\\/#breadcrumb\"},\"inLanguage\":\"pl-PL\",\"potentialAction\":[{\"@type\":\"ReadAction\",\"target\":[\"https:\\\/\\\/lep.pl\\\/index.php\\\/witamy\\\/gnw12-gnw24\\\/\"]}]},{\"@type\":\"ImageObject\",\"inLanguage\":\"pl-PL\",\"@id\":\"https:\\\/\\\/lep.pl\\\/index.php\\\/witamy\\\/gnw12-gnw24\\\/#primaryimage\",\"url\":\"http:\\\/\\\/lep.pl\\\/wp-content\\\/uploads\\\/2017\\\/01\\\/ic_done.png\",\"contentUrl\":\"http:\\\/\\\/lep.pl\\\/wp-content\\\/uploads\\\/2017\\\/01\\\/ic_done.png\"},{\"@type\":\"BreadcrumbList\",\"@id\":\"https:\\\/\\\/lep.pl\\\/index.php\\\/witamy\\\/gnw12-gnw24\\\/#breadcrumb\",\"itemListElement\":[{\"@type\":\"ListItem\",\"position\":1,\"name\":\"Strona g\u0142\u00f3wna\",\"item\":\"https:\\\/\\\/lep.pl\\\/\"},{\"@type\":\"ListItem\",\"position\":2,\"name\":\"Witamy\",\"item\":\"https:\\\/\\\/lep.pl\\\/\"},{\"@type\":\"ListItem\",\"position\":3,\"name\":\"GNW12, GNW24\"}]},{\"@type\":\"WebSite\",\"@id\":\"https:\\\/\\\/lep.pl\\\/#website\",\"url\":\"https:\\\/\\\/lep.pl\\\/\",\"name\":\"LEP\",\"description\":\"- centrale PPO\u017b, czujniki dymu i zasilacze\",\"publisher\":{\"@id\":\"https:\\\/\\\/lep.pl\\\/#organization\"},\"potentialAction\":[{\"@type\":\"SearchAction\",\"target\":{\"@type\":\"EntryPoint\",\"urlTemplate\":\"https:\\\/\\\/lep.pl\\\/?s={search_term_string}\"},\"query-input\":{\"@type\":\"PropertyValueSpecification\",\"valueRequired\":true,\"valueName\":\"search_term_string\"}}],\"inLanguage\":\"pl-PL\"},{\"@type\":\"Organization\",\"@id\":\"https:\\\/\\\/lep.pl\\\/#organization\",\"name\":\"Lep\",\"url\":\"https:\\\/\\\/lep.pl\\\/\",\"logo\":{\"@type\":\"ImageObject\",\"inLanguage\":\"pl-PL\",\"@id\":\"https:\\\/\\\/lep.pl\\\/#\\\/schema\\\/logo\\\/image\\\/\",\"url\":\"https:\\\/\\\/lep.pl\\\/wp-content\\\/uploads\\\/2017\\\/04\\\/logo@1x.png\",\"contentUrl\":\"https:\\\/\\\/lep.pl\\\/wp-content\\\/uploads\\\/2017\\\/04\\\/logo@1x.png\",\"width\":400,\"height\":54,\"caption\":\"Lep\"},\"image\":{\"@id\":\"https:\\\/\\\/lep.pl\\\/#\\\/schema\\\/logo\\\/image\\\/\"}}]}<\/script>\n<!-- \/ Yoast SEO plugin. -->","yoast_head_json":{"title":"Gniazdo alarmowe GNW12, GNW24 | LEP - producent elektroniki ppo\u017c","description":"Gniazdo alarmowe GNW12, GNW24 s\u0142u\u017cy do pod\u0142\u0105czenia czujki OSD23 do typowego systemu alarmowego pracuj\u0105cego przy napi\u0119ciu zasilaj\u0105cym 12V i 24V","robots":{"index":"index","follow":"follow","max-snippet":"max-snippet:-1","max-image-preview":"max-image-preview:large","max-video-preview":"max-video-preview:-1"},"canonical":"https:\/\/lep.pl\/index.php\/witamy\/gnw12-gnw24\/","og_locale":"pl_PL","og_type":"article","og_title":"Gniazdo alarmowe GNW12, GNW24 | LEP - producent elektroniki ppo\u017c","og_description":"Gniazdo alarmowe GNW12, GNW24 s\u0142u\u017cy do pod\u0142\u0105czenia czujki OSD23 do typowego systemu alarmowego pracuj\u0105cego przy napi\u0119ciu zasilaj\u0105cym 12V i 24V","og_url":"https:\/\/lep.pl\/index.php\/witamy\/gnw12-gnw24\/","og_site_name":"LEP","article_modified_time":"2025-07-17T13:40:50+00:00","og_image":[{"url":"http:\/\/lep.pl\/wp-content\/uploads\/2017\/01\/ic_done.png","type":"","width":"","height":""}],"twitter_card":"summary_large_image","twitter_misc":{"Szacowany czas czytania":"5 minut"},"schema":{"@context":"https:\/\/schema.org","@graph":[{"@type":"WebPage","@id":"https:\/\/lep.pl\/index.php\/witamy\/gnw12-gnw24\/","url":"https:\/\/lep.pl\/index.php\/witamy\/gnw12-gnw24\/","name":"Gniazdo alarmowe GNW12, GNW24 | LEP - producent elektroniki ppo\u017c","isPartOf":{"@id":"https:\/\/lep.pl\/#website"},"primaryImageOfPage":{"@id":"https:\/\/lep.pl\/index.php\/witamy\/gnw12-gnw24\/#primaryimage"},"image":{"@id":"https:\/\/lep.pl\/index.php\/witamy\/gnw12-gnw24\/#primaryimage"},"thumbnailUrl":"http:\/\/lep.pl\/wp-content\/uploads\/2017\/01\/ic_done.png","datePublished":"2017-03-04T09:52:52+00:00","dateModified":"2025-07-17T13:40:50+00:00","description":"Gniazdo alarmowe GNW12, GNW24 s\u0142u\u017cy do pod\u0142\u0105czenia czujki OSD23 do typowego systemu alarmowego pracuj\u0105cego przy napi\u0119ciu zasilaj\u0105cym 12V i 24V","breadcrumb":{"@id":"https:\/\/lep.pl\/index.php\/witamy\/gnw12-gnw24\/#breadcrumb"},"inLanguage":"pl-PL","potentialAction":[{"@type":"ReadAction","target":["https:\/\/lep.pl\/index.php\/witamy\/gnw12-gnw24\/"]}]},{"@type":"ImageObject","inLanguage":"pl-PL","@id":"https:\/\/lep.pl\/index.php\/witamy\/gnw12-gnw24\/#primaryimage","url":"http:\/\/lep.pl\/wp-content\/uploads\/2017\/01\/ic_done.png","contentUrl":"http:\/\/lep.pl\/wp-content\/uploads\/2017\/01\/ic_done.png"},{"@type":"BreadcrumbList","@id":"https:\/\/lep.pl\/index.php\/witamy\/gnw12-gnw24\/#breadcrumb","itemListElement":[{"@type":"ListItem","position":1,"name":"Strona g\u0142\u00f3wna","item":"https:\/\/lep.pl\/"},{"@type":"ListItem","position":2,"name":"Witamy","item":"https:\/\/lep.pl\/"},{"@type":"ListItem","position":3,"name":"GNW12, GNW24"}]},{"@type":"WebSite","@id":"https:\/\/lep.pl\/#website","url":"https:\/\/lep.pl\/","name":"LEP","description":"- centrale PPO\u017b, czujniki dymu i zasilacze","publisher":{"@id":"https:\/\/lep.pl\/#organization"},"potentialAction":[{"@type":"SearchAction","target":{"@type":"EntryPoint","urlTemplate":"https:\/\/lep.pl\/?s={search_term_string}"},"query-input":{"@type":"PropertyValueSpecification","valueRequired":true,"valueName":"search_term_string"}}],"inLanguage":"pl-PL"},{"@type":"Organization","@id":"https:\/\/lep.pl\/#organization","name":"Lep","url":"https:\/\/lep.pl\/","logo":{"@type":"ImageObject","inLanguage":"pl-PL","@id":"https:\/\/lep.pl\/#\/schema\/logo\/image\/","url":"https:\/\/lep.pl\/wp-content\/uploads\/2017\/04\/logo@1x.png","contentUrl":"https:\/\/lep.pl\/wp-content\/uploads\/2017\/04\/logo@1x.png","width":400,"height":54,"caption":"Lep"},"image":{"@id":"https:\/\/lep.pl\/#\/schema\/logo\/image\/"}}]}},"_links":{"self":[{"href":"https:\/\/lep.pl\/index.php\/wp-json\/wp\/v2\/pages\/706","targetHints":{"allow":["GET"]}}],"collection":[{"href":"https:\/\/lep.pl\/index.php\/wp-json\/wp\/v2\/pages"}],"about":[{"href":"https:\/\/lep.pl\/index.php\/wp-json\/wp\/v2\/types\/page"}],"author":[{"embeddable":true,"href":"https:\/\/lep.pl\/index.php\/wp-json\/wp\/v2\/users\/2"}],"replies":[{"embeddable":true,"href":"https:\/\/lep.pl\/index.php\/wp-json\/wp\/v2\/comments?post=706"}],"version-history":[{"count":54,"href":"https:\/\/lep.pl\/index.php\/wp-json\/wp\/v2\/pages\/706\/revisions"}],"predecessor-version":[{"id":3724,"href":"https:\/\/lep.pl\/index.php\/wp-json\/wp\/v2\/pages\/706\/revisions\/3724"}],"up":[{"embeddable":true,"href":"https:\/\/lep.pl\/index.php\/wp-json\/wp\/v2\/pages\/381"}],"wp:attachment":[{"href":"https:\/\/lep.pl\/index.php\/wp-json\/wp\/v2\/media?parent=706"}],"curies":[{"name":"wp","href":"https:\/\/api.w.org\/{rel}","templated":true}]}}