{"id":703,"date":"2017-03-04T09:48:48","date_gmt":"2017-03-04T09:48:48","guid":{"rendered":"http:\/\/www.lep.pl\/?page_id=703"},"modified":"2025-07-17T13:35:58","modified_gmt":"2025-07-17T13:35:58","slug":"gnp18","status":"publish","type":"page","link":"https:\/\/lep.pl\/index.php\/witamy\/gnp18\/","title":{"rendered":"GNP18"},"content":{"rendered":"<div class=\"wpb-content-wrapper\"><p>[vc_row css=&#8221;.vc_custom_1552398868258{background-position: center !important;background-repeat: no-repeat !important;background-size: cover !important;}&#8221;][vc_column][vc_row_inner css=&#8221;.vc_custom_1552398874874{padding-top: 3% !important;padding-right: 12% !important;padding-left: 12% !important;}&#8221;][vc_column_inner width=&#8221;1\/2&#8243;][vc_column_text]<\/p>\n<h1><strong>GNP18<\/strong><br \/>\ngniazdo do konwencjonalnych system\u00f3w ppo\u017c<\/h1>\n<p>[\/vc_column_text][\/vc_column_inner][vc_column_inner width=&#8221;1\/4&#8243;][vc_single_image image=&#8221;3719&#8243; img_size=&#8221;large&#8221; alignment=&#8221;center&#8221; onclick=&#8221;link_image&#8221; css=&#8221;&#8221; title=&#8221;GNP18&#8243; el_class=&#8221;image_text&#8221;][\/vc_column_inner][vc_column_inner width=&#8221;1\/4&#8243;][vc_single_image image=&#8221;3720&#8243; img_size=&#8221;large&#8221; alignment=&#8221;center&#8221; onclick=&#8221;link_image&#8221; css=&#8221;&#8221; title=&#8221;GNP18&#8243; el_class=&#8221;image_text&#8221;][\/vc_column_inner][\/vc_row_inner][vc_row_inner css=&#8221;.vc_custom_1485607271454{padding-right: 12% !important;padding-left: 12% !important;}&#8221;][vc_column_inner][vc_toggle title=&#8221;Opis produktu (rozwi\u0144\/zwi\u0144)&#8221; style=&#8221;simple&#8221; color=&#8221;green&#8221; size=&#8221;lg&#8221; css=&#8221;&#8221; el_id=&#8221;1552398884226-c817bf0c-f9c6&#8243;]Gniazdo GNP18 s\u0142u\u017cy do pod\u0142\u0105czenia czujki OSD23 do typowego (konwencjonalnego) systemu przeciwpo\u017carowego. Opr\u00f3cz w\u0142a\u015bciwego zasilania czujki, gniazdo GNP18 umo\u017cliwia pod\u0142\u0105czenie zewn\u0119trznego wska\u017anika zadzia\u0142ania oraz pozwala na \u0142atwe od\u0142\u0105czenie czujki z miejsca zainstalowania dla cel\u00f3w serwisowych &#8211; czyszczenie.[\/vc_toggle][vc_toggle title=&#8221;Zasada dzia\u0142ania (rozwi\u0144\/zwi\u0144)&#8221; style=&#8221;simple&#8221; color=&#8221;green&#8221; size=&#8221;lg&#8221; css=&#8221;&#8221; el_id=&#8221;1552398938897-69588353-3db9&#8243;]Gniazdo GNP18 s\u0142u\u017cy do pod\u0142\u0105czenia czujki OSD23 do typowego systemu przeciwpo\u017carowego. Opr\u00f3cz w\u0142a\u015bciwego zasilania czujki gniazdo GNP18 umo\u017cliwia pod\u0142\u0105czenie zewn\u0119trznego wska\u017anika zadzia\u0142ania oraz pozwala na \u0142atwe od\u0142\u0105czenie czujki z miejsca zainstalowania dla cel\u00f3w serwisowych &#8211; czyszczenie.<\/p>\n<p>Przed wkr\u0119ceniem czujki OSD23 do gniazda GNP18 nale\u017cy zwr\u00f3ci\u0107 uwag\u0119 na istniej\u0105c\u0105 blokad\u0119 zabezpieczaj\u0105c\u0105 przed niepowo\u0142anym wykr\u0119ceniem czujki z gniazda. W celu usuni\u0119cia blokady nale\u017cy wy\u0142ama\u0107 wypust (zaczep) w plastikowej obudowie gniazda (patrz: rysunek gniazda poni\u017cej).<\/p>\n<p>Wykr\u0119cenie czujki zabezpieczonej blokad\u0105 w gnie\u017adzie wymaga u\u017cycia klucza i polega na wsuni\u0119ciu klucza do specjalnego otworu na obwodzie czujki, uchwyceniu czujki d\u0142oni\u0105 w taki spos\u00f3b, aby dociskaj\u0105c d\u0142o\u0144 do czujki powodowa\u0107 wsuni\u0119cie klucza do oporu (do powierzchni dolnej czujki), po czym, obracaj\u0105c czujk\u0119, wyci\u0105gn\u0105\u0107 j\u0105 z gniazda.<\/p>\n<p>Producent nie przewiduje specjalnych czynno\u015bci konserwuj\u0105cych. W zale\u017cno\u015bci od warunk\u00f3w pracy urz\u0105dzenia mo\u017cna okresowo skontrolowa\u0107 stan z\u0142\u0105czy \u015brubowych (poluzowane zaciski). Prace konserwacyjne nale\u017cy wykonywa\u0107 przy wy\u0142\u0105czonym napi\u0119ciu zasilania i wy\u0142\u0105czonym napi\u0119ciu zasilaj\u0105cym urz\u0105dzenia wykonawcze poprzez przeka\u017anik.<\/p>\n<p>Gniazdo GNP 18 jest elementem z tworzywa sztucznego, wyposa\u017conym w z\u0142\u0105cza umo\u017cliwiaj\u0105ce pod\u0142\u0105czenie czujki OSD 23. Jest przystosowane do monta\u017cu na suficie za pomoc\u0105 np. ko\u0142k\u00f3w rozporowych w rozstawie 90mm. Obudowa posiada mechaniczn\u0105 blokad\u0119 &#8211; plastikowy zatrzask &#8211; uniemo\u017cliwiaj\u0105c\u0105 wymontowanie czujki OSD 23 z gniazda bez u\u017cycia klucza. Rezygnacja z blokady polega na wy\u0142amaniu plastikowego zatrzasku przed wkr\u0119ceniem czujki.[\/vc_toggle][vc_toggle title=&#8221;Dane techniczne (rozwi\u0144\/zwi\u0144)&#8221; style=&#8221;simple&#8221; color=&#8221;green&#8221; size=&#8221;lg&#8221; css=&#8221;&#8221; el_id=&#8221;1552398975898-a0e393cd-1188&#8243;]<\/p>\n<div>\n<div>\n<div>\n<div>\n<div>\n<div>\n<div>\n<table style=\"width: 26.1477%; height: 96px;\" border=\"0\">\n<tbody>\n<tr style=\"height: 24px;\">\n<td style=\"height: 24px; width: 64.7887%;\">Napi\u0119cie zasilania<\/td>\n<td style=\"height: 24px; width: 40.434%;\" align=\"right\">12-30V DC<\/td>\n<\/tr>\n<tr style=\"height: 24px;\">\n<td style=\"height: 24px; width: 64.7887%;\">Temperatura pracy<\/td>\n<td style=\"height: 24px; width: 40.434%;\" align=\"right\">-25\u00b0C do +55\u00b0C<\/td>\n<\/tr>\n<tr style=\"height: 24px;\">\n<td style=\"height: 24px; width: 64.7887%;\">Wymiary &#8211; \u015brednica &#8211; wysoko\u015b\u0107<\/td>\n<td style=\"height: 24px; width: 40.434%;\" align=\"right\">102mm 21mm<\/td>\n<\/tr>\n<tr style=\"height: 24px;\">\n<td style=\"height: 24px; width: 64.7887%;\">Waga<\/td>\n<td style=\"height: 24px; width: 40.434%;\" align=\"right\">47g<\/td>\n<\/tr>\n<\/tbody>\n<\/table>\n<\/div>\n<\/div>\n<\/div>\n<\/div>\n<\/div>\n<\/div>\n<\/div>\n<p>[\/vc_toggle][vc_toggle title=&#8221;Pliki i dokumenty (rozwi\u0144\/zwi\u0144)&#8221; style=&#8221;simple&#8221; color=&#8221;green&#8221; size=&#8221;lg&#8221; css=&#8221;&#8221; el_id=&#8221;1552399010045-ae5515d9-97e4&#8243;]<\/p>\n<ol>\n<li><img decoding=\"async\" src=\"https:\/\/lep.pl\/wp-content\/uploads\/2017\/01\/ic_done.png\" width=\"20\" height=\"20\" \/> <a href=\"https:\/\/lep.pl\/files\/file\/PL\/KK\/23-gnp18-kk-080606.pdf\">GNP18 &#8211; karta katalogowa<\/a><\/li>\n<li><img decoding=\"async\" src=\"https:\/\/lep.pl\/wp-content\/uploads\/2017\/01\/ic_done.png\" width=\"20\" height=\"20\" \/> <a href=\"https:\/\/lep.pl\/files\/file\/PL\/IO\/23-gnp18-iot-140505.pdf\">GNP18 &#8211; instrukcja obs\u0142ugi<\/a><\/li>\n<li><img decoding=\"async\" src=\"https:\/\/lep.pl\/wp-content\/uploads\/2017\/01\/ic_done.png\" width=\"20\" height=\"20\" \/> <a href=\"https:\/\/lep.pl\/files\/file\/PL\/CE\/23-gnp18-ce-091214.pdf\">GNP18 &#8211; Deklaracja zgodno\u015bci<\/a><\/li>\n<li><img decoding=\"async\" src=\"https:\/\/lep.pl\/wp-content\/uploads\/2017\/01\/ic_done.png\" width=\"20\" height=\"20\" \/> <a href=\"https:\/\/lep.pl\/files\/file\/PL\/IO\/53-osd23-iot-170127-pl.pdf\">OSD23 &#8211; instrukcja obs\u0142ugi, informacja techniczna<\/a><\/li>\n<\/ol>\n<p>[\/vc_toggle][\/vc_column_inner][\/vc_row_inner][\/vc_column][\/vc_row][vc_row content_placement=&#8221;top&#8221; css=&#8221;.vc_custom_1552399122346{background-position: center !important;background-repeat: no-repeat !important;background-size: cover !important;}&#8221;][vc_column][vc_row_inner css=&#8221;.vc_custom_1485612616667{padding-top: 6% !important;padding-right: 12% !important;padding-bottom: 6% !important;padding-left: 12% !important;}&#8221;][vc_column_inner width=&#8221;1\/4&#8243;][vc_column_text]<a href=\"mailto:biuro@lep.pl\">biuro@lep.pl<\/a>[\/vc_column_text][\/vc_column_inner][vc_column_inner width=&#8221;1\/4&#8243;][vc_column_text](32) 754 54 54<br \/>\n(32) 754 54 55[\/vc_column_text][\/vc_column_inner][vc_column_inner width=&#8221;1\/4&#8243;][vc_column_text]<a href=\"https:\/\/goo.gl\/maps\/2HeA81byii52\" target=\"_blank\" rel=\"noopener noreferrer\">Wsp\u00f3lna 9, <\/a><a href=\"https:\/\/goo.gl\/maps\/2HeA81byii52\">32-300, Olkusz<br \/>\n<\/a>NIP: 637-010-87-21[\/vc_column_text][\/vc_column_inner][vc_column_inner width=&#8221;1\/4&#8243;][\/vc_column_inner][\/vc_row_inner][\/vc_column][\/vc_row]<\/p>\n<\/div>","protected":false},"excerpt":{"rendered":"<p>[vc_row css=&#8221;.vc_custom_1552398868258{background-position: center !important;background-repeat: no-repeat !important;background-size: cover !important;}&#8221;][vc_column][vc_row_inner css=&#8221;.vc_custom_1552398874874{padding-top: 3% !important;padding-right: 12% !important;padding-left: 12% !important;}&#8221;][vc_column_inner width=&#8221;1\/2&#8243;][vc_column_text] GNP18 gniazdo do konwencjonalnych system\u00f3w ppo\u017c [\/vc_column_text][\/vc_column_inner][vc_column_inner width=&#8221;1\/4&#8243;][vc_single_image image=&#8221;3719&#8243; img_size=&#8221;large&#8221; alignment=&#8221;center&#8221; onclick=&#8221;link_image&#8221; css=&#8221;&#8221; title=&#8221;GNP18&#8243; el_class=&#8221;image_text&#8221;][\/vc_column_inner][vc_column_inner width=&#8221;1\/4&#8243;][vc_single_image image=&#8221;3720&#8243; img_size=&#8221;large&#8221; alignment=&#8221;center&#8221; onclick=&#8221;link_image&#8221; css=&#8221;&#8221; title=&#8221;GNP18&#8243; el_class=&#8221;image_text&#8221;][\/vc_column_inner][\/vc_row_inner][vc_row_inner css=&#8221;.vc_custom_1485607271454{padding-right: 12% !important;padding-left: 12% !important;}&#8221;][vc_column_inner][vc_toggle title=&#8221;Opis produktu (rozwi\u0144\/zwi\u0144)&#8221; style=&#8221;simple&#8221; color=&#8221;green&#8221; size=&#8221;lg&#8221; css=&#8221;&#8221; el_id=&#8221;1552398884226-c817bf0c-f9c6&#8243;]Gniazdo GNP18 s\u0142u\u017cy do [&hellip;]<\/p>\n","protected":false},"author":2,"featured_media":0,"parent":381,"menu_order":0,"comment_status":"closed","ping_status":"closed","template":"page-full-width.php","meta":{"footnotes":""},"class_list":["post-703","page","type-page","status-publish","hentry"],"yoast_head":"<!-- This site is optimized with the Yoast SEO plugin v27.3 - https:\/\/yoast.com\/product\/yoast-seo-wordpress\/ -->\n<title>gniazdo GNP18 | LEP - producent elektroniki ppo\u017c<\/title>\n<meta name=\"description\" content=\"Gniazdo GNP18 s\u0142u\u017cy do pod\u0142\u0105czenia czujki OSD 23 do typowego systemu przeciwpo\u017carowego (konwencjonalnego) wraz z opcjonalnym wska\u017anikiem zadzia\u0142ania\" \/>\n<meta name=\"robots\" content=\"index, follow, max-snippet:-1, max-image-preview:large, max-video-preview:-1\" \/>\n<link rel=\"canonical\" href=\"https:\/\/lep.pl\/index.php\/witamy\/gnp18\/\" \/>\n<meta property=\"og:locale\" content=\"pl_PL\" \/>\n<meta property=\"og:type\" content=\"article\" \/>\n<meta property=\"og:title\" content=\"gniazdo GNP18 | LEP - producent elektroniki ppo\u017c\" \/>\n<meta property=\"og:description\" content=\"Gniazdo GNP18 s\u0142u\u017cy do pod\u0142\u0105czenia czujki OSD 23 do typowego systemu przeciwpo\u017carowego (konwencjonalnego) wraz z opcjonalnym wska\u017anikiem zadzia\u0142ania\" \/>\n<meta property=\"og:url\" content=\"https:\/\/lep.pl\/index.php\/witamy\/gnp18\/\" \/>\n<meta property=\"og:site_name\" content=\"LEP\" \/>\n<meta property=\"article:modified_time\" content=\"2025-07-17T13:35:58+00:00\" \/>\n<meta property=\"og:image\" content=\"http:\/\/lep.pl\/wp-content\/uploads\/2017\/01\/ic_done.png\" \/>\n<meta name=\"twitter:card\" content=\"summary_large_image\" \/>\n<meta name=\"twitter:label1\" content=\"Szacowany czas czytania\" \/>\n\t<meta name=\"twitter:data1\" content=\"4 minuty\" \/>\n<script type=\"application\/ld+json\" class=\"yoast-schema-graph\">{\"@context\":\"https:\\\/\\\/schema.org\",\"@graph\":[{\"@type\":\"WebPage\",\"@id\":\"https:\\\/\\\/lep.pl\\\/index.php\\\/witamy\\\/gnp18\\\/\",\"url\":\"https:\\\/\\\/lep.pl\\\/index.php\\\/witamy\\\/gnp18\\\/\",\"name\":\"gniazdo GNP18 | LEP - producent elektroniki ppo\u017c\",\"isPartOf\":{\"@id\":\"https:\\\/\\\/lep.pl\\\/#website\"},\"primaryImageOfPage\":{\"@id\":\"https:\\\/\\\/lep.pl\\\/index.php\\\/witamy\\\/gnp18\\\/#primaryimage\"},\"image\":{\"@id\":\"https:\\\/\\\/lep.pl\\\/index.php\\\/witamy\\\/gnp18\\\/#primaryimage\"},\"thumbnailUrl\":\"http:\\\/\\\/lep.pl\\\/wp-content\\\/uploads\\\/2017\\\/01\\\/ic_done.png\",\"datePublished\":\"2017-03-04T09:48:48+00:00\",\"dateModified\":\"2025-07-17T13:35:58+00:00\",\"description\":\"Gniazdo GNP18 s\u0142u\u017cy do pod\u0142\u0105czenia czujki OSD 23 do typowego systemu przeciwpo\u017carowego (konwencjonalnego) wraz z opcjonalnym wska\u017anikiem zadzia\u0142ania\",\"breadcrumb\":{\"@id\":\"https:\\\/\\\/lep.pl\\\/index.php\\\/witamy\\\/gnp18\\\/#breadcrumb\"},\"inLanguage\":\"pl-PL\",\"potentialAction\":[{\"@type\":\"ReadAction\",\"target\":[\"https:\\\/\\\/lep.pl\\\/index.php\\\/witamy\\\/gnp18\\\/\"]}]},{\"@type\":\"ImageObject\",\"inLanguage\":\"pl-PL\",\"@id\":\"https:\\\/\\\/lep.pl\\\/index.php\\\/witamy\\\/gnp18\\\/#primaryimage\",\"url\":\"http:\\\/\\\/lep.pl\\\/wp-content\\\/uploads\\\/2017\\\/01\\\/ic_done.png\",\"contentUrl\":\"http:\\\/\\\/lep.pl\\\/wp-content\\\/uploads\\\/2017\\\/01\\\/ic_done.png\"},{\"@type\":\"BreadcrumbList\",\"@id\":\"https:\\\/\\\/lep.pl\\\/index.php\\\/witamy\\\/gnp18\\\/#breadcrumb\",\"itemListElement\":[{\"@type\":\"ListItem\",\"position\":1,\"name\":\"Strona g\u0142\u00f3wna\",\"item\":\"https:\\\/\\\/lep.pl\\\/\"},{\"@type\":\"ListItem\",\"position\":2,\"name\":\"Witamy\",\"item\":\"https:\\\/\\\/lep.pl\\\/\"},{\"@type\":\"ListItem\",\"position\":3,\"name\":\"GNP18\"}]},{\"@type\":\"WebSite\",\"@id\":\"https:\\\/\\\/lep.pl\\\/#website\",\"url\":\"https:\\\/\\\/lep.pl\\\/\",\"name\":\"LEP\",\"description\":\"- centrale PPO\u017b, czujniki dymu i zasilacze\",\"publisher\":{\"@id\":\"https:\\\/\\\/lep.pl\\\/#organization\"},\"potentialAction\":[{\"@type\":\"SearchAction\",\"target\":{\"@type\":\"EntryPoint\",\"urlTemplate\":\"https:\\\/\\\/lep.pl\\\/?s={search_term_string}\"},\"query-input\":{\"@type\":\"PropertyValueSpecification\",\"valueRequired\":true,\"valueName\":\"search_term_string\"}}],\"inLanguage\":\"pl-PL\"},{\"@type\":\"Organization\",\"@id\":\"https:\\\/\\\/lep.pl\\\/#organization\",\"name\":\"Lep\",\"url\":\"https:\\\/\\\/lep.pl\\\/\",\"logo\":{\"@type\":\"ImageObject\",\"inLanguage\":\"pl-PL\",\"@id\":\"https:\\\/\\\/lep.pl\\\/#\\\/schema\\\/logo\\\/image\\\/\",\"url\":\"https:\\\/\\\/lep.pl\\\/wp-content\\\/uploads\\\/2017\\\/04\\\/logo@1x.png\",\"contentUrl\":\"https:\\\/\\\/lep.pl\\\/wp-content\\\/uploads\\\/2017\\\/04\\\/logo@1x.png\",\"width\":400,\"height\":54,\"caption\":\"Lep\"},\"image\":{\"@id\":\"https:\\\/\\\/lep.pl\\\/#\\\/schema\\\/logo\\\/image\\\/\"}}]}<\/script>\n<!-- \/ Yoast SEO plugin. -->","yoast_head_json":{"title":"gniazdo GNP18 | LEP - producent elektroniki ppo\u017c","description":"Gniazdo GNP18 s\u0142u\u017cy do pod\u0142\u0105czenia czujki OSD 23 do typowego systemu przeciwpo\u017carowego (konwencjonalnego) wraz z opcjonalnym wska\u017anikiem zadzia\u0142ania","robots":{"index":"index","follow":"follow","max-snippet":"max-snippet:-1","max-image-preview":"max-image-preview:large","max-video-preview":"max-video-preview:-1"},"canonical":"https:\/\/lep.pl\/index.php\/witamy\/gnp18\/","og_locale":"pl_PL","og_type":"article","og_title":"gniazdo GNP18 | LEP - producent elektroniki ppo\u017c","og_description":"Gniazdo GNP18 s\u0142u\u017cy do pod\u0142\u0105czenia czujki OSD 23 do typowego systemu przeciwpo\u017carowego (konwencjonalnego) wraz z opcjonalnym wska\u017anikiem zadzia\u0142ania","og_url":"https:\/\/lep.pl\/index.php\/witamy\/gnp18\/","og_site_name":"LEP","article_modified_time":"2025-07-17T13:35:58+00:00","og_image":[{"url":"http:\/\/lep.pl\/wp-content\/uploads\/2017\/01\/ic_done.png","type":"","width":"","height":""}],"twitter_card":"summary_large_image","twitter_misc":{"Szacowany czas czytania":"4 minuty"},"schema":{"@context":"https:\/\/schema.org","@graph":[{"@type":"WebPage","@id":"https:\/\/lep.pl\/index.php\/witamy\/gnp18\/","url":"https:\/\/lep.pl\/index.php\/witamy\/gnp18\/","name":"gniazdo GNP18 | LEP - producent elektroniki ppo\u017c","isPartOf":{"@id":"https:\/\/lep.pl\/#website"},"primaryImageOfPage":{"@id":"https:\/\/lep.pl\/index.php\/witamy\/gnp18\/#primaryimage"},"image":{"@id":"https:\/\/lep.pl\/index.php\/witamy\/gnp18\/#primaryimage"},"thumbnailUrl":"http:\/\/lep.pl\/wp-content\/uploads\/2017\/01\/ic_done.png","datePublished":"2017-03-04T09:48:48+00:00","dateModified":"2025-07-17T13:35:58+00:00","description":"Gniazdo GNP18 s\u0142u\u017cy do pod\u0142\u0105czenia czujki OSD 23 do typowego systemu przeciwpo\u017carowego (konwencjonalnego) wraz z opcjonalnym wska\u017anikiem zadzia\u0142ania","breadcrumb":{"@id":"https:\/\/lep.pl\/index.php\/witamy\/gnp18\/#breadcrumb"},"inLanguage":"pl-PL","potentialAction":[{"@type":"ReadAction","target":["https:\/\/lep.pl\/index.php\/witamy\/gnp18\/"]}]},{"@type":"ImageObject","inLanguage":"pl-PL","@id":"https:\/\/lep.pl\/index.php\/witamy\/gnp18\/#primaryimage","url":"http:\/\/lep.pl\/wp-content\/uploads\/2017\/01\/ic_done.png","contentUrl":"http:\/\/lep.pl\/wp-content\/uploads\/2017\/01\/ic_done.png"},{"@type":"BreadcrumbList","@id":"https:\/\/lep.pl\/index.php\/witamy\/gnp18\/#breadcrumb","itemListElement":[{"@type":"ListItem","position":1,"name":"Strona g\u0142\u00f3wna","item":"https:\/\/lep.pl\/"},{"@type":"ListItem","position":2,"name":"Witamy","item":"https:\/\/lep.pl\/"},{"@type":"ListItem","position":3,"name":"GNP18"}]},{"@type":"WebSite","@id":"https:\/\/lep.pl\/#website","url":"https:\/\/lep.pl\/","name":"LEP","description":"- centrale PPO\u017b, czujniki dymu i zasilacze","publisher":{"@id":"https:\/\/lep.pl\/#organization"},"potentialAction":[{"@type":"SearchAction","target":{"@type":"EntryPoint","urlTemplate":"https:\/\/lep.pl\/?s={search_term_string}"},"query-input":{"@type":"PropertyValueSpecification","valueRequired":true,"valueName":"search_term_string"}}],"inLanguage":"pl-PL"},{"@type":"Organization","@id":"https:\/\/lep.pl\/#organization","name":"Lep","url":"https:\/\/lep.pl\/","logo":{"@type":"ImageObject","inLanguage":"pl-PL","@id":"https:\/\/lep.pl\/#\/schema\/logo\/image\/","url":"https:\/\/lep.pl\/wp-content\/uploads\/2017\/04\/logo@1x.png","contentUrl":"https:\/\/lep.pl\/wp-content\/uploads\/2017\/04\/logo@1x.png","width":400,"height":54,"caption":"Lep"},"image":{"@id":"https:\/\/lep.pl\/#\/schema\/logo\/image\/"}}]}},"_links":{"self":[{"href":"https:\/\/lep.pl\/index.php\/wp-json\/wp\/v2\/pages\/703","targetHints":{"allow":["GET"]}}],"collection":[{"href":"https:\/\/lep.pl\/index.php\/wp-json\/wp\/v2\/pages"}],"about":[{"href":"https:\/\/lep.pl\/index.php\/wp-json\/wp\/v2\/types\/page"}],"author":[{"embeddable":true,"href":"https:\/\/lep.pl\/index.php\/wp-json\/wp\/v2\/users\/2"}],"replies":[{"embeddable":true,"href":"https:\/\/lep.pl\/index.php\/wp-json\/wp\/v2\/comments?post=703"}],"version-history":[{"count":36,"href":"https:\/\/lep.pl\/index.php\/wp-json\/wp\/v2\/pages\/703\/revisions"}],"predecessor-version":[{"id":3721,"href":"https:\/\/lep.pl\/index.php\/wp-json\/wp\/v2\/pages\/703\/revisions\/3721"}],"up":[{"embeddable":true,"href":"https:\/\/lep.pl\/index.php\/wp-json\/wp\/v2\/pages\/381"}],"wp:attachment":[{"href":"https:\/\/lep.pl\/index.php\/wp-json\/wp\/v2\/media?parent=703"}],"curies":[{"name":"wp","href":"https:\/\/api.w.org\/{rel}","templated":true}]}}