{"id":437,"date":"2017-01-28T12:13:57","date_gmt":"2017-01-28T12:13:57","guid":{"rendered":"http:\/\/www.lep.pl\/?page_id=437"},"modified":"2026-04-09T14:03:20","modified_gmt":"2026-04-09T14:03:20","slug":"osd63","status":"publish","type":"page","link":"https:\/\/lep.pl\/index.php\/witamy\/osd63\/","title":{"rendered":"OSD63"},"content":{"rendered":"<div class=\"wpb-content-wrapper\"><p>[vc_row css=&#8221;.vc_custom_1552397579746{background-position: center !important;background-repeat: no-repeat !important;background-size: cover !important;}&#8221;][vc_column][vc_row_inner css=&#8221;.vc_custom_1552397585454{padding-top: 3% !important;padding-right: 12% !important;padding-left: 12% !important;}&#8221;][vc_column_inner width=&#8221;1\/2&#8243;][vc_column_text]<\/p>\n<h1><strong>OSD63<\/strong><br \/>\nczujka multisensorowa<\/h1>\n<h1>(optyczno-temperaturowa)<\/h1>\n<p>[\/vc_column_text][\/vc_column_inner][vc_column_inner width=&#8221;1\/4&#8243;][vc_single_image image=&#8221;3713&#8243; img_size=&#8221;large&#8221; alignment=&#8221;center&#8221; onclick=&#8221;link_image&#8221; css=&#8221;&#8221; title=&#8221;OSD63&#8243; el_class=&#8221;image_text&#8221;][\/vc_column_inner][vc_column_inner width=&#8221;1\/4&#8243;][vc_single_image image=&#8221;3714&#8243; img_size=&#8221;large&#8221; alignment=&#8221;center&#8221; onclick=&#8221;link_image&#8221; css=&#8221;&#8221; title=&#8221;OSD63&#8243; el_class=&#8221;image_text&#8221;][\/vc_column_inner][\/vc_row_inner][vc_row_inner css=&#8221;.vc_custom_1485607271454{padding-right: 12% !important;padding-left: 12% !important;}&#8221;][vc_column_inner][vc_toggle title=&#8221;Opis produktu (rozwi\u0144\/zwi\u0144)&#8221; style=&#8221;simple&#8221; color=&#8221;green&#8221; size=&#8221;lg&#8221; css=&#8221;&#8221; el_id=&#8221;1552396687658-9b811ded-dbc4&#8243;]Czujka multisensorowa OSD63 (optyczno-temperaturowa) pracuje w liniach dozorowych central sygnalizacji po\u017carowej oraz w\u0142amaniowej. Przeznaczona jest do wykrywania w powietrzu zmian temperatury wywo\u0142anych zjawiskami po\u017carowymi oraz wykrywania dymu, b\u0119d\u0105cego produktem spalania lub \u017carzenia typowych materia\u0142\u00f3w, z kt\u00f3rych sk\u0142adaj\u0105 si\u0119 elementy konstrukcyjne lub elementy wyposa\u017cenia wn\u0119trz. Czujka OSD63 jest przystosowana do pracy w pomieszczeniach zamkni\u0119tych, w kt\u00f3rych w normalnych warunkach nie wyst\u0119puj\u0105 dym i kurz.[\/vc_toggle][vc_toggle title=&#8221;Zasada dzia\u0142ania (rozwi\u0144\/zwi\u0144)&#8221; style=&#8221;simple&#8221; color=&#8221;green&#8221; size=&#8221;lg&#8221; css=&#8221;&#8221; el_id=&#8221;1552396755191-00acc4e0-f6eb&#8221;]Uk\u0142ad elektroniczny czujki zapewnia w\u0142a\u015bciwe funkcjonowanie uk\u0142adu pomiarowego i logicznego w szerokim zakresie napi\u0119\u0107 w linii dozorowej (od 12V do 28V) bez zmian parametr\u00f3w pomiarowych. Proces pomiaru g\u0119sto\u015bci dymu polega na detekcji \u015bwiat\u0142a odbitego od cz\u0105stek dymu, kt\u00f3ry przedostaje si\u0119 do wn\u0119trza komory pomiarowej poprzez szczeliny w koszyku, oraz otwory w specjalnym labiryncie optycznym, kt\u00f3ry zarazem uniemo\u017cliwia dostanie si\u0119 do wn\u0119trza \u015bwiat\u0142a oraz owad\u00f3w. Taka konstrukcja komory pomiarowej ma na celu uodpornienie czujki OSD63 na zewn\u0119trzne \u015bwiat\u0142o, owady i przypadkowe nieistotne smugi dymu np. papierosowego.<br \/>\nUk\u0142ad logiczny czujki nie wprowadzi czujki w stan alarmu, je\u017celi przekroczenie progu zadymienia b\u0119dzie jednorazowe. Wy\u0142\u0105czenie czujki ze stanu alarmowania jest mo\u017cliwe po ca\u0142kowitym przedmuchaniu czujki i obni\u017ceniu zasilania poni\u017cej 1V na minimum 1sec. Dob\u00f3r d\u0142ugo\u015bci fali wi\u0105zki pomiarowej, geometria wi\u0105zki oraz k\u0105t pomi\u0119dzy osiami element\u00f3w optycznych decyduj\u0105 o szczeg\u00f3lnej przydatno\u015bci czujki do wykrywania cz\u0105stek dymu o du\u017cych wymiarach, charakterystycznych dla po\u017car\u00f3w niskoenergetycznych &#8211; czyli tlenie si\u0119 i \u017carzenie materia\u0142\u00f3w we wst\u0119pnej fazie powstawania po\u017car\u00f3w.<br \/>\nElementy detekcji zmian temperatury w otoczeniu czujki OSD63 (2 detektory) dzia\u0142aj\u0105 w systemie r\u00f3\u017cniczkowo-nadmiarowym &#8211; identyfikuj\u0105 znaczny przyrost temperatury i\/lub przekroczenie warto\u015bci granicznej temperatury. Ka\u017cda czujka jest indywidualnie testowana i kalibrowana na po\u017c\u0105dan\u0105 warto\u015b\u0107 zadymienia oraz progu temperaturowego. Czu\u0142o\u015b\u0107 ka\u017cdej czujki jest ustawiana w specjalnej komorze dymowej z zachowaniem powtarzalnych warunk\u00f3w temperatury, wilgotno\u015bci i zadymienia.[\/vc_toggle][vc_toggle title=&#8221;Budowa (rozwi\u0144\/zwi\u0144)&#8221; style=&#8221;simple&#8221; color=&#8221;green&#8221; size=&#8221;lg&#8221; css=&#8221;&#8221; el_id=&#8221;1552396806792-1da8b936-dee2&#8243;]Czujka z\u0142o\u017cona jest z kilku element\u00f3w z tworzywa sztucznego, kt\u00f3re mo\u017cna roz\u0142o\u017cy\u0107 bez u\u017cycia specjalistycznych narz\u0119dzi. Ma to na celu u\u0142atwienie ewentualnego serwisowania (odkurzenie, umycie element\u00f3w) w przypadku silnie zabrudzonych pomieszcze\u0144, w kt\u00f3rych algorytm autokompensacji wyczerpa\u0142 swoje mo\u017cliwo\u015bci adaptacji.<br \/>\nIntegraln\u0105 cz\u0119\u015bci\u0105 ka\u017cdej czujki jest gniazdo GN63. Zosta\u0142o one zaprojektowane z my\u015bl\u0105 o maksymalnym uproszczeniu i skr\u00f3ceniu czasu potrzebnego na uruchomienie czujki w danym systemie. Pod\u0142\u0105czenie przewod\u00f3w do gniazda polega na wsuni\u0119ciu odizolowanej ko\u0144c\u00f3wki w boczny otw\u00f3r wk\u0142adki (zgodnie z opisem na gnie\u017adzie). Pod\u0142\u0105czenie odbywa si\u0119 bez u\u017cycia narz\u0119dzi (np \u015brubokr\u0119ta) i mo\u017cna je wykona\u0107 jedn\u0105 r\u0119k\u0105. Gniazdo posiada dwa otwory monta\u017cowe w rozstawie 65\u00f775mm.<\/p>\n<p>&nbsp;<\/p>\n<p>&nbsp;<\/p>\n<div>\n<dl id=\"\">\n<dt><img decoding=\"async\" src=\"https:\/\/lep.pl\/wp-content\/uploads\/2017\/01\/dongle_usb_osd63-413x294.jpg\" alt=\"\" width=\"200\" height=\"142\" \/><\/dt>\n<dd>USB dongle OSD63<\/dd>\n<\/dl>\n<\/div>\n<p>&nbsp;<\/p>\n<div>\n<dl id=\"\">\n<dt><img decoding=\"async\" src=\"https:\/\/lep.pl\/wp-content\/uploads\/2017\/01\/gn63_cut-300x294.jpg\" alt=\"\" width=\"200\" height=\"142\" \/><\/dt>\n<dd>Gniazdo OSD63<\/dd>\n<\/dl>\n<\/div>\n<p>&nbsp;<\/p>\n<div>\n<dl id=\"\">\n<dt><img decoding=\"async\" src=\"https:\/\/lep.pl\/wp-content\/uploads\/2018\/12\/osd63_konfigurator_v5-277x300.jpg\" alt=\"\" width=\"200\" height=\"142\" \/><\/dt>\n<dd>Program konfiguracyjny<\/dd>\n<\/dl>\n<\/div>\n<h2><\/h2>\n<div>\n<dl id=\"\">\n<dt><img loading=\"lazy\" decoding=\"async\" src=\"https:\/\/lep.pl\/wp-content\/uploads\/2018\/12\/osd63dust32v4-281x300.jpg\" alt=\"\" width=\"281\" height=\"300\" \/><\/dt>\n<dd>Odczyt zabrudzenia<\/dd>\n<\/dl>\n<\/div>\n<p>[\/vc_toggle][vc_toggle title=&#8221;Mo\u017cliwo\u015bci (rozwi\u0144\/zwi\u0144)&#8221; style=&#8221;simple&#8221; color=&#8221;green&#8221; size=&#8221;lg&#8221; css=&#8221;&#8221; el_id=&#8221;1552397429926-0f2717b0-04fd&#8221;]Dzi\u0119ki wykorzystaniu w\u00a0 czujce OSD63 zaawansowanego, energooszcz\u0119dnego mikrokontrolera, mo\u017cliwe by\u0142o wyposa\u017cenie jej w rozbudowany algorytm detekcji i sterowania. Pozwala to na zrealizowanie w czujce OSD63 nast\u0119puj\u0105cych funkcjonalno\u015bci:<\/p>\n<ul>\n<li>W\u0142\u0105czenie\/wy\u0142\u0105czenie detektor\u00f3w optycznyach (czujka ciep\u0142a)<\/li>\n<li>W\u0142\u0105czenie\/wy\u0142\u0105czenie detektor\u00f3w termicznych (czujka optyczna)<\/li>\n<li>W\u0142\u0105czenie\/wy\u0142\u0105czenie algorytmu autokompensacji zabrudzenia<\/li>\n<li>Wyb\u00f3r trybu pracy zewn\u0119trznego wska\u017anika zadzia\u0142ania (NC\/NO)<\/li>\n<li>Sta\u0142y dodatkowy pob\u00f3r pr\u0105du (+10mA, +20mA)<\/li>\n<li>Mo\u017cliwo\u015b\u0107 obs\u0142ugi zewn\u0119trznego konwencjonalnego przycisku ROP (r\u0119czy ostrzegacz po\u017carowy) wraz z osobnym adresem AFS52 oraz wyborem prog\u00f3w odpowiedzi i alarmu<\/li>\n<li>Wyb\u00f3r trybu alarmowania\n<ul>\n<li>zatrzaskowy<\/li>\n<li>kasowalny<\/li>\n<li>koniunkcja<\/li>\n<li>tryb AR (auto reset 1s\/6s)<\/li>\n<\/ul>\n<\/li>\n<\/ul>\n<ul>\n<li>Obs\u0142uga wbudowanego przeka\u017anika (wyb\u00f3r trybu NC\/NO)<\/li>\n<li>Dodatkowe pr\u0105dy alarmowania (+10mA, +20mA) w stosunku do standardowego pr\u0105du 20mA<\/li>\n<li>Konfiguracja adres\u00f3w (AFS42, AFS42 ROP, adres WK)<\/li>\n<li>Opcje sygnalizacji diodami LED (mo\u017cliwo\u015b\u0107 niezale\u017cnego w\u0142\u0105czenia i wy\u0142\u0105czenia danej opcji)\n<ul>\n<li>sygnalizacja dozorowania<\/li>\n<li>sygnalizacja zabrudzenia<\/li>\n<li>sygnalizacja uszkodzenia (lub zabrudzenia krytycznego)<\/li>\n<li>rozr\u00f3\u017cnianie \u017ar\u00f3d\u0142a alarmu (dym\/ciep\u0142o)<\/li>\n<li>sta\u0142y pr\u0105d alarmowania w przypadku wyboru opcji rozr\u00f3\u017cniania \u017ar\u00f3d\u0142a alarmu<\/li>\n<\/ul>\n<\/li>\n<\/ul>\n<ul>\n<li>Mo\u017cliwo\u015b\u0107 odczytu stanu zabrudzenia czujki<\/li>\n<li>Obs\u0142uga komunikacji przez r\u00f3\u017cne urz\u0105dzenia po\u015brednicz\u0105ce\n<ul>\n<li>dongle USB OSD63 (5V)<\/li>\n<li>power dongle USB\u00a0 OSD63 (24V)<\/li>\n<li>centrala AFS42 i modu\u0142 MCU42<\/li>\n<\/ul>\n<\/li>\n<\/ul>\n<p>[\/vc_toggle][vc_toggle title=&#8221;Dane techniczne (rozwi\u0144\/zwi\u0144)&#8221; style=&#8221;simple&#8221; color=&#8221;green&#8221; size=&#8221;lg&#8221; css=&#8221;&#8221; el_id=&#8221;1552397462975-4c64fa49-5b4b&#8221;]<\/p>\n<table style=\"width: 84.5263%;\" border=\"0\">\n<tbody>\n<tr>\n<td style=\"width: 45.9165%;\">Norma<\/td>\n<td style=\"width: 157.759%;\" align=\"right\">PN-EN 54-5:2000 + A1:2002,<br \/>\nPN-EN 54-7:2000 + A1:2002 + A2:2006<\/td>\n<\/tr>\n<tr>\n<td style=\"width: 45.9165%;\">Klasa czujki<\/td>\n<td style=\"width: 157.759%;\" align=\"right\">A1R<\/td>\n<\/tr>\n<tr>\n<td style=\"width: 45.9165%;\">Certyfikat<\/td>\n<td style=\"width: 157.759%;\" align=\"right\">nr 1438\/CPR\/0452,CNBOP-PIB<\/td>\n<\/tr>\n<tr>\n<td style=\"width: 45.9165%;\">Napi\u0119cie dozorowania<\/td>\n<td style=\"width: 157.759%;\" align=\"right\">12V &#8211; 28V<\/td>\n<\/tr>\n<tr>\n<td style=\"width: 45.9165%;\">Pr\u0105d dozorowania<br \/>\nOSD63K, OSD63W(NO)<br \/>\nOSD63W(NC)<br \/>\nOSD63A<\/td>\n<td style=\"width: 157.759%;\" align=\"right\">35 \u03bcA<br \/>\n12mA<br \/>\n200\u00b5A<\/td>\n<\/tr>\n<tr>\n<td style=\"width: 45.9165%;\">Pr\u0105d alarmowania<br \/>\nOSD63K(24V), OSD63W(NC)(12V)<br \/>\nOSD63W (NO)<br \/>\nOSD63A<\/td>\n<td style=\"width: 157.759%;\" align=\"right\">20mA<br \/>\n30mA<br \/>\n2\u00f720mA<\/td>\n<\/tr>\n<tr>\n<td style=\"width: 45.9165%;\">Wska\u017aniki optyczne<\/td>\n<td style=\"width: 157.759%;\" align=\"right\">2 szt. czerwony LED<\/td>\n<\/tr>\n<tr>\n<td style=\"width: 45.9165%;\">Zakres temperatur pracy<\/td>\n<td style=\"width: 157.759%;\" align=\"right\">-25\u00b0C do +70\u00b0C<\/td>\n<\/tr>\n<tr>\n<td style=\"width: 45.9165%;\">Statyczna temperatura zadzia\u0142ania<\/td>\n<td style=\"width: 157.759%;\" align=\"right\">+54\u00b0C do +65\u00b0C<\/td>\n<\/tr>\n<tr>\n<td style=\"width: 45.9165%;\">Zakres temp. przechowywania<\/td>\n<td style=\"width: 157.759%;\" align=\"right\">-30\u00b0C do +60\u00b0C<\/td>\n<\/tr>\n<tr>\n<td style=\"width: 45.9165%;\">Wilgotno\u015b\u0107 wzgl\u0119dna<\/td>\n<td style=\"width: 157.759%;\" align=\"right\">95% przy 40\u00b0C<\/td>\n<\/tr>\n<tr>\n<td style=\"width: 45.9165%;\">Rozstaw otwor\u00f3w monta\u017cowych<\/td>\n<td style=\"width: 157.759%; text-align: right;\">65 \u00f7 75 mm<\/td>\n<\/tr>\n<tr>\n<td style=\"width: 45.9165%;\">Masa czujki<\/td>\n<td style=\"width: 157.759%;\" align=\"right\">80g (\u00b1 5g)<\/td>\n<\/tr>\n<tr>\n<td style=\"width: 45.9165%;\">Masa gniazda<\/td>\n<td style=\"width: 157.759%; text-align: right;\">30g (\u00b1 5g)<\/td>\n<\/tr>\n<tr>\n<td style=\"width: 45.9165%;\">Wymiary<\/td>\n<td style=\"width: 157.759%;\" align=\"right\">wysoko\u015b\u0107 49 mm\/ \u015brednica 109 mm<\/td>\n<\/tr>\n<\/tbody>\n<\/table>\n<p>[\/vc_toggle][vc_toggle title=&#8221;Pliki i dokumenty (rozwi\u0144\/zwi\u0144)&#8221; style=&#8221;simple&#8221; color=&#8221;green&#8221; size=&#8221;lg&#8221; css=&#8221;&#8221; el_id=&#8221;1552397488414-6255cc62-1341&#8243;]<\/p>\n<ol>\n<li><img loading=\"lazy\" decoding=\"async\" src=\"https:\/\/lep.pl\/wp-content\/uploads\/2017\/01\/ic_done.png\" width=\"20\" height=\"20\" \/> <a href=\"https:\/\/lep.pl\/files\/file\/PL\/KK\/63-osd63-kk-241029.pdf\" target=\"_blank\" rel=\"noopener\">OSD63 &#8211; karta katalogowa<\/a><\/li>\n<li><img loading=\"lazy\" decoding=\"async\" src=\"https:\/\/lep.pl\/wp-content\/uploads\/2017\/01\/ic_done.png\" width=\"20\" height=\"20\" \/> <a href=\"https:\/\/lep.pl\/files\/file\/PL\/IO\/63-osd63-iot-241029.pdf\" target=\"_blank\" rel=\"noopener\">OSD63 &#8211; instrukcja obs\u0142ugi, informacja techniczna<\/a><\/li>\n<li><img loading=\"lazy\" decoding=\"async\" src=\"https:\/\/lep.pl\/wp-content\/uploads\/2017\/01\/ic_done.png\" width=\"20\" height=\"20\" \/> <a href=\"https:\/\/lep.pl\/files\/file\/PL\/IO\/23-instrukcja-czyszczenia-czujek-OSD23-OSD63.pdf\" target=\"_blank\" rel=\"noopener\">OSD23 &#8211; instrukcja czyszczenia czujek OSD23 OSD63<\/a><\/li>\n<li><img loading=\"lazy\" decoding=\"async\" src=\"https:\/\/lep.pl\/wp-content\/uploads\/2017\/01\/ic_done.png\" width=\"20\" height=\"20\" \/> <a href=\"https:\/\/lep.pl\/files\/file\/PL\/PR\/osd63_konfigurator_v20.exe\" target=\"_blank\" rel=\"noopener\">OSD63 konfigurator v 20 \u2013 program konfiguracyjny czujki dymu i ciep\u0142a OSD63<\/a><\/li>\n<li><img loading=\"lazy\" decoding=\"async\" src=\"https:\/\/lep.pl\/wp-content\/uploads\/2017\/01\/ic_done.png\" width=\"20\" height=\"20\" \/> <a href=\"https:\/\/lep.pl\/files\/file\/PL\/PR\/osd63dust32_v4.exe\" target=\"_blank\" rel=\"noopener\">OSD63 dust32 v 4 \u2013 program do odczytu zabrudzenia czujki OSD63<\/a><\/li>\n<li><img loading=\"lazy\" decoding=\"async\" src=\"https:\/\/lep.pl\/wp-content\/uploads\/2017\/01\/ic_done.png\" width=\"20\" height=\"20\" \/> <a href=\"https:\/\/lep.pl\/files\/file\/PL\/CE\/63-osd63-cswu-230301.pdf\" target=\"_blank\" rel=\"noopener\">OSD63 &#8211; Certyfikat sta\u0142o\u015bci w\u0142a\u015bciwo\u015bci u\u017cytkowych<\/a><\/li>\n<li><img loading=\"lazy\" decoding=\"async\" src=\"https:\/\/lep.pl\/wp-content\/uploads\/2017\/01\/ic_done.png\" width=\"20\" height=\"20\" \/> <a href=\"https:\/\/lep.pl\/files\/file\/PL\/CE\/63-osd63-dwu-230404.pdf\" target=\"_blank\" rel=\"noopener\">OSD63 &#8211; Deklaracja\u00a0w\u0142a\u015bciwo\u015bci u\u017cytkowych<\/a><\/li>\n<li><img loading=\"lazy\" decoding=\"async\" src=\"https:\/\/lep.pl\/wp-content\/uploads\/2017\/01\/ic_done.png\" width=\"20\" height=\"20\" \/> <a href=\"https:\/\/lep.pl\/files\/file\/PL\/CE\/63-osd63-ce-230404.pdf\" target=\"_blank\" rel=\"noopener\">OSD63 &#8211; Deklaracja zgodno\u015bci UE<\/a><\/li>\n<\/ol>\n<p>[\/vc_toggle][\/vc_column_inner][\/vc_row_inner][\/vc_column][\/vc_row][vc_row content_placement=&#8221;top&#8221; css=&#8221;.vc_custom_1552397610184{background-position: center !important;background-repeat: no-repeat !important;background-size: cover !important;}&#8221;][vc_column][vc_row_inner css=&#8221;.vc_custom_1552397616151{padding-right: 12% !important;padding-left: 12% !important;}&#8221;][vc_column_inner width=&#8221;1\/4&#8243;][vc_column_text]<a href=\"mailto:biuro@lep.pl\">biuro@lep.pl<\/a>[\/vc_column_text][\/vc_column_inner][vc_column_inner width=&#8221;1\/4&#8243;][vc_column_text](32) 754 54 54<br \/>\n(32) 754 54 55[\/vc_column_text][\/vc_column_inner][vc_column_inner width=&#8221;1\/4&#8243;][vc_column_text]<a href=\"https:\/\/goo.gl\/maps\/2HeA81byii52\" target=\"_blank\" rel=\"noopener noreferrer\">Wsp\u00f3lna 9, <\/a><a href=\"https:\/\/goo.gl\/maps\/2HeA81byii52\">32-300, Olkusz<br \/>\n<\/a>NIP: 637-010-87-21[\/vc_column_text][\/vc_column_inner][vc_column_inner width=&#8221;1\/4&#8243;][\/vc_column_inner][\/vc_row_inner][\/vc_column][\/vc_row]<\/p>\n<\/div>","protected":false},"excerpt":{"rendered":"<p>[vc_row css=&#8221;.vc_custom_1552397579746{background-position: center !important;background-repeat: no-repeat !important;background-size: cover !important;}&#8221;][vc_column][vc_row_inner css=&#8221;.vc_custom_1552397585454{padding-top: 3% !important;padding-right: 12% !important;padding-left: 12% !important;}&#8221;][vc_column_inner width=&#8221;1\/2&#8243;][vc_column_text] OSD63 czujka multisensorowa (optyczno-temperaturowa) [\/vc_column_text][\/vc_column_inner][vc_column_inner width=&#8221;1\/4&#8243;][vc_single_image image=&#8221;3713&#8243; img_size=&#8221;large&#8221; alignment=&#8221;center&#8221; onclick=&#8221;link_image&#8221; css=&#8221;&#8221; title=&#8221;OSD63&#8243; el_class=&#8221;image_text&#8221;][\/vc_column_inner][vc_column_inner width=&#8221;1\/4&#8243;][vc_single_image image=&#8221;3714&#8243; img_size=&#8221;large&#8221; alignment=&#8221;center&#8221; onclick=&#8221;link_image&#8221; css=&#8221;&#8221; title=&#8221;OSD63&#8243; el_class=&#8221;image_text&#8221;][\/vc_column_inner][\/vc_row_inner][vc_row_inner css=&#8221;.vc_custom_1485607271454{padding-right: 12% !important;padding-left: 12% !important;}&#8221;][vc_column_inner][vc_toggle title=&#8221;Opis produktu (rozwi\u0144\/zwi\u0144)&#8221; style=&#8221;simple&#8221; color=&#8221;green&#8221; size=&#8221;lg&#8221; css=&#8221;&#8221; el_id=&#8221;1552396687658-9b811ded-dbc4&#8243;]Czujka multisensorowa OSD63 (optyczno-temperaturowa) pracuje w [&hellip;]<\/p>\n","protected":false},"author":2,"featured_media":0,"parent":381,"menu_order":0,"comment_status":"closed","ping_status":"closed","template":"page-full-width.php","meta":{"footnotes":""},"class_list":["post-437","page","type-page","status-publish","hentry"],"yoast_head":"<!-- This site is optimized with the Yoast SEO plugin v27.3 - https:\/\/yoast.com\/product\/yoast-seo-wordpress\/ -->\n<title>Czujka multisensorowa OSD63 | LEP - producent elektroniki ppo\u017c<\/title>\n<meta name=\"description\" content=\"Czujka multisensorowa OSD63 (optyczno-temperaturowa) OSD63 pracuje w liniach dozorowych central sygnalizacji po\u017carowej oraz w\u0142amaniowej.\" \/>\n<meta name=\"robots\" content=\"index, follow, max-snippet:-1, max-image-preview:large, max-video-preview:-1\" \/>\n<link rel=\"canonical\" href=\"https:\/\/lep.pl\/index.php\/witamy\/osd63\/\" \/>\n<meta property=\"og:locale\" content=\"pl_PL\" \/>\n<meta property=\"og:type\" content=\"article\" \/>\n<meta property=\"og:title\" content=\"Czujka multisensorowa OSD63 | LEP - producent elektroniki ppo\u017c\" \/>\n<meta property=\"og:description\" content=\"Czujka multisensorowa OSD63 (optyczno-temperaturowa) OSD63 pracuje w liniach dozorowych central sygnalizacji po\u017carowej oraz w\u0142amaniowej.\" \/>\n<meta property=\"og:url\" content=\"https:\/\/lep.pl\/index.php\/witamy\/osd63\/\" \/>\n<meta property=\"og:site_name\" content=\"LEP\" \/>\n<meta property=\"article:modified_time\" content=\"2026-04-09T14:03:20+00:00\" \/>\n<meta property=\"og:image\" content=\"http:\/\/lep.pl\/wp-content\/uploads\/2017\/01\/dongle_usb_osd63-413x294.jpg\" \/>\n<meta name=\"twitter:card\" content=\"summary_large_image\" \/>\n<meta name=\"twitter:label1\" content=\"Szacowany czas czytania\" \/>\n\t<meta name=\"twitter:data1\" content=\"8 minut\" \/>\n<script type=\"application\/ld+json\" class=\"yoast-schema-graph\">{\"@context\":\"https:\\\/\\\/schema.org\",\"@graph\":[{\"@type\":\"WebPage\",\"@id\":\"https:\\\/\\\/lep.pl\\\/index.php\\\/witamy\\\/osd63\\\/\",\"url\":\"https:\\\/\\\/lep.pl\\\/index.php\\\/witamy\\\/osd63\\\/\",\"name\":\"Czujka multisensorowa OSD63 | LEP - producent elektroniki ppo\u017c\",\"isPartOf\":{\"@id\":\"https:\\\/\\\/lep.pl\\\/#website\"},\"primaryImageOfPage\":{\"@id\":\"https:\\\/\\\/lep.pl\\\/index.php\\\/witamy\\\/osd63\\\/#primaryimage\"},\"image\":{\"@id\":\"https:\\\/\\\/lep.pl\\\/index.php\\\/witamy\\\/osd63\\\/#primaryimage\"},\"thumbnailUrl\":\"http:\\\/\\\/lep.pl\\\/wp-content\\\/uploads\\\/2017\\\/01\\\/dongle_usb_osd63-413x294.jpg\",\"datePublished\":\"2017-01-28T12:13:57+00:00\",\"dateModified\":\"2026-04-09T14:03:20+00:00\",\"description\":\"Czujka multisensorowa OSD63 (optyczno-temperaturowa) OSD63 pracuje w liniach dozorowych central sygnalizacji po\u017carowej oraz w\u0142amaniowej.\",\"breadcrumb\":{\"@id\":\"https:\\\/\\\/lep.pl\\\/index.php\\\/witamy\\\/osd63\\\/#breadcrumb\"},\"inLanguage\":\"pl-PL\",\"potentialAction\":[{\"@type\":\"ReadAction\",\"target\":[\"https:\\\/\\\/lep.pl\\\/index.php\\\/witamy\\\/osd63\\\/\"]}]},{\"@type\":\"ImageObject\",\"inLanguage\":\"pl-PL\",\"@id\":\"https:\\\/\\\/lep.pl\\\/index.php\\\/witamy\\\/osd63\\\/#primaryimage\",\"url\":\"http:\\\/\\\/lep.pl\\\/wp-content\\\/uploads\\\/2017\\\/01\\\/dongle_usb_osd63-413x294.jpg\",\"contentUrl\":\"http:\\\/\\\/lep.pl\\\/wp-content\\\/uploads\\\/2017\\\/01\\\/dongle_usb_osd63-413x294.jpg\"},{\"@type\":\"BreadcrumbList\",\"@id\":\"https:\\\/\\\/lep.pl\\\/index.php\\\/witamy\\\/osd63\\\/#breadcrumb\",\"itemListElement\":[{\"@type\":\"ListItem\",\"position\":1,\"name\":\"Strona g\u0142\u00f3wna\",\"item\":\"https:\\\/\\\/lep.pl\\\/\"},{\"@type\":\"ListItem\",\"position\":2,\"name\":\"Witamy\",\"item\":\"https:\\\/\\\/lep.pl\\\/\"},{\"@type\":\"ListItem\",\"position\":3,\"name\":\"OSD63\"}]},{\"@type\":\"WebSite\",\"@id\":\"https:\\\/\\\/lep.pl\\\/#website\",\"url\":\"https:\\\/\\\/lep.pl\\\/\",\"name\":\"LEP\",\"description\":\"- centrale PPO\u017b, czujniki dymu i zasilacze\",\"publisher\":{\"@id\":\"https:\\\/\\\/lep.pl\\\/#organization\"},\"potentialAction\":[{\"@type\":\"SearchAction\",\"target\":{\"@type\":\"EntryPoint\",\"urlTemplate\":\"https:\\\/\\\/lep.pl\\\/?s={search_term_string}\"},\"query-input\":{\"@type\":\"PropertyValueSpecification\",\"valueRequired\":true,\"valueName\":\"search_term_string\"}}],\"inLanguage\":\"pl-PL\"},{\"@type\":\"Organization\",\"@id\":\"https:\\\/\\\/lep.pl\\\/#organization\",\"name\":\"Lep\",\"url\":\"https:\\\/\\\/lep.pl\\\/\",\"logo\":{\"@type\":\"ImageObject\",\"inLanguage\":\"pl-PL\",\"@id\":\"https:\\\/\\\/lep.pl\\\/#\\\/schema\\\/logo\\\/image\\\/\",\"url\":\"https:\\\/\\\/lep.pl\\\/wp-content\\\/uploads\\\/2017\\\/04\\\/logo@1x.png\",\"contentUrl\":\"https:\\\/\\\/lep.pl\\\/wp-content\\\/uploads\\\/2017\\\/04\\\/logo@1x.png\",\"width\":400,\"height\":54,\"caption\":\"Lep\"},\"image\":{\"@id\":\"https:\\\/\\\/lep.pl\\\/#\\\/schema\\\/logo\\\/image\\\/\"}}]}<\/script>\n<!-- \/ Yoast SEO plugin. -->","yoast_head_json":{"title":"Czujka multisensorowa OSD63 | LEP - producent elektroniki ppo\u017c","description":"Czujka multisensorowa OSD63 (optyczno-temperaturowa) OSD63 pracuje w liniach dozorowych central sygnalizacji po\u017carowej oraz w\u0142amaniowej.","robots":{"index":"index","follow":"follow","max-snippet":"max-snippet:-1","max-image-preview":"max-image-preview:large","max-video-preview":"max-video-preview:-1"},"canonical":"https:\/\/lep.pl\/index.php\/witamy\/osd63\/","og_locale":"pl_PL","og_type":"article","og_title":"Czujka multisensorowa OSD63 | LEP - producent elektroniki ppo\u017c","og_description":"Czujka multisensorowa OSD63 (optyczno-temperaturowa) OSD63 pracuje w liniach dozorowych central sygnalizacji po\u017carowej oraz w\u0142amaniowej.","og_url":"https:\/\/lep.pl\/index.php\/witamy\/osd63\/","og_site_name":"LEP","article_modified_time":"2026-04-09T14:03:20+00:00","og_image":[{"url":"http:\/\/lep.pl\/wp-content\/uploads\/2017\/01\/dongle_usb_osd63-413x294.jpg","type":"","width":"","height":""}],"twitter_card":"summary_large_image","twitter_misc":{"Szacowany czas czytania":"8 minut"},"schema":{"@context":"https:\/\/schema.org","@graph":[{"@type":"WebPage","@id":"https:\/\/lep.pl\/index.php\/witamy\/osd63\/","url":"https:\/\/lep.pl\/index.php\/witamy\/osd63\/","name":"Czujka multisensorowa OSD63 | LEP - producent elektroniki ppo\u017c","isPartOf":{"@id":"https:\/\/lep.pl\/#website"},"primaryImageOfPage":{"@id":"https:\/\/lep.pl\/index.php\/witamy\/osd63\/#primaryimage"},"image":{"@id":"https:\/\/lep.pl\/index.php\/witamy\/osd63\/#primaryimage"},"thumbnailUrl":"http:\/\/lep.pl\/wp-content\/uploads\/2017\/01\/dongle_usb_osd63-413x294.jpg","datePublished":"2017-01-28T12:13:57+00:00","dateModified":"2026-04-09T14:03:20+00:00","description":"Czujka multisensorowa OSD63 (optyczno-temperaturowa) OSD63 pracuje w liniach dozorowych central sygnalizacji po\u017carowej oraz w\u0142amaniowej.","breadcrumb":{"@id":"https:\/\/lep.pl\/index.php\/witamy\/osd63\/#breadcrumb"},"inLanguage":"pl-PL","potentialAction":[{"@type":"ReadAction","target":["https:\/\/lep.pl\/index.php\/witamy\/osd63\/"]}]},{"@type":"ImageObject","inLanguage":"pl-PL","@id":"https:\/\/lep.pl\/index.php\/witamy\/osd63\/#primaryimage","url":"http:\/\/lep.pl\/wp-content\/uploads\/2017\/01\/dongle_usb_osd63-413x294.jpg","contentUrl":"http:\/\/lep.pl\/wp-content\/uploads\/2017\/01\/dongle_usb_osd63-413x294.jpg"},{"@type":"BreadcrumbList","@id":"https:\/\/lep.pl\/index.php\/witamy\/osd63\/#breadcrumb","itemListElement":[{"@type":"ListItem","position":1,"name":"Strona g\u0142\u00f3wna","item":"https:\/\/lep.pl\/"},{"@type":"ListItem","position":2,"name":"Witamy","item":"https:\/\/lep.pl\/"},{"@type":"ListItem","position":3,"name":"OSD63"}]},{"@type":"WebSite","@id":"https:\/\/lep.pl\/#website","url":"https:\/\/lep.pl\/","name":"LEP","description":"- centrale PPO\u017b, czujniki dymu i zasilacze","publisher":{"@id":"https:\/\/lep.pl\/#organization"},"potentialAction":[{"@type":"SearchAction","target":{"@type":"EntryPoint","urlTemplate":"https:\/\/lep.pl\/?s={search_term_string}"},"query-input":{"@type":"PropertyValueSpecification","valueRequired":true,"valueName":"search_term_string"}}],"inLanguage":"pl-PL"},{"@type":"Organization","@id":"https:\/\/lep.pl\/#organization","name":"Lep","url":"https:\/\/lep.pl\/","logo":{"@type":"ImageObject","inLanguage":"pl-PL","@id":"https:\/\/lep.pl\/#\/schema\/logo\/image\/","url":"https:\/\/lep.pl\/wp-content\/uploads\/2017\/04\/logo@1x.png","contentUrl":"https:\/\/lep.pl\/wp-content\/uploads\/2017\/04\/logo@1x.png","width":400,"height":54,"caption":"Lep"},"image":{"@id":"https:\/\/lep.pl\/#\/schema\/logo\/image\/"}}]}},"_links":{"self":[{"href":"https:\/\/lep.pl\/index.php\/wp-json\/wp\/v2\/pages\/437","targetHints":{"allow":["GET"]}}],"collection":[{"href":"https:\/\/lep.pl\/index.php\/wp-json\/wp\/v2\/pages"}],"about":[{"href":"https:\/\/lep.pl\/index.php\/wp-json\/wp\/v2\/types\/page"}],"author":[{"embeddable":true,"href":"https:\/\/lep.pl\/index.php\/wp-json\/wp\/v2\/users\/2"}],"replies":[{"embeddable":true,"href":"https:\/\/lep.pl\/index.php\/wp-json\/wp\/v2\/comments?post=437"}],"version-history":[{"count":135,"href":"https:\/\/lep.pl\/index.php\/wp-json\/wp\/v2\/pages\/437\/revisions"}],"predecessor-version":[{"id":3740,"href":"https:\/\/lep.pl\/index.php\/wp-json\/wp\/v2\/pages\/437\/revisions\/3740"}],"up":[{"embeddable":true,"href":"https:\/\/lep.pl\/index.php\/wp-json\/wp\/v2\/pages\/381"}],"wp:attachment":[{"href":"https:\/\/lep.pl\/index.php\/wp-json\/wp\/v2\/media?parent=437"}],"curies":[{"name":"wp","href":"https:\/\/api.w.org\/{rel}","templated":true}]}}