{"id":3579,"date":"2024-11-07T11:44:23","date_gmt":"2024-11-07T11:44:23","guid":{"rendered":"https:\/\/lep.pl\/?page_id=3579"},"modified":"2025-07-17T13:06:40","modified_gmt":"2025-07-17T13:06:40","slug":"gn63sa","status":"publish","type":"page","link":"https:\/\/lep.pl\/index.php\/witamy\/gn63sa\/","title":{"rendered":"GN63SA \u2013 gniazdo z sygnalizacj\u0105 optyczno-akustyczn\u0105"},"content":{"rendered":"<div class=\"wpb-content-wrapper\"><p>[vc_row css=&#8221;.vc_custom_1552393414960{background-position: center !important;background-repeat: no-repeat !important;background-size: cover !important;}&#8221;][vc_column][vc_row_inner css=&#8221;.vc_custom_1552393076905{padding-top: 3% !important;padding-right: 12% !important;padding-left: 12% !important;}&#8221;][vc_column_inner width=&#8221;1\/2&#8243;][vc_column_text css=&#8221;&#8221;]<\/p>\n<h1><strong>GN63SA<\/strong><br \/>\ngniazdo z sygnalizacj\u0105 optyczno-akustyczn\u0105<\/h1>\n<p>[\/vc_column_text][\/vc_column_inner][vc_column_inner width=&#8221;1\/4&#8243;][vc_single_image image=&#8221;3703&#8243; img_size=&#8221;large&#8221; alignment=&#8221;center&#8221; onclick=&#8221;link_image&#8221; css=&#8221;&#8221; title=&#8221;GN63SA&#8221; el_class=&#8221;image_text&#8221;][\/vc_column_inner][vc_column_inner width=&#8221;1\/4&#8243;][vc_single_image image=&#8221;3704&#8243; img_size=&#8221;large&#8221; alignment=&#8221;center&#8221; onclick=&#8221;link_image&#8221; css=&#8221;&#8221; title=&#8221;GN63SA+OSD63&#8243; el_class=&#8221;image_text&#8221;][\/vc_column_inner][\/vc_row_inner][vc_row_inner css=&#8221;.vc_custom_1552477883695{padding-right: 12% !important;padding-left: 12% !important;}&#8221;][vc_column_inner][vc_toggle title=&#8221;Opis produktu (rozwi\u0144\/zwi\u0144)&#8221; style=&#8221;simple&#8221; color=&#8221;green&#8221; size=&#8221;lg&#8221; css=&#8221;&#8221; el_id=&#8221;1552477803538-38b940fa-c9c9&#8243;]Gniazdo GN63SA wsp\u00f3\u0142pracuje z czujk\u0105 optyczno-temperaturow\u0105 OSD63. S\u0142u\u017cy do sygnalizacji stanu alarmowego czujki sygna\u0142ami d\u017awi\u0119kowymi i \u015bwietlnymi.<br \/>\nGniazdo GN63SA mo\u017ce pracowa\u0107 autonomicznie lub w liniach dozorowych central sygnalizacji po\u017carowej lub w\u0142amaniowej. Istnieje tak\u017ce mo\u017cliwo\u015b\u0107 zewn\u0119trznego za\u0142\u0105czenia sygna\u0142u alarmowego gniazda.[\/vc_toggle][vc_toggle title=&#8221;Budowa (rozwi\u0144\/zwi\u0144)&#8221; style=&#8221;simple&#8221; color=&#8221;green&#8221; size=&#8221;lg&#8221; css=&#8221;&#8221; el_id=&#8221;1552477890089-22e1f786-4187&#8243;]W gnie\u017adzie GN63SA umieszczony jest modu\u0142 elektroniczny, zawieraj\u0105cy sygnalizator optyczny i akustyczny.<br \/>\nIstnieje mo\u017cliwo\u015b\u0107 ustawienia 3 poziom\u00f3w g\u0142o\u015bno\u015bci. Regulacja nat\u0119\u017cenia d\u017awi\u0119ku sygnalizacyjnego odbywa si\u0119 przez zwieranie lub rozwieranie pin\u00f3w z u\u017cyciem zworek JUMPER.<br \/>\nGniazdo GN63SA mo\u017cna zam\u00f3wi\u0107 z mechaniczn\u0105 blokad\u0105 wykr\u0119cenia czujki. Blokada polega na wkr\u0119ceniu za pomoc\u0105 klucza imbusowego (trzpieniowy sze\u015bciok\u0105tny) 1,5mm \u015brubki M3 dost\u0119pnej na bocznej \u015bcianie gniazda.[\/vc_toggle][vc_toggle title=&#8221;Dane techniczne (rozwi\u0144\/zwi\u0144)&#8221; style=&#8221;simple&#8221; color=&#8221;green&#8221; size=&#8221;lg&#8221; css=&#8221;&#8221; el_id=&#8221;1552477926086-1a4a13d9-b4d4&#8243;]<\/p>\n<div>\n<div>\n<div>\n<div>\n<div>\n<div>\n<div>\n<table border=\"0\">\n<tbody>\n<tr>\n<td>Napi\u0119cie zasilania<\/td>\n<td align=\"right\">24V (9-36V)V<\/td>\n<\/tr>\n<tr>\n<td>Sygnalizacja<br \/>\n&#8211; optyczna<br \/>\n&#8211; akustyczna<\/td>\n<td style=\"text-align: right;\">\u00a04 szt LED kolor czerwony<br \/>\n90dB\/1m, 100dB\/10cm, 3kHz<\/td>\n<\/tr>\n<tr>\n<td>Zakres temperatur pracy<\/td>\n<td align=\"right\">-25\u00b0C do +75\u00b0C<\/td>\n<\/tr>\n<tr>\n<td>Wymiary &#8211; \u015brednica &#8211; wysoko\u015b\u0107<\/td>\n<td align=\"right\">109mm 36mm<\/td>\n<\/tr>\n<tr>\n<td>Masa<\/td>\n<td align=\"right\">ok. 75g +\/- 5g<\/td>\n<\/tr>\n<tr>\n<td>Rozstaw otwor\u00f3w monta\u017cowych<\/td>\n<td align=\"right\">70mm (65-75mm)<\/td>\n<\/tr>\n<\/tbody>\n<\/table>\n<\/div>\n<\/div>\n<\/div>\n<\/div>\n<\/div>\n<\/div>\n<\/div>\n<p>[\/vc_toggle][vc_toggle title=&#8221;Pliki i dokumenty (rozwi\u0144\/zwi\u0144)&#8221; style=&#8221;simple&#8221; color=&#8221;green&#8221; size=&#8221;lg&#8221; css=&#8221;&#8221; el_id=&#8221;1552477949918-ab93adc6-1d73&#8243;]<\/p>\n<ol>\n<li><img decoding=\"async\" src=\"https:\/\/lep.pl\/wp-content\/uploads\/2017\/01\/ic_done.png\" width=\"20\" height=\"20\" \/> <a href=\"https:\/\/lep.pl\/files\/file\/PL\/IO\/63-osd63-iot-241029.pdf\">OSD63 &#8211; instrukcja obs\u0142ugi, informacja techniczna<\/a><\/li>\n<li><img decoding=\"async\" src=\"https:\/\/lep.pl\/wp-content\/uploads\/2017\/01\/ic_done.png\" width=\"20\" height=\"20\" \/> <a href=\"https:\/\/lep.pl\/files\/file\/PL\/KK\/63-gn63sa-kk-250716.pdf\">GN63SA &#8211; karta katalogowa<\/a><\/li>\n<li><img decoding=\"async\" src=\"https:\/\/lep.pl\/wp-content\/uploads\/2017\/01\/ic_done.png\" width=\"20\" height=\"20\" \/>\u00a0<a href=\"https:\/\/lep.pl\/files\/file\/PL\/IO\/63-gn63sa-iot-250716.pdf\">GN63SA &#8211; instrukcja obs\u0142ugi, informacja techniczna<\/a><\/li>\n<\/ol>\n<p>[\/vc_toggle][\/vc_column_inner][\/vc_row_inner][\/vc_column][\/vc_row][vc_row content_placement=&#8221;top&#8221; css=&#8221;.vc_custom_1552478730836{background-position: center !important;background-repeat: no-repeat !important;background-size: cover !important;}&#8221;][vc_column][vc_row_inner css=&#8221;.vc_custom_1485612616667{padding-top: 6% !important;padding-right: 12% !important;padding-bottom: 6% !important;padding-left: 12% !important;}&#8221;][vc_column_inner width=&#8221;1\/4&#8243;][vc_column_text]<a href=\"mailto:biuro@lep.pl\">biuro@lep.pl<\/a>[\/vc_column_text][\/vc_column_inner][vc_column_inner width=&#8221;1\/4&#8243;][vc_column_text](32) 754 54 54<br \/>\n(32) 754 54 55[\/vc_column_text][\/vc_column_inner][vc_column_inner width=&#8221;1\/4&#8243;][vc_column_text]<a href=\"https:\/\/goo.gl\/maps\/2HeA81byii52\" target=\"_blank\" rel=\"noopener noreferrer\">ul. Wsp\u00f3lna 9, <\/a><a href=\"https:\/\/goo.gl\/maps\/2HeA81byii52\">32-300 Olkusz<br \/>\n<\/a> NIP: 637-010-87-21[\/vc_column_text][\/vc_column_inner][vc_column_inner width=&#8221;1\/4&#8243;][\/vc_column_inner][\/vc_row_inner][\/vc_column][\/vc_row]<\/p>\n<\/div>","protected":false},"excerpt":{"rendered":"<p>[vc_row css=&#8221;.vc_custom_1552393414960{background-position: center !important;background-repeat: no-repeat !important;background-size: cover !important;}&#8221;][vc_column][vc_row_inner css=&#8221;.vc_custom_1552393076905{padding-top: 3% !important;padding-right: 12% !important;padding-left: 12% !important;}&#8221;][vc_column_inner width=&#8221;1\/2&#8243;][vc_column_text css=&#8221;&#8221;] GN63SA gniazdo z sygnalizacj\u0105 optyczno-akustyczn\u0105 [\/vc_column_text][\/vc_column_inner][vc_column_inner width=&#8221;1\/4&#8243;][vc_single_image image=&#8221;3703&#8243; img_size=&#8221;large&#8221; alignment=&#8221;center&#8221; onclick=&#8221;link_image&#8221; css=&#8221;&#8221; title=&#8221;GN63SA&#8221; el_class=&#8221;image_text&#8221;][\/vc_column_inner][vc_column_inner width=&#8221;1\/4&#8243;][vc_single_image image=&#8221;3704&#8243; img_size=&#8221;large&#8221; alignment=&#8221;center&#8221; onclick=&#8221;link_image&#8221; css=&#8221;&#8221; title=&#8221;GN63SA+OSD63&#8243; el_class=&#8221;image_text&#8221;][\/vc_column_inner][\/vc_row_inner][vc_row_inner css=&#8221;.vc_custom_1552477883695{padding-right: 12% !important;padding-left: 12% !important;}&#8221;][vc_column_inner][vc_toggle title=&#8221;Opis produktu (rozwi\u0144\/zwi\u0144)&#8221; style=&#8221;simple&#8221; color=&#8221;green&#8221; size=&#8221;lg&#8221; css=&#8221;&#8221; el_id=&#8221;1552477803538-38b940fa-c9c9&#8243;]Gniazdo GN63SA wsp\u00f3\u0142pracuje z [&hellip;]<\/p>\n","protected":false},"author":5,"featured_media":0,"parent":381,"menu_order":0,"comment_status":"closed","ping_status":"closed","template":"page-full-width.php","meta":{"footnotes":""},"class_list":["post-3579","page","type-page","status-publish","hentry"],"yoast_head":"<!-- This site is optimized with the Yoast SEO plugin v27.3 - https:\/\/yoast.com\/product\/yoast-seo-wordpress\/ -->\n<title>Gniazdo GN63SA | LEP - producent elektroniki ppo\u017c<\/title>\n<meta name=\"description\" content=\"GN63SA gniazdo z sygnalizacj\u0105 optyczno-akustyczn\u0105 do pod\u0142\u0105czania czujki OSD63. Wskazuje alarm sygna\u0142ami d\u017awi\u0119kowymi i \u015bwietlnymi.\" \/>\n<meta name=\"robots\" content=\"index, follow, max-snippet:-1, max-image-preview:large, max-video-preview:-1\" \/>\n<link rel=\"canonical\" href=\"https:\/\/lep.pl\/index.php\/witamy\/gn63sa\/\" \/>\n<meta property=\"og:locale\" content=\"pl_PL\" \/>\n<meta property=\"og:type\" content=\"article\" \/>\n<meta property=\"og:title\" content=\"Gniazdo GN63SA | LEP - producent elektroniki ppo\u017c\" \/>\n<meta property=\"og:description\" content=\"GN63SA gniazdo z sygnalizacj\u0105 optyczno-akustyczn\u0105 do pod\u0142\u0105czania czujki OSD63. Wskazuje alarm sygna\u0142ami d\u017awi\u0119kowymi i \u015bwietlnymi.\" \/>\n<meta property=\"og:url\" content=\"https:\/\/lep.pl\/index.php\/witamy\/gn63sa\/\" \/>\n<meta property=\"og:site_name\" content=\"LEP\" \/>\n<meta property=\"article:modified_time\" content=\"2025-07-17T13:06:40+00:00\" \/>\n<meta property=\"og:image\" content=\"http:\/\/lep.pl\/wp-content\/uploads\/2017\/01\/ic_done.png\" \/>\n<meta name=\"twitter:card\" content=\"summary_large_image\" \/>\n<meta name=\"twitter:label1\" content=\"Szacowany czas czytania\" \/>\n\t<meta name=\"twitter:data1\" content=\"3 minuty\" \/>\n<script type=\"application\/ld+json\" class=\"yoast-schema-graph\">{\"@context\":\"https:\\\/\\\/schema.org\",\"@graph\":[{\"@type\":\"WebPage\",\"@id\":\"https:\\\/\\\/lep.pl\\\/index.php\\\/witamy\\\/gn63sa\\\/\",\"url\":\"https:\\\/\\\/lep.pl\\\/index.php\\\/witamy\\\/gn63sa\\\/\",\"name\":\"Gniazdo GN63SA | LEP - producent elektroniki ppo\u017c\",\"isPartOf\":{\"@id\":\"https:\\\/\\\/lep.pl\\\/#website\"},\"primaryImageOfPage\":{\"@id\":\"https:\\\/\\\/lep.pl\\\/index.php\\\/witamy\\\/gn63sa\\\/#primaryimage\"},\"image\":{\"@id\":\"https:\\\/\\\/lep.pl\\\/index.php\\\/witamy\\\/gn63sa\\\/#primaryimage\"},\"thumbnailUrl\":\"http:\\\/\\\/lep.pl\\\/wp-content\\\/uploads\\\/2017\\\/01\\\/ic_done.png\",\"datePublished\":\"2024-11-07T11:44:23+00:00\",\"dateModified\":\"2025-07-17T13:06:40+00:00\",\"description\":\"GN63SA gniazdo z sygnalizacj\u0105 optyczno-akustyczn\u0105 do pod\u0142\u0105czania czujki OSD63. Wskazuje alarm sygna\u0142ami d\u017awi\u0119kowymi i \u015bwietlnymi.\",\"breadcrumb\":{\"@id\":\"https:\\\/\\\/lep.pl\\\/index.php\\\/witamy\\\/gn63sa\\\/#breadcrumb\"},\"inLanguage\":\"pl-PL\",\"potentialAction\":[{\"@type\":\"ReadAction\",\"target\":[\"https:\\\/\\\/lep.pl\\\/index.php\\\/witamy\\\/gn63sa\\\/\"]}]},{\"@type\":\"ImageObject\",\"inLanguage\":\"pl-PL\",\"@id\":\"https:\\\/\\\/lep.pl\\\/index.php\\\/witamy\\\/gn63sa\\\/#primaryimage\",\"url\":\"http:\\\/\\\/lep.pl\\\/wp-content\\\/uploads\\\/2017\\\/01\\\/ic_done.png\",\"contentUrl\":\"http:\\\/\\\/lep.pl\\\/wp-content\\\/uploads\\\/2017\\\/01\\\/ic_done.png\"},{\"@type\":\"BreadcrumbList\",\"@id\":\"https:\\\/\\\/lep.pl\\\/index.php\\\/witamy\\\/gn63sa\\\/#breadcrumb\",\"itemListElement\":[{\"@type\":\"ListItem\",\"position\":1,\"name\":\"Strona g\u0142\u00f3wna\",\"item\":\"https:\\\/\\\/lep.pl\\\/\"},{\"@type\":\"ListItem\",\"position\":2,\"name\":\"Witamy\",\"item\":\"https:\\\/\\\/lep.pl\\\/\"},{\"@type\":\"ListItem\",\"position\":3,\"name\":\"GN63SA \u2013 gniazdo z sygnalizacj\u0105 optyczno-akustyczn\u0105\"}]},{\"@type\":\"WebSite\",\"@id\":\"https:\\\/\\\/lep.pl\\\/#website\",\"url\":\"https:\\\/\\\/lep.pl\\\/\",\"name\":\"LEP\",\"description\":\"- centrale PPO\u017b, czujniki dymu i zasilacze\",\"publisher\":{\"@id\":\"https:\\\/\\\/lep.pl\\\/#organization\"},\"potentialAction\":[{\"@type\":\"SearchAction\",\"target\":{\"@type\":\"EntryPoint\",\"urlTemplate\":\"https:\\\/\\\/lep.pl\\\/?s={search_term_string}\"},\"query-input\":{\"@type\":\"PropertyValueSpecification\",\"valueRequired\":true,\"valueName\":\"search_term_string\"}}],\"inLanguage\":\"pl-PL\"},{\"@type\":\"Organization\",\"@id\":\"https:\\\/\\\/lep.pl\\\/#organization\",\"name\":\"Lep\",\"url\":\"https:\\\/\\\/lep.pl\\\/\",\"logo\":{\"@type\":\"ImageObject\",\"inLanguage\":\"pl-PL\",\"@id\":\"https:\\\/\\\/lep.pl\\\/#\\\/schema\\\/logo\\\/image\\\/\",\"url\":\"https:\\\/\\\/lep.pl\\\/wp-content\\\/uploads\\\/2017\\\/04\\\/logo@1x.png\",\"contentUrl\":\"https:\\\/\\\/lep.pl\\\/wp-content\\\/uploads\\\/2017\\\/04\\\/logo@1x.png\",\"width\":400,\"height\":54,\"caption\":\"Lep\"},\"image\":{\"@id\":\"https:\\\/\\\/lep.pl\\\/#\\\/schema\\\/logo\\\/image\\\/\"}}]}<\/script>\n<!-- \/ Yoast SEO plugin. -->","yoast_head_json":{"title":"Gniazdo GN63SA | LEP - producent elektroniki ppo\u017c","description":"GN63SA gniazdo z sygnalizacj\u0105 optyczno-akustyczn\u0105 do pod\u0142\u0105czania czujki OSD63. Wskazuje alarm sygna\u0142ami d\u017awi\u0119kowymi i \u015bwietlnymi.","robots":{"index":"index","follow":"follow","max-snippet":"max-snippet:-1","max-image-preview":"max-image-preview:large","max-video-preview":"max-video-preview:-1"},"canonical":"https:\/\/lep.pl\/index.php\/witamy\/gn63sa\/","og_locale":"pl_PL","og_type":"article","og_title":"Gniazdo GN63SA | LEP - producent elektroniki ppo\u017c","og_description":"GN63SA gniazdo z sygnalizacj\u0105 optyczno-akustyczn\u0105 do pod\u0142\u0105czania czujki OSD63. Wskazuje alarm sygna\u0142ami d\u017awi\u0119kowymi i \u015bwietlnymi.","og_url":"https:\/\/lep.pl\/index.php\/witamy\/gn63sa\/","og_site_name":"LEP","article_modified_time":"2025-07-17T13:06:40+00:00","og_image":[{"url":"http:\/\/lep.pl\/wp-content\/uploads\/2017\/01\/ic_done.png","type":"","width":"","height":""}],"twitter_card":"summary_large_image","twitter_misc":{"Szacowany czas czytania":"3 minuty"},"schema":{"@context":"https:\/\/schema.org","@graph":[{"@type":"WebPage","@id":"https:\/\/lep.pl\/index.php\/witamy\/gn63sa\/","url":"https:\/\/lep.pl\/index.php\/witamy\/gn63sa\/","name":"Gniazdo GN63SA | LEP - producent elektroniki ppo\u017c","isPartOf":{"@id":"https:\/\/lep.pl\/#website"},"primaryImageOfPage":{"@id":"https:\/\/lep.pl\/index.php\/witamy\/gn63sa\/#primaryimage"},"image":{"@id":"https:\/\/lep.pl\/index.php\/witamy\/gn63sa\/#primaryimage"},"thumbnailUrl":"http:\/\/lep.pl\/wp-content\/uploads\/2017\/01\/ic_done.png","datePublished":"2024-11-07T11:44:23+00:00","dateModified":"2025-07-17T13:06:40+00:00","description":"GN63SA gniazdo z sygnalizacj\u0105 optyczno-akustyczn\u0105 do pod\u0142\u0105czania czujki OSD63. Wskazuje alarm sygna\u0142ami d\u017awi\u0119kowymi i \u015bwietlnymi.","breadcrumb":{"@id":"https:\/\/lep.pl\/index.php\/witamy\/gn63sa\/#breadcrumb"},"inLanguage":"pl-PL","potentialAction":[{"@type":"ReadAction","target":["https:\/\/lep.pl\/index.php\/witamy\/gn63sa\/"]}]},{"@type":"ImageObject","inLanguage":"pl-PL","@id":"https:\/\/lep.pl\/index.php\/witamy\/gn63sa\/#primaryimage","url":"http:\/\/lep.pl\/wp-content\/uploads\/2017\/01\/ic_done.png","contentUrl":"http:\/\/lep.pl\/wp-content\/uploads\/2017\/01\/ic_done.png"},{"@type":"BreadcrumbList","@id":"https:\/\/lep.pl\/index.php\/witamy\/gn63sa\/#breadcrumb","itemListElement":[{"@type":"ListItem","position":1,"name":"Strona g\u0142\u00f3wna","item":"https:\/\/lep.pl\/"},{"@type":"ListItem","position":2,"name":"Witamy","item":"https:\/\/lep.pl\/"},{"@type":"ListItem","position":3,"name":"GN63SA \u2013 gniazdo z sygnalizacj\u0105 optyczno-akustyczn\u0105"}]},{"@type":"WebSite","@id":"https:\/\/lep.pl\/#website","url":"https:\/\/lep.pl\/","name":"LEP","description":"- centrale PPO\u017b, czujniki dymu i zasilacze","publisher":{"@id":"https:\/\/lep.pl\/#organization"},"potentialAction":[{"@type":"SearchAction","target":{"@type":"EntryPoint","urlTemplate":"https:\/\/lep.pl\/?s={search_term_string}"},"query-input":{"@type":"PropertyValueSpecification","valueRequired":true,"valueName":"search_term_string"}}],"inLanguage":"pl-PL"},{"@type":"Organization","@id":"https:\/\/lep.pl\/#organization","name":"Lep","url":"https:\/\/lep.pl\/","logo":{"@type":"ImageObject","inLanguage":"pl-PL","@id":"https:\/\/lep.pl\/#\/schema\/logo\/image\/","url":"https:\/\/lep.pl\/wp-content\/uploads\/2017\/04\/logo@1x.png","contentUrl":"https:\/\/lep.pl\/wp-content\/uploads\/2017\/04\/logo@1x.png","width":400,"height":54,"caption":"Lep"},"image":{"@id":"https:\/\/lep.pl\/#\/schema\/logo\/image\/"}}]}},"_links":{"self":[{"href":"https:\/\/lep.pl\/index.php\/wp-json\/wp\/v2\/pages\/3579","targetHints":{"allow":["GET"]}}],"collection":[{"href":"https:\/\/lep.pl\/index.php\/wp-json\/wp\/v2\/pages"}],"about":[{"href":"https:\/\/lep.pl\/index.php\/wp-json\/wp\/v2\/types\/page"}],"author":[{"embeddable":true,"href":"https:\/\/lep.pl\/index.php\/wp-json\/wp\/v2\/users\/5"}],"replies":[{"embeddable":true,"href":"https:\/\/lep.pl\/index.php\/wp-json\/wp\/v2\/comments?post=3579"}],"version-history":[{"count":26,"href":"https:\/\/lep.pl\/index.php\/wp-json\/wp\/v2\/pages\/3579\/revisions"}],"predecessor-version":[{"id":3708,"href":"https:\/\/lep.pl\/index.php\/wp-json\/wp\/v2\/pages\/3579\/revisions\/3708"}],"up":[{"embeddable":true,"href":"https:\/\/lep.pl\/index.php\/wp-json\/wp\/v2\/pages\/381"}],"wp:attachment":[{"href":"https:\/\/lep.pl\/index.php\/wp-json\/wp\/v2\/media?parent=3579"}],"curies":[{"name":"wp","href":"https:\/\/api.w.org\/{rel}","templated":true}]}}