{"id":3364,"date":"2023-01-10T12:45:57","date_gmt":"2023-01-10T12:45:57","guid":{"rendered":"https:\/\/lep.pl\/?page_id=3364"},"modified":"2023-01-11T12:31:32","modified_gmt":"2023-01-11T12:31:32","slug":"klp47p-fire-line-to-the-alarm-line-converter","status":"publish","type":"page","link":"https:\/\/lep.pl\/index.php\/en\/welcome\/klp47p-fire-line-to-the-alarm-line-converter\/","title":{"rendered":"KLP47P fire line to the alarm line converter"},"content":{"rendered":"<div class=\"wpb-content-wrapper\"><p>[vc_row css=&#8221;.vc_custom_1552569006664{background-position: center !important;background-repeat: no-repeat !important;background-size: cover !important;}&#8221;][vc_column][vc_row_inner css=&#8221;.vc_custom_1552569012439{padding-top: 3% !important;padding-right: 12% !important;padding-left: 12% !important;}&#8221;][vc_column_inner width=&#8221;1\/2&#8243;][vc_column_text]<\/p>\n<h1><strong>KLP47P<\/strong><br \/>\nfire line to the alarm line converter<\/h1>\n<p>[\/vc_column_text][\/vc_column_inner][vc_column_inner width=&#8221;1\/4&#8243;][vc_single_image image=&#8221;915&#8243; img_size=&#8221;large&#8221; alignment=&#8221;center&#8221; onclick=&#8221;link_image&#8221; title=&#8221;KLP47P&#8221; el_class=&#8221;image_text&#8221;][\/vc_column_inner][vc_column_inner width=&#8221;1\/4&#8243;][vc_single_image image=&#8221;914&#8243; img_size=&#8221;large&#8221; alignment=&#8221;center&#8221; onclick=&#8221;link_image&#8221; el_class=&#8221;image_text&#8221; title=&#8221;KLP47P&#8221;][\/vc_column_inner][\/vc_row_inner][vc_row_inner css=&#8221;.vc_custom_1485607271454{padding-right: 12% !important;padding-left: 12% !important;}&#8221;][vc_column_inner][vc_toggle title=&#8221;Product description (expand\/collapse)&#8221; style=&#8221;simple&#8221; color=&#8221;green&#8221; size=&#8221;lg&#8221; el_id=&#8221;1552568975610-1195c6ce-e367&#8243;]<span style=\"font-size: 14pt;\">The KLP47P fire line converter (conventional lines of fire detection and alarm systems) to burglary alarm system lines allows you to connect a conventional, two-wire line with fire detectors to a six-wire fire line of the intrusion panel.<\/span>[\/vc_toggle][vc_toggle title=&#8221;Principle of operation (expand\/collapse)&#8221; style=&#8221;simple&#8221; color=&#8221;green&#8221; size=&#8221;lg&#8221; el_id=&#8221;1552569026536-3ed8e85c-e27c&#8221;]<span style=\"font-size: 14pt;\">The converter has two relays switched under the influence of the detector alarm signal and the tamper signal (line break, detector removal from the socket). Switches for relay operating status (NC\/NO) and operating modes are available in the form of extended wire loops in different colors (&#8222;jumpers&#8221;). Factory settings of the device: all jumpers closed (tamper function enabled, relays in NC mode, autoreset function enabled, first alarm reset function disabled).<\/span><\/p>\n<p><span style=\"font-size: 14pt;\">The figure shows the state of the relay contacts for the factory settings of the device after powering up in the quiescent state: 3 out of 4 and 6 out of 7 are shorted, respectively.<\/span><\/p>\n<p><span style=\"font-size: 14pt;\">An alarm of any detector will cause: the AL indicator will flash approximately every 6 seconds and the ALARM relay contacts will switch (7 and 8 closed) &#8211; this is an &#8222;alarm&#8221; signal for the burglary control panel.<\/span><br \/>\n<span style=\"font-size: 14pt;\">Interruption of the detection line will cause the AL indicator to switch on and the SAB relay to switch (4 and 5 shorted) &#8211; this is a &#8222;sabotage&#8221; signal for the burglary control panel.<\/span><\/p>\n<p><span style=\"font-size: 14pt;\">The detection line has a short-circuit protection &#8211; a short-circuit in the line is signaled by the AL indicator flashing, the ALARM relay switching (7 and 8 closed), the SAB indicator lighting up and the SAB relay switching (4 and 5 closed). Opening the red jumper (autoreset) causes the alarm state to latch: (7 and 8 closed) and the AL indicator is lit continuously until the device power is turned off.<\/span><\/p>\n<p><span style=\"font-size: 14pt;\">The yellow and blue jumpers change the operating mode of the signaling relays from NC (closed &#8211; factory state) to NO (open).<\/span><br \/>\n<span style=\"font-size: 14pt;\">Opening the black jumper activates the reset function &#8211; cancellation of the first alarm from the detector (invalidation of accidental alarms from detectors).<\/span><\/p>\n<p><span style=\"font-size: 14pt;\">In the detection line (terminals 1 and 2 LINE) max. 50 OSD23 detectors with GNP18 sockets, while the alarm can occur simultaneously in up to 12 detectors.<\/span><\/p>\n<p><span style=\"font-size: 14pt;\">The detection line must be terminated with a 2.7k\u03a9 terminating resistor installed in the last slot in the detection line.<\/span>[\/vc_toggle][vc_toggle title=&#8221;Technical data (expand\/collapse)&#8221; style=&#8221;simple&#8221; color=&#8221;green&#8221; size=&#8221;lg&#8221; el_id=&#8221;1552569048418-c3341ca3-d8d6&#8243;]<\/p>\n<table border=\"0\">\n<tbody>\n<tr>\n<td><span style=\"font-size: 14pt;\">Supply voltage<\/span><\/td>\n<td align=\"right\"><span style=\"font-size: 14pt;\">12V DC<\/span><\/td>\n<\/tr>\n<tr>\n<td><span style=\"font-size: 14pt;\">Maximum current consumption<\/span><\/td>\n<td align=\"right\"><\/td>\n<\/tr>\n<tr>\n<td><span style=\"font-size: 14pt;\">-in a surveillance state<\/span><\/td>\n<td align=\"right\"><span style=\"font-size: 14pt;\">40mA for 2xNC 15mA for 2xNO<\/span><\/td>\n<\/tr>\n<tr>\n<td><span style=\"font-size: 14pt;\">-in the alarm state<\/span><\/td>\n<td align=\"right\"><span style=\"font-size: 14pt;\">160mA<\/span><\/td>\n<\/tr>\n<tr>\n<td><span style=\"font-size: 14pt;\">Relay contacts load capacity<\/span><\/td>\n<td align=\"right\"><span style=\"font-size: 14pt;\">24V\/1A (125V\/0,5A)<\/span><\/td>\n<\/tr>\n<tr>\n<td><span style=\"font-size: 14pt;\">Controls<\/span><\/td>\n<td align=\"right\"><span style=\"font-size: 14pt;\">green &#8211; device power supply<\/span><\/td>\n<\/tr>\n<tr>\n<td><\/td>\n<td align=\"right\"><span style=\"font-size: 14pt;\">red &#8211; alarm status in the detection line<\/span><\/td>\n<\/tr>\n<tr>\n<td><\/td>\n<td align=\"right\"><span style=\"font-size: 14pt;\">yellow &#8211; tamper in the detection line<\/span><\/td>\n<\/tr>\n<tr>\n<td><span style=\"font-size: 14pt;\">Jumpers<\/span><\/td>\n<td align=\"right\"><span style=\"font-size: 14pt;\">yellow &#8211; operating state of the SAB relay (closed: NC, open: NO)<\/span><\/td>\n<\/tr>\n<tr>\n<td><\/td>\n<td align=\"right\"><span style=\"font-size: 14pt;\">blue &#8211; AL relay operating status (closed: NC, open: NO)<\/span><\/td>\n<\/tr>\n<tr>\n<td><\/td>\n<td align=\"right\"><span style=\"font-size: 14pt;\">red &#8211; auto-reset (closed: detection line auto-reset, open: alarm latch)<\/span><\/td>\n<\/tr>\n<tr>\n<td><\/td>\n<td align=\"right\"><span style=\"font-size: 14pt;\">black &#8211; reset function (closed: reset function disabled, open: cancellation of the first alarm from the detector)<\/span><\/td>\n<\/tr>\n<tr>\n<td><span style=\"font-size: 14pt;\">Operating temperature range<\/span><\/td>\n<td align=\"right\"><span style=\"font-size: 14pt;\">-25\u00b0 C to +55\u00b0 C<\/span><\/td>\n<\/tr>\n<tr>\n<td><span style=\"font-size: 14pt;\">Relative humidity<\/span><\/td>\n<td align=\"right\"><span style=\"font-size: 14pt;\">to 80% at +40\u00b0C<\/span><\/td>\n<\/tr>\n<tr>\n<td><span style=\"font-size: 14pt;\">Weight<\/span><\/td>\n<td align=\"right\"><span style=\"font-size: 14pt;\">100g<\/span><\/td>\n<\/tr>\n<tr>\n<td><span style=\"font-size: 14pt;\">Dimensions<\/span><\/td>\n<td align=\"right\"><span style=\"font-size: 14pt;\">90 x 105x 70 mm<\/span><\/td>\n<\/tr>\n<\/tbody>\n<\/table>\n<p>[\/vc_toggle][vc_toggle title=&#8221;Files and documents (expand\/collapse)&#8221; style=&#8221;simple&#8221; color=&#8221;green&#8221; size=&#8221;lg&#8221; el_id=&#8221;1552569072781-0bbb5642-31d4&#8243;]<\/p>\n<ol>\n<li><span style=\"font-size: 14pt;\"><img decoding=\"async\" src=\"https:\/\/lep.pl\/wp-content\/uploads\/2017\/01\/ic_done.png\" width=\"20\" height=\"20\" \/><a href=\"https:\/\/lep.pl\/files\/file\/PL\/IO\/47-klp47p-iot-160602.pdf\">KLP47P &#8211; instrukcja obs\u0142ugi, informacja techniczna<\/a><\/span><\/li>\n<li><span style=\"font-size: 14pt;\"><img decoding=\"async\" src=\"https:\/\/lep.pl\/wp-content\/uploads\/2017\/01\/ic_done.png\" width=\"20\" height=\"20\" \/><a href=\"https:\/\/lep.pl\/files\/file\/PL\/KK\/47-klp47p-kk-160602.pdf\">KLP47P &#8211; karta katalogowa<\/a><\/span><\/li>\n<\/ol>\n<p>[\/vc_toggle][\/vc_column_inner][\/vc_row_inner][\/vc_column][\/vc_row][vc_row content_placement=&#8221;top&#8221; css=&#8221;.vc_custom_1552569139755{background-position: center !important;background-repeat: no-repeat !important;background-size: cover !important;}&#8221;][vc_column][vc_row_inner css=&#8221;.vc_custom_1552569144789{padding-right: 12% !important;padding-left: 12% !important;}&#8221;][vc_column_inner width=&#8221;1\/4&#8243;][vc_column_text]<a href=\"mailto:biuro@lep.pl\">biuro@lep.pl<\/a>[\/vc_column_text][\/vc_column_inner][vc_column_inner width=&#8221;1\/4&#8243;][vc_column_text](32) 754 54 54<br \/>\n(32) 754 54 55[\/vc_column_text][\/vc_column_inner][vc_column_inner width=&#8221;1\/4&#8243;][vc_column_text]<a href=\"https:\/\/goo.gl\/maps\/2HeA81byii52\" target=\"_blank\" rel=\"noopener noreferrer\">Wsp\u00f3lna 9, <\/a><a href=\"https:\/\/goo.gl\/maps\/2HeA81byii52\">32-300, Olkusz<br \/>\n<\/a>NIP: 637-010-87-21[\/vc_column_text][\/vc_column_inner][vc_column_inner width=&#8221;1\/4&#8243;][\/vc_column_inner][\/vc_row_inner][\/vc_column][\/vc_row]<\/p>\n<\/div>","protected":false},"excerpt":{"rendered":"<p>[vc_row css=&#8221;.vc_custom_1552569006664{background-position: center !important;background-repeat: no-repeat !important;background-size: cover !important;}&#8221;][vc_column][vc_row_inner css=&#8221;.vc_custom_1552569012439{padding-top: 3% !important;padding-right: 12% !important;padding-left: 12% !important;}&#8221;][vc_column_inner width=&#8221;1\/2&#8243;][vc_column_text] KLP47P fire line to the alarm line converter [\/vc_column_text][\/vc_column_inner][vc_column_inner width=&#8221;1\/4&#8243;][vc_single_image image=&#8221;915&#8243; img_size=&#8221;large&#8221; alignment=&#8221;center&#8221; onclick=&#8221;link_image&#8221; title=&#8221;KLP47P&#8221; el_class=&#8221;image_text&#8221;][\/vc_column_inner][vc_column_inner width=&#8221;1\/4&#8243;][vc_single_image image=&#8221;914&#8243; img_size=&#8221;large&#8221; alignment=&#8221;center&#8221; onclick=&#8221;link_image&#8221; el_class=&#8221;image_text&#8221; title=&#8221;KLP47P&#8221;][\/vc_column_inner][\/vc_row_inner][vc_row_inner css=&#8221;.vc_custom_1485607271454{padding-right: 12% !important;padding-left: 12% !important;}&#8221;][vc_column_inner][vc_toggle title=&#8221;Product description (expand\/collapse)&#8221; style=&#8221;simple&#8221; color=&#8221;green&#8221; size=&#8221;lg&#8221; el_id=&#8221;1552568975610-1195c6ce-e367&#8243;]The KLP47P fire line converter [&hellip;]<\/p>\n","protected":false},"author":5,"featured_media":0,"parent":3129,"menu_order":0,"comment_status":"closed","ping_status":"closed","template":"page-full-width.php","meta":{"footnotes":""},"class_list":["post-3364","page","type-page","status-publish","hentry"],"yoast_head":"<!-- This site is optimized with the Yoast SEO plugin v27.3 - https:\/\/yoast.com\/product\/yoast-seo-wordpress\/ -->\n<title>Konwerter linii po\u017carowej KLP47P | LEP - producent elektroniki ppo\u017c<\/title>\n<meta name=\"description\" content=\"Konwerter linii po\u017carowej KLP47P umo\u017cliwia pod\u0142\u0105czenie konwencjonalnej, dwuprzewodowej linii po\u017carowej do linii alarmowej centralki w\u0142amaniowej.\" \/>\n<meta name=\"robots\" content=\"index, follow, max-snippet:-1, max-image-preview:large, max-video-preview:-1\" \/>\n<link rel=\"canonical\" href=\"https:\/\/lep.pl\/index.php\/en\/welcome\/klp47p-fire-line-to-the-alarm-line-converter\/\" \/>\n<meta property=\"og:locale\" content=\"pl_PL\" \/>\n<meta property=\"og:type\" content=\"article\" \/>\n<meta property=\"og:title\" content=\"Konwerter linii po\u017carowej KLP47P | LEP - producent elektroniki ppo\u017c\" \/>\n<meta property=\"og:description\" content=\"Konwerter linii po\u017carowej KLP47P umo\u017cliwia pod\u0142\u0105czenie konwencjonalnej, dwuprzewodowej linii po\u017carowej do linii alarmowej centralki w\u0142amaniowej.\" \/>\n<meta property=\"og:url\" content=\"https:\/\/lep.pl\/index.php\/en\/welcome\/klp47p-fire-line-to-the-alarm-line-converter\/\" \/>\n<meta property=\"og:site_name\" content=\"LEP\" \/>\n<meta property=\"article:modified_time\" content=\"2023-01-11T12:31:32+00:00\" \/>\n<meta property=\"og:image\" content=\"http:\/\/lep.pl\/wp-content\/uploads\/2017\/01\/ic_done.png\" \/>\n<meta name=\"twitter:card\" content=\"summary_large_image\" \/>\n<meta name=\"twitter:label1\" content=\"Szacowany czas czytania\" \/>\n\t<meta name=\"twitter:data1\" content=\"4 minuty\" \/>\n<script type=\"application\/ld+json\" class=\"yoast-schema-graph\">{\"@context\":\"https:\\\/\\\/schema.org\",\"@graph\":[{\"@type\":\"WebPage\",\"@id\":\"https:\\\/\\\/lep.pl\\\/index.php\\\/en\\\/welcome\\\/klp47p-fire-line-to-the-alarm-line-converter\\\/\",\"url\":\"https:\\\/\\\/lep.pl\\\/index.php\\\/en\\\/welcome\\\/klp47p-fire-line-to-the-alarm-line-converter\\\/\",\"name\":\"Konwerter linii po\u017carowej KLP47P | LEP - producent elektroniki ppo\u017c\",\"isPartOf\":{\"@id\":\"https:\\\/\\\/lep.pl\\\/#website\"},\"primaryImageOfPage\":{\"@id\":\"https:\\\/\\\/lep.pl\\\/index.php\\\/en\\\/welcome\\\/klp47p-fire-line-to-the-alarm-line-converter\\\/#primaryimage\"},\"image\":{\"@id\":\"https:\\\/\\\/lep.pl\\\/index.php\\\/en\\\/welcome\\\/klp47p-fire-line-to-the-alarm-line-converter\\\/#primaryimage\"},\"thumbnailUrl\":\"http:\\\/\\\/lep.pl\\\/wp-content\\\/uploads\\\/2017\\\/01\\\/ic_done.png\",\"datePublished\":\"2023-01-10T12:45:57+00:00\",\"dateModified\":\"2023-01-11T12:31:32+00:00\",\"description\":\"Konwerter linii po\u017carowej KLP47P umo\u017cliwia pod\u0142\u0105czenie konwencjonalnej, dwuprzewodowej linii po\u017carowej do linii alarmowej centralki w\u0142amaniowej.\",\"breadcrumb\":{\"@id\":\"https:\\\/\\\/lep.pl\\\/index.php\\\/en\\\/welcome\\\/klp47p-fire-line-to-the-alarm-line-converter\\\/#breadcrumb\"},\"inLanguage\":\"pl-PL\",\"potentialAction\":[{\"@type\":\"ReadAction\",\"target\":[\"https:\\\/\\\/lep.pl\\\/index.php\\\/en\\\/welcome\\\/klp47p-fire-line-to-the-alarm-line-converter\\\/\"]}]},{\"@type\":\"ImageObject\",\"inLanguage\":\"pl-PL\",\"@id\":\"https:\\\/\\\/lep.pl\\\/index.php\\\/en\\\/welcome\\\/klp47p-fire-line-to-the-alarm-line-converter\\\/#primaryimage\",\"url\":\"http:\\\/\\\/lep.pl\\\/wp-content\\\/uploads\\\/2017\\\/01\\\/ic_done.png\",\"contentUrl\":\"http:\\\/\\\/lep.pl\\\/wp-content\\\/uploads\\\/2017\\\/01\\\/ic_done.png\"},{\"@type\":\"BreadcrumbList\",\"@id\":\"https:\\\/\\\/lep.pl\\\/index.php\\\/en\\\/welcome\\\/klp47p-fire-line-to-the-alarm-line-converter\\\/#breadcrumb\",\"itemListElement\":[{\"@type\":\"ListItem\",\"position\":1,\"name\":\"Strona g\u0142\u00f3wna\",\"item\":\"https:\\\/\\\/lep.pl\\\/\"},{\"@type\":\"ListItem\",\"position\":2,\"name\":\"Welcome\",\"item\":\"https:\\\/\\\/lep.pl\\\/index.php\\\/en\\\/welcome\\\/\"},{\"@type\":\"ListItem\",\"position\":3,\"name\":\"KLP47P fire line to the alarm line converter\"}]},{\"@type\":\"WebSite\",\"@id\":\"https:\\\/\\\/lep.pl\\\/#website\",\"url\":\"https:\\\/\\\/lep.pl\\\/\",\"name\":\"LEP\",\"description\":\"- centrale PPO\u017b, czujniki dymu i zasilacze\",\"publisher\":{\"@id\":\"https:\\\/\\\/lep.pl\\\/#organization\"},\"potentialAction\":[{\"@type\":\"SearchAction\",\"target\":{\"@type\":\"EntryPoint\",\"urlTemplate\":\"https:\\\/\\\/lep.pl\\\/?s={search_term_string}\"},\"query-input\":{\"@type\":\"PropertyValueSpecification\",\"valueRequired\":true,\"valueName\":\"search_term_string\"}}],\"inLanguage\":\"pl-PL\"},{\"@type\":\"Organization\",\"@id\":\"https:\\\/\\\/lep.pl\\\/#organization\",\"name\":\"Lep\",\"url\":\"https:\\\/\\\/lep.pl\\\/\",\"logo\":{\"@type\":\"ImageObject\",\"inLanguage\":\"pl-PL\",\"@id\":\"https:\\\/\\\/lep.pl\\\/#\\\/schema\\\/logo\\\/image\\\/\",\"url\":\"https:\\\/\\\/lep.pl\\\/wp-content\\\/uploads\\\/2017\\\/04\\\/logo@1x.png\",\"contentUrl\":\"https:\\\/\\\/lep.pl\\\/wp-content\\\/uploads\\\/2017\\\/04\\\/logo@1x.png\",\"width\":400,\"height\":54,\"caption\":\"Lep\"},\"image\":{\"@id\":\"https:\\\/\\\/lep.pl\\\/#\\\/schema\\\/logo\\\/image\\\/\"}}]}<\/script>\n<!-- \/ Yoast SEO plugin. -->","yoast_head_json":{"title":"Konwerter linii po\u017carowej KLP47P | LEP - producent elektroniki ppo\u017c","description":"Konwerter linii po\u017carowej KLP47P umo\u017cliwia pod\u0142\u0105czenie konwencjonalnej, dwuprzewodowej linii po\u017carowej do linii alarmowej centralki w\u0142amaniowej.","robots":{"index":"index","follow":"follow","max-snippet":"max-snippet:-1","max-image-preview":"max-image-preview:large","max-video-preview":"max-video-preview:-1"},"canonical":"https:\/\/lep.pl\/index.php\/en\/welcome\/klp47p-fire-line-to-the-alarm-line-converter\/","og_locale":"pl_PL","og_type":"article","og_title":"Konwerter linii po\u017carowej KLP47P | LEP - producent elektroniki ppo\u017c","og_description":"Konwerter linii po\u017carowej KLP47P umo\u017cliwia pod\u0142\u0105czenie konwencjonalnej, dwuprzewodowej linii po\u017carowej do linii alarmowej centralki w\u0142amaniowej.","og_url":"https:\/\/lep.pl\/index.php\/en\/welcome\/klp47p-fire-line-to-the-alarm-line-converter\/","og_site_name":"LEP","article_modified_time":"2023-01-11T12:31:32+00:00","og_image":[{"url":"http:\/\/lep.pl\/wp-content\/uploads\/2017\/01\/ic_done.png","type":"","width":"","height":""}],"twitter_card":"summary_large_image","twitter_misc":{"Szacowany czas czytania":"4 minuty"},"schema":{"@context":"https:\/\/schema.org","@graph":[{"@type":"WebPage","@id":"https:\/\/lep.pl\/index.php\/en\/welcome\/klp47p-fire-line-to-the-alarm-line-converter\/","url":"https:\/\/lep.pl\/index.php\/en\/welcome\/klp47p-fire-line-to-the-alarm-line-converter\/","name":"Konwerter linii po\u017carowej KLP47P | LEP - producent elektroniki ppo\u017c","isPartOf":{"@id":"https:\/\/lep.pl\/#website"},"primaryImageOfPage":{"@id":"https:\/\/lep.pl\/index.php\/en\/welcome\/klp47p-fire-line-to-the-alarm-line-converter\/#primaryimage"},"image":{"@id":"https:\/\/lep.pl\/index.php\/en\/welcome\/klp47p-fire-line-to-the-alarm-line-converter\/#primaryimage"},"thumbnailUrl":"http:\/\/lep.pl\/wp-content\/uploads\/2017\/01\/ic_done.png","datePublished":"2023-01-10T12:45:57+00:00","dateModified":"2023-01-11T12:31:32+00:00","description":"Konwerter linii po\u017carowej KLP47P umo\u017cliwia pod\u0142\u0105czenie konwencjonalnej, dwuprzewodowej linii po\u017carowej do linii alarmowej centralki w\u0142amaniowej.","breadcrumb":{"@id":"https:\/\/lep.pl\/index.php\/en\/welcome\/klp47p-fire-line-to-the-alarm-line-converter\/#breadcrumb"},"inLanguage":"pl-PL","potentialAction":[{"@type":"ReadAction","target":["https:\/\/lep.pl\/index.php\/en\/welcome\/klp47p-fire-line-to-the-alarm-line-converter\/"]}]},{"@type":"ImageObject","inLanguage":"pl-PL","@id":"https:\/\/lep.pl\/index.php\/en\/welcome\/klp47p-fire-line-to-the-alarm-line-converter\/#primaryimage","url":"http:\/\/lep.pl\/wp-content\/uploads\/2017\/01\/ic_done.png","contentUrl":"http:\/\/lep.pl\/wp-content\/uploads\/2017\/01\/ic_done.png"},{"@type":"BreadcrumbList","@id":"https:\/\/lep.pl\/index.php\/en\/welcome\/klp47p-fire-line-to-the-alarm-line-converter\/#breadcrumb","itemListElement":[{"@type":"ListItem","position":1,"name":"Strona g\u0142\u00f3wna","item":"https:\/\/lep.pl\/"},{"@type":"ListItem","position":2,"name":"Welcome","item":"https:\/\/lep.pl\/index.php\/en\/welcome\/"},{"@type":"ListItem","position":3,"name":"KLP47P fire line to the alarm line converter"}]},{"@type":"WebSite","@id":"https:\/\/lep.pl\/#website","url":"https:\/\/lep.pl\/","name":"LEP","description":"- centrale PPO\u017b, czujniki dymu i zasilacze","publisher":{"@id":"https:\/\/lep.pl\/#organization"},"potentialAction":[{"@type":"SearchAction","target":{"@type":"EntryPoint","urlTemplate":"https:\/\/lep.pl\/?s={search_term_string}"},"query-input":{"@type":"PropertyValueSpecification","valueRequired":true,"valueName":"search_term_string"}}],"inLanguage":"pl-PL"},{"@type":"Organization","@id":"https:\/\/lep.pl\/#organization","name":"Lep","url":"https:\/\/lep.pl\/","logo":{"@type":"ImageObject","inLanguage":"pl-PL","@id":"https:\/\/lep.pl\/#\/schema\/logo\/image\/","url":"https:\/\/lep.pl\/wp-content\/uploads\/2017\/04\/logo@1x.png","contentUrl":"https:\/\/lep.pl\/wp-content\/uploads\/2017\/04\/logo@1x.png","width":400,"height":54,"caption":"Lep"},"image":{"@id":"https:\/\/lep.pl\/#\/schema\/logo\/image\/"}}]}},"_links":{"self":[{"href":"https:\/\/lep.pl\/index.php\/wp-json\/wp\/v2\/pages\/3364","targetHints":{"allow":["GET"]}}],"collection":[{"href":"https:\/\/lep.pl\/index.php\/wp-json\/wp\/v2\/pages"}],"about":[{"href":"https:\/\/lep.pl\/index.php\/wp-json\/wp\/v2\/types\/page"}],"author":[{"embeddable":true,"href":"https:\/\/lep.pl\/index.php\/wp-json\/wp\/v2\/users\/5"}],"replies":[{"embeddable":true,"href":"https:\/\/lep.pl\/index.php\/wp-json\/wp\/v2\/comments?post=3364"}],"version-history":[{"count":4,"href":"https:\/\/lep.pl\/index.php\/wp-json\/wp\/v2\/pages\/3364\/revisions"}],"predecessor-version":[{"id":3376,"href":"https:\/\/lep.pl\/index.php\/wp-json\/wp\/v2\/pages\/3364\/revisions\/3376"}],"up":[{"embeddable":true,"href":"https:\/\/lep.pl\/index.php\/wp-json\/wp\/v2\/pages\/3129"}],"wp:attachment":[{"href":"https:\/\/lep.pl\/index.php\/wp-json\/wp\/v2\/media?parent=3364"}],"curies":[{"name":"wp","href":"https:\/\/api.w.org\/{rel}","templated":true}]}}