{"id":3352,"date":"2023-01-10T10:50:34","date_gmt":"2023-01-10T10:50:34","guid":{"rendered":"https:\/\/lep.pl\/?page_id=3352"},"modified":"2023-01-10T11:06:53","modified_gmt":"2023-01-10T11:06:53","slug":"mcu42-usb-communication-module","status":"publish","type":"page","link":"https:\/\/lep.pl\/index.php\/en\/welcome\/mcu42-usb-communication-module\/","title":{"rendered":"MCU42 USB communication module"},"content":{"rendered":"<div class=\"wpb-content-wrapper\"><p>[vc_row css=&#8221;.vc_custom_1552478981589{background-position: center !important;background-repeat: no-repeat !important;background-size: cover !important;}&#8221;][vc_column][vc_row_inner css=&#8221;.vc_custom_1552478988234{padding-top: 3% !important;padding-right: 12% !important;padding-left: 12% !important;}&#8221;][vc_column_inner width=&#8221;1\/2&#8243;][vc_column_text]<\/p>\n<h1><strong>MCU42<\/strong>USB communication module<\/h1>\n<p>[\/vc_column_text][\/vc_column_inner][vc_column_inner width=&#8221;1\/4&#8243;][vc_single_image image=&#8221;918&#8243; img_size=&#8221;large&#8221; alignment=&#8221;center&#8221; onclick=&#8221;link_image&#8221; title=&#8221;MCU42&#8243; el_class=&#8221;image_text&#8221;][\/vc_column_inner][vc_column_inner width=&#8221;1\/4&#8243;][vc_single_image image=&#8221;919&#8243; img_size=&#8221;large&#8221; alignment=&#8221;center&#8221; onclick=&#8221;link_image&#8221; title=&#8221;MCU42&#8243; el_class=&#8221;image_text&#8221;][\/vc_column_inner][\/vc_row_inner][vc_row_inner css=&#8221;.vc_custom_1485607271454{padding-right: 12% !important;padding-left: 12% !important;}&#8221;][vc_column_inner][vc_toggle title=&#8221;Product description (expand\/collapse)&#8221; style=&#8221;simple&#8221; color=&#8221;green&#8221; size=&#8221;lg&#8221; el_id=&#8221;1552479083894-0855f12b-62d7&#8243;]<span style=\"font-size: 14pt;\">The MCU42 USB communication module is a device that enables communication between a PC with the AFS42 program installed and the AFS42 fire control panel. Thus, it enables configuring the control panel, reading events and printing reports from the computer program. The MCU42 is automatically found by the AFS42 program and does not require drivers to function properly.<\/span><br \/>\n<span style=\"font-size: 14pt;\">The MCU42 module is supplied with the AFS42 control panel.<\/span>[\/vc_toggle][vc_toggle title=&#8221;The principle of operation(rozwi\u0144\/zwi\u0144)&#8221; style=&#8221;simple&#8221; color=&#8221;green&#8221; size=&#8221;lg&#8221; el_id=&#8221;1552479114904-86d331db-94a0&#8243;]<span style=\"font-size: 14pt;\">The device works automatically and does not require any action on the part of the user. The operation of MCU42 comes down to the conversion of data sent from the AFS42 program via the USB interface into the form of data in the form of RS485 interface signals and conversion in the opposite direction, i.e. conversion of RS485 interface signals into data in the USB protocol. The MCU42 is powered directly from the USB port and does not require any additional power supply. The correct operation of the device is signaled by the blinking of the LED indicator.<\/span><\/p>\n<p><span style=\"font-size: 14pt;\">The AFS42 control panel provides galvanic isolation of the RS485 connector, thanks to which the MCU42 (USB) module is separated.<\/span><\/p>\n<p><span style=\"font-size: 14pt;\">Before connecting to the control panel, allow work with the MCU42 in the control panel settings by going from the main menu to the SETTINGS\\MMX POSSIBLE menu and selecting the setting IN SYSTEM to YES for one of the given MMX modules.<\/span><\/p>\n<p><span style=\"font-size: 14pt;\">The MCU42 module, apart from configuring the control panel, also enables downloading (and printing) of events and remote operation with the control panel (sending the LCD screen and buttons) from the computer.<\/span>[\/vc_toggle][vc_toggle title=&#8221;Technical data (expand\/collapse)&#8221; style=&#8221;simple&#8221; color=&#8221;green&#8221; size=&#8221;lg&#8221; el_id=&#8221;1552479142718-cccc9209-a7b6&#8243;]<\/p>\n<table border=\"0\">\n<tbody>\n<tr>\n<td><span style=\"font-size: 14pt;\">Supply voltage<\/span><\/td>\n<td align=\"right\"><span style=\"font-size: 14pt;\">5V DC (from USB port)<\/span><\/td>\n<\/tr>\n<tr>\n<td><span style=\"font-size: 14pt;\">Power consumption<\/span><\/td>\n<td align=\"right\"><span style=\"font-size: 14pt;\">40mA<\/span><\/td>\n<\/tr>\n<tr>\n<td><span style=\"font-size: 14pt;\">Working temperature<\/span><\/td>\n<td align=\"right\"><span style=\"font-size: 14pt;\">0\u00b0C to +40\u00b0C<\/span><\/td>\n<\/tr>\n<tr>\n<td><span style=\"font-size: 14pt;\">Relative humidity<\/span><\/td>\n<td align=\"right\"><span style=\"font-size: 14pt;\">to 80% at 40\u00b0C<\/span><\/td>\n<\/tr>\n<tr>\n<td><span style=\"font-size: 14pt;\">Case<\/span><\/td>\n<td align=\"right\"><span style=\"font-size: 14pt;\">plastic<\/span><\/td>\n<\/tr>\n<tr>\n<td><span style=\"font-size: 14pt;\">Dimentions<\/span><\/td>\n<td align=\"right\"><span style=\"font-size: 14pt;\">56 x 47 x 27 mm<\/span><\/td>\n<\/tr>\n<tr>\n<td><span style=\"font-size: 14pt;\">Weight with wires<\/span><\/td>\n<td align=\"right\"><span style=\"font-size: 14pt;\">100g \u00b1 5g<\/span><\/td>\n<\/tr>\n<\/tbody>\n<\/table>\n<p>[\/vc_toggle][vc_toggle title=&#8221;Files and documents (expand\/collapse)&#8221; style=&#8221;simple&#8221; color=&#8221;green&#8221; size=&#8221;lg&#8221; el_id=&#8221;1552479162168-6a25881a-9979&#8243;]<\/p>\n<ol>\n<li><span style=\"font-size: 14pt;\"><img decoding=\"async\" src=\"https:\/\/lep.pl\/wp-content\/uploads\/2017\/01\/ic_done.png\" width=\"20\" height=\"20\" \/> <a href=\"https:\/\/lep.pl\/files\/file\/PL\/IO\/42-mcu42-iot-150505.pdf\">MCU42 Modu\u0142 komunikacyjny USB do AFS42 &#8211; instrukcja obs\u0142ugi, informacja techniczna<\/a><\/span><\/li>\n<li><span style=\"font-size: 14pt;\"><img decoding=\"async\" src=\"https:\/\/lep.pl\/wp-content\/uploads\/2017\/01\/ic_done.png\" width=\"20\" height=\"20\" \/> <a href=\"https:\/\/lep.pl\/files\/file\/PL\/KK\/42-mcu42-kk-150423.pdf\">MCU42 Modu\u0142 komunikacyjny USB do AFS42 &#8211; karta katalogowa<\/a><\/span><\/li>\n<\/ol>\n<p>[\/vc_toggle][\/vc_column_inner][\/vc_row_inner][\/vc_column][\/vc_row][vc_row content_placement=&#8221;top&#8221; css=&#8221;.vc_custom_1552479211137{background-position: center !important;background-repeat: no-repeat !important;background-size: cover !important;}&#8221;][vc_column][vc_row_inner css=&#8221;.vc_custom_1552479412683{padding-right: 12% !important;padding-left: 12% !important;}&#8221;][vc_column_inner width=&#8221;1\/4&#8243;][vc_column_text]<a href=\"mailto:biuro@lep.pl\">biuro@lep.pl<\/a>[\/vc_column_text][\/vc_column_inner][vc_column_inner width=&#8221;1\/4&#8243;][vc_column_text](32) 754 54 54<br \/>\n(32) 754 54 55[\/vc_column_text][\/vc_column_inner][vc_column_inner width=&#8221;1\/4&#8243;][vc_column_text]<a href=\"https:\/\/goo.gl\/maps\/2HeA81byii52\" target=\"_blank\" rel=\"noopener noreferrer\">Wsp\u00f3lna 9, <\/a><a href=\"https:\/\/goo.gl\/maps\/2HeA81byii52\">32-300, Olkusz<br \/>\n<\/a>NIP: 637-010-87-21[\/vc_column_text][\/vc_column_inner][vc_column_inner width=&#8221;1\/4&#8243;][\/vc_column_inner][\/vc_row_inner][\/vc_column][\/vc_row]<\/p>\n<\/div>","protected":false},"excerpt":{"rendered":"<p>[vc_row css=&#8221;.vc_custom_1552478981589{background-position: center !important;background-repeat: no-repeat !important;background-size: cover !important;}&#8221;][vc_column][vc_row_inner css=&#8221;.vc_custom_1552478988234{padding-top: 3% !important;padding-right: 12% !important;padding-left: 12% !important;}&#8221;][vc_column_inner width=&#8221;1\/2&#8243;][vc_column_text] MCU42USB communication module [\/vc_column_text][\/vc_column_inner][vc_column_inner width=&#8221;1\/4&#8243;][vc_single_image image=&#8221;918&#8243; img_size=&#8221;large&#8221; alignment=&#8221;center&#8221; onclick=&#8221;link_image&#8221; title=&#8221;MCU42&#8243; el_class=&#8221;image_text&#8221;][\/vc_column_inner][vc_column_inner width=&#8221;1\/4&#8243;][vc_single_image image=&#8221;919&#8243; img_size=&#8221;large&#8221; alignment=&#8221;center&#8221; onclick=&#8221;link_image&#8221; title=&#8221;MCU42&#8243; el_class=&#8221;image_text&#8221;][\/vc_column_inner][\/vc_row_inner][vc_row_inner css=&#8221;.vc_custom_1485607271454{padding-right: 12% !important;padding-left: 12% !important;}&#8221;][vc_column_inner][vc_toggle title=&#8221;Product description (expand\/collapse)&#8221; style=&#8221;simple&#8221; color=&#8221;green&#8221; size=&#8221;lg&#8221; el_id=&#8221;1552479083894-0855f12b-62d7&#8243;]The MCU42 USB communication module is a device that enables [&hellip;]<\/p>\n","protected":false},"author":5,"featured_media":0,"parent":3129,"menu_order":0,"comment_status":"closed","ping_status":"closed","template":"page-full-width.php","meta":{"footnotes":""},"class_list":["post-3352","page","type-page","status-publish","hentry"],"yoast_head":"<!-- This site is optimized with the Yoast SEO plugin v27.3 - https:\/\/yoast.com\/product\/yoast-seo-wordpress\/ -->\n<title>modu\u0142 komunikacji USB MCU42 | LEP - producent elektroniki ppo\u017c<\/title>\n<meta name=\"description\" content=\"Modu\u0142 komunikacji USB MCU42 jest urz\u0105dzeniem umo\u017cliwiaj\u0105cym komunikacj\u0119 pomi\u0119dzy komputerem PC z zainstalowanym programem AFS42 a central\u0105 ppo\u017c AFS42.\" \/>\n<meta name=\"robots\" content=\"index, follow, max-snippet:-1, max-image-preview:large, max-video-preview:-1\" \/>\n<link rel=\"canonical\" href=\"https:\/\/lep.pl\/index.php\/en\/welcome\/mcu42-usb-communication-module\/\" \/>\n<meta property=\"og:locale\" content=\"pl_PL\" \/>\n<meta property=\"og:type\" content=\"article\" \/>\n<meta property=\"og:title\" content=\"modu\u0142 komunikacji USB MCU42 | LEP - producent elektroniki ppo\u017c\" \/>\n<meta property=\"og:description\" content=\"Modu\u0142 komunikacji USB MCU42 jest urz\u0105dzeniem umo\u017cliwiaj\u0105cym komunikacj\u0119 pomi\u0119dzy komputerem PC z zainstalowanym programem AFS42 a central\u0105 ppo\u017c AFS42.\" \/>\n<meta property=\"og:url\" content=\"https:\/\/lep.pl\/index.php\/en\/welcome\/mcu42-usb-communication-module\/\" \/>\n<meta property=\"og:site_name\" content=\"LEP\" \/>\n<meta property=\"article:modified_time\" content=\"2023-01-10T11:06:53+00:00\" \/>\n<meta property=\"og:image\" content=\"http:\/\/lep.pl\/wp-content\/uploads\/2017\/01\/ic_done.png\" \/>\n<meta name=\"twitter:card\" content=\"summary_large_image\" \/>\n<meta name=\"twitter:label1\" content=\"Szacowany czas czytania\" \/>\n\t<meta name=\"twitter:data1\" content=\"3 minuty\" \/>\n<script type=\"application\/ld+json\" class=\"yoast-schema-graph\">{\"@context\":\"https:\\\/\\\/schema.org\",\"@graph\":[{\"@type\":\"WebPage\",\"@id\":\"https:\\\/\\\/lep.pl\\\/index.php\\\/en\\\/welcome\\\/mcu42-usb-communication-module\\\/\",\"url\":\"https:\\\/\\\/lep.pl\\\/index.php\\\/en\\\/welcome\\\/mcu42-usb-communication-module\\\/\",\"name\":\"modu\u0142 komunikacji USB MCU42 | LEP - producent elektroniki ppo\u017c\",\"isPartOf\":{\"@id\":\"https:\\\/\\\/lep.pl\\\/#website\"},\"primaryImageOfPage\":{\"@id\":\"https:\\\/\\\/lep.pl\\\/index.php\\\/en\\\/welcome\\\/mcu42-usb-communication-module\\\/#primaryimage\"},\"image\":{\"@id\":\"https:\\\/\\\/lep.pl\\\/index.php\\\/en\\\/welcome\\\/mcu42-usb-communication-module\\\/#primaryimage\"},\"thumbnailUrl\":\"http:\\\/\\\/lep.pl\\\/wp-content\\\/uploads\\\/2017\\\/01\\\/ic_done.png\",\"datePublished\":\"2023-01-10T10:50:34+00:00\",\"dateModified\":\"2023-01-10T11:06:53+00:00\",\"description\":\"Modu\u0142 komunikacji USB MCU42 jest urz\u0105dzeniem umo\u017cliwiaj\u0105cym komunikacj\u0119 pomi\u0119dzy komputerem PC z zainstalowanym programem AFS42 a central\u0105 ppo\u017c AFS42.\",\"breadcrumb\":{\"@id\":\"https:\\\/\\\/lep.pl\\\/index.php\\\/en\\\/welcome\\\/mcu42-usb-communication-module\\\/#breadcrumb\"},\"inLanguage\":\"pl-PL\",\"potentialAction\":[{\"@type\":\"ReadAction\",\"target\":[\"https:\\\/\\\/lep.pl\\\/index.php\\\/en\\\/welcome\\\/mcu42-usb-communication-module\\\/\"]}]},{\"@type\":\"ImageObject\",\"inLanguage\":\"pl-PL\",\"@id\":\"https:\\\/\\\/lep.pl\\\/index.php\\\/en\\\/welcome\\\/mcu42-usb-communication-module\\\/#primaryimage\",\"url\":\"http:\\\/\\\/lep.pl\\\/wp-content\\\/uploads\\\/2017\\\/01\\\/ic_done.png\",\"contentUrl\":\"http:\\\/\\\/lep.pl\\\/wp-content\\\/uploads\\\/2017\\\/01\\\/ic_done.png\"},{\"@type\":\"BreadcrumbList\",\"@id\":\"https:\\\/\\\/lep.pl\\\/index.php\\\/en\\\/welcome\\\/mcu42-usb-communication-module\\\/#breadcrumb\",\"itemListElement\":[{\"@type\":\"ListItem\",\"position\":1,\"name\":\"Strona g\u0142\u00f3wna\",\"item\":\"https:\\\/\\\/lep.pl\\\/\"},{\"@type\":\"ListItem\",\"position\":2,\"name\":\"Welcome\",\"item\":\"https:\\\/\\\/lep.pl\\\/index.php\\\/en\\\/welcome\\\/\"},{\"@type\":\"ListItem\",\"position\":3,\"name\":\"MCU42 USB communication module\"}]},{\"@type\":\"WebSite\",\"@id\":\"https:\\\/\\\/lep.pl\\\/#website\",\"url\":\"https:\\\/\\\/lep.pl\\\/\",\"name\":\"LEP\",\"description\":\"- centrale PPO\u017b, czujniki dymu i zasilacze\",\"publisher\":{\"@id\":\"https:\\\/\\\/lep.pl\\\/#organization\"},\"potentialAction\":[{\"@type\":\"SearchAction\",\"target\":{\"@type\":\"EntryPoint\",\"urlTemplate\":\"https:\\\/\\\/lep.pl\\\/?s={search_term_string}\"},\"query-input\":{\"@type\":\"PropertyValueSpecification\",\"valueRequired\":true,\"valueName\":\"search_term_string\"}}],\"inLanguage\":\"pl-PL\"},{\"@type\":\"Organization\",\"@id\":\"https:\\\/\\\/lep.pl\\\/#organization\",\"name\":\"Lep\",\"url\":\"https:\\\/\\\/lep.pl\\\/\",\"logo\":{\"@type\":\"ImageObject\",\"inLanguage\":\"pl-PL\",\"@id\":\"https:\\\/\\\/lep.pl\\\/#\\\/schema\\\/logo\\\/image\\\/\",\"url\":\"https:\\\/\\\/lep.pl\\\/wp-content\\\/uploads\\\/2017\\\/04\\\/logo@1x.png\",\"contentUrl\":\"https:\\\/\\\/lep.pl\\\/wp-content\\\/uploads\\\/2017\\\/04\\\/logo@1x.png\",\"width\":400,\"height\":54,\"caption\":\"Lep\"},\"image\":{\"@id\":\"https:\\\/\\\/lep.pl\\\/#\\\/schema\\\/logo\\\/image\\\/\"}}]}<\/script>\n<!-- \/ Yoast SEO plugin. -->","yoast_head_json":{"title":"modu\u0142 komunikacji USB MCU42 | LEP - producent elektroniki ppo\u017c","description":"Modu\u0142 komunikacji USB MCU42 jest urz\u0105dzeniem umo\u017cliwiaj\u0105cym komunikacj\u0119 pomi\u0119dzy komputerem PC z zainstalowanym programem AFS42 a central\u0105 ppo\u017c AFS42.","robots":{"index":"index","follow":"follow","max-snippet":"max-snippet:-1","max-image-preview":"max-image-preview:large","max-video-preview":"max-video-preview:-1"},"canonical":"https:\/\/lep.pl\/index.php\/en\/welcome\/mcu42-usb-communication-module\/","og_locale":"pl_PL","og_type":"article","og_title":"modu\u0142 komunikacji USB MCU42 | LEP - producent elektroniki ppo\u017c","og_description":"Modu\u0142 komunikacji USB MCU42 jest urz\u0105dzeniem umo\u017cliwiaj\u0105cym komunikacj\u0119 pomi\u0119dzy komputerem PC z zainstalowanym programem AFS42 a central\u0105 ppo\u017c AFS42.","og_url":"https:\/\/lep.pl\/index.php\/en\/welcome\/mcu42-usb-communication-module\/","og_site_name":"LEP","article_modified_time":"2023-01-10T11:06:53+00:00","og_image":[{"url":"http:\/\/lep.pl\/wp-content\/uploads\/2017\/01\/ic_done.png","type":"","width":"","height":""}],"twitter_card":"summary_large_image","twitter_misc":{"Szacowany czas czytania":"3 minuty"},"schema":{"@context":"https:\/\/schema.org","@graph":[{"@type":"WebPage","@id":"https:\/\/lep.pl\/index.php\/en\/welcome\/mcu42-usb-communication-module\/","url":"https:\/\/lep.pl\/index.php\/en\/welcome\/mcu42-usb-communication-module\/","name":"modu\u0142 komunikacji USB MCU42 | LEP - producent elektroniki ppo\u017c","isPartOf":{"@id":"https:\/\/lep.pl\/#website"},"primaryImageOfPage":{"@id":"https:\/\/lep.pl\/index.php\/en\/welcome\/mcu42-usb-communication-module\/#primaryimage"},"image":{"@id":"https:\/\/lep.pl\/index.php\/en\/welcome\/mcu42-usb-communication-module\/#primaryimage"},"thumbnailUrl":"http:\/\/lep.pl\/wp-content\/uploads\/2017\/01\/ic_done.png","datePublished":"2023-01-10T10:50:34+00:00","dateModified":"2023-01-10T11:06:53+00:00","description":"Modu\u0142 komunikacji USB MCU42 jest urz\u0105dzeniem umo\u017cliwiaj\u0105cym komunikacj\u0119 pomi\u0119dzy komputerem PC z zainstalowanym programem AFS42 a central\u0105 ppo\u017c AFS42.","breadcrumb":{"@id":"https:\/\/lep.pl\/index.php\/en\/welcome\/mcu42-usb-communication-module\/#breadcrumb"},"inLanguage":"pl-PL","potentialAction":[{"@type":"ReadAction","target":["https:\/\/lep.pl\/index.php\/en\/welcome\/mcu42-usb-communication-module\/"]}]},{"@type":"ImageObject","inLanguage":"pl-PL","@id":"https:\/\/lep.pl\/index.php\/en\/welcome\/mcu42-usb-communication-module\/#primaryimage","url":"http:\/\/lep.pl\/wp-content\/uploads\/2017\/01\/ic_done.png","contentUrl":"http:\/\/lep.pl\/wp-content\/uploads\/2017\/01\/ic_done.png"},{"@type":"BreadcrumbList","@id":"https:\/\/lep.pl\/index.php\/en\/welcome\/mcu42-usb-communication-module\/#breadcrumb","itemListElement":[{"@type":"ListItem","position":1,"name":"Strona g\u0142\u00f3wna","item":"https:\/\/lep.pl\/"},{"@type":"ListItem","position":2,"name":"Welcome","item":"https:\/\/lep.pl\/index.php\/en\/welcome\/"},{"@type":"ListItem","position":3,"name":"MCU42 USB communication module"}]},{"@type":"WebSite","@id":"https:\/\/lep.pl\/#website","url":"https:\/\/lep.pl\/","name":"LEP","description":"- centrale PPO\u017b, czujniki dymu i zasilacze","publisher":{"@id":"https:\/\/lep.pl\/#organization"},"potentialAction":[{"@type":"SearchAction","target":{"@type":"EntryPoint","urlTemplate":"https:\/\/lep.pl\/?s={search_term_string}"},"query-input":{"@type":"PropertyValueSpecification","valueRequired":true,"valueName":"search_term_string"}}],"inLanguage":"pl-PL"},{"@type":"Organization","@id":"https:\/\/lep.pl\/#organization","name":"Lep","url":"https:\/\/lep.pl\/","logo":{"@type":"ImageObject","inLanguage":"pl-PL","@id":"https:\/\/lep.pl\/#\/schema\/logo\/image\/","url":"https:\/\/lep.pl\/wp-content\/uploads\/2017\/04\/logo@1x.png","contentUrl":"https:\/\/lep.pl\/wp-content\/uploads\/2017\/04\/logo@1x.png","width":400,"height":54,"caption":"Lep"},"image":{"@id":"https:\/\/lep.pl\/#\/schema\/logo\/image\/"}}]}},"_links":{"self":[{"href":"https:\/\/lep.pl\/index.php\/wp-json\/wp\/v2\/pages\/3352","targetHints":{"allow":["GET"]}}],"collection":[{"href":"https:\/\/lep.pl\/index.php\/wp-json\/wp\/v2\/pages"}],"about":[{"href":"https:\/\/lep.pl\/index.php\/wp-json\/wp\/v2\/types\/page"}],"author":[{"embeddable":true,"href":"https:\/\/lep.pl\/index.php\/wp-json\/wp\/v2\/users\/5"}],"replies":[{"embeddable":true,"href":"https:\/\/lep.pl\/index.php\/wp-json\/wp\/v2\/comments?post=3352"}],"version-history":[{"count":3,"href":"https:\/\/lep.pl\/index.php\/wp-json\/wp\/v2\/pages\/3352\/revisions"}],"predecessor-version":[{"id":3357,"href":"https:\/\/lep.pl\/index.php\/wp-json\/wp\/v2\/pages\/3352\/revisions\/3357"}],"up":[{"embeddable":true,"href":"https:\/\/lep.pl\/index.php\/wp-json\/wp\/v2\/pages\/3129"}],"wp:attachment":[{"href":"https:\/\/lep.pl\/index.php\/wp-json\/wp\/v2\/media?parent=3352"}],"curies":[{"name":"wp","href":"https:\/\/api.w.org\/{rel}","templated":true}]}}