{"id":3342,"date":"2023-01-05T11:14:16","date_gmt":"2023-01-05T11:14:16","guid":{"rendered":"https:\/\/lep.pl\/?page_id=3342"},"modified":"2023-01-09T10:07:42","modified_gmt":"2023-01-09T10:07:42","slug":"mts42-synoptic-board-module","status":"publish","type":"page","link":"https:\/\/lep.pl\/index.php\/en\/welcome\/mts42-synoptic-board-module\/","title":{"rendered":"MTS42 synoptic board module"},"content":{"rendered":"<div class=\"wpb-content-wrapper\"><p>[vc_row css=&#8221;.vc_custom_1552479564419{background-position: center !important;background-repeat: no-repeat !important;background-size: cover !important;}&#8221;][vc_column][vc_row_inner css=&#8221;.vc_custom_1552479569143{padding-top: 3% !important;padding-right: 12% !important;padding-left: 12% !important;}&#8221;][vc_column_inner width=&#8221;1\/2&#8243;][vc_column_text]<\/p>\n<h1><strong>MTS42<\/strong><br \/>\nsynoptic board module<\/h1>\n<p>[\/vc_column_text][\/vc_column_inner][vc_column_inner width=&#8221;1\/4&#8243;][vc_single_image image=&#8221;2962&#8243; img_size=&#8221;large&#8221; alignment=&#8221;center&#8221; onclick=&#8221;link_image&#8221; title=&#8221;MTS42&#8243; el_class=&#8221;image_text&#8221;][\/vc_column_inner][vc_column_inner width=&#8221;1\/4&#8243;][vc_single_image image=&#8221;2964&#8243; img_size=&#8221;large&#8221; alignment=&#8221;center&#8221; onclick=&#8221;link_image&#8221; title=&#8221;MTS42&#8243; el_class=&#8221;image_text&#8221;][\/vc_column_inner][\/vc_row_inner][vc_row_inner css=&#8221;.vc_custom_1485607271454{padding-right: 12% !important;padding-left: 12% !important;}&#8221;][vc_column_inner][vc_toggle title=&#8221;Product desription (expand\/collapse)&#8221; style=&#8221;simple&#8221; color=&#8221;green&#8221; size=&#8221;lg&#8221; el_id=&#8221;1552479620239-2d66b80f-5bac&#8221;]<span style=\"font-size: 14pt;\">The MTS42 mimic board controller is designed to support mimic boards or other indicator devices in the AFS42 system. The synoptic board is a device with a group of indicators that can be used to signal the status of individual parts of the AFS42 system (e.g. a board with LEDs with names of rooms). The MTS42 is responsible for processing the information sent by the AFS42 control panel and controlling the outputs to which the indicators are connected.<br \/>\nThe MTS42 distinguishes between three states of the AFS42 system elements (addresses and zones) &#8211; failure, 1st stage alarm and 2nd stage alarm. Additionally, MTS42 is able to signal special states and general troubles of the control panel. <strong>Since the MTS42 is able to control 25 indicators, if you need to build a synoptic board with more indicators, more than one MTS42 module can be installed in the AFS42 system at the same time.<\/strong><\/span>[\/vc_toggle][vc_toggle title=&#8221;The principle of operation (expand\/collapse)&#8221; style=&#8221;simple&#8221; color=&#8221;green&#8221; size=&#8221;lg&#8221; el_id=&#8221;1552479675040-fe75669d-0b07&#8243;]<span style=\"font-size: 14pt;\">The operation of the module boils down to two basic modes: configuration mode and supervision mode.<\/span><br \/>\n<span style=\"font-size: 14pt;\">In the configuration mode, the module is connected to the computer via the USB port. The USB connector provides power and communication with the computer. From the computer level, in a dedicated MTS42 program, the configuration of the module is determined and sent.<\/span><br \/>\n<span style=\"font-size: 14pt;\">In the armed mode, the MTS42 is powered from a dedicated 12V DC power supply and is connected to the RS485 bus of the AFS42 control panel. Thanks to this, it constantly monitors the status of the control panel and, if necessary, activates the appropriate outputs according to the configuration saved in the non-volatile internal FLASH memory.<\/span><br \/>\n<span style=\"font-size: 14pt;\">Module configuration, supported states and precise description of output control (blinking) are described in detail in the module manual.<\/span><\/p>\n<p><span style=\"font-size: 14pt;\"><strong>\u00a0<\/strong><\/span>[\/vc_toggle][vc_toggle title=&#8221;Technical data (expand\/collapse)&#8221; style=&#8221;simple&#8221; color=&#8221;green&#8221; size=&#8221;lg&#8221; el_id=&#8221;1552479651134-435d0a0d-6ed5&#8243;]<\/p>\n<table border=\"0\">\n<tbody>\n<tr>\n<td><span style=\"font-size: 14pt;\">Technical data (expand\/collapse)<\/span><\/td>\n<td align=\"right\"><span style=\"font-size: 14pt;\">5V DV (USB), 12V DC (doz\u00f3r)<\/span><\/td>\n<\/tr>\n<tr>\n<td><span style=\"font-size: 14pt;\">Power consumption<\/span><\/td>\n<td align=\"right\"><span style=\"font-size: 14pt;\">50mA<\/span><\/td>\n<\/tr>\n<tr>\n<td><span style=\"font-size: 14pt;\">Limiting the output currents on terminals 1-25 using resistors<\/span><\/td>\n<td align=\"right\"><span style=\"font-size: 14pt;\">1,2 k ohm &#8211; 10mA 600 ohm &#8211; 20mA 240 ohm &#8211; 50mA 120 ohm &#8211; 100mA<\/span><\/td>\n<\/tr>\n<tr>\n<td><span style=\"font-size: 14pt;\">Total current protection for outputs no. 1-25<\/span><\/td>\n<td align=\"right\"><span style=\"font-size: 14pt;\">500mA<\/span><\/td>\n<\/tr>\n<tr>\n<td><span style=\"font-size: 14pt;\">Working temperature<\/span><\/td>\n<td align=\"right\"><span style=\"font-size: 14pt;\">-20\u00b0C to +40\u00b0C<\/span><\/td>\n<\/tr>\n<tr>\n<td><span style=\"font-size: 14pt;\">Relative humidity<\/span><\/td>\n<td align=\"right\"><span style=\"font-size: 14pt;\">to 80% at 40\u00b0C<\/span><\/td>\n<\/tr>\n<tr>\n<td><span style=\"font-size: 14pt;\">Cage<\/span><\/td>\n<td align=\"right\"><span style=\"font-size: 14pt;\">plastic for DIN rail<\/span><\/td>\n<\/tr>\n<tr>\n<td><span style=\"font-size: 14pt;\">Dimensions<\/span><\/td>\n<td align=\"right\"><span style=\"font-size: 14pt;\">107 x 90x 66 mm<\/span><\/td>\n<\/tr>\n<tr>\n<td><span style=\"font-size: 14pt;\">Weight<\/span><\/td>\n<td align=\"right\"><span style=\"font-size: 14pt;\">100g \u00b1 5g<\/span><\/td>\n<\/tr>\n<\/tbody>\n<\/table>\n<p>[\/vc_toggle][vc_toggle title=&#8221;Files and documents (expand\/collapse)&#8221; style=&#8221;simple&#8221; color=&#8221;green&#8221; size=&#8221;lg&#8221; el_id=&#8221;1552479696008-08015adc-a5fa&#8221;]<span style=\"color: #000000; font-size: 12pt;\"><img decoding=\"async\" src=\"https:\/\/lep.pl\/wp-content\/uploads\/2017\/01\/ic_done.png\" width=\"20\" height=\"20\" \/>\u00a0<\/span><a style=\"font-size: 12pt;\" href=\"https:\/\/lep.pl\/files\/file\/PL\/IO\/42-mts42-iot-120906.pdf\">MTS42 Modu\u0142 tablicy synoptycznej do systemu AFS42 &#8211; instrukcja obs\u0142ugi, informacja techniczna <\/a><\/p>\n<p><span style=\"color: #000000; font-size: 12pt;\"><img decoding=\"async\" src=\"https:\/\/lep.pl\/wp-content\/uploads\/2017\/01\/ic_done.png\" width=\"20\" height=\"20\" \/>\u00a0<\/span><a href=\"https:\/\/lep.pl\/files\/file\/PL\/PR\/mts42_konfigurator_111010.zip\"><span style=\"font-size: 12pt;\">\u00a0MTS 42 v1_5 &#8211; program konfiguracyjny<\/span> <\/a>[\/vc_toggle][\/vc_column_inner][\/vc_row_inner][\/vc_column][\/vc_row][vc_row content_placement=&#8221;top&#8221; css=&#8221;.vc_custom_1552479838769{background-position: center !important;background-repeat: no-repeat !important;background-size: cover !important;}&#8221;][vc_column][vc_row_inner css=&#8221;.vc_custom_1552479763691{padding-right: 12% !important;padding-left: 12% !important;}&#8221;][vc_column_inner width=&#8221;1\/4&#8243;][vc_column_text]<a href=\"mailto:biuro@lep.pl\">biuro@lep.pl<\/a>[\/vc_column_text][\/vc_column_inner][vc_column_inner width=&#8221;1\/4&#8243;][vc_column_text](32) 754 54 54<br \/>\n(32) 754 54 55[\/vc_column_text][\/vc_column_inner][vc_column_inner width=&#8221;1\/4&#8243;][vc_column_text]<a href=\"https:\/\/goo.gl\/maps\/2HeA81byii52\" target=\"_blank\" rel=\"noopener noreferrer\">Wsp\u00f3lna 9, <\/a><a href=\"https:\/\/goo.gl\/maps\/2HeA81byii52\">32-300, Olkusz<br \/>\n<\/a>NIP: 637-010-87-21[\/vc_column_text][\/vc_column_inner][vc_column_inner width=&#8221;1\/4&#8243;][\/vc_column_inner][\/vc_row_inner][\/vc_column][\/vc_row]<\/p>\n<\/div>","protected":false},"excerpt":{"rendered":"<p>[vc_row css=&#8221;.vc_custom_1552479564419{background-position: center !important;background-repeat: no-repeat !important;background-size: cover !important;}&#8221;][vc_column][vc_row_inner css=&#8221;.vc_custom_1552479569143{padding-top: 3% !important;padding-right: 12% !important;padding-left: 12% !important;}&#8221;][vc_column_inner width=&#8221;1\/2&#8243;][vc_column_text] MTS42 synoptic board module [\/vc_column_text][\/vc_column_inner][vc_column_inner width=&#8221;1\/4&#8243;][vc_single_image image=&#8221;2962&#8243; img_size=&#8221;large&#8221; alignment=&#8221;center&#8221; onclick=&#8221;link_image&#8221; title=&#8221;MTS42&#8243; el_class=&#8221;image_text&#8221;][\/vc_column_inner][vc_column_inner width=&#8221;1\/4&#8243;][vc_single_image image=&#8221;2964&#8243; img_size=&#8221;large&#8221; alignment=&#8221;center&#8221; onclick=&#8221;link_image&#8221; title=&#8221;MTS42&#8243; el_class=&#8221;image_text&#8221;][\/vc_column_inner][\/vc_row_inner][vc_row_inner css=&#8221;.vc_custom_1485607271454{padding-right: 12% !important;padding-left: 12% !important;}&#8221;][vc_column_inner][vc_toggle title=&#8221;Product desription (expand\/collapse)&#8221; style=&#8221;simple&#8221; color=&#8221;green&#8221; size=&#8221;lg&#8221; el_id=&#8221;1552479620239-2d66b80f-5bac&#8221;]The MTS42 mimic board controller is designed to support [&hellip;]<\/p>\n","protected":false},"author":5,"featured_media":0,"parent":3129,"menu_order":0,"comment_status":"closed","ping_status":"closed","template":"page-full-width.php","meta":{"footnotes":""},"class_list":["post-3342","page","type-page","status-publish","hentry"],"yoast_head":"<!-- This site is optimized with the Yoast SEO plugin v27.3 - https:\/\/yoast.com\/product\/yoast-seo-wordpress\/ -->\n<title>sterownik tablicy synoptycznej MTS42 | LEP - producent elektroniki ppo\u017c<\/title>\n<meta name=\"description\" content=\"Sterownik tablicy synoptycznej MTS42 jest przeznaczony do obs\u0142ugi tablic synoptycznych lub innych urz\u0105dze\u0144 wska\u017anikowych w systemie AFS42.\" \/>\n<meta name=\"robots\" content=\"index, follow, max-snippet:-1, max-image-preview:large, max-video-preview:-1\" \/>\n<link rel=\"canonical\" href=\"https:\/\/lep.pl\/index.php\/en\/welcome\/mts42-synoptic-board-module\/\" \/>\n<meta property=\"og:locale\" content=\"pl_PL\" \/>\n<meta property=\"og:type\" content=\"article\" \/>\n<meta property=\"og:title\" content=\"sterownik tablicy synoptycznej MTS42 | LEP - producent elektroniki ppo\u017c\" \/>\n<meta property=\"og:description\" content=\"Sterownik tablicy synoptycznej MTS42 jest przeznaczony do obs\u0142ugi tablic synoptycznych lub innych urz\u0105dze\u0144 wska\u017anikowych w systemie AFS42.\" \/>\n<meta property=\"og:url\" content=\"https:\/\/lep.pl\/index.php\/en\/welcome\/mts42-synoptic-board-module\/\" \/>\n<meta property=\"og:site_name\" content=\"LEP\" \/>\n<meta property=\"article:modified_time\" content=\"2023-01-09T10:07:42+00:00\" \/>\n<meta property=\"og:image\" content=\"http:\/\/lep.pl\/wp-content\/uploads\/2017\/01\/ic_done.png\" \/>\n<meta name=\"twitter:card\" content=\"summary_large_image\" \/>\n<meta name=\"twitter:label1\" content=\"Szacowany czas czytania\" \/>\n\t<meta name=\"twitter:data1\" content=\"4 minuty\" \/>\n<script type=\"application\/ld+json\" class=\"yoast-schema-graph\">{\"@context\":\"https:\\\/\\\/schema.org\",\"@graph\":[{\"@type\":\"WebPage\",\"@id\":\"https:\\\/\\\/lep.pl\\\/index.php\\\/en\\\/welcome\\\/mts42-synoptic-board-module\\\/\",\"url\":\"https:\\\/\\\/lep.pl\\\/index.php\\\/en\\\/welcome\\\/mts42-synoptic-board-module\\\/\",\"name\":\"sterownik tablicy synoptycznej MTS42 | LEP - producent elektroniki ppo\u017c\",\"isPartOf\":{\"@id\":\"https:\\\/\\\/lep.pl\\\/#website\"},\"primaryImageOfPage\":{\"@id\":\"https:\\\/\\\/lep.pl\\\/index.php\\\/en\\\/welcome\\\/mts42-synoptic-board-module\\\/#primaryimage\"},\"image\":{\"@id\":\"https:\\\/\\\/lep.pl\\\/index.php\\\/en\\\/welcome\\\/mts42-synoptic-board-module\\\/#primaryimage\"},\"thumbnailUrl\":\"http:\\\/\\\/lep.pl\\\/wp-content\\\/uploads\\\/2017\\\/01\\\/ic_done.png\",\"datePublished\":\"2023-01-05T11:14:16+00:00\",\"dateModified\":\"2023-01-09T10:07:42+00:00\",\"description\":\"Sterownik tablicy synoptycznej MTS42 jest przeznaczony do obs\u0142ugi tablic synoptycznych lub innych urz\u0105dze\u0144 wska\u017anikowych w systemie AFS42.\",\"breadcrumb\":{\"@id\":\"https:\\\/\\\/lep.pl\\\/index.php\\\/en\\\/welcome\\\/mts42-synoptic-board-module\\\/#breadcrumb\"},\"inLanguage\":\"pl-PL\",\"potentialAction\":[{\"@type\":\"ReadAction\",\"target\":[\"https:\\\/\\\/lep.pl\\\/index.php\\\/en\\\/welcome\\\/mts42-synoptic-board-module\\\/\"]}]},{\"@type\":\"ImageObject\",\"inLanguage\":\"pl-PL\",\"@id\":\"https:\\\/\\\/lep.pl\\\/index.php\\\/en\\\/welcome\\\/mts42-synoptic-board-module\\\/#primaryimage\",\"url\":\"http:\\\/\\\/lep.pl\\\/wp-content\\\/uploads\\\/2017\\\/01\\\/ic_done.png\",\"contentUrl\":\"http:\\\/\\\/lep.pl\\\/wp-content\\\/uploads\\\/2017\\\/01\\\/ic_done.png\"},{\"@type\":\"BreadcrumbList\",\"@id\":\"https:\\\/\\\/lep.pl\\\/index.php\\\/en\\\/welcome\\\/mts42-synoptic-board-module\\\/#breadcrumb\",\"itemListElement\":[{\"@type\":\"ListItem\",\"position\":1,\"name\":\"Strona g\u0142\u00f3wna\",\"item\":\"https:\\\/\\\/lep.pl\\\/\"},{\"@type\":\"ListItem\",\"position\":2,\"name\":\"Welcome\",\"item\":\"https:\\\/\\\/lep.pl\\\/index.php\\\/en\\\/welcome\\\/\"},{\"@type\":\"ListItem\",\"position\":3,\"name\":\"MTS42 synoptic board module\"}]},{\"@type\":\"WebSite\",\"@id\":\"https:\\\/\\\/lep.pl\\\/#website\",\"url\":\"https:\\\/\\\/lep.pl\\\/\",\"name\":\"LEP\",\"description\":\"- centrale PPO\u017b, czujniki dymu i zasilacze\",\"publisher\":{\"@id\":\"https:\\\/\\\/lep.pl\\\/#organization\"},\"potentialAction\":[{\"@type\":\"SearchAction\",\"target\":{\"@type\":\"EntryPoint\",\"urlTemplate\":\"https:\\\/\\\/lep.pl\\\/?s={search_term_string}\"},\"query-input\":{\"@type\":\"PropertyValueSpecification\",\"valueRequired\":true,\"valueName\":\"search_term_string\"}}],\"inLanguage\":\"pl-PL\"},{\"@type\":\"Organization\",\"@id\":\"https:\\\/\\\/lep.pl\\\/#organization\",\"name\":\"Lep\",\"url\":\"https:\\\/\\\/lep.pl\\\/\",\"logo\":{\"@type\":\"ImageObject\",\"inLanguage\":\"pl-PL\",\"@id\":\"https:\\\/\\\/lep.pl\\\/#\\\/schema\\\/logo\\\/image\\\/\",\"url\":\"https:\\\/\\\/lep.pl\\\/wp-content\\\/uploads\\\/2017\\\/04\\\/logo@1x.png\",\"contentUrl\":\"https:\\\/\\\/lep.pl\\\/wp-content\\\/uploads\\\/2017\\\/04\\\/logo@1x.png\",\"width\":400,\"height\":54,\"caption\":\"Lep\"},\"image\":{\"@id\":\"https:\\\/\\\/lep.pl\\\/#\\\/schema\\\/logo\\\/image\\\/\"}}]}<\/script>\n<!-- \/ Yoast SEO plugin. -->","yoast_head_json":{"title":"sterownik tablicy synoptycznej MTS42 | LEP - producent elektroniki ppo\u017c","description":"Sterownik tablicy synoptycznej MTS42 jest przeznaczony do obs\u0142ugi tablic synoptycznych lub innych urz\u0105dze\u0144 wska\u017anikowych w systemie AFS42.","robots":{"index":"index","follow":"follow","max-snippet":"max-snippet:-1","max-image-preview":"max-image-preview:large","max-video-preview":"max-video-preview:-1"},"canonical":"https:\/\/lep.pl\/index.php\/en\/welcome\/mts42-synoptic-board-module\/","og_locale":"pl_PL","og_type":"article","og_title":"sterownik tablicy synoptycznej MTS42 | LEP - producent elektroniki ppo\u017c","og_description":"Sterownik tablicy synoptycznej MTS42 jest przeznaczony do obs\u0142ugi tablic synoptycznych lub innych urz\u0105dze\u0144 wska\u017anikowych w systemie AFS42.","og_url":"https:\/\/lep.pl\/index.php\/en\/welcome\/mts42-synoptic-board-module\/","og_site_name":"LEP","article_modified_time":"2023-01-09T10:07:42+00:00","og_image":[{"url":"http:\/\/lep.pl\/wp-content\/uploads\/2017\/01\/ic_done.png","type":"","width":"","height":""}],"twitter_card":"summary_large_image","twitter_misc":{"Szacowany czas czytania":"4 minuty"},"schema":{"@context":"https:\/\/schema.org","@graph":[{"@type":"WebPage","@id":"https:\/\/lep.pl\/index.php\/en\/welcome\/mts42-synoptic-board-module\/","url":"https:\/\/lep.pl\/index.php\/en\/welcome\/mts42-synoptic-board-module\/","name":"sterownik tablicy synoptycznej MTS42 | LEP - producent elektroniki ppo\u017c","isPartOf":{"@id":"https:\/\/lep.pl\/#website"},"primaryImageOfPage":{"@id":"https:\/\/lep.pl\/index.php\/en\/welcome\/mts42-synoptic-board-module\/#primaryimage"},"image":{"@id":"https:\/\/lep.pl\/index.php\/en\/welcome\/mts42-synoptic-board-module\/#primaryimage"},"thumbnailUrl":"http:\/\/lep.pl\/wp-content\/uploads\/2017\/01\/ic_done.png","datePublished":"2023-01-05T11:14:16+00:00","dateModified":"2023-01-09T10:07:42+00:00","description":"Sterownik tablicy synoptycznej MTS42 jest przeznaczony do obs\u0142ugi tablic synoptycznych lub innych urz\u0105dze\u0144 wska\u017anikowych w systemie AFS42.","breadcrumb":{"@id":"https:\/\/lep.pl\/index.php\/en\/welcome\/mts42-synoptic-board-module\/#breadcrumb"},"inLanguage":"pl-PL","potentialAction":[{"@type":"ReadAction","target":["https:\/\/lep.pl\/index.php\/en\/welcome\/mts42-synoptic-board-module\/"]}]},{"@type":"ImageObject","inLanguage":"pl-PL","@id":"https:\/\/lep.pl\/index.php\/en\/welcome\/mts42-synoptic-board-module\/#primaryimage","url":"http:\/\/lep.pl\/wp-content\/uploads\/2017\/01\/ic_done.png","contentUrl":"http:\/\/lep.pl\/wp-content\/uploads\/2017\/01\/ic_done.png"},{"@type":"BreadcrumbList","@id":"https:\/\/lep.pl\/index.php\/en\/welcome\/mts42-synoptic-board-module\/#breadcrumb","itemListElement":[{"@type":"ListItem","position":1,"name":"Strona g\u0142\u00f3wna","item":"https:\/\/lep.pl\/"},{"@type":"ListItem","position":2,"name":"Welcome","item":"https:\/\/lep.pl\/index.php\/en\/welcome\/"},{"@type":"ListItem","position":3,"name":"MTS42 synoptic board module"}]},{"@type":"WebSite","@id":"https:\/\/lep.pl\/#website","url":"https:\/\/lep.pl\/","name":"LEP","description":"- centrale PPO\u017b, czujniki dymu i zasilacze","publisher":{"@id":"https:\/\/lep.pl\/#organization"},"potentialAction":[{"@type":"SearchAction","target":{"@type":"EntryPoint","urlTemplate":"https:\/\/lep.pl\/?s={search_term_string}"},"query-input":{"@type":"PropertyValueSpecification","valueRequired":true,"valueName":"search_term_string"}}],"inLanguage":"pl-PL"},{"@type":"Organization","@id":"https:\/\/lep.pl\/#organization","name":"Lep","url":"https:\/\/lep.pl\/","logo":{"@type":"ImageObject","inLanguage":"pl-PL","@id":"https:\/\/lep.pl\/#\/schema\/logo\/image\/","url":"https:\/\/lep.pl\/wp-content\/uploads\/2017\/04\/logo@1x.png","contentUrl":"https:\/\/lep.pl\/wp-content\/uploads\/2017\/04\/logo@1x.png","width":400,"height":54,"caption":"Lep"},"image":{"@id":"https:\/\/lep.pl\/#\/schema\/logo\/image\/"}}]}},"_links":{"self":[{"href":"https:\/\/lep.pl\/index.php\/wp-json\/wp\/v2\/pages\/3342","targetHints":{"allow":["GET"]}}],"collection":[{"href":"https:\/\/lep.pl\/index.php\/wp-json\/wp\/v2\/pages"}],"about":[{"href":"https:\/\/lep.pl\/index.php\/wp-json\/wp\/v2\/types\/page"}],"author":[{"embeddable":true,"href":"https:\/\/lep.pl\/index.php\/wp-json\/wp\/v2\/users\/5"}],"replies":[{"embeddable":true,"href":"https:\/\/lep.pl\/index.php\/wp-json\/wp\/v2\/comments?post=3342"}],"version-history":[{"count":6,"href":"https:\/\/lep.pl\/index.php\/wp-json\/wp\/v2\/pages\/3342\/revisions"}],"predecessor-version":[{"id":3350,"href":"https:\/\/lep.pl\/index.php\/wp-json\/wp\/v2\/pages\/3342\/revisions\/3350"}],"up":[{"embeddable":true,"href":"https:\/\/lep.pl\/index.php\/wp-json\/wp\/v2\/pages\/3129"}],"wp:attachment":[{"href":"https:\/\/lep.pl\/index.php\/wp-json\/wp\/v2\/media?parent=3342"}],"curies":[{"name":"wp","href":"https:\/\/api.w.org\/{rel}","templated":true}]}}