{"id":3333,"date":"2023-01-05T10:55:55","date_gmt":"2023-01-05T10:55:55","guid":{"rendered":"https:\/\/lep.pl\/?page_id=3333"},"modified":"2023-01-05T11:08:37","modified_gmt":"2023-01-05T11:08:37","slug":"asw45-autonomous-driver-of-executive-devices","status":"publish","type":"page","link":"https:\/\/lep.pl\/index.php\/en\/welcome\/asw45-autonomous-driver-of-executive-devices\/","title":{"rendered":"ASW45 autonomous driver of executive devices"},"content":{"rendered":"<div class=\"wpb-content-wrapper\"><p>[vc_row css=&#8221;.vc_custom_1552480762255{background-position: center !important;background-repeat: no-repeat !important;background-size: cover !important;}&#8221;][vc_column][vc_row_inner css=&#8221;.vc_custom_1552480773177{padding-top: 3% !important;padding-right: 12% !important;padding-left: 12% !important;}&#8221;][vc_column_inner width=&#8221;1\/2&#8243;][vc_column_text]<\/p>\n<h1><strong>ASW45<\/strong> autonomous driver of executive devices<\/h1>\n<p>[\/vc_column_text][\/vc_column_inner][vc_column_inner width=&#8221;1\/4&#8243;][vc_single_image image=&#8221;908&#8243; img_size=&#8221;large&#8221; alignment=&#8221;center&#8221; onclick=&#8221;link_image&#8221; el_class=&#8221;image_text&#8221; title=&#8221;ASW45&#8243;][\/vc_column_inner][vc_column_inner width=&#8221;1\/4&#8243;][\/vc_column_inner][\/vc_row_inner][vc_row_inner css=&#8221;.vc_custom_1552480849446{padding-right: 12% !important;padding-left: 12% !important;}&#8221;][vc_column_inner][vc_toggle title=&#8221;Product description (expand\/collapse)&#8221; style=&#8221;simple&#8221; color=&#8221;green&#8221; size=&#8221;lg&#8221; el_id=&#8221;1552480825853-ab253c3d-7a67&#8243;]<span style=\"font-size: 14pt;\">The ASW45 stand-alone controller is designed to activate (via potential-free relay contacts) executive devices that are elements of the fire protection system, such as fans, signaling devices and smoke vents.<\/span><\/p>\n<p><span style=\"font-size: 14pt;\">Actuating devices are activated by the module after detecting smoke by the OSD23 or OSD63 detectors. It is deactivated approximately 30 seconds after the detector stops signaling the presence of smoke.<\/span>[\/vc_toggle][vc_toggle title=&#8221;The principle of operation (expand\/collapse)&#8221; style=&#8221;simple&#8221; color=&#8221;green&#8221; size=&#8221;lg&#8221; el_id=&#8221;1552480858715-9a0147d4-e176&#8243;]<span style=\"font-size: 14pt;\">The actuators are controlled by potential-free relay contacts. The position of the relay anchor in the quiescent mode is set with the NC\/NO jumper &#8211; see: technical data.<\/span><\/p>\n<p><span style=\"font-size: 14pt;\">When at least one detector connected to the controller detects the presence of smoke in the air, the relay anchor will be switched into alarm mode. The detector in the alarm state increases the current consumption in the detection line from 50uA to 20mA.<br \/>\n<\/span><\/p>\n<p><span style=\"font-size: 14pt;\">The alarm condition is signaled by the AL indicator lighting up. After a smoke alarm signal from the detector, the module automatically resets the detection line, unless the red jumper has been cut. Cutting the red jumper will &#8222;latch&#8221; the alarm status of a given detector &#8211; then the alarm status can be cleared either by switching off the power supply or by using the switch attached to the RESET terminals.<\/span><\/p>\n<p><span style=\"font-size: 14pt;\">After the smoke stops, when the detector stops alarming after a reset (or auto-reset), the relay contacts remain in the alarm position for about 30 seconds, unless the black jumper has been cut &#8211; cutting this jumper will cause the alarm to not &#8222;stall&#8221; on the relay contacts.<\/span><\/p>\n<p><span style=\"font-size: 14pt;\">Connecting any bistable, normally open switch to terminals 1 and 2 (MANUAL SWITCH ON DEVICE) enables permanent switching of the relay from the quiescent mode to the alarm mode. This allows for activation of the actuator regardless of the state of the detectors.<\/span><br \/>\n<span style=\"font-size: 14pt;\">Connecting any monostable NO switch to terminals 5 and 6 (RESET) enables resetting the alarm state of the detectors &#8211; this function is used if the autoreset function is disabled in the controller.<\/span><\/p>\n<p><span style=\"font-size: 14pt;\">The state of the relay contacts in various operating states of the device depends on the setting of the NC\/NO jumper available in the form of an extended blue wire loop.<\/span><\/p>\n<ul>\n<li><span style=\"font-size: 14pt;\">NC setting (default &#8211; jumper not cut): without power, contacts 9 with 10 and 12 with 13 closed, after power supply, contacts 10 with 11 and 13 with 14 closed, during alarm and tamper, contacts 9 with 10 and 12 with 13 closed<\/span><\/li>\n<li><span style=\"font-size: 14pt;\">NO setting (jumper cut): without power, contacts 9 with 10 and 12 with 13 closed, after power supply, contacts 9 with 10 and 12 with 13 closed, during alarm and tamper, contacts 10 with 11 and 13 with 14 closed<\/span><\/li>\n<\/ul>\n<p><span style=\"font-size: 14pt;\">The controller is equipped with short-circuit protection of the detection line. A short-circuit of the line causes the line voltage to be switched off, the relay to be switched into the alarm mode and the SAB indicator to be lit continuously and the AL indicator to flash. After removing the short-circuit, the controller will automatically enter the quiescent mode.<\/span><\/p>\n<p><span style=\"font-size: 14pt;\">Similarly to a short-circuit, the controller reacts to removing the detector from the socket or a break in the line &#8211; the so-called SABOTAGE. Then the relay will switch and the SAB indicator will be on continuously. WARNING ! Terminating resistor = 2.7k\u03a9 must be installed in the last socket.<\/span><\/p>\n<p><span style=\"font-size: 14pt;\">You can eliminate the switching of the relay in the event of a sabotage or short-circuit in the line by cutting the yellow jumper &#8211; the indicator lights will remain unchanged.<\/span>[\/vc_toggle][vc_toggle title=&#8221;Technical data (expand\/collapse)&#8221; style=&#8221;simple&#8221; color=&#8221;green&#8221; size=&#8221;lg&#8221; el_id=&#8221;1552480953833-5fa7751b-2de5&#8243;]<\/p>\n<div class=\"row vc_row wpb_row vc_inner vc_row-fluid vc_custom_1485609660272\">\n<div class=\"wpb_column vc_column_container vc_col-sm-12 vc_col-has-fill\">\n<div class=\"vc_column-inner vc_custom_1485606795783\">\n<div class=\"wpb_wrapper\">\n<div class=\"wpb_raw_code wpb_content_element wpb_raw_html\">\n<div class=\"wpb_wrapper\">\n<div class=\"tg-wrap\">\n<table border=\"0\">\n<tbody>\n<tr>\n<td><span style=\"font-size: 14pt;\">Supply voltage<\/span><\/td>\n<td align=\"right\"><span style=\"font-size: 14pt;\">24V DC (10V &#8211; 28V)<\/span><\/td>\n<\/tr>\n<tr>\n<td><span style=\"font-size: 14pt;\">Maximum current consumption: &#8211; starting (60sec) &#8211; in the quiescent mode &#8211; in the alarm mode<\/span><\/td>\n<td align=\"right\"><span style=\"font-size: 14pt;\">55 mA 15 mA (NO) 200 mA<\/span><\/td>\n<\/tr>\n<tr>\n<td><span style=\"font-size: 14pt;\">Relay contacts load capacity<\/span><\/td>\n<td align=\"right\"><span style=\"font-size: 14pt;\">230V\/8A<\/span><\/td>\n<\/tr>\n<tr>\n<td><span style=\"font-size: 14pt;\">Working temperature<\/span><\/td>\n<td align=\"right\"><span style=\"font-size: 14pt;\">-25\u00b0C to +55\u00b0C<\/span><\/td>\n<\/tr>\n<tr>\n<td><span style=\"font-size: 14pt;\">Relative humidity<\/span><\/td>\n<td align=\"right\"><span style=\"font-size: 14pt;\">80% at 40\u00b0C<\/span><\/td>\n<\/tr>\n<tr>\n<td><span style=\"font-size: 14pt;\">Weight<\/span><\/td>\n<td align=\"right\"><span style=\"font-size: 14pt;\">approx. 100g<\/span><\/td>\n<\/tr>\n<\/tbody>\n<\/table>\n<\/div>\n<\/div>\n<\/div>\n<\/div>\n<\/div>\n<\/div>\n<\/div>\n<p>[\/vc_toggle][vc_toggle title=&#8221;Files and documents (expand\/collapse)&#8221; style=&#8221;simple&#8221; color=&#8221;green&#8221; size=&#8221;lg&#8221; el_id=&#8221;1552480968588-535aeadc-3098&#8243;]<\/p>\n<ol>\n<li><span style=\"font-size: 14pt;\"><img decoding=\"async\" src=\"https:\/\/lep.pl\/wp-content\/uploads\/2017\/01\/ic_done.png\" width=\"20\" height=\"20\" \/><a href=\"https:\/\/lep.pl\/files\/file\/PL\/IO\/45-asw45-iot-191021.pdf\">ASW45 &#8211; instrukcja obs\u0142ugi, informacja techniczna<\/a><\/span><\/li>\n<li><span style=\"font-size: 14pt;\"><img decoding=\"async\" src=\"https:\/\/lep.pl\/wp-content\/uploads\/2017\/01\/ic_done.png\" width=\"20\" height=\"20\" \/><a href=\"https:\/\/lep.pl\/files\/file\/PL\/KK\/45-asw45-kk-191021.pdf\">ASW45 &#8211; karta katalogowa<\/a><\/span><\/li>\n<\/ol>\n<p>[\/vc_toggle][\/vc_column_inner][\/vc_row_inner][\/vc_column][\/vc_row][vc_row content_placement=&#8221;top&#8221; css=&#8221;.vc_custom_1552481021991{background-position: center !important;background-repeat: no-repeat !important;background-size: cover !important;}&#8221;][vc_column][vc_row_inner css=&#8221;.vc_custom_1552481027783{padding-right: 12% !important;padding-left: 12% !important;}&#8221;][vc_column_inner width=&#8221;1\/4&#8243;][vc_column_text]<a href=\"mailto:biuro@lep.pl\">biuro@lep.pl<\/a>[\/vc_column_text][\/vc_column_inner][vc_column_inner width=&#8221;1\/4&#8243;][vc_column_text](32) 754 54 54<br \/>\n(32) 754 54 55[\/vc_column_text][\/vc_column_inner][vc_column_inner width=&#8221;1\/4&#8243;][vc_column_text]<a href=\"https:\/\/goo.gl\/maps\/2HeA81byii52\" target=\"_blank\" rel=\"noopener noreferrer\">Wsp\u00f3lna 9, <\/a><a href=\"https:\/\/goo.gl\/maps\/2HeA81byii52\">32-300, Olkusz<br \/>\n<\/a>NIP: 637-010-87-21[\/vc_column_text][\/vc_column_inner][vc_column_inner width=&#8221;1\/4&#8243;][\/vc_column_inner][\/vc_row_inner][\/vc_column][\/vc_row]<\/p>\n<\/div>","protected":false},"excerpt":{"rendered":"<p>[vc_row css=&#8221;.vc_custom_1552480762255{background-position: center !important;background-repeat: no-repeat !important;background-size: cover !important;}&#8221;][vc_column][vc_row_inner css=&#8221;.vc_custom_1552480773177{padding-top: 3% !important;padding-right: 12% !important;padding-left: 12% !important;}&#8221;][vc_column_inner width=&#8221;1\/2&#8243;][vc_column_text] ASW45 autonomous driver of executive devices [\/vc_column_text][\/vc_column_inner][vc_column_inner width=&#8221;1\/4&#8243;][vc_single_image image=&#8221;908&#8243; img_size=&#8221;large&#8221; alignment=&#8221;center&#8221; onclick=&#8221;link_image&#8221; el_class=&#8221;image_text&#8221; title=&#8221;ASW45&#8243;][\/vc_column_inner][vc_column_inner width=&#8221;1\/4&#8243;][\/vc_column_inner][\/vc_row_inner][vc_row_inner css=&#8221;.vc_custom_1552480849446{padding-right: 12% !important;padding-left: 12% !important;}&#8221;][vc_column_inner][vc_toggle title=&#8221;Product description (expand\/collapse)&#8221; style=&#8221;simple&#8221; color=&#8221;green&#8221; size=&#8221;lg&#8221; el_id=&#8221;1552480825853-ab253c3d-7a67&#8243;]The ASW45 stand-alone controller is designed to activate (via potential-free relay contacts) executive [&hellip;]<\/p>\n","protected":false},"author":5,"featured_media":0,"parent":3129,"menu_order":0,"comment_status":"closed","ping_status":"closed","template":"page-full-width.php","meta":{"footnotes":""},"class_list":["post-3333","page","type-page","status-publish","hentry"],"yoast_head":"<!-- This site is optimized with the Yoast SEO plugin v27.3 - https:\/\/yoast.com\/product\/yoast-seo-wordpress\/ -->\n<title>Autonomiczny sterownik ASW45 | LEP - producent elektroniki<\/title>\n<meta name=\"description\" content=\"Autonomiczny sterownik ASW45 jest przeznaczony do uruchamiania (poprzez bez-potencja\u0142owe styki przeka\u017anika) urz\u0105dze\u0144 wykonawczych system\u00f3w alarmowych\" \/>\n<meta name=\"robots\" content=\"index, follow, max-snippet:-1, max-image-preview:large, max-video-preview:-1\" \/>\n<link rel=\"canonical\" href=\"https:\/\/lep.pl\/index.php\/en\/welcome\/asw45-autonomous-driver-of-executive-devices\/\" \/>\n<meta property=\"og:locale\" content=\"pl_PL\" \/>\n<meta property=\"og:type\" content=\"article\" \/>\n<meta property=\"og:title\" content=\"Autonomiczny sterownik ASW45 | LEP - producent elektroniki\" \/>\n<meta property=\"og:description\" content=\"Autonomiczny sterownik ASW45 jest przeznaczony do uruchamiania (poprzez bez-potencja\u0142owe styki przeka\u017anika) urz\u0105dze\u0144 wykonawczych system\u00f3w alarmowych\" \/>\n<meta property=\"og:url\" content=\"https:\/\/lep.pl\/index.php\/en\/welcome\/asw45-autonomous-driver-of-executive-devices\/\" \/>\n<meta property=\"og:site_name\" content=\"LEP\" \/>\n<meta property=\"article:modified_time\" content=\"2023-01-05T11:08:37+00:00\" \/>\n<meta property=\"og:image\" content=\"http:\/\/lep.pl\/wp-content\/uploads\/2017\/01\/ic_done.png\" \/>\n<meta name=\"twitter:card\" content=\"summary_large_image\" \/>\n<meta name=\"twitter:label1\" content=\"Szacowany czas czytania\" \/>\n\t<meta name=\"twitter:data1\" content=\"5 minut\" \/>\n<script type=\"application\/ld+json\" class=\"yoast-schema-graph\">{\"@context\":\"https:\\\/\\\/schema.org\",\"@graph\":[{\"@type\":\"WebPage\",\"@id\":\"https:\\\/\\\/lep.pl\\\/index.php\\\/en\\\/welcome\\\/asw45-autonomous-driver-of-executive-devices\\\/\",\"url\":\"https:\\\/\\\/lep.pl\\\/index.php\\\/en\\\/welcome\\\/asw45-autonomous-driver-of-executive-devices\\\/\",\"name\":\"Autonomiczny sterownik ASW45 | LEP - producent elektroniki\",\"isPartOf\":{\"@id\":\"https:\\\/\\\/lep.pl\\\/#website\"},\"primaryImageOfPage\":{\"@id\":\"https:\\\/\\\/lep.pl\\\/index.php\\\/en\\\/welcome\\\/asw45-autonomous-driver-of-executive-devices\\\/#primaryimage\"},\"image\":{\"@id\":\"https:\\\/\\\/lep.pl\\\/index.php\\\/en\\\/welcome\\\/asw45-autonomous-driver-of-executive-devices\\\/#primaryimage\"},\"thumbnailUrl\":\"http:\\\/\\\/lep.pl\\\/wp-content\\\/uploads\\\/2017\\\/01\\\/ic_done.png\",\"datePublished\":\"2023-01-05T10:55:55+00:00\",\"dateModified\":\"2023-01-05T11:08:37+00:00\",\"description\":\"Autonomiczny sterownik ASW45 jest przeznaczony do uruchamiania (poprzez bez-potencja\u0142owe styki przeka\u017anika) urz\u0105dze\u0144 wykonawczych system\u00f3w alarmowych\",\"breadcrumb\":{\"@id\":\"https:\\\/\\\/lep.pl\\\/index.php\\\/en\\\/welcome\\\/asw45-autonomous-driver-of-executive-devices\\\/#breadcrumb\"},\"inLanguage\":\"pl-PL\",\"potentialAction\":[{\"@type\":\"ReadAction\",\"target\":[\"https:\\\/\\\/lep.pl\\\/index.php\\\/en\\\/welcome\\\/asw45-autonomous-driver-of-executive-devices\\\/\"]}]},{\"@type\":\"ImageObject\",\"inLanguage\":\"pl-PL\",\"@id\":\"https:\\\/\\\/lep.pl\\\/index.php\\\/en\\\/welcome\\\/asw45-autonomous-driver-of-executive-devices\\\/#primaryimage\",\"url\":\"http:\\\/\\\/lep.pl\\\/wp-content\\\/uploads\\\/2017\\\/01\\\/ic_done.png\",\"contentUrl\":\"http:\\\/\\\/lep.pl\\\/wp-content\\\/uploads\\\/2017\\\/01\\\/ic_done.png\"},{\"@type\":\"BreadcrumbList\",\"@id\":\"https:\\\/\\\/lep.pl\\\/index.php\\\/en\\\/welcome\\\/asw45-autonomous-driver-of-executive-devices\\\/#breadcrumb\",\"itemListElement\":[{\"@type\":\"ListItem\",\"position\":1,\"name\":\"Strona g\u0142\u00f3wna\",\"item\":\"https:\\\/\\\/lep.pl\\\/\"},{\"@type\":\"ListItem\",\"position\":2,\"name\":\"Welcome\",\"item\":\"https:\\\/\\\/lep.pl\\\/index.php\\\/en\\\/welcome\\\/\"},{\"@type\":\"ListItem\",\"position\":3,\"name\":\"ASW45 autonomous driver of executive devices\"}]},{\"@type\":\"WebSite\",\"@id\":\"https:\\\/\\\/lep.pl\\\/#website\",\"url\":\"https:\\\/\\\/lep.pl\\\/\",\"name\":\"LEP\",\"description\":\"- centrale PPO\u017b, czujniki dymu i zasilacze\",\"publisher\":{\"@id\":\"https:\\\/\\\/lep.pl\\\/#organization\"},\"potentialAction\":[{\"@type\":\"SearchAction\",\"target\":{\"@type\":\"EntryPoint\",\"urlTemplate\":\"https:\\\/\\\/lep.pl\\\/?s={search_term_string}\"},\"query-input\":{\"@type\":\"PropertyValueSpecification\",\"valueRequired\":true,\"valueName\":\"search_term_string\"}}],\"inLanguage\":\"pl-PL\"},{\"@type\":\"Organization\",\"@id\":\"https:\\\/\\\/lep.pl\\\/#organization\",\"name\":\"Lep\",\"url\":\"https:\\\/\\\/lep.pl\\\/\",\"logo\":{\"@type\":\"ImageObject\",\"inLanguage\":\"pl-PL\",\"@id\":\"https:\\\/\\\/lep.pl\\\/#\\\/schema\\\/logo\\\/image\\\/\",\"url\":\"https:\\\/\\\/lep.pl\\\/wp-content\\\/uploads\\\/2017\\\/04\\\/logo@1x.png\",\"contentUrl\":\"https:\\\/\\\/lep.pl\\\/wp-content\\\/uploads\\\/2017\\\/04\\\/logo@1x.png\",\"width\":400,\"height\":54,\"caption\":\"Lep\"},\"image\":{\"@id\":\"https:\\\/\\\/lep.pl\\\/#\\\/schema\\\/logo\\\/image\\\/\"}}]}<\/script>\n<!-- \/ Yoast SEO plugin. -->","yoast_head_json":{"title":"Autonomiczny sterownik ASW45 | LEP - producent elektroniki","description":"Autonomiczny sterownik ASW45 jest przeznaczony do uruchamiania (poprzez bez-potencja\u0142owe styki przeka\u017anika) urz\u0105dze\u0144 wykonawczych system\u00f3w alarmowych","robots":{"index":"index","follow":"follow","max-snippet":"max-snippet:-1","max-image-preview":"max-image-preview:large","max-video-preview":"max-video-preview:-1"},"canonical":"https:\/\/lep.pl\/index.php\/en\/welcome\/asw45-autonomous-driver-of-executive-devices\/","og_locale":"pl_PL","og_type":"article","og_title":"Autonomiczny sterownik ASW45 | LEP - producent elektroniki","og_description":"Autonomiczny sterownik ASW45 jest przeznaczony do uruchamiania (poprzez bez-potencja\u0142owe styki przeka\u017anika) urz\u0105dze\u0144 wykonawczych system\u00f3w alarmowych","og_url":"https:\/\/lep.pl\/index.php\/en\/welcome\/asw45-autonomous-driver-of-executive-devices\/","og_site_name":"LEP","article_modified_time":"2023-01-05T11:08:37+00:00","og_image":[{"url":"http:\/\/lep.pl\/wp-content\/uploads\/2017\/01\/ic_done.png","type":"","width":"","height":""}],"twitter_card":"summary_large_image","twitter_misc":{"Szacowany czas czytania":"5 minut"},"schema":{"@context":"https:\/\/schema.org","@graph":[{"@type":"WebPage","@id":"https:\/\/lep.pl\/index.php\/en\/welcome\/asw45-autonomous-driver-of-executive-devices\/","url":"https:\/\/lep.pl\/index.php\/en\/welcome\/asw45-autonomous-driver-of-executive-devices\/","name":"Autonomiczny sterownik ASW45 | LEP - producent elektroniki","isPartOf":{"@id":"https:\/\/lep.pl\/#website"},"primaryImageOfPage":{"@id":"https:\/\/lep.pl\/index.php\/en\/welcome\/asw45-autonomous-driver-of-executive-devices\/#primaryimage"},"image":{"@id":"https:\/\/lep.pl\/index.php\/en\/welcome\/asw45-autonomous-driver-of-executive-devices\/#primaryimage"},"thumbnailUrl":"http:\/\/lep.pl\/wp-content\/uploads\/2017\/01\/ic_done.png","datePublished":"2023-01-05T10:55:55+00:00","dateModified":"2023-01-05T11:08:37+00:00","description":"Autonomiczny sterownik ASW45 jest przeznaczony do uruchamiania (poprzez bez-potencja\u0142owe styki przeka\u017anika) urz\u0105dze\u0144 wykonawczych system\u00f3w alarmowych","breadcrumb":{"@id":"https:\/\/lep.pl\/index.php\/en\/welcome\/asw45-autonomous-driver-of-executive-devices\/#breadcrumb"},"inLanguage":"pl-PL","potentialAction":[{"@type":"ReadAction","target":["https:\/\/lep.pl\/index.php\/en\/welcome\/asw45-autonomous-driver-of-executive-devices\/"]}]},{"@type":"ImageObject","inLanguage":"pl-PL","@id":"https:\/\/lep.pl\/index.php\/en\/welcome\/asw45-autonomous-driver-of-executive-devices\/#primaryimage","url":"http:\/\/lep.pl\/wp-content\/uploads\/2017\/01\/ic_done.png","contentUrl":"http:\/\/lep.pl\/wp-content\/uploads\/2017\/01\/ic_done.png"},{"@type":"BreadcrumbList","@id":"https:\/\/lep.pl\/index.php\/en\/welcome\/asw45-autonomous-driver-of-executive-devices\/#breadcrumb","itemListElement":[{"@type":"ListItem","position":1,"name":"Strona g\u0142\u00f3wna","item":"https:\/\/lep.pl\/"},{"@type":"ListItem","position":2,"name":"Welcome","item":"https:\/\/lep.pl\/index.php\/en\/welcome\/"},{"@type":"ListItem","position":3,"name":"ASW45 autonomous driver of executive devices"}]},{"@type":"WebSite","@id":"https:\/\/lep.pl\/#website","url":"https:\/\/lep.pl\/","name":"LEP","description":"- centrale PPO\u017b, czujniki dymu i zasilacze","publisher":{"@id":"https:\/\/lep.pl\/#organization"},"potentialAction":[{"@type":"SearchAction","target":{"@type":"EntryPoint","urlTemplate":"https:\/\/lep.pl\/?s={search_term_string}"},"query-input":{"@type":"PropertyValueSpecification","valueRequired":true,"valueName":"search_term_string"}}],"inLanguage":"pl-PL"},{"@type":"Organization","@id":"https:\/\/lep.pl\/#organization","name":"Lep","url":"https:\/\/lep.pl\/","logo":{"@type":"ImageObject","inLanguage":"pl-PL","@id":"https:\/\/lep.pl\/#\/schema\/logo\/image\/","url":"https:\/\/lep.pl\/wp-content\/uploads\/2017\/04\/logo@1x.png","contentUrl":"https:\/\/lep.pl\/wp-content\/uploads\/2017\/04\/logo@1x.png","width":400,"height":54,"caption":"Lep"},"image":{"@id":"https:\/\/lep.pl\/#\/schema\/logo\/image\/"}}]}},"_links":{"self":[{"href":"https:\/\/lep.pl\/index.php\/wp-json\/wp\/v2\/pages\/3333","targetHints":{"allow":["GET"]}}],"collection":[{"href":"https:\/\/lep.pl\/index.php\/wp-json\/wp\/v2\/pages"}],"about":[{"href":"https:\/\/lep.pl\/index.php\/wp-json\/wp\/v2\/types\/page"}],"author":[{"embeddable":true,"href":"https:\/\/lep.pl\/index.php\/wp-json\/wp\/v2\/users\/5"}],"replies":[{"embeddable":true,"href":"https:\/\/lep.pl\/index.php\/wp-json\/wp\/v2\/comments?post=3333"}],"version-history":[{"count":7,"href":"https:\/\/lep.pl\/index.php\/wp-json\/wp\/v2\/pages\/3333\/revisions"}],"predecessor-version":[{"id":3336,"href":"https:\/\/lep.pl\/index.php\/wp-json\/wp\/v2\/pages\/3333\/revisions\/3336"}],"up":[{"embeddable":true,"href":"https:\/\/lep.pl\/index.php\/wp-json\/wp\/v2\/pages\/3129"}],"wp:attachment":[{"href":"https:\/\/lep.pl\/index.php\/wp-json\/wp\/v2\/media?parent=3333"}],"curies":[{"name":"wp","href":"https:\/\/api.w.org\/{rel}","templated":true}]}}