{"id":3319,"date":"2023-01-04T12:56:43","date_gmt":"2023-01-04T12:56:43","guid":{"rendered":"https:\/\/lep.pl\/?page_id=3319"},"modified":"2023-01-05T10:49:11","modified_gmt":"2023-01-05T10:49:11","slug":"gnw12-gnw24-sockets-for-alarm-systems","status":"publish","type":"page","link":"https:\/\/lep.pl\/index.php\/en\/welcome\/gnw12-gnw24-sockets-for-alarm-systems\/","title":{"rendered":"GNW12, GNW24 sockets for alarm systems"},"content":{"rendered":"<div class=\"wpb-content-wrapper\"><p>[vc_row css=&#8221;.vc_custom_1552477867857{background-position: center !important;background-repeat: no-repeat !important;background-size: cover !important;}&#8221;][vc_column][vc_row_inner css=&#8221;.vc_custom_1552477873897{padding-top: 3% !important;padding-right: 12% !important;padding-left: 12% !important;}&#8221;][vc_column_inner width=&#8221;1\/2&#8243;][vc_column_text]<\/p>\n<h1><strong>GNW12, GNW24<\/strong><br \/>\nbase for alarm systems<\/h1>\n<p>[\/vc_column_text][\/vc_column_inner][vc_column_inner width=&#8221;1\/4&#8243;][vc_single_image image=&#8221;913&#8243; img_size=&#8221;large&#8221; alignment=&#8221;center&#8221; onclick=&#8221;link_image&#8221; title=&#8221;GNW12&#8243; el_class=&#8221;image_text&#8221;][\/vc_column_inner][vc_column_inner width=&#8221;1\/4&#8243;][vc_single_image image=&#8221;2610&#8243; img_size=&#8221;large&#8221; alignment=&#8221;center&#8221; onclick=&#8221;link_image&#8221; title=&#8221;GNW24&#8243; el_class=&#8221;image_text&#8221;][\/vc_column_inner][\/vc_row_inner][vc_row_inner css=&#8221;.vc_custom_1552477883695{padding-right: 12% !important;padding-left: 12% !important;}&#8221;][vc_column_inner][vc_toggle title=&#8221;Product description (expand\/collapse)&#8221; style=&#8221;simple&#8221; color=&#8221;green&#8221; size=&#8221;lg&#8221; el_id=&#8221;1552477803538-38b940fa-c9c9&#8243;]<span style=\"font-size: 14pt;\">The GNW base is available in 4 variants:<br \/>\n<\/span><\/p>\n<ul>\n<li><span style=\"font-size: 14pt;\">GNW12 &#8211; supply voltage 12V DC<\/span><\/li>\n<li><span style=\"font-size: 14pt;\">GNW24 &#8211; supply voltage 24V DC<\/span><\/li>\n<li><span style=\"font-size: 14pt;\">GNW12AR &#8211; supply voltage 12V DC and auto-reset of the alarm state (does not work with OSD23R)<br \/>\n<\/span><\/li>\n<li><span style=\"font-size: 14pt;\">GNW24AR &#8211; 24V DC supply voltage and alarm state auto-reset (does not work with OSD23R)<br \/>\n<\/span><\/li>\n<\/ul>\n<p><span style=\"font-size: 14pt;\">The GNW12 base is used to connect the OSD23 detector to a typical alarm system operating with 12V supply voltage in the detection line (GNW24 with 24V line voltage).<br \/>\nIn addition to powering the detector, the GNW12 (GNW24) socket enables connection of a galvanically isolated alarm line, tamper line and allows for easy disconnection of the detector from the installation site for service purposes (cleaning).<br \/>\nGNW sockets in the AR version (GNW12AR, GNW24AR) have a built-in detector alarm auto-reset function, which stops alarming after the smoke has cleared. <span dir=\"ltr\" role=\"presentation\">GNW12AR<\/span> <span dir=\"ltr\" role=\"presentation\">changes position<\/span> of the relay anchor<span dir=\"ltr\" role=\"presentation\">after the smoke has dissipated, the anchor returns to the surveillance position.<br \/>\nThe anchor of the alarm relay in the socket (terminal 4) changes position when the OSD23 detector is signaling about the presence of smoke (the red LED in the detector is on):<\/span><\/span><\/p>\n<p>&nbsp;<\/p>\n<ul>\n<li><span style=\"font-size: 14pt;\"> GNW12, GNW24 &#8211; for the whole time the OSD23 detector is signaling about the presence of smoke,<\/span><\/li>\n<li><span style=\"font-size: 14pt;\"> GNW12AR, GNW24AR (tj. <span style=\"text-decoration: underline;\">odmianie AR<\/span>) &#8211; detector reset, cyclically for about 1s every 6s, until the end of signaling about the presence of smoke by the OSD23 detector.<\/span><\/li>\n<\/ul>\n<p><span style=\"font-size: 14pt;\">After the smoke clears, the anchor returns to the surveillance position.<\/span><\/p>\n<p><span style=\"font-size: 14pt;\">CAUTION!<br \/>\nThe AR version sockets (GNW12AR, GNW24AR) cannot be used together with the R and MR version smoke detectors (OSD23R, OSD23MR), because these detectors already have a built-in autoreset algorithm (clearing the alarm state and returning to the quiescent state after the smoke has cleared) &#8211; i.e. perform the alarm auto-reset function, but in a different way.<\/span>[\/vc_toggle][vc_toggle title=&#8221;Construction (expand\/collapse)&#8221; style=&#8221;simple&#8221; color=&#8221;green&#8221; size=&#8221;lg&#8221; el_id=&#8221;1552477890089-22e1f786-4187&#8243;]<span style=\"font-size: 14pt;\">The GNW12 (GNW24) socket is built as a single electronic module embedded in a plastic housing adapted for mounting on the ceiling using, for example, wall plugs spaced 90mm apart. The device is equipped with connectors for connecting the OSD23\/03 detector and screw connectors constituting the terminal strip of the detection line. The contacts of the alarm relay (3,4,5) and the TAMPER microswitch (6,7) are isolated from the electronic part of the module. The housing is equipped with a mechanical lock (implemented in the form of a plastic latch) that prevents the OSD23 detector from being removed from the base without using a key. Resignation from the lock consists in breaking the plastic latch before screwing in the detector.<\/span>[\/vc_toggle][vc_toggle title=&#8221;Technical data (expand\/collapse)&#8221; style=&#8221;simple&#8221; color=&#8221;green&#8221; size=&#8221;lg&#8221; el_id=&#8221;1552477926086-1a4a13d9-b4d4&#8243;]<\/p>\n<div class=\"row vc_row wpb_row vc_inner vc_row-fluid vc_custom_1485609660272\">\n<div class=\"wpb_column vc_column_container vc_col-sm-12 vc_col-has-fill\">\n<div class=\"vc_column-inner vc_custom_1485606795783\">\n<div class=\"wpb_wrapper\">\n<div class=\"wpb_raw_code wpb_content_element wpb_raw_html\">\n<div class=\"wpb_wrapper\">\n<div class=\"tg-wrap\">\n<table style=\"height: 360px; width: 768px;\" border=\"0\">\n<tbody>\n<tr style=\"height: 24px;\">\n<td style=\"height: 24px; width: 532.7px;\"><span style=\"font-size: 14pt;\">Supply voltage GNW12:<\/span><\/td>\n<td style=\"height: 24px; width: 219.3px;\" align=\"right\"><span style=\"font-size: 14pt;\">12V DC<\/span><\/td>\n<\/tr>\n<tr style=\"height: 24px;\">\n<td style=\"height: 48px; width: 532.7px;\" rowspan=\"2\"><span style=\"font-size: 14pt;\">GNW12 quiescent current (base with OSD23 detector):<\/span><\/td>\n<td style=\"height: 24px; width: 219.3px; text-align: right;\"><span style=\"font-size: 14pt;\">NC socket &#8211; 12.5mA<\/span><\/td>\n<\/tr>\n<tr style=\"height: 24px;\">\n<td style=\"height: 24px; width: 219.3px;\" align=\"right\"><span style=\"font-size: 14pt;\">NO socket &#8211; 0.1mA<\/span><\/td>\n<\/tr>\n<tr style=\"height: 24px;\">\n<td style=\"height: 48px; width: 532.7px;\" rowspan=\"2\"><span style=\"font-size: 14pt;\">GNW12 alarm current (socket with OSD23 detector):<\/span><\/td>\n<td style=\"text-align: right; height: 24px; width: 219.3px;\"><span style=\"font-size: 14pt;\">NC socket &#8211; 8.5mA<\/span><\/td>\n<\/tr>\n<tr style=\"height: 24px;\">\n<td style=\"text-align: right; height: 24px; width: 219.3px;\"><span style=\"font-size: 14pt;\">NO socket &#8211; 20.5mA<\/span><\/td>\n<\/tr>\n<tr style=\"height: 24px;\">\n<td style=\"height: 24px; width: 532.7px;\"><span style=\"font-size: 14pt;\">Supply voltage GNW24<\/span><\/td>\n<td style=\"text-align: right; height: 24px; width: 219.3px;\"><span style=\"font-size: 14pt;\">24V DC<\/span><\/td>\n<\/tr>\n<tr style=\"height: 24px;\">\n<td style=\"height: 24px; width: 532.7px;\" rowspan=\"2\"><span style=\"font-size: 14pt;\">GNW24 quiescent current (base with OSD23 detector):<\/span><\/td>\n<td style=\"height: 24px; width: 219.3px;\" align=\"right\"><span style=\"font-size: 14pt;\">NC socket &#8211; 12.5mA<\/span><\/td>\n<\/tr>\n<tr style=\"height: 24px;\">\n<td style=\"height: 24px; width: 219.3px;\" align=\"right\"><span style=\"font-size: 14pt;\">NO socket &#8211; 0.1mA<\/span><\/td>\n<\/tr>\n<tr style=\"height: 24px;\">\n<td style=\"height: 24px; width: 532.7px;\" rowspan=\"2\"><span style=\"font-size: 14pt;\">GNW24 alarm current (socket with OSD23 detector):<\/span><\/td>\n<td style=\"height: 24px; width: 219.3px;\" align=\"right\"><span style=\"font-size: 14pt;\">NC socket &#8211; 25.5mA<\/span><\/td>\n<\/tr>\n<tr>\n<td style=\"width: 219.3px; text-align: right;\"><span style=\"font-size: 14pt;\">NO socket &#8211; 37mA<\/span><\/td>\n<\/tr>\n<tr style=\"height: 24px;\">\n<td style=\"height: 24px; width: 532.7px;\"><span style=\"font-size: 14pt;\">Current strength of relay contacts<\/span><\/td>\n<td style=\"height: 24px; width: 219.3px;\" align=\"right\"><span style=\"font-size: 14pt;\">1000mA at 24V<\/span><\/td>\n<\/tr>\n<tr style=\"height: 24px;\">\n<td style=\"height: 24px; width: 532.7px;\"><span style=\"font-size: 14pt;\">Maximum current of contacts 3, 4, 5<\/span><\/td>\n<td style=\"height: 24px; width: 219.3px;\" align=\"right\"><span style=\"font-size: 14pt;\">100mA (*)<\/span><\/td>\n<\/tr>\n<tr style=\"height: 24px;\">\n<td style=\"height: 24px; width: 532.7px;\"><span style=\"font-size: 14pt;\">Working temperature<\/span><\/td>\n<td style=\"height: 24px; width: 219.3px;\" align=\"right\"><span style=\"font-size: 14pt;\">-25\u00b0C to +55\u00b0C<\/span><\/td>\n<\/tr>\n<tr style=\"height: 24px;\">\n<td style=\"height: 24px; width: 532.7px;\"><span style=\"font-size: 14pt;\">Dimensions &#8211; diameter &#8211; height<\/span><\/td>\n<td style=\"height: 24px; width: 219.3px;\" align=\"right\"><span style=\"font-size: 14pt;\">102mm 21mm<\/span><\/td>\n<\/tr>\n<tr style=\"height: 24px;\">\n<td style=\"height: 24px; width: 532.7px;\"><span style=\"font-size: 14pt;\">Weight<\/span><\/td>\n<td style=\"height: 24px; width: 219.3px;\" align=\"right\"><span style=\"font-size: 14pt;\">67g<\/span><\/td>\n<\/tr>\n<tr style=\"height: 24px;\">\n<td style=\"height: 24px; width: 532.7px;\"><span style=\"font-size: 14pt;\">Spacing of mounting holes<\/span><\/td>\n<td style=\"height: 24px; width: 219.3px;\" align=\"right\"><span style=\"font-size: 14pt;\">90mm<\/span><\/td>\n<\/tr>\n<tr>\n<td style=\"width: 758px;\" colspan=\"2\"><span style=\"font-size: 14pt;\">(*) &#8211; to increase the current to 1000mA, short-circuit the resistor R5<\/span><\/td>\n<\/tr>\n<\/tbody>\n<\/table>\n<\/div>\n<\/div>\n<\/div>\n<\/div>\n<\/div>\n<\/div>\n<\/div>\n<p>[\/vc_toggle][vc_toggle title=&#8221;Files and documents (expand\/collapse)&#8221; style=&#8221;simple&#8221; color=&#8221;green&#8221; size=&#8221;lg&#8221; el_id=&#8221;1552477949918-ab93adc6-1d73&#8243;]<\/p>\n<ol>\n<li><span style=\"font-size: 14pt;\"><img decoding=\"async\" src=\"https:\/\/lep.pl\/wp-content\/uploads\/2017\/01\/ic_done.png\" width=\"20\" height=\"20\" \/> <a href=\"https:\/\/lep.pl\/files\/file\/PL\/IO\/53-osd23-iot-170127-pl.pdf\">OSD23 &#8211; instrukcja obs\u0142ugi, informacja techniczna<\/a><\/span><\/li>\n<li><span style=\"font-size: 14pt;\"><img decoding=\"async\" src=\"https:\/\/lep.pl\/wp-content\/uploads\/2017\/01\/ic_done.png\" width=\"20\" height=\"20\" \/> <a href=\"https:\/\/lep.pl\/files\/file\/PL\/KK\/23-gnw12-kk-160603.pdf\">GNW12 &#8211; karta katalogowa<\/a><\/span><\/li>\n<li><span style=\"font-size: 14pt;\"><img decoding=\"async\" src=\"https:\/\/lep.pl\/wp-content\/uploads\/2017\/01\/ic_done.png\" width=\"20\" height=\"20\" \/> <a href=\"https:\/\/lep.pl\/files\/file\/PL\/KK\/23-gnw24-kk-160603.pdf\">GNW24 &#8211; karta katalogowa<\/a><\/span><\/li>\n<li><span style=\"font-size: 14pt;\"><img decoding=\"async\" src=\"https:\/\/lep.pl\/wp-content\/uploads\/2017\/01\/ic_done.png\" width=\"20\" height=\"20\" \/> <a href=\"https:\/\/lep.pl\/files\/file\/PL\/CE\/23-gnw12-ce-091214.pdf\">GNW12 (GNW24) &#8211; Deklaracja zgodno\u015bci<\/a><\/span><\/li>\n<li><span style=\"font-size: 14pt;\"><img decoding=\"async\" src=\"https:\/\/lep.pl\/wp-content\/uploads\/2017\/01\/ic_done.png\" width=\"20\" height=\"20\" \/>\u00a0<a href=\"https:\/\/lep.pl\/files\/file\/PL\/IO\/53-gnw12-24-iot-170127.pdf\">GNW12 (GNW24) &#8211; instrukcja obs\u0142ugi, informacja techniczna<\/a><\/span><\/li>\n<\/ol>\n<p>[\/vc_toggle][\/vc_column_inner][\/vc_row_inner][\/vc_column][\/vc_row][vc_row content_placement=&#8221;top&#8221; css=&#8221;.vc_custom_1552478730836{background-position: center !important;background-repeat: no-repeat !important;background-size: cover !important;}&#8221;][vc_column][vc_row_inner css=&#8221;.vc_custom_1485612616667{padding-top: 6% !important;padding-right: 12% !important;padding-bottom: 6% !important;padding-left: 12% !important;}&#8221;][vc_column_inner width=&#8221;1\/4&#8243;][vc_column_text]<a href=\"mailto:biuro@lep.pl\">biuro@lep.pl<\/a>[\/vc_column_text][\/vc_column_inner][vc_column_inner width=&#8221;1\/4&#8243;][vc_column_text](32) 754 54 54<br \/>\n(32) 754 54 55[\/vc_column_text][\/vc_column_inner][vc_column_inner width=&#8221;1\/4&#8243;][vc_column_text]<a href=\"https:\/\/goo.gl\/maps\/2HeA81byii52\" target=\"_blank\" rel=\"noopener noreferrer\">ul. Wsp\u00f3lna 9, <\/a><a href=\"https:\/\/goo.gl\/maps\/2HeA81byii52\">32-300 Olkusz<br \/>\n<\/a> NIP: 637-010-87-21[\/vc_column_text][\/vc_column_inner][vc_column_inner width=&#8221;1\/4&#8243;][\/vc_column_inner][\/vc_row_inner][\/vc_column][\/vc_row]<\/p>\n<\/div>","protected":false},"excerpt":{"rendered":"<p>[vc_row css=&#8221;.vc_custom_1552477867857{background-position: center !important;background-repeat: no-repeat !important;background-size: cover !important;}&#8221;][vc_column][vc_row_inner css=&#8221;.vc_custom_1552477873897{padding-top: 3% !important;padding-right: 12% !important;padding-left: 12% !important;}&#8221;][vc_column_inner width=&#8221;1\/2&#8243;][vc_column_text] GNW12, GNW24 base for alarm systems [\/vc_column_text][\/vc_column_inner][vc_column_inner width=&#8221;1\/4&#8243;][vc_single_image image=&#8221;913&#8243; img_size=&#8221;large&#8221; alignment=&#8221;center&#8221; onclick=&#8221;link_image&#8221; title=&#8221;GNW12&#8243; el_class=&#8221;image_text&#8221;][\/vc_column_inner][vc_column_inner width=&#8221;1\/4&#8243;][vc_single_image image=&#8221;2610&#8243; img_size=&#8221;large&#8221; alignment=&#8221;center&#8221; onclick=&#8221;link_image&#8221; title=&#8221;GNW24&#8243; el_class=&#8221;image_text&#8221;][\/vc_column_inner][\/vc_row_inner][vc_row_inner css=&#8221;.vc_custom_1552477883695{padding-right: 12% !important;padding-left: 12% !important;}&#8221;][vc_column_inner][vc_toggle title=&#8221;Product description (expand\/collapse)&#8221; style=&#8221;simple&#8221; color=&#8221;green&#8221; size=&#8221;lg&#8221; el_id=&#8221;1552477803538-38b940fa-c9c9&#8243;]The GNW base is available in 4 [&hellip;]<\/p>\n","protected":false},"author":5,"featured_media":0,"parent":3129,"menu_order":0,"comment_status":"closed","ping_status":"closed","template":"page-full-width.php","meta":{"footnotes":""},"class_list":["post-3319","page","type-page","status-publish","hentry"],"yoast_head":"<!-- This site is optimized with the Yoast SEO plugin v27.3 - https:\/\/yoast.com\/product\/yoast-seo-wordpress\/ -->\n<title>Gniazdo alarmowe GNW12, GNW24 | LEP - producent elektroniki ppo\u017c<\/title>\n<meta name=\"description\" content=\"Gniazdo alarmowe GNW12, GNW24 s\u0142u\u017cy do pod\u0142\u0105czenia czujki OSD23 do typowego systemu alarmowego pracuj\u0105cego przy napi\u0119ciu zasilaj\u0105cym 12V i 24V\" \/>\n<meta name=\"robots\" content=\"index, follow, max-snippet:-1, max-image-preview:large, max-video-preview:-1\" \/>\n<link rel=\"canonical\" href=\"https:\/\/lep.pl\/index.php\/en\/welcome\/gnw12-gnw24-sockets-for-alarm-systems\/\" \/>\n<meta property=\"og:locale\" content=\"pl_PL\" \/>\n<meta property=\"og:type\" content=\"article\" \/>\n<meta property=\"og:title\" content=\"Gniazdo alarmowe GNW12, GNW24 | LEP - producent elektroniki ppo\u017c\" \/>\n<meta property=\"og:description\" content=\"Gniazdo alarmowe GNW12, GNW24 s\u0142u\u017cy do pod\u0142\u0105czenia czujki OSD23 do typowego systemu alarmowego pracuj\u0105cego przy napi\u0119ciu zasilaj\u0105cym 12V i 24V\" \/>\n<meta property=\"og:url\" content=\"https:\/\/lep.pl\/index.php\/en\/welcome\/gnw12-gnw24-sockets-for-alarm-systems\/\" \/>\n<meta property=\"og:site_name\" content=\"LEP\" \/>\n<meta property=\"article:modified_time\" content=\"2023-01-05T10:49:11+00:00\" \/>\n<meta property=\"og:image\" content=\"http:\/\/lep.pl\/wp-content\/uploads\/2017\/01\/ic_done.png\" \/>\n<meta name=\"twitter:card\" content=\"summary_large_image\" \/>\n<meta name=\"twitter:label1\" content=\"Szacowany czas czytania\" \/>\n\t<meta name=\"twitter:data1\" content=\"5 minut\" \/>\n<script type=\"application\/ld+json\" class=\"yoast-schema-graph\">{\"@context\":\"https:\\\/\\\/schema.org\",\"@graph\":[{\"@type\":\"WebPage\",\"@id\":\"https:\\\/\\\/lep.pl\\\/index.php\\\/en\\\/welcome\\\/gnw12-gnw24-sockets-for-alarm-systems\\\/\",\"url\":\"https:\\\/\\\/lep.pl\\\/index.php\\\/en\\\/welcome\\\/gnw12-gnw24-sockets-for-alarm-systems\\\/\",\"name\":\"Gniazdo alarmowe GNW12, GNW24 | LEP - producent elektroniki ppo\u017c\",\"isPartOf\":{\"@id\":\"https:\\\/\\\/lep.pl\\\/#website\"},\"primaryImageOfPage\":{\"@id\":\"https:\\\/\\\/lep.pl\\\/index.php\\\/en\\\/welcome\\\/gnw12-gnw24-sockets-for-alarm-systems\\\/#primaryimage\"},\"image\":{\"@id\":\"https:\\\/\\\/lep.pl\\\/index.php\\\/en\\\/welcome\\\/gnw12-gnw24-sockets-for-alarm-systems\\\/#primaryimage\"},\"thumbnailUrl\":\"http:\\\/\\\/lep.pl\\\/wp-content\\\/uploads\\\/2017\\\/01\\\/ic_done.png\",\"datePublished\":\"2023-01-04T12:56:43+00:00\",\"dateModified\":\"2023-01-05T10:49:11+00:00\",\"description\":\"Gniazdo alarmowe GNW12, GNW24 s\u0142u\u017cy do pod\u0142\u0105czenia czujki OSD23 do typowego systemu alarmowego pracuj\u0105cego przy napi\u0119ciu zasilaj\u0105cym 12V i 24V\",\"breadcrumb\":{\"@id\":\"https:\\\/\\\/lep.pl\\\/index.php\\\/en\\\/welcome\\\/gnw12-gnw24-sockets-for-alarm-systems\\\/#breadcrumb\"},\"inLanguage\":\"pl-PL\",\"potentialAction\":[{\"@type\":\"ReadAction\",\"target\":[\"https:\\\/\\\/lep.pl\\\/index.php\\\/en\\\/welcome\\\/gnw12-gnw24-sockets-for-alarm-systems\\\/\"]}]},{\"@type\":\"ImageObject\",\"inLanguage\":\"pl-PL\",\"@id\":\"https:\\\/\\\/lep.pl\\\/index.php\\\/en\\\/welcome\\\/gnw12-gnw24-sockets-for-alarm-systems\\\/#primaryimage\",\"url\":\"http:\\\/\\\/lep.pl\\\/wp-content\\\/uploads\\\/2017\\\/01\\\/ic_done.png\",\"contentUrl\":\"http:\\\/\\\/lep.pl\\\/wp-content\\\/uploads\\\/2017\\\/01\\\/ic_done.png\"},{\"@type\":\"BreadcrumbList\",\"@id\":\"https:\\\/\\\/lep.pl\\\/index.php\\\/en\\\/welcome\\\/gnw12-gnw24-sockets-for-alarm-systems\\\/#breadcrumb\",\"itemListElement\":[{\"@type\":\"ListItem\",\"position\":1,\"name\":\"Strona g\u0142\u00f3wna\",\"item\":\"https:\\\/\\\/lep.pl\\\/\"},{\"@type\":\"ListItem\",\"position\":2,\"name\":\"Welcome\",\"item\":\"https:\\\/\\\/lep.pl\\\/index.php\\\/en\\\/welcome\\\/\"},{\"@type\":\"ListItem\",\"position\":3,\"name\":\"GNW12, GNW24 sockets for alarm systems\"}]},{\"@type\":\"WebSite\",\"@id\":\"https:\\\/\\\/lep.pl\\\/#website\",\"url\":\"https:\\\/\\\/lep.pl\\\/\",\"name\":\"LEP\",\"description\":\"- centrale PPO\u017b, czujniki dymu i zasilacze\",\"publisher\":{\"@id\":\"https:\\\/\\\/lep.pl\\\/#organization\"},\"potentialAction\":[{\"@type\":\"SearchAction\",\"target\":{\"@type\":\"EntryPoint\",\"urlTemplate\":\"https:\\\/\\\/lep.pl\\\/?s={search_term_string}\"},\"query-input\":{\"@type\":\"PropertyValueSpecification\",\"valueRequired\":true,\"valueName\":\"search_term_string\"}}],\"inLanguage\":\"pl-PL\"},{\"@type\":\"Organization\",\"@id\":\"https:\\\/\\\/lep.pl\\\/#organization\",\"name\":\"Lep\",\"url\":\"https:\\\/\\\/lep.pl\\\/\",\"logo\":{\"@type\":\"ImageObject\",\"inLanguage\":\"pl-PL\",\"@id\":\"https:\\\/\\\/lep.pl\\\/#\\\/schema\\\/logo\\\/image\\\/\",\"url\":\"https:\\\/\\\/lep.pl\\\/wp-content\\\/uploads\\\/2017\\\/04\\\/logo@1x.png\",\"contentUrl\":\"https:\\\/\\\/lep.pl\\\/wp-content\\\/uploads\\\/2017\\\/04\\\/logo@1x.png\",\"width\":400,\"height\":54,\"caption\":\"Lep\"},\"image\":{\"@id\":\"https:\\\/\\\/lep.pl\\\/#\\\/schema\\\/logo\\\/image\\\/\"}}]}<\/script>\n<!-- \/ Yoast SEO plugin. -->","yoast_head_json":{"title":"Gniazdo alarmowe GNW12, GNW24 | LEP - producent elektroniki ppo\u017c","description":"Gniazdo alarmowe GNW12, GNW24 s\u0142u\u017cy do pod\u0142\u0105czenia czujki OSD23 do typowego systemu alarmowego pracuj\u0105cego przy napi\u0119ciu zasilaj\u0105cym 12V i 24V","robots":{"index":"index","follow":"follow","max-snippet":"max-snippet:-1","max-image-preview":"max-image-preview:large","max-video-preview":"max-video-preview:-1"},"canonical":"https:\/\/lep.pl\/index.php\/en\/welcome\/gnw12-gnw24-sockets-for-alarm-systems\/","og_locale":"pl_PL","og_type":"article","og_title":"Gniazdo alarmowe GNW12, GNW24 | LEP - producent elektroniki ppo\u017c","og_description":"Gniazdo alarmowe GNW12, GNW24 s\u0142u\u017cy do pod\u0142\u0105czenia czujki OSD23 do typowego systemu alarmowego pracuj\u0105cego przy napi\u0119ciu zasilaj\u0105cym 12V i 24V","og_url":"https:\/\/lep.pl\/index.php\/en\/welcome\/gnw12-gnw24-sockets-for-alarm-systems\/","og_site_name":"LEP","article_modified_time":"2023-01-05T10:49:11+00:00","og_image":[{"url":"http:\/\/lep.pl\/wp-content\/uploads\/2017\/01\/ic_done.png","type":"","width":"","height":""}],"twitter_card":"summary_large_image","twitter_misc":{"Szacowany czas czytania":"5 minut"},"schema":{"@context":"https:\/\/schema.org","@graph":[{"@type":"WebPage","@id":"https:\/\/lep.pl\/index.php\/en\/welcome\/gnw12-gnw24-sockets-for-alarm-systems\/","url":"https:\/\/lep.pl\/index.php\/en\/welcome\/gnw12-gnw24-sockets-for-alarm-systems\/","name":"Gniazdo alarmowe GNW12, GNW24 | LEP - producent elektroniki ppo\u017c","isPartOf":{"@id":"https:\/\/lep.pl\/#website"},"primaryImageOfPage":{"@id":"https:\/\/lep.pl\/index.php\/en\/welcome\/gnw12-gnw24-sockets-for-alarm-systems\/#primaryimage"},"image":{"@id":"https:\/\/lep.pl\/index.php\/en\/welcome\/gnw12-gnw24-sockets-for-alarm-systems\/#primaryimage"},"thumbnailUrl":"http:\/\/lep.pl\/wp-content\/uploads\/2017\/01\/ic_done.png","datePublished":"2023-01-04T12:56:43+00:00","dateModified":"2023-01-05T10:49:11+00:00","description":"Gniazdo alarmowe GNW12, GNW24 s\u0142u\u017cy do pod\u0142\u0105czenia czujki OSD23 do typowego systemu alarmowego pracuj\u0105cego przy napi\u0119ciu zasilaj\u0105cym 12V i 24V","breadcrumb":{"@id":"https:\/\/lep.pl\/index.php\/en\/welcome\/gnw12-gnw24-sockets-for-alarm-systems\/#breadcrumb"},"inLanguage":"pl-PL","potentialAction":[{"@type":"ReadAction","target":["https:\/\/lep.pl\/index.php\/en\/welcome\/gnw12-gnw24-sockets-for-alarm-systems\/"]}]},{"@type":"ImageObject","inLanguage":"pl-PL","@id":"https:\/\/lep.pl\/index.php\/en\/welcome\/gnw12-gnw24-sockets-for-alarm-systems\/#primaryimage","url":"http:\/\/lep.pl\/wp-content\/uploads\/2017\/01\/ic_done.png","contentUrl":"http:\/\/lep.pl\/wp-content\/uploads\/2017\/01\/ic_done.png"},{"@type":"BreadcrumbList","@id":"https:\/\/lep.pl\/index.php\/en\/welcome\/gnw12-gnw24-sockets-for-alarm-systems\/#breadcrumb","itemListElement":[{"@type":"ListItem","position":1,"name":"Strona g\u0142\u00f3wna","item":"https:\/\/lep.pl\/"},{"@type":"ListItem","position":2,"name":"Welcome","item":"https:\/\/lep.pl\/index.php\/en\/welcome\/"},{"@type":"ListItem","position":3,"name":"GNW12, GNW24 sockets for alarm systems"}]},{"@type":"WebSite","@id":"https:\/\/lep.pl\/#website","url":"https:\/\/lep.pl\/","name":"LEP","description":"- centrale PPO\u017b, czujniki dymu i zasilacze","publisher":{"@id":"https:\/\/lep.pl\/#organization"},"potentialAction":[{"@type":"SearchAction","target":{"@type":"EntryPoint","urlTemplate":"https:\/\/lep.pl\/?s={search_term_string}"},"query-input":{"@type":"PropertyValueSpecification","valueRequired":true,"valueName":"search_term_string"}}],"inLanguage":"pl-PL"},{"@type":"Organization","@id":"https:\/\/lep.pl\/#organization","name":"Lep","url":"https:\/\/lep.pl\/","logo":{"@type":"ImageObject","inLanguage":"pl-PL","@id":"https:\/\/lep.pl\/#\/schema\/logo\/image\/","url":"https:\/\/lep.pl\/wp-content\/uploads\/2017\/04\/logo@1x.png","contentUrl":"https:\/\/lep.pl\/wp-content\/uploads\/2017\/04\/logo@1x.png","width":400,"height":54,"caption":"Lep"},"image":{"@id":"https:\/\/lep.pl\/#\/schema\/logo\/image\/"}}]}},"_links":{"self":[{"href":"https:\/\/lep.pl\/index.php\/wp-json\/wp\/v2\/pages\/3319","targetHints":{"allow":["GET"]}}],"collection":[{"href":"https:\/\/lep.pl\/index.php\/wp-json\/wp\/v2\/pages"}],"about":[{"href":"https:\/\/lep.pl\/index.php\/wp-json\/wp\/v2\/types\/page"}],"author":[{"embeddable":true,"href":"https:\/\/lep.pl\/index.php\/wp-json\/wp\/v2\/users\/5"}],"replies":[{"embeddable":true,"href":"https:\/\/lep.pl\/index.php\/wp-json\/wp\/v2\/comments?post=3319"}],"version-history":[{"count":10,"href":"https:\/\/lep.pl\/index.php\/wp-json\/wp\/v2\/pages\/3319\/revisions"}],"predecessor-version":[{"id":3330,"href":"https:\/\/lep.pl\/index.php\/wp-json\/wp\/v2\/pages\/3319\/revisions\/3330"}],"up":[{"embeddable":true,"href":"https:\/\/lep.pl\/index.php\/wp-json\/wp\/v2\/pages\/3129"}],"wp:attachment":[{"href":"https:\/\/lep.pl\/index.php\/wp-json\/wp\/v2\/media?parent=3319"}],"curies":[{"name":"wp","href":"https:\/\/api.w.org\/{rel}","templated":true}]}}