{"id":3310,"date":"2023-01-04T11:51:31","date_gmt":"2023-01-04T11:51:31","guid":{"rendered":"https:\/\/lep.pl\/?page_id=3310"},"modified":"2023-01-04T12:53:32","modified_gmt":"2023-01-04T12:53:32","slug":"gnp18-base-for-conventional-fire-protection-systems","status":"publish","type":"page","link":"https:\/\/lep.pl\/index.php\/en\/welcome\/gnp18-base-for-conventional-fire-protection-systems\/","title":{"rendered":"GNP18 base for conventional fire protection systems"},"content":{"rendered":"<div class=\"wpb-content-wrapper\"><p>[vc_row css=&#8221;.vc_custom_1552398868258{background-position: center !important;background-repeat: no-repeat !important;background-size: cover !important;}&#8221;][vc_column][vc_row_inner css=&#8221;.vc_custom_1552398874874{padding-top: 3% !important;padding-right: 12% !important;padding-left: 12% !important;}&#8221;][vc_column_inner width=&#8221;1\/2&#8243;][vc_column_text]<\/p>\n<h1><strong>GNP18<\/strong><br \/>\nbase for conventional fire protection systems<\/h1>\n<p>[\/vc_column_text][\/vc_column_inner][vc_column_inner width=&#8221;1\/4&#8243;][vc_single_image image=&#8221;912&#8243; img_size=&#8221;large&#8221; alignment=&#8221;center&#8221; onclick=&#8221;link_image&#8221; title=&#8221;GNP18&#8243; el_class=&#8221;image_text&#8221;][\/vc_column_inner][vc_column_inner width=&#8221;1\/4&#8243;][vc_single_image image=&#8221;911&#8243; img_size=&#8221;large&#8221; alignment=&#8221;center&#8221; onclick=&#8221;link_image&#8221; title=&#8221;GNP18&#8243; el_class=&#8221;image_text&#8221;][\/vc_column_inner][\/vc_row_inner][vc_row_inner css=&#8221;.vc_custom_1485607271454{padding-right: 12% !important;padding-left: 12% !important;}&#8221;][vc_column_inner][vc_toggle title=&#8221;Product description (expand\/collapse)&#8221; style=&#8221;simple&#8221; color=&#8221;green&#8221; size=&#8221;lg&#8221; el_id=&#8221;1552398884226-c817bf0c-f9c6&#8243;]<span style=\"font-size: 14pt;\">The GNP18 base is used to connect the OSD23 detector to a typical (conventional) fire protection system. In addition to the proper power supply of the detector, the GNP18 socket enables the connection of an external alarm indicator and allows for easy disconnection of the detector from the place of installation for service purposes &#8211; cleaning.<\/p>\n<p><\/span>[\/vc_toggle][vc_toggle title=&#8221;The principle of operation (expand\/collapse)&#8221; style=&#8221;simple&#8221; color=&#8221;green&#8221; size=&#8221;lg&#8221; el_id=&#8221;1552398938897-69588353-3db9&#8243;]<span style=\"font-size: 14pt;\">The GNP18 base is used to connect the OSD23 detector to a typical fire protection system. In addition to the proper power supply of the detector, the GNP18 socket enables the connection of an external alarm indicator and allows for easy disconnection of the detector from the place of installation for service purposes &#8211; cleaning.<\/p>\n<p><\/span><\/p>\n<p>Before screwing the OSD23 detector into the GNP18 socket, pay attention to the existing lock protecting against unauthorized removal of the detector from the socket. In order to remove the blockage, break the tab (hook) in the socket&#8217;s plastic housing (see socket drawing below).<\/p>\n<p>Unscrewing the lock-protected detector in the base requires the use of a key and consists in inserting the key into a special hole on the periphery of the detector, gripping the detector with the hand in such a way that pressing the hand against the detector causes the key to be inserted as far as it will go (to the bottom surface of the detector), and then, turning the detector , pull it out of the slot.<\/p>\n<p>The manufacturer does not provide for any special maintenance activities. Depending on the operating conditions of the device, you can periodically check the condition of screw connections (loose terminals). Maintenance works should be carried out with the supply voltage switched off and the power supplying devices via the relay switched off.<\/p>\n<p>The GNP 18 socket is a plastic element equipped with connectors for connecting the OSD 23 detector. It is adapted for mounting on the ceiling using e.g. wall plugs spaced 90mm apart. The housing is equipped with a mechanical lock &#8211; a plastic latch &#8211; which makes it impossible to remove the OSD 23 detector from the base without using a key. Resignation from the lock consists in breaking the plastic latch before screwing in the detector.[\/vc_toggle][vc_toggle title=&#8221;Dane techniczne (rozwi\u0144\/zwi\u0144)&#8221; style=&#8221;simple&#8221; color=&#8221;green&#8221; size=&#8221;lg&#8221; el_id=&#8221;1552398975898-a0e393cd-1188&#8243;]<\/p>\n<div class=\"row vc_row wpb_row vc_inner vc_row-fluid vc_custom_1485609660272\">\n<div class=\"wpb_column vc_column_container vc_col-sm-12 vc_col-has-fill\">\n<div class=\"vc_column-inner vc_custom_1485606795783\">\n<div class=\"wpb_wrapper\">\n<div class=\"wpb_raw_code wpb_content_element wpb_raw_html\">\n<div class=\"wpb_wrapper\">\n<div class=\"tg-wrap\">\n<table border=\"0\">\n<tbody>\n<tr>\n<td><span style=\"font-size: 14pt;\">Supply voltage<\/span><\/td>\n<td align=\"right\"><span style=\"font-size: 14pt;\">12-30V DC<\/span><\/td>\n<\/tr>\n<tr>\n<td><span style=\"font-size: 14pt;\">Working temperature<\/span><\/td>\n<td align=\"right\"><span style=\"font-size: 14pt;\">-25\u00b0C to +55\u00b0C<\/span><\/td>\n<\/tr>\n<tr>\n<td><span style=\"font-size: 14pt;\">Dimensions &#8211; diameter &#8211; height<\/span><\/td>\n<td align=\"right\"><span style=\"font-size: 14pt;\">102mm 21mm<\/span><\/td>\n<\/tr>\n<tr>\n<td><span style=\"font-size: 14pt;\">Weight<\/span><\/td>\n<td align=\"right\"><span style=\"font-size: 14pt;\">47g<\/span><\/td>\n<\/tr>\n<\/tbody>\n<\/table>\n<\/div>\n<\/div>\n<\/div>\n<\/div>\n<\/div>\n<\/div>\n<\/div>\n<p>[\/vc_toggle][vc_toggle title=&#8221;Files and documents (expand\/collapse)&#8221; style=&#8221;simple&#8221; color=&#8221;green&#8221; size=&#8221;lg&#8221; el_id=&#8221;1552399010045-ae5515d9-97e4&#8243;]<\/p>\n<ol>\n<li><span style=\"font-size: 14pt;\"><img decoding=\"async\" src=\"https:\/\/lep.pl\/wp-content\/uploads\/2017\/01\/ic_done.png\" width=\"20\" height=\"20\" \/> <a href=\"https:\/\/lep.pl\/files\/file\/PL\/KK\/23-gnp18-kk-080606.pdf\">GNP18 &#8211; karta katalogowa<\/a><\/span><\/li>\n<li><span style=\"font-size: 14pt;\"><img decoding=\"async\" src=\"https:\/\/lep.pl\/wp-content\/uploads\/2017\/01\/ic_done.png\" width=\"20\" height=\"20\" \/> <a href=\"https:\/\/lep.pl\/files\/file\/PL\/IO\/23-gnp18-iot-140505.pdf\">GNP18 &#8211; instrukcja obs\u0142ugi<\/a><\/span><\/li>\n<li><span style=\"font-size: 14pt;\"><img decoding=\"async\" src=\"https:\/\/lep.pl\/wp-content\/uploads\/2017\/01\/ic_done.png\" width=\"20\" height=\"20\" \/> <a href=\"https:\/\/lep.pl\/files\/file\/PL\/CE\/23-gnp18-ce-091214.pdf\">GNP18 &#8211; Deklaracja zgodno\u015bci<\/a><\/span><\/li>\n<li><span style=\"font-size: 14pt;\"><img decoding=\"async\" src=\"https:\/\/lep.pl\/wp-content\/uploads\/2017\/01\/ic_done.png\" width=\"20\" height=\"20\" \/> <a href=\"https:\/\/lep.pl\/files\/file\/PL\/IO\/53-osd23-iot-170127-pl.pdf\">OSD23 &#8211; instrukcja obs\u0142ugi, informacja techniczna<\/a><\/span><\/li>\n<\/ol>\n<p>[\/vc_toggle][\/vc_column_inner][\/vc_row_inner][\/vc_column][\/vc_row][vc_row content_placement=&#8221;top&#8221; css=&#8221;.vc_custom_1552399122346{background-position: center !important;background-repeat: no-repeat !important;background-size: cover !important;}&#8221;][vc_column][vc_row_inner css=&#8221;.vc_custom_1485612616667{padding-top: 6% !important;padding-right: 12% !important;padding-bottom: 6% !important;padding-left: 12% !important;}&#8221;][vc_column_inner width=&#8221;1\/4&#8243;][vc_column_text]<a href=\"mailto:biuro@lep.pl\">biuro@lep.pl<\/a>[\/vc_column_text][\/vc_column_inner][vc_column_inner width=&#8221;1\/4&#8243;][vc_column_text](32) 754 54 54<br \/>\n(32) 754 54 55[\/vc_column_text][\/vc_column_inner][vc_column_inner width=&#8221;1\/4&#8243;][vc_column_text]<a href=\"https:\/\/goo.gl\/maps\/2HeA81byii52\" target=\"_blank\" rel=\"noopener noreferrer\">Wsp\u00f3lna 9, <\/a><a href=\"https:\/\/goo.gl\/maps\/2HeA81byii52\">32-300, Olkusz<br \/>\n<\/a>NIP: 637-010-87-21[\/vc_column_text][\/vc_column_inner][vc_column_inner width=&#8221;1\/4&#8243;][\/vc_column_inner][\/vc_row_inner][\/vc_column][\/vc_row]<\/p>\n<\/div>","protected":false},"excerpt":{"rendered":"<p>[vc_row css=&#8221;.vc_custom_1552398868258{background-position: center !important;background-repeat: no-repeat !important;background-size: cover !important;}&#8221;][vc_column][vc_row_inner css=&#8221;.vc_custom_1552398874874{padding-top: 3% !important;padding-right: 12% !important;padding-left: 12% !important;}&#8221;][vc_column_inner width=&#8221;1\/2&#8243;][vc_column_text] GNP18 base for conventional fire protection systems [\/vc_column_text][\/vc_column_inner][vc_column_inner width=&#8221;1\/4&#8243;][vc_single_image image=&#8221;912&#8243; img_size=&#8221;large&#8221; alignment=&#8221;center&#8221; onclick=&#8221;link_image&#8221; title=&#8221;GNP18&#8243; el_class=&#8221;image_text&#8221;][\/vc_column_inner][vc_column_inner width=&#8221;1\/4&#8243;][vc_single_image image=&#8221;911&#8243; img_size=&#8221;large&#8221; alignment=&#8221;center&#8221; onclick=&#8221;link_image&#8221; title=&#8221;GNP18&#8243; el_class=&#8221;image_text&#8221;][\/vc_column_inner][\/vc_row_inner][vc_row_inner css=&#8221;.vc_custom_1485607271454{padding-right: 12% !important;padding-left: 12% !important;}&#8221;][vc_column_inner][vc_toggle title=&#8221;Product description (expand\/collapse)&#8221; style=&#8221;simple&#8221; color=&#8221;green&#8221; size=&#8221;lg&#8221; el_id=&#8221;1552398884226-c817bf0c-f9c6&#8243;]The GNP18 base is used to [&hellip;]<\/p>\n","protected":false},"author":5,"featured_media":0,"parent":3129,"menu_order":0,"comment_status":"closed","ping_status":"closed","template":"page-full-width.php","meta":{"footnotes":""},"class_list":["post-3310","page","type-page","status-publish","hentry"],"yoast_head":"<!-- This site is optimized with the Yoast SEO plugin v27.3 - https:\/\/yoast.com\/product\/yoast-seo-wordpress\/ -->\n<title>gniazdo GNP18 | LEP - producent elektroniki ppo\u017c<\/title>\n<meta name=\"description\" content=\"Gniazdo GNP18 s\u0142u\u017cy do pod\u0142\u0105czenia czujki OSD 23 do typowego systemu przeciwpo\u017carowego (konwencjonalnego) wraz z opcjonalnym wska\u017anikiem zadzia\u0142ania\" \/>\n<meta name=\"robots\" content=\"index, follow, max-snippet:-1, max-image-preview:large, max-video-preview:-1\" \/>\n<link rel=\"canonical\" href=\"https:\/\/lep.pl\/index.php\/en\/welcome\/gnp18-base-for-conventional-fire-protection-systems\/\" \/>\n<meta property=\"og:locale\" content=\"pl_PL\" \/>\n<meta property=\"og:type\" content=\"article\" \/>\n<meta property=\"og:title\" content=\"gniazdo GNP18 | LEP - producent elektroniki ppo\u017c\" \/>\n<meta property=\"og:description\" content=\"Gniazdo GNP18 s\u0142u\u017cy do pod\u0142\u0105czenia czujki OSD 23 do typowego systemu przeciwpo\u017carowego (konwencjonalnego) wraz z opcjonalnym wska\u017anikiem zadzia\u0142ania\" \/>\n<meta property=\"og:url\" content=\"https:\/\/lep.pl\/index.php\/en\/welcome\/gnp18-base-for-conventional-fire-protection-systems\/\" \/>\n<meta property=\"og:site_name\" content=\"LEP\" \/>\n<meta property=\"article:modified_time\" content=\"2023-01-04T12:53:32+00:00\" \/>\n<meta property=\"og:image\" content=\"http:\/\/lep.pl\/wp-content\/uploads\/2017\/01\/ic_done.png\" \/>\n<meta name=\"twitter:card\" content=\"summary_large_image\" \/>\n<meta name=\"twitter:label1\" content=\"Szacowany czas czytania\" \/>\n\t<meta name=\"twitter:data1\" content=\"4 minuty\" \/>\n<script type=\"application\/ld+json\" class=\"yoast-schema-graph\">{\"@context\":\"https:\\\/\\\/schema.org\",\"@graph\":[{\"@type\":\"WebPage\",\"@id\":\"https:\\\/\\\/lep.pl\\\/index.php\\\/en\\\/welcome\\\/gnp18-base-for-conventional-fire-protection-systems\\\/\",\"url\":\"https:\\\/\\\/lep.pl\\\/index.php\\\/en\\\/welcome\\\/gnp18-base-for-conventional-fire-protection-systems\\\/\",\"name\":\"gniazdo GNP18 | LEP - producent elektroniki ppo\u017c\",\"isPartOf\":{\"@id\":\"https:\\\/\\\/lep.pl\\\/#website\"},\"primaryImageOfPage\":{\"@id\":\"https:\\\/\\\/lep.pl\\\/index.php\\\/en\\\/welcome\\\/gnp18-base-for-conventional-fire-protection-systems\\\/#primaryimage\"},\"image\":{\"@id\":\"https:\\\/\\\/lep.pl\\\/index.php\\\/en\\\/welcome\\\/gnp18-base-for-conventional-fire-protection-systems\\\/#primaryimage\"},\"thumbnailUrl\":\"http:\\\/\\\/lep.pl\\\/wp-content\\\/uploads\\\/2017\\\/01\\\/ic_done.png\",\"datePublished\":\"2023-01-04T11:51:31+00:00\",\"dateModified\":\"2023-01-04T12:53:32+00:00\",\"description\":\"Gniazdo GNP18 s\u0142u\u017cy do pod\u0142\u0105czenia czujki OSD 23 do typowego systemu przeciwpo\u017carowego (konwencjonalnego) wraz z opcjonalnym wska\u017anikiem zadzia\u0142ania\",\"breadcrumb\":{\"@id\":\"https:\\\/\\\/lep.pl\\\/index.php\\\/en\\\/welcome\\\/gnp18-base-for-conventional-fire-protection-systems\\\/#breadcrumb\"},\"inLanguage\":\"pl-PL\",\"potentialAction\":[{\"@type\":\"ReadAction\",\"target\":[\"https:\\\/\\\/lep.pl\\\/index.php\\\/en\\\/welcome\\\/gnp18-base-for-conventional-fire-protection-systems\\\/\"]}]},{\"@type\":\"ImageObject\",\"inLanguage\":\"pl-PL\",\"@id\":\"https:\\\/\\\/lep.pl\\\/index.php\\\/en\\\/welcome\\\/gnp18-base-for-conventional-fire-protection-systems\\\/#primaryimage\",\"url\":\"http:\\\/\\\/lep.pl\\\/wp-content\\\/uploads\\\/2017\\\/01\\\/ic_done.png\",\"contentUrl\":\"http:\\\/\\\/lep.pl\\\/wp-content\\\/uploads\\\/2017\\\/01\\\/ic_done.png\"},{\"@type\":\"BreadcrumbList\",\"@id\":\"https:\\\/\\\/lep.pl\\\/index.php\\\/en\\\/welcome\\\/gnp18-base-for-conventional-fire-protection-systems\\\/#breadcrumb\",\"itemListElement\":[{\"@type\":\"ListItem\",\"position\":1,\"name\":\"Strona g\u0142\u00f3wna\",\"item\":\"https:\\\/\\\/lep.pl\\\/\"},{\"@type\":\"ListItem\",\"position\":2,\"name\":\"Welcome\",\"item\":\"https:\\\/\\\/lep.pl\\\/index.php\\\/en\\\/welcome\\\/\"},{\"@type\":\"ListItem\",\"position\":3,\"name\":\"GNP18 base for conventional fire protection systems\"}]},{\"@type\":\"WebSite\",\"@id\":\"https:\\\/\\\/lep.pl\\\/#website\",\"url\":\"https:\\\/\\\/lep.pl\\\/\",\"name\":\"LEP\",\"description\":\"- centrale PPO\u017b, czujniki dymu i zasilacze\",\"publisher\":{\"@id\":\"https:\\\/\\\/lep.pl\\\/#organization\"},\"potentialAction\":[{\"@type\":\"SearchAction\",\"target\":{\"@type\":\"EntryPoint\",\"urlTemplate\":\"https:\\\/\\\/lep.pl\\\/?s={search_term_string}\"},\"query-input\":{\"@type\":\"PropertyValueSpecification\",\"valueRequired\":true,\"valueName\":\"search_term_string\"}}],\"inLanguage\":\"pl-PL\"},{\"@type\":\"Organization\",\"@id\":\"https:\\\/\\\/lep.pl\\\/#organization\",\"name\":\"Lep\",\"url\":\"https:\\\/\\\/lep.pl\\\/\",\"logo\":{\"@type\":\"ImageObject\",\"inLanguage\":\"pl-PL\",\"@id\":\"https:\\\/\\\/lep.pl\\\/#\\\/schema\\\/logo\\\/image\\\/\",\"url\":\"https:\\\/\\\/lep.pl\\\/wp-content\\\/uploads\\\/2017\\\/04\\\/logo@1x.png\",\"contentUrl\":\"https:\\\/\\\/lep.pl\\\/wp-content\\\/uploads\\\/2017\\\/04\\\/logo@1x.png\",\"width\":400,\"height\":54,\"caption\":\"Lep\"},\"image\":{\"@id\":\"https:\\\/\\\/lep.pl\\\/#\\\/schema\\\/logo\\\/image\\\/\"}}]}<\/script>\n<!-- \/ Yoast SEO plugin. -->","yoast_head_json":{"title":"gniazdo GNP18 | LEP - producent elektroniki ppo\u017c","description":"Gniazdo GNP18 s\u0142u\u017cy do pod\u0142\u0105czenia czujki OSD 23 do typowego systemu przeciwpo\u017carowego (konwencjonalnego) wraz z opcjonalnym wska\u017anikiem zadzia\u0142ania","robots":{"index":"index","follow":"follow","max-snippet":"max-snippet:-1","max-image-preview":"max-image-preview:large","max-video-preview":"max-video-preview:-1"},"canonical":"https:\/\/lep.pl\/index.php\/en\/welcome\/gnp18-base-for-conventional-fire-protection-systems\/","og_locale":"pl_PL","og_type":"article","og_title":"gniazdo GNP18 | LEP - producent elektroniki ppo\u017c","og_description":"Gniazdo GNP18 s\u0142u\u017cy do pod\u0142\u0105czenia czujki OSD 23 do typowego systemu przeciwpo\u017carowego (konwencjonalnego) wraz z opcjonalnym wska\u017anikiem zadzia\u0142ania","og_url":"https:\/\/lep.pl\/index.php\/en\/welcome\/gnp18-base-for-conventional-fire-protection-systems\/","og_site_name":"LEP","article_modified_time":"2023-01-04T12:53:32+00:00","og_image":[{"url":"http:\/\/lep.pl\/wp-content\/uploads\/2017\/01\/ic_done.png","type":"","width":"","height":""}],"twitter_card":"summary_large_image","twitter_misc":{"Szacowany czas czytania":"4 minuty"},"schema":{"@context":"https:\/\/schema.org","@graph":[{"@type":"WebPage","@id":"https:\/\/lep.pl\/index.php\/en\/welcome\/gnp18-base-for-conventional-fire-protection-systems\/","url":"https:\/\/lep.pl\/index.php\/en\/welcome\/gnp18-base-for-conventional-fire-protection-systems\/","name":"gniazdo GNP18 | LEP - producent elektroniki ppo\u017c","isPartOf":{"@id":"https:\/\/lep.pl\/#website"},"primaryImageOfPage":{"@id":"https:\/\/lep.pl\/index.php\/en\/welcome\/gnp18-base-for-conventional-fire-protection-systems\/#primaryimage"},"image":{"@id":"https:\/\/lep.pl\/index.php\/en\/welcome\/gnp18-base-for-conventional-fire-protection-systems\/#primaryimage"},"thumbnailUrl":"http:\/\/lep.pl\/wp-content\/uploads\/2017\/01\/ic_done.png","datePublished":"2023-01-04T11:51:31+00:00","dateModified":"2023-01-04T12:53:32+00:00","description":"Gniazdo GNP18 s\u0142u\u017cy do pod\u0142\u0105czenia czujki OSD 23 do typowego systemu przeciwpo\u017carowego (konwencjonalnego) wraz z opcjonalnym wska\u017anikiem zadzia\u0142ania","breadcrumb":{"@id":"https:\/\/lep.pl\/index.php\/en\/welcome\/gnp18-base-for-conventional-fire-protection-systems\/#breadcrumb"},"inLanguage":"pl-PL","potentialAction":[{"@type":"ReadAction","target":["https:\/\/lep.pl\/index.php\/en\/welcome\/gnp18-base-for-conventional-fire-protection-systems\/"]}]},{"@type":"ImageObject","inLanguage":"pl-PL","@id":"https:\/\/lep.pl\/index.php\/en\/welcome\/gnp18-base-for-conventional-fire-protection-systems\/#primaryimage","url":"http:\/\/lep.pl\/wp-content\/uploads\/2017\/01\/ic_done.png","contentUrl":"http:\/\/lep.pl\/wp-content\/uploads\/2017\/01\/ic_done.png"},{"@type":"BreadcrumbList","@id":"https:\/\/lep.pl\/index.php\/en\/welcome\/gnp18-base-for-conventional-fire-protection-systems\/#breadcrumb","itemListElement":[{"@type":"ListItem","position":1,"name":"Strona g\u0142\u00f3wna","item":"https:\/\/lep.pl\/"},{"@type":"ListItem","position":2,"name":"Welcome","item":"https:\/\/lep.pl\/index.php\/en\/welcome\/"},{"@type":"ListItem","position":3,"name":"GNP18 base for conventional fire protection systems"}]},{"@type":"WebSite","@id":"https:\/\/lep.pl\/#website","url":"https:\/\/lep.pl\/","name":"LEP","description":"- centrale PPO\u017b, czujniki dymu i zasilacze","publisher":{"@id":"https:\/\/lep.pl\/#organization"},"potentialAction":[{"@type":"SearchAction","target":{"@type":"EntryPoint","urlTemplate":"https:\/\/lep.pl\/?s={search_term_string}"},"query-input":{"@type":"PropertyValueSpecification","valueRequired":true,"valueName":"search_term_string"}}],"inLanguage":"pl-PL"},{"@type":"Organization","@id":"https:\/\/lep.pl\/#organization","name":"Lep","url":"https:\/\/lep.pl\/","logo":{"@type":"ImageObject","inLanguage":"pl-PL","@id":"https:\/\/lep.pl\/#\/schema\/logo\/image\/","url":"https:\/\/lep.pl\/wp-content\/uploads\/2017\/04\/logo@1x.png","contentUrl":"https:\/\/lep.pl\/wp-content\/uploads\/2017\/04\/logo@1x.png","width":400,"height":54,"caption":"Lep"},"image":{"@id":"https:\/\/lep.pl\/#\/schema\/logo\/image\/"}}]}},"_links":{"self":[{"href":"https:\/\/lep.pl\/index.php\/wp-json\/wp\/v2\/pages\/3310","targetHints":{"allow":["GET"]}}],"collection":[{"href":"https:\/\/lep.pl\/index.php\/wp-json\/wp\/v2\/pages"}],"about":[{"href":"https:\/\/lep.pl\/index.php\/wp-json\/wp\/v2\/types\/page"}],"author":[{"embeddable":true,"href":"https:\/\/lep.pl\/index.php\/wp-json\/wp\/v2\/users\/5"}],"replies":[{"embeddable":true,"href":"https:\/\/lep.pl\/index.php\/wp-json\/wp\/v2\/comments?post=3310"}],"version-history":[{"count":6,"href":"https:\/\/lep.pl\/index.php\/wp-json\/wp\/v2\/pages\/3310\/revisions"}],"predecessor-version":[{"id":3315,"href":"https:\/\/lep.pl\/index.php\/wp-json\/wp\/v2\/pages\/3310\/revisions\/3315"}],"up":[{"embeddable":true,"href":"https:\/\/lep.pl\/index.php\/wp-json\/wp\/v2\/pages\/3129"}],"wp:attachment":[{"href":"https:\/\/lep.pl\/index.php\/wp-json\/wp\/v2\/media?parent=3310"}],"curies":[{"name":"wp","href":"https:\/\/api.w.org\/{rel}","templated":true}]}}