{"id":3300,"date":"2023-01-04T10:15:43","date_gmt":"2023-01-04T10:15:43","guid":{"rendered":"https:\/\/lep.pl\/?page_id=3300"},"modified":"2023-01-04T11:17:46","modified_gmt":"2023-01-04T11:17:46","slug":"rop42-manual-call-point","status":"publish","type":"page","link":"https:\/\/lep.pl\/index.php\/en\/welcome\/rop42-manual-call-point\/","title":{"rendered":"ROP42 manual call point"},"content":{"rendered":"<div class=\"wpb-content-wrapper\"><p>[vc_row css=&#8221;.vc_custom_1552398563232{background-position: center !important;background-repeat: no-repeat !important;background-size: cover !important;}&#8221;][vc_column][vc_row_inner css=&#8221;.vc_custom_1552398569359{padding-top: 3% !important;padding-right: 12% !important;padding-left: 12% !important;}&#8221;][vc_column_inner width=&#8221;1\/2&#8243;][vc_column_text]<\/p>\n<h1><strong>ROP42<\/strong><br \/>\nmanual call point<\/h1>\n<p>[\/vc_column_text][\/vc_column_inner][vc_column_inner width=&#8221;1\/4&#8243;][vc_single_image image=&#8221;946&#8243; img_size=&#8221;large&#8221; alignment=&#8221;center&#8221; onclick=&#8221;link_image&#8221; title=&#8221;ROP42&#8243; el_class=&#8221;image_text&#8221;][\/vc_column_inner][vc_column_inner width=&#8221;1\/4&#8243;][vc_single_image image=&#8221;945&#8243; img_size=&#8221;large&#8221; alignment=&#8221;center&#8221; onclick=&#8221;link_image&#8221; title=&#8221;ROP42&#8243; el_class=&#8221;image_text&#8221;][\/vc_column_inner][\/vc_row_inner][vc_row_inner css=&#8221;.vc_custom_1485607271454{padding-right: 12% !important;padding-left: 12% !important;}&#8221;][vc_column_inner][vc_toggle title=&#8221;Product description (expand\/collapse)&#8221; style=&#8221;simple&#8221; color=&#8221;green&#8221; size=&#8221;lg&#8221; el_id=&#8221;1552398160064-01bf1626-43da&#8221;]<span style=\"font-size: 14pt;\">The ROP42 manual call point equipped with the MAR42 module is designed to trigger an alarm by a person who has noticed a fire. ROP42 works in the detection line of the AFS42 control panel. Includes short-circuit isolator.<\/span>[\/vc_toggle][vc_toggle title=&#8221;The principle of operation&#8221; style=&#8221;simple&#8221; color=&#8221;green&#8221; size=&#8221;lg&#8221; el_id=&#8221;1552398198181-5746a266-56f9&#8243;]<span style=\"font-size: 14pt;\">Two ROP42 states are recognizable for the MAR42 electronic system: its absence and the alarm state. The MAR42 module has a coded unique address in a given AFS42 system &#8211; from 00 to 99. The AFS42 control panel &#8222;inquires&#8221; three times a second each ROP42 warning device connected to it, receiving in response all operating states and based on them makes decisions resulting from the system configuration. Breaking the glass, and thus pressing the button in the ROP42 call point, causes the sending of an alarm signal, which is treated by the AFS42 control panel as a 1st stage alarm. The ROP42 has a short-circuit isolator system implemented on the printed circuit board MAR42. The status of the isolator is not transferred to the control panel when polling the socket, while the control panel is able to locate which ROP42s have open isolators, based on the information of one-sided ROP42 responses in the loop line. ROP42, where the insulator is open, is powered and &#8222;seen&#8221; by the control panel from the side where there is no short-circuit.<\/span>[\/vc_toggle][vc_toggle title=&#8221;Technical data (expand\/collapse)&#8221; style=&#8221;simple&#8221; color=&#8221;green&#8221; size=&#8221;lg&#8221; el_id=&#8221;1552398255546-8f476a16-6aa1&#8243;]<\/p>\n<table border=\"0\">\n<tbody>\n<tr>\n<td><span style=\"font-size: 14pt;\">Type of linear element<\/span><\/td>\n<td align=\"right\"><span style=\"font-size: 14pt;\">addressable with built-in short-circuit isolator<\/span><\/td>\n<\/tr>\n<tr>\n<td><span style=\"font-size: 14pt;\">Supply voltage<\/span><\/td>\n<td align=\"right\"><span style=\"font-size: 14pt;\">20V (from 12V to 30V)<\/span><\/td>\n<\/tr>\n<tr>\n<td><span style=\"font-size: 14pt;\">Power consumption<\/span><\/td>\n<td align=\"right\"><span style=\"font-size: 14pt;\">400uA<\/span><\/td>\n<\/tr>\n<tr>\n<td><span style=\"font-size: 14pt;\">Cooperation with the fire alarm control panel<\/span><\/td>\n<td align=\"right\"><span style=\"font-size: 14pt;\">AFS42<\/span><\/td>\n<\/tr>\n<tr>\n<td><span style=\"font-size: 14pt;\">The principle of operation of the insulator<\/span><\/td>\n<td align=\"right\"><span style=\"font-size: 14pt;\">two-way automatic voltage<\/span><\/td>\n<\/tr>\n<tr>\n<td><span style=\"font-size: 14pt;\">Cut-off voltage<\/span><\/td>\n<td align=\"right\"><span style=\"font-size: 14pt;\">6V<\/span><\/td>\n<\/tr>\n<tr>\n<td><span style=\"font-size: 14pt;\">Inserted series resistance<\/span><\/td>\n<td align=\"right\"><span style=\"font-size: 14pt;\">0,04Ohm<\/span><\/td>\n<\/tr>\n<tr>\n<td><span style=\"font-size: 14pt;\">Type of transmission to the control panel<\/span><\/td>\n<td align=\"right\"><span style=\"font-size: 14pt;\">digital<\/span><\/td>\n<\/tr>\n<tr>\n<td><span style=\"font-size: 14pt;\">Protection against reverse power polarity<\/span><\/td>\n<td align=\"right\"><span style=\"font-size: 14pt;\">yes<\/span><\/td>\n<\/tr>\n<tr>\n<td><span style=\"font-size: 14pt;\">Line fault response time<\/span><\/td>\n<td align=\"right\"><span style=\"font-size: 14pt;\">10 ms<\/span><\/td>\n<\/tr>\n<tr>\n<td><span style=\"font-size: 14pt;\">ROP dimentions<\/span><\/td>\n<td align=\"right\"><span style=\"font-size: 14pt;\">88 x 88 x 52 mm<\/span><\/td>\n<\/tr>\n<tr>\n<td><span style=\"font-size: 14pt;\">Housing materialROPa<\/span><\/td>\n<td align=\"right\"><span style=\"font-size: 14pt;\">red ABS<\/span><\/td>\n<\/tr>\n<tr>\n<td><span style=\"font-size: 14pt;\">Level of security<\/span><\/td>\n<td align=\"right\"><span style=\"font-size: 14pt;\">ROP is adequately protected against water ingress<\/span><\/td>\n<\/tr>\n<tr>\n<td><span style=\"font-size: 14pt;\">Operating temperature range<\/span><\/td>\n<td align=\"right\"><span style=\"font-size: 14pt;\">from -10 to +55C<\/span><\/td>\n<\/tr>\n<tr>\n<td><span style=\"font-size: 14pt;\">Storage temperature range<\/span><\/td>\n<td align=\"right\"><span style=\"font-size: 14pt;\">from -25 to +55C<\/span><\/td>\n<\/tr>\n<tr>\n<td><span style=\"font-size: 14pt;\">Relative humidity<\/span><\/td>\n<td align=\"right\"><span style=\"font-size: 14pt;\">80%<\/span><\/td>\n<\/tr>\n<\/tbody>\n<\/table>\n<p>[\/vc_toggle][vc_toggle title=&#8221;Files and documents (expand\/collapse)&#8221; style=&#8221;simple&#8221; color=&#8221;green&#8221; size=&#8221;lg&#8221; el_id=&#8221;1552398286290-92301e37-ebfe&#8221;]<\/p>\n<ol>\n<li><span style=\"font-size: 14pt;\"><img decoding=\"async\" src=\"https:\/\/lep.pl\/wp-content\/uploads\/2017\/01\/ic_done.png\" width=\"20\" height=\"20\" \/> <a href=\"https:\/\/lep.pl\/files\/file\/PL\/KK\/42-rop42-kk-180824.pdf\">ROP42\u00a0 &#8211; karta katalogowa<\/a><\/span><\/li>\n<li><span style=\"font-size: 14pt;\"><img decoding=\"async\" src=\"https:\/\/lep.pl\/wp-content\/uploads\/2017\/01\/ic_done.png\" width=\"20\" height=\"20\" \/> <a href=\"https:\/\/lep.pl\/files\/file\/PL\/IO\/42-rop42-iot-180824-1.pdf\">ROP42 &#8211; instrukcja obs\u0142ugi, informacja techniczna<\/a><\/span><\/li>\n<li><span style=\"font-size: 14pt;\"><img decoding=\"async\" src=\"https:\/\/lep.pl\/wp-content\/uploads\/2017\/01\/ic_done.png\" width=\"20\" height=\"20\" \/> <a href=\"https:\/\/lep.pl\/files\/file\/PL\/CE\/rop42-ce-110512.pdf\">ROP42 &#8211; Certyfikat zgodno\u015bci EC<\/a><\/span><\/li>\n<li><span style=\"font-size: 14pt;\"><img decoding=\"async\" src=\"https:\/\/lep.pl\/wp-content\/uploads\/2017\/01\/ic_done.png\" width=\"20\" height=\"20\" \/> <a href=\"https:\/\/lep.pl\/files\/file\/PL\/CE\/rop42-ce-2-110512.pdf\">ROP42 &#8211; za\u0142\u0105cznik do Certyfikatu zgodno\u015bci<\/a><\/span><\/li>\n<li><span style=\"font-size: 14pt;\"><img decoding=\"async\" src=\"https:\/\/lep.pl\/wp-content\/uploads\/2017\/01\/ic_done.png\" width=\"20\" height=\"20\" \/> <a href=\"https:\/\/lep.pl\/files\/file\/PL\/CE\/42-rop42-sd-4243-210120.pdf\">ROP42\u00a0 &#8211; \u015awiadectwo dopuszczenia (dane techniczne)<\/a><\/span><\/li>\n<\/ol>\n<p>[\/vc_toggle][\/vc_column_inner][\/vc_row_inner][\/vc_column][\/vc_row][vc_row content_placement=&#8221;top&#8221; css=&#8221;.vc_custom_1552398582822{background-position: center !important;background-repeat: no-repeat !important;background-size: cover !important;}&#8221;][vc_column][vc_row_inner css=&#8221;.vc_custom_1485612616667{padding-top: 6% !important;padding-right: 12% !important;padding-bottom: 6% !important;padding-left: 12% !important;}&#8221;][vc_column_inner width=&#8221;1\/4&#8243;][vc_column_text]<a href=\"mailto:biuro@lep.pl\">biuro@lep.pl<\/a>[\/vc_column_text][\/vc_column_inner][vc_column_inner width=&#8221;1\/4&#8243;][vc_column_text](32) 754 54 54<br \/>\n(32) 754 54 55[\/vc_column_text][\/vc_column_inner][vc_column_inner width=&#8221;1\/4&#8243;][vc_column_text]<a href=\"https:\/\/goo.gl\/maps\/2HeA81byii52\" target=\"_blank\" rel=\"noopener noreferrer\">Wsp\u00f3lna 9, <\/a><a href=\"https:\/\/goo.gl\/maps\/2HeA81byii52\">32-300, Olkusz<br \/>\n<\/a>NIP: 637-010-87-21[\/vc_column_text][\/vc_column_inner][vc_column_inner width=&#8221;1\/4&#8243;][\/vc_column_inner][\/vc_row_inner][\/vc_column][\/vc_row]<\/p>\n<\/div>","protected":false},"excerpt":{"rendered":"<p>[vc_row css=&#8221;.vc_custom_1552398563232{background-position: center !important;background-repeat: no-repeat !important;background-size: cover !important;}&#8221;][vc_column][vc_row_inner css=&#8221;.vc_custom_1552398569359{padding-top: 3% !important;padding-right: 12% !important;padding-left: 12% !important;}&#8221;][vc_column_inner width=&#8221;1\/2&#8243;][vc_column_text] ROP42 manual call point [\/vc_column_text][\/vc_column_inner][vc_column_inner width=&#8221;1\/4&#8243;][vc_single_image image=&#8221;946&#8243; img_size=&#8221;large&#8221; alignment=&#8221;center&#8221; onclick=&#8221;link_image&#8221; title=&#8221;ROP42&#8243; el_class=&#8221;image_text&#8221;][\/vc_column_inner][vc_column_inner width=&#8221;1\/4&#8243;][vc_single_image image=&#8221;945&#8243; img_size=&#8221;large&#8221; alignment=&#8221;center&#8221; onclick=&#8221;link_image&#8221; title=&#8221;ROP42&#8243; el_class=&#8221;image_text&#8221;][\/vc_column_inner][\/vc_row_inner][vc_row_inner css=&#8221;.vc_custom_1485607271454{padding-right: 12% !important;padding-left: 12% !important;}&#8221;][vc_column_inner][vc_toggle title=&#8221;Product description (expand\/collapse)&#8221; style=&#8221;simple&#8221; color=&#8221;green&#8221; size=&#8221;lg&#8221; el_id=&#8221;1552398160064-01bf1626-43da&#8221;]The ROP42 manual call point equipped with the MAR42 [&hellip;]<\/p>\n","protected":false},"author":5,"featured_media":0,"parent":3129,"menu_order":0,"comment_status":"closed","ping_status":"closed","template":"page-full-width.php","meta":{"footnotes":""},"class_list":["post-3300","page","type-page","status-publish","hentry"],"yoast_head":"<!-- This site is optimized with the Yoast SEO plugin v27.3 - https:\/\/yoast.com\/product\/yoast-seo-wordpress\/ -->\n<title>R\u0119czny ostrzegacz po\u017carowy ROP42 | LEP - producent elektroniki ppo\u017c<\/title>\n<meta name=\"description\" content=\"R\u0119czny ostrzegacz po\u017carowy ROP42 z modu\u0142em MAR42 przeznaczony jest do wywo\u0142ywania alarmu przez osob\u0119, kt\u00f3ra zauwa\u017cy\u0142a po\u017car i pracuje w linii AFS42.\" \/>\n<meta name=\"robots\" content=\"index, follow, max-snippet:-1, max-image-preview:large, max-video-preview:-1\" \/>\n<link rel=\"canonical\" href=\"https:\/\/lep.pl\/index.php\/en\/welcome\/rop42-manual-call-point\/\" \/>\n<meta property=\"og:locale\" content=\"pl_PL\" \/>\n<meta property=\"og:type\" content=\"article\" \/>\n<meta property=\"og:title\" content=\"R\u0119czny ostrzegacz po\u017carowy ROP42 | LEP - producent elektroniki ppo\u017c\" \/>\n<meta property=\"og:description\" content=\"R\u0119czny ostrzegacz po\u017carowy ROP42 z modu\u0142em MAR42 przeznaczony jest do wywo\u0142ywania alarmu przez osob\u0119, kt\u00f3ra zauwa\u017cy\u0142a po\u017car i pracuje w linii AFS42.\" \/>\n<meta property=\"og:url\" content=\"https:\/\/lep.pl\/index.php\/en\/welcome\/rop42-manual-call-point\/\" \/>\n<meta property=\"og:site_name\" content=\"LEP\" \/>\n<meta property=\"article:modified_time\" content=\"2023-01-04T11:17:46+00:00\" \/>\n<meta property=\"og:image\" content=\"http:\/\/lep.pl\/wp-content\/uploads\/2017\/01\/ic_done.png\" \/>\n<meta name=\"twitter:card\" content=\"summary_large_image\" \/>\n<meta name=\"twitter:label1\" content=\"Szacowany czas czytania\" \/>\n\t<meta name=\"twitter:data1\" content=\"4 minuty\" \/>\n<script type=\"application\/ld+json\" class=\"yoast-schema-graph\">{\"@context\":\"https:\\\/\\\/schema.org\",\"@graph\":[{\"@type\":\"WebPage\",\"@id\":\"https:\\\/\\\/lep.pl\\\/index.php\\\/en\\\/welcome\\\/rop42-manual-call-point\\\/\",\"url\":\"https:\\\/\\\/lep.pl\\\/index.php\\\/en\\\/welcome\\\/rop42-manual-call-point\\\/\",\"name\":\"R\u0119czny ostrzegacz po\u017carowy ROP42 | LEP - producent elektroniki ppo\u017c\",\"isPartOf\":{\"@id\":\"https:\\\/\\\/lep.pl\\\/#website\"},\"primaryImageOfPage\":{\"@id\":\"https:\\\/\\\/lep.pl\\\/index.php\\\/en\\\/welcome\\\/rop42-manual-call-point\\\/#primaryimage\"},\"image\":{\"@id\":\"https:\\\/\\\/lep.pl\\\/index.php\\\/en\\\/welcome\\\/rop42-manual-call-point\\\/#primaryimage\"},\"thumbnailUrl\":\"http:\\\/\\\/lep.pl\\\/wp-content\\\/uploads\\\/2017\\\/01\\\/ic_done.png\",\"datePublished\":\"2023-01-04T10:15:43+00:00\",\"dateModified\":\"2023-01-04T11:17:46+00:00\",\"description\":\"R\u0119czny ostrzegacz po\u017carowy ROP42 z modu\u0142em MAR42 przeznaczony jest do wywo\u0142ywania alarmu przez osob\u0119, kt\u00f3ra zauwa\u017cy\u0142a po\u017car i pracuje w linii AFS42.\",\"breadcrumb\":{\"@id\":\"https:\\\/\\\/lep.pl\\\/index.php\\\/en\\\/welcome\\\/rop42-manual-call-point\\\/#breadcrumb\"},\"inLanguage\":\"pl-PL\",\"potentialAction\":[{\"@type\":\"ReadAction\",\"target\":[\"https:\\\/\\\/lep.pl\\\/index.php\\\/en\\\/welcome\\\/rop42-manual-call-point\\\/\"]}]},{\"@type\":\"ImageObject\",\"inLanguage\":\"pl-PL\",\"@id\":\"https:\\\/\\\/lep.pl\\\/index.php\\\/en\\\/welcome\\\/rop42-manual-call-point\\\/#primaryimage\",\"url\":\"http:\\\/\\\/lep.pl\\\/wp-content\\\/uploads\\\/2017\\\/01\\\/ic_done.png\",\"contentUrl\":\"http:\\\/\\\/lep.pl\\\/wp-content\\\/uploads\\\/2017\\\/01\\\/ic_done.png\"},{\"@type\":\"BreadcrumbList\",\"@id\":\"https:\\\/\\\/lep.pl\\\/index.php\\\/en\\\/welcome\\\/rop42-manual-call-point\\\/#breadcrumb\",\"itemListElement\":[{\"@type\":\"ListItem\",\"position\":1,\"name\":\"Strona g\u0142\u00f3wna\",\"item\":\"https:\\\/\\\/lep.pl\\\/\"},{\"@type\":\"ListItem\",\"position\":2,\"name\":\"Welcome\",\"item\":\"https:\\\/\\\/lep.pl\\\/index.php\\\/en\\\/welcome\\\/\"},{\"@type\":\"ListItem\",\"position\":3,\"name\":\"ROP42 manual call point\"}]},{\"@type\":\"WebSite\",\"@id\":\"https:\\\/\\\/lep.pl\\\/#website\",\"url\":\"https:\\\/\\\/lep.pl\\\/\",\"name\":\"LEP\",\"description\":\"- centrale PPO\u017b, czujniki dymu i zasilacze\",\"publisher\":{\"@id\":\"https:\\\/\\\/lep.pl\\\/#organization\"},\"potentialAction\":[{\"@type\":\"SearchAction\",\"target\":{\"@type\":\"EntryPoint\",\"urlTemplate\":\"https:\\\/\\\/lep.pl\\\/?s={search_term_string}\"},\"query-input\":{\"@type\":\"PropertyValueSpecification\",\"valueRequired\":true,\"valueName\":\"search_term_string\"}}],\"inLanguage\":\"pl-PL\"},{\"@type\":\"Organization\",\"@id\":\"https:\\\/\\\/lep.pl\\\/#organization\",\"name\":\"Lep\",\"url\":\"https:\\\/\\\/lep.pl\\\/\",\"logo\":{\"@type\":\"ImageObject\",\"inLanguage\":\"pl-PL\",\"@id\":\"https:\\\/\\\/lep.pl\\\/#\\\/schema\\\/logo\\\/image\\\/\",\"url\":\"https:\\\/\\\/lep.pl\\\/wp-content\\\/uploads\\\/2017\\\/04\\\/logo@1x.png\",\"contentUrl\":\"https:\\\/\\\/lep.pl\\\/wp-content\\\/uploads\\\/2017\\\/04\\\/logo@1x.png\",\"width\":400,\"height\":54,\"caption\":\"Lep\"},\"image\":{\"@id\":\"https:\\\/\\\/lep.pl\\\/#\\\/schema\\\/logo\\\/image\\\/\"}}]}<\/script>\n<!-- \/ Yoast SEO plugin. -->","yoast_head_json":{"title":"R\u0119czny ostrzegacz po\u017carowy ROP42 | LEP - producent elektroniki ppo\u017c","description":"R\u0119czny ostrzegacz po\u017carowy ROP42 z modu\u0142em MAR42 przeznaczony jest do wywo\u0142ywania alarmu przez osob\u0119, kt\u00f3ra zauwa\u017cy\u0142a po\u017car i pracuje w linii AFS42.","robots":{"index":"index","follow":"follow","max-snippet":"max-snippet:-1","max-image-preview":"max-image-preview:large","max-video-preview":"max-video-preview:-1"},"canonical":"https:\/\/lep.pl\/index.php\/en\/welcome\/rop42-manual-call-point\/","og_locale":"pl_PL","og_type":"article","og_title":"R\u0119czny ostrzegacz po\u017carowy ROP42 | LEP - producent elektroniki ppo\u017c","og_description":"R\u0119czny ostrzegacz po\u017carowy ROP42 z modu\u0142em MAR42 przeznaczony jest do wywo\u0142ywania alarmu przez osob\u0119, kt\u00f3ra zauwa\u017cy\u0142a po\u017car i pracuje w linii AFS42.","og_url":"https:\/\/lep.pl\/index.php\/en\/welcome\/rop42-manual-call-point\/","og_site_name":"LEP","article_modified_time":"2023-01-04T11:17:46+00:00","og_image":[{"url":"http:\/\/lep.pl\/wp-content\/uploads\/2017\/01\/ic_done.png","type":"","width":"","height":""}],"twitter_card":"summary_large_image","twitter_misc":{"Szacowany czas czytania":"4 minuty"},"schema":{"@context":"https:\/\/schema.org","@graph":[{"@type":"WebPage","@id":"https:\/\/lep.pl\/index.php\/en\/welcome\/rop42-manual-call-point\/","url":"https:\/\/lep.pl\/index.php\/en\/welcome\/rop42-manual-call-point\/","name":"R\u0119czny ostrzegacz po\u017carowy ROP42 | LEP - producent elektroniki ppo\u017c","isPartOf":{"@id":"https:\/\/lep.pl\/#website"},"primaryImageOfPage":{"@id":"https:\/\/lep.pl\/index.php\/en\/welcome\/rop42-manual-call-point\/#primaryimage"},"image":{"@id":"https:\/\/lep.pl\/index.php\/en\/welcome\/rop42-manual-call-point\/#primaryimage"},"thumbnailUrl":"http:\/\/lep.pl\/wp-content\/uploads\/2017\/01\/ic_done.png","datePublished":"2023-01-04T10:15:43+00:00","dateModified":"2023-01-04T11:17:46+00:00","description":"R\u0119czny ostrzegacz po\u017carowy ROP42 z modu\u0142em MAR42 przeznaczony jest do wywo\u0142ywania alarmu przez osob\u0119, kt\u00f3ra zauwa\u017cy\u0142a po\u017car i pracuje w linii AFS42.","breadcrumb":{"@id":"https:\/\/lep.pl\/index.php\/en\/welcome\/rop42-manual-call-point\/#breadcrumb"},"inLanguage":"pl-PL","potentialAction":[{"@type":"ReadAction","target":["https:\/\/lep.pl\/index.php\/en\/welcome\/rop42-manual-call-point\/"]}]},{"@type":"ImageObject","inLanguage":"pl-PL","@id":"https:\/\/lep.pl\/index.php\/en\/welcome\/rop42-manual-call-point\/#primaryimage","url":"http:\/\/lep.pl\/wp-content\/uploads\/2017\/01\/ic_done.png","contentUrl":"http:\/\/lep.pl\/wp-content\/uploads\/2017\/01\/ic_done.png"},{"@type":"BreadcrumbList","@id":"https:\/\/lep.pl\/index.php\/en\/welcome\/rop42-manual-call-point\/#breadcrumb","itemListElement":[{"@type":"ListItem","position":1,"name":"Strona g\u0142\u00f3wna","item":"https:\/\/lep.pl\/"},{"@type":"ListItem","position":2,"name":"Welcome","item":"https:\/\/lep.pl\/index.php\/en\/welcome\/"},{"@type":"ListItem","position":3,"name":"ROP42 manual call point"}]},{"@type":"WebSite","@id":"https:\/\/lep.pl\/#website","url":"https:\/\/lep.pl\/","name":"LEP","description":"- centrale PPO\u017b, czujniki dymu i zasilacze","publisher":{"@id":"https:\/\/lep.pl\/#organization"},"potentialAction":[{"@type":"SearchAction","target":{"@type":"EntryPoint","urlTemplate":"https:\/\/lep.pl\/?s={search_term_string}"},"query-input":{"@type":"PropertyValueSpecification","valueRequired":true,"valueName":"search_term_string"}}],"inLanguage":"pl-PL"},{"@type":"Organization","@id":"https:\/\/lep.pl\/#organization","name":"Lep","url":"https:\/\/lep.pl\/","logo":{"@type":"ImageObject","inLanguage":"pl-PL","@id":"https:\/\/lep.pl\/#\/schema\/logo\/image\/","url":"https:\/\/lep.pl\/wp-content\/uploads\/2017\/04\/logo@1x.png","contentUrl":"https:\/\/lep.pl\/wp-content\/uploads\/2017\/04\/logo@1x.png","width":400,"height":54,"caption":"Lep"},"image":{"@id":"https:\/\/lep.pl\/#\/schema\/logo\/image\/"}}]}},"_links":{"self":[{"href":"https:\/\/lep.pl\/index.php\/wp-json\/wp\/v2\/pages\/3300","targetHints":{"allow":["GET"]}}],"collection":[{"href":"https:\/\/lep.pl\/index.php\/wp-json\/wp\/v2\/pages"}],"about":[{"href":"https:\/\/lep.pl\/index.php\/wp-json\/wp\/v2\/types\/page"}],"author":[{"embeddable":true,"href":"https:\/\/lep.pl\/index.php\/wp-json\/wp\/v2\/users\/5"}],"replies":[{"embeddable":true,"href":"https:\/\/lep.pl\/index.php\/wp-json\/wp\/v2\/comments?post=3300"}],"version-history":[{"count":6,"href":"https:\/\/lep.pl\/index.php\/wp-json\/wp\/v2\/pages\/3300\/revisions"}],"predecessor-version":[{"id":3307,"href":"https:\/\/lep.pl\/index.php\/wp-json\/wp\/v2\/pages\/3300\/revisions\/3307"}],"up":[{"embeddable":true,"href":"https:\/\/lep.pl\/index.php\/wp-json\/wp\/v2\/pages\/3129"}],"wp:attachment":[{"href":"https:\/\/lep.pl\/index.php\/wp-json\/wp\/v2\/media?parent=3300"}],"curies":[{"name":"wp","href":"https:\/\/api.w.org\/{rel}","templated":true}]}}