{"id":3233,"date":"2022-10-13T09:38:38","date_gmt":"2022-10-13T09:38:38","guid":{"rendered":"https:\/\/lep.pl\/?page_id=3233"},"modified":"2022-10-13T10:18:17","modified_gmt":"2022-10-13T10:18:17","slug":"osd23-optical-smoke-detector","status":"publish","type":"page","link":"https:\/\/lep.pl\/index.php\/en\/welcome\/osd23-optical-smoke-detector\/","title":{"rendered":"OSD23 optical smoke detector"},"content":{"rendered":"<div class=\"wpb-content-wrapper\"><p>[vc_row css=&#8221;.vc_custom_1552396143441{background-position: center !important;background-repeat: no-repeat !important;background-size: cover !important;}&#8221;][vc_column][vc_row_inner css=&#8221;.vc_custom_1552396152087{padding-top: 3% !important;padding-right: 12% !important;padding-left: 12% !important;}&#8221;][vc_column_inner width=&#8221;1\/2&#8243;][vc_column_text]<\/p>\n<h1>OSD23<br \/>\noptical smoke detector<\/h1>\n<p>[\/vc_column_text][\/vc_column_inner][vc_column_inner width=&#8221;1\/4&#8243;][vc_single_image image=&#8221;2549&#8243; img_size=&#8221;large&#8221; alignment=&#8221;center&#8221; onclick=&#8221;link_image&#8221; title=&#8221;OSD23&#8243; alt=&#8221;centrala przeciwpo\u017carowa&#8221; el_class=&#8221;image_text&#8221;][\/vc_column_inner][vc_column_inner width=&#8221;1\/4&#8243;][vc_single_image image=&#8221;926&#8243; img_size=&#8221;large&#8221; alignment=&#8221;center&#8221; onclick=&#8221;link_image&#8221; title=&#8221;OSD23&#8243; alt=&#8221;centrala przeciwpo\u017carowa&#8221; el_class=&#8221;image_text&#8221;][\/vc_column_inner][\/vc_row_inner][vc_row_inner css=&#8221;.vc_custom_1552396156301{padding-right: 12% !important;padding-left: 12% !important;}&#8221;][vc_column_inner][vc_toggle title=&#8221;Product description (expand\/collapse)&#8221; style=&#8221;simple&#8221; color=&#8221;green&#8221; size=&#8221;lg&#8221; el_id=&#8221;1552396036647-46cb63e5-3fe7&#8243;]<span style=\"font-size: 14pt;\">The OSD23 optical smoke detector is designed to detect the presence of smoke in the air at the initial stage of a fire. The electrical parameters of the OSD23 detector enable it to be successfully used in fire alarm systems.<\/span><br \/>\n<span style=\"font-size: 14pt;\">The detector is designed to work in confined spaces in which, under normal conditions, smoke, dust and condensation are not present.<\/span>[\/vc_toggle][vc_toggle title=&#8221;The principle of operation (expand\/collapse)&#8221; style=&#8221;simple&#8221; color=&#8221;green&#8221; size=&#8221;lg&#8221; el_id=&#8221;1552396177902-ea44a231-6ced&#8221;]<span style=\"font-size: 14pt;\">The process of measuring the smoke density consists in detecting light reflected from smoke particles, which penetrates into the measuring chamber through the slots in the basket and holes in a special optical labyrinth, which prevents the penetration of light and insects inside the measuring chamber.<\/span><br \/>\n<span style=\"font-size: 14pt;\">The design of the measurement chamber is aimed at making the OSD23 detector resistant to external light, insects and accidental, unimportant streaks of smoke, e.g. from cigarette smoke.<\/span><br \/>\n<span style=\"font-size: 14pt;\">The interior of the chamber is illuminated at intervals of 3 seconds by strong flashes of infrared light, produced by a special laser LED diode set at such an angle to the detector axis &#8211; PIN diode, so that the light from the diode does not directly illuminate the detector. Permanently repeated exceeding the smoke threshold of the measuring chamber causes the logic of the detector to switch to the snapped alarming state. The detector logic will not put the detector into alarm if the smoke threshold is exceeded once. Disabling the detector from the alarming state is possible after the detector is completely purged and the power supply is reduced below 2V for at least 1 second.<\/span>[\/vc_toggle][vc_toggle title=&#8221;Technical data (expand\/collapse)&#8221; style=&#8221;simple&#8221; color=&#8221;green&#8221; size=&#8221;lg&#8221; el_id=&#8221;1552396300824-98206993-b1c2&#8243;]<\/p>\n<div class=\"row vc_row wpb_row vc_inner vc_row-fluid vc_custom_1485609660272\">\n<div class=\"wpb_column vc_column_container vc_col-sm-12 vc_col-has-fill\">\n<div class=\"vc_column-inner vc_custom_1485606795783\">\n<div class=\"wpb_wrapper\">\n<div class=\"wpb_raw_code wpb_content_element wpb_raw_html\">\n<div class=\"wpb_wrapper\">\n<div class=\"tg-wrap\">\n<table style=\"width: 33.1181%; height: 192px;\" border=\"0\">\n<tbody>\n<tr style=\"height: 24px;\">\n<td style=\"height: 24px;\"><span style=\"font-size: 14pt;\">Surveillance voltage<\/span><\/td>\n<td style=\"height: 24px;\" align=\"right\"><span style=\"font-size: 14pt;\">18V (12V-28V)<\/span><\/td>\n<\/tr>\n<tr style=\"height: 24px;\">\n<td style=\"height: 24px;\"><span style=\"font-size: 14pt;\">Surveillance current (average)<\/span><\/td>\n<td style=\"height: 24px;\" align=\"right\"><span style=\"font-size: 14pt;\">35 \u03bcA<\/span><\/td>\n<\/tr>\n<tr style=\"height: 24px;\">\n<td style=\"height: 24px;\"><span style=\"font-size: 14pt;\">Surveillance current (max value at start)<\/span><\/td>\n<td style=\"height: 24px;\" align=\"right\"><span style=\"font-size: 14pt;\">110 \u03bcA<\/span><\/td>\n<\/tr>\n<tr style=\"height: 24px;\">\n<td style=\"height: 24px;\"><span style=\"font-size: 14pt;\">Alarm current<\/span><\/td>\n<td style=\"height: 24px;\" align=\"right\"><span style=\"font-size: 14pt;\">18 mA (przy 18V)<\/span><\/td>\n<\/tr>\n<tr style=\"height: 24px;\">\n<td style=\"height: 24px;\"><span style=\"font-size: 14pt;\">Working temperature<\/span><\/td>\n<td style=\"height: 24px;\" align=\"right\"><span style=\"font-size: 14pt;\">-22 C to +55 C<\/span><\/td>\n<\/tr>\n<tr style=\"height: 24px;\">\n<td style=\"height: 24px;\"><span style=\"font-size: 14pt;\">Relative humidity<\/span><\/td>\n<td style=\"height: 24px;\" align=\"right\"><span style=\"font-size: 14pt;\">95% at 40 C<\/span><\/td>\n<\/tr>\n<tr style=\"height: 24px;\">\n<td style=\"height: 24px;\"><span style=\"font-size: 14pt;\">Detector weight<\/span><\/td>\n<td style=\"height: 24px;\" align=\"right\"><span style=\"font-size: 14pt;\">150g<\/span><\/td>\n<\/tr>\n<tr style=\"height: 24px;\">\n<td style=\"height: 24px;\"><span style=\"font-size: 14pt;\">Working temperature range<\/span><\/td>\n<td style=\"height: 24px;\" align=\"right\"><span style=\"font-size: 14pt;\">-25\u00b0C to +70\u00b0C<\/span><\/td>\n<\/tr>\n<\/tbody>\n<\/table>\n<\/div>\n<\/div>\n<\/div>\n<\/div>\n<\/div>\n<\/div>\n<\/div>\n<p>[\/vc_toggle][vc_toggle title=&#8221;Files and documents (expand\/collapse)&#8221; style=&#8221;simple&#8221; color=&#8221;green&#8221; size=&#8221;lg&#8221; el_id=&#8221;1552396344372-7ed6729a-4695&#8243;]<\/p>\n<ol>\n<li><a href=\"https:\/\/lep.pl\/files\/file\/PL\/KK\/53-osd23-kk-191204.pdf\" target=\"_blank\" rel=\"noopener noreferrer\"><img decoding=\"async\" src=\"https:\/\/lep.pl\/wp-content\/uploads\/2017\/01\/ic_done.png\" width=\"20\" height=\"20\" \/> OSD23 &#8211; karta katalogowa<\/a><\/li>\n<li><a href=\"https:\/\/lep.pl\/files\/file\/PL\/IO\/53-osd23-iot-191204-pl.pdf\" target=\"_blank\" rel=\"noopener noreferrer\"><img decoding=\"async\" src=\"https:\/\/lep.pl\/wp-content\/uploads\/2017\/01\/ic_done.png\" width=\"20\" height=\"20\" \/> OSD23 &#8211; instrukcja obs\u0142ugi, informacja techniczna<\/a><\/li>\n<li><a href=\"https:\/\/lep.pl\/files\/file\/PL\/CE\/53-osd23-certyfikat-cpr-190611.pdf\"><img decoding=\"async\" src=\"https:\/\/lep.pl\/wp-content\/uploads\/2017\/01\/ic_done.png\" width=\"20\" height=\"20\" \/> OSD23 &#8211; Certyfikat sta\u0142o\u015bci w\u0142a\u015bciwo\u015bci u\u017cytkowych<\/a><\/li>\n<li><a href=\"https:\/\/lep.pl\/files\/file\/PL\/CE\/53-osd23-dwu-190611.pdf\"><img decoding=\"async\" src=\"https:\/\/lep.pl\/wp-content\/uploads\/2017\/01\/ic_done.png\" width=\"20\" height=\"20\" \/> OSD23 &#8211; Deklaracja w\u0142a\u015bciwo\u015bci u\u017cytkowych<\/a><\/li>\n<\/ol>\n<p>[\/vc_toggle][\/vc_column_inner][\/vc_row_inner][\/vc_column][\/vc_row][vc_row content_placement=&#8221;top&#8221; css=&#8221;.vc_custom_1552396467387{background-position: center !important;background-repeat: no-repeat !important;background-size: cover !important;}&#8221;][vc_column][vc_row_inner css=&#8221;.vc_custom_1552396477175{padding-right: 12% !important;padding-left: 12% !important;}&#8221;][vc_column_inner width=&#8221;1\/4&#8243;][vc_column_text]<a href=\"mailto:biuro@lep.pl\">biuro@lep.pl<\/a>[\/vc_column_text][\/vc_column_inner][vc_column_inner width=&#8221;1\/4&#8243;][vc_column_text](32) 754 54 54<br \/>\n(32) 754 54 55[\/vc_column_text][\/vc_column_inner][vc_column_inner width=&#8221;1\/4&#8243;][vc_column_text]<a href=\"https:\/\/goo.gl\/maps\/2HeA81byii52\" target=\"_blank\" rel=\"noopener noreferrer\">Wsp\u00f3lna 9, <\/a><a href=\"https:\/\/goo.gl\/maps\/2HeA81byii52\">32-300 Olkusz<br \/>\n<\/a>NIP: 637-010-87-21[\/vc_column_text][\/vc_column_inner][vc_column_inner width=&#8221;1\/4&#8243;][\/vc_column_inner][\/vc_row_inner][\/vc_column][\/vc_row]<\/p>\n<p>&nbsp;<\/p>\n<\/div>","protected":false},"excerpt":{"rendered":"<p>[vc_row css=&#8221;.vc_custom_1552396143441{background-position: center !important;background-repeat: no-repeat !important;background-size: cover !important;}&#8221;][vc_column][vc_row_inner css=&#8221;.vc_custom_1552396152087{padding-top: 3% !important;padding-right: 12% !important;padding-left: 12% !important;}&#8221;][vc_column_inner width=&#8221;1\/2&#8243;][vc_column_text] OSD23 optical smoke detector [\/vc_column_text][\/vc_column_inner][vc_column_inner width=&#8221;1\/4&#8243;][vc_single_image image=&#8221;2549&#8243; img_size=&#8221;large&#8221; alignment=&#8221;center&#8221; onclick=&#8221;link_image&#8221; title=&#8221;OSD23&#8243; alt=&#8221;centrala przeciwpo\u017carowa&#8221; el_class=&#8221;image_text&#8221;][\/vc_column_inner][vc_column_inner width=&#8221;1\/4&#8243;][vc_single_image image=&#8221;926&#8243; img_size=&#8221;large&#8221; alignment=&#8221;center&#8221; onclick=&#8221;link_image&#8221; title=&#8221;OSD23&#8243; alt=&#8221;centrala przeciwpo\u017carowa&#8221; el_class=&#8221;image_text&#8221;][\/vc_column_inner][\/vc_row_inner][vc_row_inner css=&#8221;.vc_custom_1552396156301{padding-right: 12% !important;padding-left: 12% !important;}&#8221;][vc_column_inner][vc_toggle title=&#8221;Product description (expand\/collapse)&#8221; style=&#8221;simple&#8221; color=&#8221;green&#8221; size=&#8221;lg&#8221; el_id=&#8221;1552396036647-46cb63e5-3fe7&#8243;]The OSD23 optical smoke detector [&hellip;]<\/p>\n","protected":false},"author":5,"featured_media":0,"parent":3129,"menu_order":0,"comment_status":"closed","ping_status":"closed","template":"page-full-width.php","meta":{"footnotes":""},"class_list":["post-3233","page","type-page","status-publish","hentry"],"yoast_head":"<!-- This site is optimized with the Yoast SEO plugin v27.3 - https:\/\/yoast.com\/product\/yoast-seo-wordpress\/ -->\n<title>Optyczna czujka dymu OSD23 | LEP - producent<\/title>\n<meta name=\"description\" content=\"Optyczna czujka dymu OSD23 przeznaczona jest do wykrywania obecno\u015bci dymu w powietrzu, w pocz\u0105tkowej fazie powstawania po\u017caru.\" \/>\n<meta name=\"robots\" content=\"index, follow, max-snippet:-1, max-image-preview:large, max-video-preview:-1\" \/>\n<link rel=\"canonical\" href=\"https:\/\/lep.pl\/index.php\/en\/welcome\/osd23-optical-smoke-detector\/\" \/>\n<meta property=\"og:locale\" content=\"pl_PL\" \/>\n<meta property=\"og:type\" content=\"article\" \/>\n<meta property=\"og:title\" content=\"Optyczna czujka dymu OSD23 | LEP - producent\" \/>\n<meta property=\"og:description\" content=\"Optyczna czujka dymu OSD23 przeznaczona jest do wykrywania obecno\u015bci dymu w powietrzu, w pocz\u0105tkowej fazie powstawania po\u017caru.\" \/>\n<meta property=\"og:url\" content=\"https:\/\/lep.pl\/index.php\/en\/welcome\/osd23-optical-smoke-detector\/\" \/>\n<meta property=\"og:site_name\" content=\"LEP\" \/>\n<meta property=\"article:modified_time\" content=\"2022-10-13T10:18:17+00:00\" \/>\n<meta property=\"og:image\" content=\"http:\/\/lep.pl\/wp-content\/uploads\/2017\/01\/ic_done.png\" \/>\n<meta name=\"twitter:card\" content=\"summary_large_image\" \/>\n<meta name=\"twitter:label1\" content=\"Szacowany czas czytania\" \/>\n\t<meta name=\"twitter:data1\" content=\"4 minuty\" \/>\n<script type=\"application\/ld+json\" class=\"yoast-schema-graph\">{\"@context\":\"https:\\\/\\\/schema.org\",\"@graph\":[{\"@type\":\"WebPage\",\"@id\":\"https:\\\/\\\/lep.pl\\\/index.php\\\/en\\\/welcome\\\/osd23-optical-smoke-detector\\\/\",\"url\":\"https:\\\/\\\/lep.pl\\\/index.php\\\/en\\\/welcome\\\/osd23-optical-smoke-detector\\\/\",\"name\":\"Optyczna czujka dymu OSD23 | LEP - producent\",\"isPartOf\":{\"@id\":\"https:\\\/\\\/lep.pl\\\/#website\"},\"primaryImageOfPage\":{\"@id\":\"https:\\\/\\\/lep.pl\\\/index.php\\\/en\\\/welcome\\\/osd23-optical-smoke-detector\\\/#primaryimage\"},\"image\":{\"@id\":\"https:\\\/\\\/lep.pl\\\/index.php\\\/en\\\/welcome\\\/osd23-optical-smoke-detector\\\/#primaryimage\"},\"thumbnailUrl\":\"http:\\\/\\\/lep.pl\\\/wp-content\\\/uploads\\\/2017\\\/01\\\/ic_done.png\",\"datePublished\":\"2022-10-13T09:38:38+00:00\",\"dateModified\":\"2022-10-13T10:18:17+00:00\",\"description\":\"Optyczna czujka dymu OSD23 przeznaczona jest do wykrywania obecno\u015bci dymu w powietrzu, w pocz\u0105tkowej fazie powstawania po\u017caru.\",\"breadcrumb\":{\"@id\":\"https:\\\/\\\/lep.pl\\\/index.php\\\/en\\\/welcome\\\/osd23-optical-smoke-detector\\\/#breadcrumb\"},\"inLanguage\":\"pl-PL\",\"potentialAction\":[{\"@type\":\"ReadAction\",\"target\":[\"https:\\\/\\\/lep.pl\\\/index.php\\\/en\\\/welcome\\\/osd23-optical-smoke-detector\\\/\"]}]},{\"@type\":\"ImageObject\",\"inLanguage\":\"pl-PL\",\"@id\":\"https:\\\/\\\/lep.pl\\\/index.php\\\/en\\\/welcome\\\/osd23-optical-smoke-detector\\\/#primaryimage\",\"url\":\"http:\\\/\\\/lep.pl\\\/wp-content\\\/uploads\\\/2017\\\/01\\\/ic_done.png\",\"contentUrl\":\"http:\\\/\\\/lep.pl\\\/wp-content\\\/uploads\\\/2017\\\/01\\\/ic_done.png\"},{\"@type\":\"BreadcrumbList\",\"@id\":\"https:\\\/\\\/lep.pl\\\/index.php\\\/en\\\/welcome\\\/osd23-optical-smoke-detector\\\/#breadcrumb\",\"itemListElement\":[{\"@type\":\"ListItem\",\"position\":1,\"name\":\"Strona g\u0142\u00f3wna\",\"item\":\"https:\\\/\\\/lep.pl\\\/\"},{\"@type\":\"ListItem\",\"position\":2,\"name\":\"Welcome\",\"item\":\"https:\\\/\\\/lep.pl\\\/index.php\\\/en\\\/welcome\\\/\"},{\"@type\":\"ListItem\",\"position\":3,\"name\":\"OSD23 optical smoke detector\"}]},{\"@type\":\"WebSite\",\"@id\":\"https:\\\/\\\/lep.pl\\\/#website\",\"url\":\"https:\\\/\\\/lep.pl\\\/\",\"name\":\"LEP\",\"description\":\"- centrale PPO\u017b, czujniki dymu i zasilacze\",\"publisher\":{\"@id\":\"https:\\\/\\\/lep.pl\\\/#organization\"},\"potentialAction\":[{\"@type\":\"SearchAction\",\"target\":{\"@type\":\"EntryPoint\",\"urlTemplate\":\"https:\\\/\\\/lep.pl\\\/?s={search_term_string}\"},\"query-input\":{\"@type\":\"PropertyValueSpecification\",\"valueRequired\":true,\"valueName\":\"search_term_string\"}}],\"inLanguage\":\"pl-PL\"},{\"@type\":\"Organization\",\"@id\":\"https:\\\/\\\/lep.pl\\\/#organization\",\"name\":\"Lep\",\"url\":\"https:\\\/\\\/lep.pl\\\/\",\"logo\":{\"@type\":\"ImageObject\",\"inLanguage\":\"pl-PL\",\"@id\":\"https:\\\/\\\/lep.pl\\\/#\\\/schema\\\/logo\\\/image\\\/\",\"url\":\"https:\\\/\\\/lep.pl\\\/wp-content\\\/uploads\\\/2017\\\/04\\\/logo@1x.png\",\"contentUrl\":\"https:\\\/\\\/lep.pl\\\/wp-content\\\/uploads\\\/2017\\\/04\\\/logo@1x.png\",\"width\":400,\"height\":54,\"caption\":\"Lep\"},\"image\":{\"@id\":\"https:\\\/\\\/lep.pl\\\/#\\\/schema\\\/logo\\\/image\\\/\"}}]}<\/script>\n<!-- \/ Yoast SEO plugin. -->","yoast_head_json":{"title":"Optyczna czujka dymu OSD23 | LEP - producent","description":"Optyczna czujka dymu OSD23 przeznaczona jest do wykrywania obecno\u015bci dymu w powietrzu, w pocz\u0105tkowej fazie powstawania po\u017caru.","robots":{"index":"index","follow":"follow","max-snippet":"max-snippet:-1","max-image-preview":"max-image-preview:large","max-video-preview":"max-video-preview:-1"},"canonical":"https:\/\/lep.pl\/index.php\/en\/welcome\/osd23-optical-smoke-detector\/","og_locale":"pl_PL","og_type":"article","og_title":"Optyczna czujka dymu OSD23 | LEP - producent","og_description":"Optyczna czujka dymu OSD23 przeznaczona jest do wykrywania obecno\u015bci dymu w powietrzu, w pocz\u0105tkowej fazie powstawania po\u017caru.","og_url":"https:\/\/lep.pl\/index.php\/en\/welcome\/osd23-optical-smoke-detector\/","og_site_name":"LEP","article_modified_time":"2022-10-13T10:18:17+00:00","og_image":[{"url":"http:\/\/lep.pl\/wp-content\/uploads\/2017\/01\/ic_done.png","type":"","width":"","height":""}],"twitter_card":"summary_large_image","twitter_misc":{"Szacowany czas czytania":"4 minuty"},"schema":{"@context":"https:\/\/schema.org","@graph":[{"@type":"WebPage","@id":"https:\/\/lep.pl\/index.php\/en\/welcome\/osd23-optical-smoke-detector\/","url":"https:\/\/lep.pl\/index.php\/en\/welcome\/osd23-optical-smoke-detector\/","name":"Optyczna czujka dymu OSD23 | LEP - producent","isPartOf":{"@id":"https:\/\/lep.pl\/#website"},"primaryImageOfPage":{"@id":"https:\/\/lep.pl\/index.php\/en\/welcome\/osd23-optical-smoke-detector\/#primaryimage"},"image":{"@id":"https:\/\/lep.pl\/index.php\/en\/welcome\/osd23-optical-smoke-detector\/#primaryimage"},"thumbnailUrl":"http:\/\/lep.pl\/wp-content\/uploads\/2017\/01\/ic_done.png","datePublished":"2022-10-13T09:38:38+00:00","dateModified":"2022-10-13T10:18:17+00:00","description":"Optyczna czujka dymu OSD23 przeznaczona jest do wykrywania obecno\u015bci dymu w powietrzu, w pocz\u0105tkowej fazie powstawania po\u017caru.","breadcrumb":{"@id":"https:\/\/lep.pl\/index.php\/en\/welcome\/osd23-optical-smoke-detector\/#breadcrumb"},"inLanguage":"pl-PL","potentialAction":[{"@type":"ReadAction","target":["https:\/\/lep.pl\/index.php\/en\/welcome\/osd23-optical-smoke-detector\/"]}]},{"@type":"ImageObject","inLanguage":"pl-PL","@id":"https:\/\/lep.pl\/index.php\/en\/welcome\/osd23-optical-smoke-detector\/#primaryimage","url":"http:\/\/lep.pl\/wp-content\/uploads\/2017\/01\/ic_done.png","contentUrl":"http:\/\/lep.pl\/wp-content\/uploads\/2017\/01\/ic_done.png"},{"@type":"BreadcrumbList","@id":"https:\/\/lep.pl\/index.php\/en\/welcome\/osd23-optical-smoke-detector\/#breadcrumb","itemListElement":[{"@type":"ListItem","position":1,"name":"Strona g\u0142\u00f3wna","item":"https:\/\/lep.pl\/"},{"@type":"ListItem","position":2,"name":"Welcome","item":"https:\/\/lep.pl\/index.php\/en\/welcome\/"},{"@type":"ListItem","position":3,"name":"OSD23 optical smoke detector"}]},{"@type":"WebSite","@id":"https:\/\/lep.pl\/#website","url":"https:\/\/lep.pl\/","name":"LEP","description":"- centrale PPO\u017b, czujniki dymu i zasilacze","publisher":{"@id":"https:\/\/lep.pl\/#organization"},"potentialAction":[{"@type":"SearchAction","target":{"@type":"EntryPoint","urlTemplate":"https:\/\/lep.pl\/?s={search_term_string}"},"query-input":{"@type":"PropertyValueSpecification","valueRequired":true,"valueName":"search_term_string"}}],"inLanguage":"pl-PL"},{"@type":"Organization","@id":"https:\/\/lep.pl\/#organization","name":"Lep","url":"https:\/\/lep.pl\/","logo":{"@type":"ImageObject","inLanguage":"pl-PL","@id":"https:\/\/lep.pl\/#\/schema\/logo\/image\/","url":"https:\/\/lep.pl\/wp-content\/uploads\/2017\/04\/logo@1x.png","contentUrl":"https:\/\/lep.pl\/wp-content\/uploads\/2017\/04\/logo@1x.png","width":400,"height":54,"caption":"Lep"},"image":{"@id":"https:\/\/lep.pl\/#\/schema\/logo\/image\/"}}]}},"_links":{"self":[{"href":"https:\/\/lep.pl\/index.php\/wp-json\/wp\/v2\/pages\/3233","targetHints":{"allow":["GET"]}}],"collection":[{"href":"https:\/\/lep.pl\/index.php\/wp-json\/wp\/v2\/pages"}],"about":[{"href":"https:\/\/lep.pl\/index.php\/wp-json\/wp\/v2\/types\/page"}],"author":[{"embeddable":true,"href":"https:\/\/lep.pl\/index.php\/wp-json\/wp\/v2\/users\/5"}],"replies":[{"embeddable":true,"href":"https:\/\/lep.pl\/index.php\/wp-json\/wp\/v2\/comments?post=3233"}],"version-history":[{"count":8,"href":"https:\/\/lep.pl\/index.php\/wp-json\/wp\/v2\/pages\/3233\/revisions"}],"predecessor-version":[{"id":3248,"href":"https:\/\/lep.pl\/index.php\/wp-json\/wp\/v2\/pages\/3233\/revisions\/3248"}],"up":[{"embeddable":true,"href":"https:\/\/lep.pl\/index.php\/wp-json\/wp\/v2\/pages\/3129"}],"wp:attachment":[{"href":"https:\/\/lep.pl\/index.php\/wp-json\/wp\/v2\/media?parent=3233"}],"curies":[{"name":"wp","href":"https:\/\/api.w.org\/{rel}","templated":true}]}}