{"id":3209,"date":"2022-10-13T07:58:05","date_gmt":"2022-10-13T07:58:05","guid":{"rendered":"https:\/\/lep.pl\/?page_id=3209"},"modified":"2025-07-17T13:22:26","modified_gmt":"2025-07-17T13:22:26","slug":"osd23","status":"publish","type":"page","link":"https:\/\/lep.pl\/index.php\/witamy\/osd23\/","title":{"rendered":"OSD23"},"content":{"rendered":"<div class=\"wpb-content-wrapper\"><p>[vc_row css=&#8221;.vc_custom_1552393414960{background-position: center !important;background-repeat: no-repeat !important;background-size: cover !important;}&#8221;][vc_column][vc_row_inner css=&#8221;.vc_custom_1552393076905{padding-top: 3% !important;padding-right: 12% !important;padding-left: 12% !important;}&#8221;][vc_column_inner width=&#8221;1\/2&#8243;][vc_column_text]<\/p>\n<h1><strong>OSD23<br \/>\noptyczna czujka dymu<\/strong><\/h1>\n<p>[\/vc_column_text][\/vc_column_inner][vc_column_inner width=&#8221;1\/4&#8243;][vc_single_image image=&#8221;3716&#8243; img_size=&#8221;large&#8221; alignment=&#8221;center&#8221; onclick=&#8221;link_image&#8221; css=&#8221;&#8221; title=&#8221;OSD23&#8243; alt=&#8221;centrala przeciwpo\u017carowa&#8221; el_class=&#8221;image_text&#8221;][\/vc_column_inner][vc_column_inner width=&#8221;1\/4&#8243;][vc_single_image image=&#8221;3717&#8243; img_size=&#8221;large&#8221; alignment=&#8221;center&#8221; onclick=&#8221;link_image&#8221; css=&#8221;&#8221; title=&#8221;OSD23&#8243; alt=&#8221;centrala przeciwpo\u017carowa&#8221; el_class=&#8221;image_text&#8221;][\/vc_column_inner][\/vc_row_inner][vc_row_inner css=&#8221;.vc_custom_1485607271454{padding-right: 12% !important;padding-left: 12% !important;}&#8221;][vc_column_inner][vc_toggle title=&#8221;Opis produktu (rozwi\u0144\/zwi\u0144)&#8221; style=&#8221;simple&#8221; color=&#8221;green&#8221; size=&#8221;lg&#8221; css=&#8221;&#8221; el_id=&#8221;1552396036647-46cb63e5-3fe7&#8243;]Czujka OSD23 produkowana jest w nast\u0119puj\u0105cych odmianach:<\/p>\n<ul>\n<li>OSD23Z &#8211; czujka standardowa, dwustanowa z zatrzaskiem stanu alarmu.<\/li>\n<li>OSD23M &#8211; czujka dwustanowa z zatrzaskiem stanu alarmu, sygnalizuje stan dozorowania kr\u00f3tkimi b\u0142yskami LEDa wyst\u0119puj\u0105cymi co oko\u0142o 3 sekundy, natomiast stan alarmowania ci\u0105g\u0142ym \u015bwieceniem LEDa.<\/li>\n<li>OSD23R &#8211; czujka samoczynnie przechodzi do stanu dozorowania ze stanu alarmowania po ust\u0105pieniu zadymienia.<\/li>\n<li>OSD23MR &#8211; po\u0142\u0105czenie dw\u00f3ch powy\u017cszych opcji.<\/li>\n<\/ul>\n<p>Optyczna czujka dymu OSD23 przeznaczona jest do wykrywania obecno\u015bci dymu w powietrzu w pocz\u0105tkowej fazie powstawania po\u017caru. Parametry elektryczne czujki OSD23 umo\u017cliwiaj\u0105 stosowanie jej z powodzeniem w systemach sygnalizacji po\u017caru.<br \/>\nCzujka jest przystosowana do pracy w pomieszczeniach zamkni\u0119tych, w kt\u00f3rych w normalnych warunkach nie wyst\u0119puje dym, kurz i skraplanie pary wodnej.[\/vc_toggle][vc_toggle title=&#8221;Zasada dzia\u0142ania (rozwi\u0144\/zwi\u0144)&#8221; style=&#8221;simple&#8221; color=&#8221;green&#8221; size=&#8221;lg&#8221; css=&#8221;&#8221; el_id=&#8221;1552396177902-ea44a231-6ced&#8221;]Proces pomiaru g\u0119sto\u015bci dymu polega na detekcji \u015bwiat\u0142a odbitego od cz\u0105stek dymu, kt\u00f3ry przedostaje si\u0119 do wn\u0119trza komory pomiarowej poprzez szczeliny w koszyku oraz otwory w specjalnym labiryncie optycznym, uniemo\u017cliwiaj\u0105cym jednocze\u015bnie dostanie si\u0119 \u015bwiat\u0142a oraz owad\u00f3w do wn\u0119trza komory pomiarowej.<br \/>\nKonstrukcja komory pomiarowej ma na celu uodpornienie czujki OSD23 na zewn\u0119trzne \u015bwiat\u0142o, owady i przypadkowe nieistotne smugi dymu np. papierosowego.<br \/>\nWn\u0119trze komory jest o\u015bwietlane w odst\u0119pach 3 sekundowych silnymi b\u0142yskami \u015bwiat\u0142a podczerwonego, wytworzonego przez specjaln\u0105 laseruj\u0105c\u0105 diod\u0119 LED ustawion\u0105 pod takim k\u0105tem do osi detektora &#8211; diody PIN, aby \u015bwiat\u0142o z diody nie o\u015bwietla\u0142o bezpo\u015brednio detektora. Sta\u0142e powtarzaj\u0105ce si\u0119 przekroczenie progu zadymienia komory pomiarowej powoduje przej\u015bcie uk\u0142adu logicznego czujki w zatrzaskowy stan alarmowania. Uk\u0142ad logiczny czujki nie wprowadzi czujki w stan alarmu, je\u017celi przekroczenie progu zadymienia b\u0119dzie jednorazowe. Wy\u0142\u0105czenie czujki ze stanu alarmowania jest mo\u017cliwe po ca\u0142kowitym przedmuchaniu czujki i obni\u017ceniu zasilania poni\u017cej 2V na minimum 1 sekund\u0119.[\/vc_toggle][vc_toggle title=&#8221;Dane techniczne (rozwi\u0144\/zwi\u0144)&#8221; style=&#8221;simple&#8221; color=&#8221;green&#8221; size=&#8221;lg&#8221; css=&#8221;&#8221; el_id=&#8221;1552396300824-98206993-b1c2&#8243;]<\/p>\n<div>\n<div>\n<div>\n<div>\n<div>\n<div>\n<div>\n<table border=\"0\">\n<tbody>\n<tr>\n<td>Napi\u0119cie dozorowania<\/td>\n<td align=\"right\">18V (12V-28V)<\/td>\n<\/tr>\n<tr>\n<td>Pr\u0105d dozorowania (\u015bredni)<\/td>\n<td align=\"right\">35 \u03bcA<\/td>\n<\/tr>\n<tr>\n<td>Pr\u0105d dozorowania (warto\u015b\u0107. max przy starcie)<\/td>\n<td align=\"right\">110 \u03bcA<\/td>\n<\/tr>\n<tr>\n<td>Pr\u0105d alarmowania<\/td>\n<td align=\"right\">18 mA (przy 18V)<\/td>\n<\/tr>\n<tr>\n<td>Temperatura pracy<\/td>\n<td align=\"right\">-22 C do +55 C<\/td>\n<\/tr>\n<tr>\n<td>Wilgotno\u015b\u0107 wzgl\u0119dna<\/td>\n<td align=\"right\">95% przy 40 C<\/td>\n<\/tr>\n<tr>\n<td>Masa czujki<\/td>\n<td align=\"right\">ok. 140g<\/td>\n<\/tr>\n<tr>\n<td>Zakres temperatur pracy<\/td>\n<td align=\"right\">-25\u00b0C do +70\u00b0C<\/td>\n<\/tr>\n<\/tbody>\n<\/table>\n<\/div>\n<\/div>\n<\/div>\n<\/div>\n<\/div>\n<\/div>\n<\/div>\n<p>[\/vc_toggle][vc_toggle title=&#8221;Pliki i dokumenty (rozwi\u0144\/zwi\u0144)&#8221; style=&#8221;simple&#8221; color=&#8221;green&#8221; size=&#8221;lg&#8221; css=&#8221;&#8221; el_id=&#8221;1552396344372-7ed6729a-4695&#8243;]<\/p>\n<ol>\n<li><a href=\"https:\/\/lep.pl\/files\/file\/PL\/KK\/53-osd23-kk-191204.pdf\" target=\"_blank\" rel=\"noopener\"><img decoding=\"async\" src=\"https:\/\/lep.pl\/wp-content\/uploads\/2017\/01\/ic_done.png\" width=\"20\" height=\"20\" \/> OSD23 &#8211; karta katalogowa <\/a><\/li>\n<li><a href=\"https:\/\/lep.pl\/files\/file\/PL\/IO\/23-osd23-iot-230404.pdf\" target=\"_blank\" rel=\"noopener\"><img decoding=\"async\" src=\"https:\/\/lep.pl\/wp-content\/uploads\/2017\/01\/ic_done.png\" width=\"20\" height=\"20\" \/> OSD23 &#8211; instrukcja obs\u0142ugi, informacja techniczna<\/a><\/li>\n<li><a href=\"https:\/\/lep.pl\/files\/file\/PL\/IO\/23-instrukcja-czyszczenia-czujek-OSD23-OSD63.pdf\" target=\"_blank\" rel=\"noopener\"><img decoding=\"async\" src=\"https:\/\/lep.pl\/wp-content\/uploads\/2017\/01\/ic_done.png\" width=\"20\" height=\"20\" \/> OSD23 &#8211; instrukcja czyszczenia czujek OSD23 OSD63<\/a><\/li>\n<li><a href=\"https:\/\/lep.pl\/files\/file\/PL\/CE\/23-osd23-cswu-230301.pdf\" target=\"_blank\" rel=\"noopener\"><img decoding=\"async\" src=\"https:\/\/lep.pl\/wp-content\/uploads\/2017\/01\/ic_done.png\" width=\"20\" height=\"20\" \/> OSD23 &#8211; Certyfikat sta\u0142o\u015bci w\u0142a\u015bciwo\u015bci u\u017cytkowych<\/a><\/li>\n<li><a href=\"https:\/\/lep.pl\/files\/file\/PL\/CE\/23-osd23-dwu-230404.pdf\" target=\"_blank\" rel=\"noopener\"><img decoding=\"async\" src=\"https:\/\/lep.pl\/wp-content\/uploads\/2017\/01\/ic_done.png\" width=\"20\" height=\"20\" \/> OSD23 &#8211; Deklaracja w\u0142a\u015bciwo\u015bci u\u017cytkowych<\/a><\/li>\n<li><a href=\"https:\/\/lep.pl\/files\/file\/PL\/CE\/23-osd23-ce-230404.pdf\" target=\"_blank\" rel=\"noopener\"><img decoding=\"async\" src=\"https:\/\/lep.pl\/wp-content\/uploads\/2017\/01\/ic_done.png\" width=\"20\" height=\"20\" \/> OSD23 &#8211; Deklaracja zgodno\u015bci UE<\/a><\/li>\n<\/ol>\n<p>[\/vc_toggle][\/vc_column_inner][\/vc_row_inner][\/vc_column][\/vc_row][vc_row content_placement=&#8221;top&#8221; css=&#8221;.vc_custom_1552396467387{background-position: center !important;background-repeat: no-repeat !important;background-size: cover !important;}&#8221;][vc_column][vc_row_inner css=&#8221;.vc_custom_1552396477175{padding-right: 12% !important;padding-left: 12% !important;}&#8221;][vc_column_inner width=&#8221;1\/4&#8243;][vc_column_text]<a href=\"mailto:biuro@lep.pl\">biuro@lep.pl<\/a>[\/vc_column_text][\/vc_column_inner][vc_column_inner width=&#8221;1\/4&#8243;][vc_column_text](32) 754 54 54<br \/>\n(32) 754 54 55[\/vc_column_text][\/vc_column_inner][vc_column_inner width=&#8221;1\/4&#8243;][vc_column_text]<a href=\"https:\/\/goo.gl\/maps\/2HeA81byii52\" target=\"_blank\" rel=\"noopener noreferrer\">Wsp\u00f3lna 9, <\/a><a href=\"https:\/\/goo.gl\/maps\/2HeA81byii52\">32-300 Olkusz<br \/>\n<\/a>NIP: 637-010-87-21[\/vc_column_text][\/vc_column_inner][vc_column_inner width=&#8221;1\/4&#8243;][\/vc_column_inner][\/vc_row_inner][\/vc_column][\/vc_row]<\/p>\n<\/div>","protected":false},"excerpt":{"rendered":"<p>[vc_row css=&#8221;.vc_custom_1552393414960{background-position: center !important;background-repeat: no-repeat !important;background-size: cover !important;}&#8221;][vc_column][vc_row_inner css=&#8221;.vc_custom_1552393076905{padding-top: 3% !important;padding-right: 12% !important;padding-left: 12% !important;}&#8221;][vc_column_inner width=&#8221;1\/2&#8243;][vc_column_text] OSD23 optyczna czujka dymu [\/vc_column_text][\/vc_column_inner][vc_column_inner width=&#8221;1\/4&#8243;][vc_single_image image=&#8221;3716&#8243; img_size=&#8221;large&#8221; alignment=&#8221;center&#8221; onclick=&#8221;link_image&#8221; css=&#8221;&#8221; title=&#8221;OSD23&#8243; alt=&#8221;centrala przeciwpo\u017carowa&#8221; el_class=&#8221;image_text&#8221;][\/vc_column_inner][vc_column_inner width=&#8221;1\/4&#8243;][vc_single_image image=&#8221;3717&#8243; img_size=&#8221;large&#8221; alignment=&#8221;center&#8221; onclick=&#8221;link_image&#8221; css=&#8221;&#8221; title=&#8221;OSD23&#8243; alt=&#8221;centrala przeciwpo\u017carowa&#8221; el_class=&#8221;image_text&#8221;][\/vc_column_inner][\/vc_row_inner][vc_row_inner css=&#8221;.vc_custom_1485607271454{padding-right: 12% !important;padding-left: 12% !important;}&#8221;][vc_column_inner][vc_toggle title=&#8221;Opis produktu (rozwi\u0144\/zwi\u0144)&#8221; style=&#8221;simple&#8221; color=&#8221;green&#8221; size=&#8221;lg&#8221; css=&#8221;&#8221; el_id=&#8221;1552396036647-46cb63e5-3fe7&#8243;]Czujka OSD23 [&hellip;]<\/p>\n","protected":false},"author":5,"featured_media":0,"parent":381,"menu_order":0,"comment_status":"closed","ping_status":"closed","template":"page-full-width.php","meta":{"footnotes":""},"class_list":["post-3209","page","type-page","status-publish","hentry"],"yoast_head":"<!-- This site is optimized with the Yoast SEO plugin v27.3 - https:\/\/yoast.com\/product\/yoast-seo-wordpress\/ -->\n<title>Optyczna czujka dymu OSD23 | LEP - producent<\/title>\n<meta name=\"description\" content=\"Optyczna czujka dymu OSD23 przeznaczona jest do wykrywania obecno\u015bci dymu w powietrzu, w pocz\u0105tkowej fazie powstawania po\u017caru.\" \/>\n<meta name=\"robots\" content=\"index, follow, max-snippet:-1, max-image-preview:large, max-video-preview:-1\" \/>\n<link rel=\"canonical\" href=\"https:\/\/lep.pl\/index.php\/witamy\/osd23\/\" \/>\n<meta property=\"og:locale\" content=\"pl_PL\" \/>\n<meta property=\"og:type\" content=\"article\" \/>\n<meta property=\"og:title\" content=\"Optyczna czujka dymu OSD23 | LEP - producent\" \/>\n<meta property=\"og:description\" content=\"Optyczna czujka dymu OSD23 przeznaczona jest do wykrywania obecno\u015bci dymu w powietrzu, w pocz\u0105tkowej fazie powstawania po\u017caru.\" \/>\n<meta property=\"og:url\" content=\"https:\/\/lep.pl\/index.php\/witamy\/osd23\/\" \/>\n<meta property=\"og:site_name\" content=\"LEP\" \/>\n<meta property=\"article:modified_time\" content=\"2025-07-17T13:22:26+00:00\" \/>\n<meta property=\"og:image\" content=\"http:\/\/lep.pl\/wp-content\/uploads\/2017\/01\/ic_done.png\" \/>\n<meta name=\"twitter:card\" content=\"summary_large_image\" \/>\n<meta name=\"twitter:label1\" content=\"Szacowany czas czytania\" \/>\n\t<meta name=\"twitter:data1\" content=\"5 minut\" \/>\n<script type=\"application\/ld+json\" class=\"yoast-schema-graph\">{\"@context\":\"https:\\\/\\\/schema.org\",\"@graph\":[{\"@type\":\"WebPage\",\"@id\":\"https:\\\/\\\/lep.pl\\\/index.php\\\/witamy\\\/osd23\\\/\",\"url\":\"https:\\\/\\\/lep.pl\\\/index.php\\\/witamy\\\/osd23\\\/\",\"name\":\"Optyczna czujka dymu OSD23 | LEP - producent\",\"isPartOf\":{\"@id\":\"https:\\\/\\\/lep.pl\\\/#website\"},\"primaryImageOfPage\":{\"@id\":\"https:\\\/\\\/lep.pl\\\/index.php\\\/witamy\\\/osd23\\\/#primaryimage\"},\"image\":{\"@id\":\"https:\\\/\\\/lep.pl\\\/index.php\\\/witamy\\\/osd23\\\/#primaryimage\"},\"thumbnailUrl\":\"http:\\\/\\\/lep.pl\\\/wp-content\\\/uploads\\\/2017\\\/01\\\/ic_done.png\",\"datePublished\":\"2022-10-13T07:58:05+00:00\",\"dateModified\":\"2025-07-17T13:22:26+00:00\",\"description\":\"Optyczna czujka dymu OSD23 przeznaczona jest do wykrywania obecno\u015bci dymu w powietrzu, w pocz\u0105tkowej fazie powstawania po\u017caru.\",\"breadcrumb\":{\"@id\":\"https:\\\/\\\/lep.pl\\\/index.php\\\/witamy\\\/osd23\\\/#breadcrumb\"},\"inLanguage\":\"pl-PL\",\"potentialAction\":[{\"@type\":\"ReadAction\",\"target\":[\"https:\\\/\\\/lep.pl\\\/index.php\\\/witamy\\\/osd23\\\/\"]}]},{\"@type\":\"ImageObject\",\"inLanguage\":\"pl-PL\",\"@id\":\"https:\\\/\\\/lep.pl\\\/index.php\\\/witamy\\\/osd23\\\/#primaryimage\",\"url\":\"http:\\\/\\\/lep.pl\\\/wp-content\\\/uploads\\\/2017\\\/01\\\/ic_done.png\",\"contentUrl\":\"http:\\\/\\\/lep.pl\\\/wp-content\\\/uploads\\\/2017\\\/01\\\/ic_done.png\"},{\"@type\":\"BreadcrumbList\",\"@id\":\"https:\\\/\\\/lep.pl\\\/index.php\\\/witamy\\\/osd23\\\/#breadcrumb\",\"itemListElement\":[{\"@type\":\"ListItem\",\"position\":1,\"name\":\"Strona g\u0142\u00f3wna\",\"item\":\"https:\\\/\\\/lep.pl\\\/\"},{\"@type\":\"ListItem\",\"position\":2,\"name\":\"Witamy\",\"item\":\"https:\\\/\\\/lep.pl\\\/\"},{\"@type\":\"ListItem\",\"position\":3,\"name\":\"OSD23\"}]},{\"@type\":\"WebSite\",\"@id\":\"https:\\\/\\\/lep.pl\\\/#website\",\"url\":\"https:\\\/\\\/lep.pl\\\/\",\"name\":\"LEP\",\"description\":\"- centrale PPO\u017b, czujniki dymu i zasilacze\",\"publisher\":{\"@id\":\"https:\\\/\\\/lep.pl\\\/#organization\"},\"potentialAction\":[{\"@type\":\"SearchAction\",\"target\":{\"@type\":\"EntryPoint\",\"urlTemplate\":\"https:\\\/\\\/lep.pl\\\/?s={search_term_string}\"},\"query-input\":{\"@type\":\"PropertyValueSpecification\",\"valueRequired\":true,\"valueName\":\"search_term_string\"}}],\"inLanguage\":\"pl-PL\"},{\"@type\":\"Organization\",\"@id\":\"https:\\\/\\\/lep.pl\\\/#organization\",\"name\":\"Lep\",\"url\":\"https:\\\/\\\/lep.pl\\\/\",\"logo\":{\"@type\":\"ImageObject\",\"inLanguage\":\"pl-PL\",\"@id\":\"https:\\\/\\\/lep.pl\\\/#\\\/schema\\\/logo\\\/image\\\/\",\"url\":\"https:\\\/\\\/lep.pl\\\/wp-content\\\/uploads\\\/2017\\\/04\\\/logo@1x.png\",\"contentUrl\":\"https:\\\/\\\/lep.pl\\\/wp-content\\\/uploads\\\/2017\\\/04\\\/logo@1x.png\",\"width\":400,\"height\":54,\"caption\":\"Lep\"},\"image\":{\"@id\":\"https:\\\/\\\/lep.pl\\\/#\\\/schema\\\/logo\\\/image\\\/\"}}]}<\/script>\n<!-- \/ Yoast SEO plugin. -->","yoast_head_json":{"title":"Optyczna czujka dymu OSD23 | LEP - producent","description":"Optyczna czujka dymu OSD23 przeznaczona jest do wykrywania obecno\u015bci dymu w powietrzu, w pocz\u0105tkowej fazie powstawania po\u017caru.","robots":{"index":"index","follow":"follow","max-snippet":"max-snippet:-1","max-image-preview":"max-image-preview:large","max-video-preview":"max-video-preview:-1"},"canonical":"https:\/\/lep.pl\/index.php\/witamy\/osd23\/","og_locale":"pl_PL","og_type":"article","og_title":"Optyczna czujka dymu OSD23 | LEP - producent","og_description":"Optyczna czujka dymu OSD23 przeznaczona jest do wykrywania obecno\u015bci dymu w powietrzu, w pocz\u0105tkowej fazie powstawania po\u017caru.","og_url":"https:\/\/lep.pl\/index.php\/witamy\/osd23\/","og_site_name":"LEP","article_modified_time":"2025-07-17T13:22:26+00:00","og_image":[{"url":"http:\/\/lep.pl\/wp-content\/uploads\/2017\/01\/ic_done.png","type":"","width":"","height":""}],"twitter_card":"summary_large_image","twitter_misc":{"Szacowany czas czytania":"5 minut"},"schema":{"@context":"https:\/\/schema.org","@graph":[{"@type":"WebPage","@id":"https:\/\/lep.pl\/index.php\/witamy\/osd23\/","url":"https:\/\/lep.pl\/index.php\/witamy\/osd23\/","name":"Optyczna czujka dymu OSD23 | LEP - producent","isPartOf":{"@id":"https:\/\/lep.pl\/#website"},"primaryImageOfPage":{"@id":"https:\/\/lep.pl\/index.php\/witamy\/osd23\/#primaryimage"},"image":{"@id":"https:\/\/lep.pl\/index.php\/witamy\/osd23\/#primaryimage"},"thumbnailUrl":"http:\/\/lep.pl\/wp-content\/uploads\/2017\/01\/ic_done.png","datePublished":"2022-10-13T07:58:05+00:00","dateModified":"2025-07-17T13:22:26+00:00","description":"Optyczna czujka dymu OSD23 przeznaczona jest do wykrywania obecno\u015bci dymu w powietrzu, w pocz\u0105tkowej fazie powstawania po\u017caru.","breadcrumb":{"@id":"https:\/\/lep.pl\/index.php\/witamy\/osd23\/#breadcrumb"},"inLanguage":"pl-PL","potentialAction":[{"@type":"ReadAction","target":["https:\/\/lep.pl\/index.php\/witamy\/osd23\/"]}]},{"@type":"ImageObject","inLanguage":"pl-PL","@id":"https:\/\/lep.pl\/index.php\/witamy\/osd23\/#primaryimage","url":"http:\/\/lep.pl\/wp-content\/uploads\/2017\/01\/ic_done.png","contentUrl":"http:\/\/lep.pl\/wp-content\/uploads\/2017\/01\/ic_done.png"},{"@type":"BreadcrumbList","@id":"https:\/\/lep.pl\/index.php\/witamy\/osd23\/#breadcrumb","itemListElement":[{"@type":"ListItem","position":1,"name":"Strona g\u0142\u00f3wna","item":"https:\/\/lep.pl\/"},{"@type":"ListItem","position":2,"name":"Witamy","item":"https:\/\/lep.pl\/"},{"@type":"ListItem","position":3,"name":"OSD23"}]},{"@type":"WebSite","@id":"https:\/\/lep.pl\/#website","url":"https:\/\/lep.pl\/","name":"LEP","description":"- centrale PPO\u017b, czujniki dymu i zasilacze","publisher":{"@id":"https:\/\/lep.pl\/#organization"},"potentialAction":[{"@type":"SearchAction","target":{"@type":"EntryPoint","urlTemplate":"https:\/\/lep.pl\/?s={search_term_string}"},"query-input":{"@type":"PropertyValueSpecification","valueRequired":true,"valueName":"search_term_string"}}],"inLanguage":"pl-PL"},{"@type":"Organization","@id":"https:\/\/lep.pl\/#organization","name":"Lep","url":"https:\/\/lep.pl\/","logo":{"@type":"ImageObject","inLanguage":"pl-PL","@id":"https:\/\/lep.pl\/#\/schema\/logo\/image\/","url":"https:\/\/lep.pl\/wp-content\/uploads\/2017\/04\/logo@1x.png","contentUrl":"https:\/\/lep.pl\/wp-content\/uploads\/2017\/04\/logo@1x.png","width":400,"height":54,"caption":"Lep"},"image":{"@id":"https:\/\/lep.pl\/#\/schema\/logo\/image\/"}}]}},"_links":{"self":[{"href":"https:\/\/lep.pl\/index.php\/wp-json\/wp\/v2\/pages\/3209","targetHints":{"allow":["GET"]}}],"collection":[{"href":"https:\/\/lep.pl\/index.php\/wp-json\/wp\/v2\/pages"}],"about":[{"href":"https:\/\/lep.pl\/index.php\/wp-json\/wp\/v2\/types\/page"}],"author":[{"embeddable":true,"href":"https:\/\/lep.pl\/index.php\/wp-json\/wp\/v2\/users\/5"}],"replies":[{"embeddable":true,"href":"https:\/\/lep.pl\/index.php\/wp-json\/wp\/v2\/comments?post=3209"}],"version-history":[{"count":31,"href":"https:\/\/lep.pl\/index.php\/wp-json\/wp\/v2\/pages\/3209\/revisions"}],"predecessor-version":[{"id":3718,"href":"https:\/\/lep.pl\/index.php\/wp-json\/wp\/v2\/pages\/3209\/revisions\/3718"}],"up":[{"embeddable":true,"href":"https:\/\/lep.pl\/index.php\/wp-json\/wp\/v2\/pages\/381"}],"wp:attachment":[{"href":"https:\/\/lep.pl\/index.php\/wp-json\/wp\/v2\/media?parent=3209"}],"curies":[{"name":"wp","href":"https:\/\/api.w.org\/{rel}","templated":true}]}}