{"id":2723,"date":"2020-12-14T14:22:44","date_gmt":"2020-12-14T14:22:44","guid":{"rendered":"http:\/\/lep.pl\/?page_id=2723"},"modified":"2024-11-13T12:00:39","modified_gmt":"2024-11-13T12:00:39","slug":"mzn-62","status":"publish","type":"page","link":"https:\/\/lep.pl\/index.php\/witamy\/mzn-62\/","title":{"rendered":"MZN62 \u2013 modu\u0142 zabezpieczenia sieciowego"},"content":{"rendered":"<div class=\"wpb-content-wrapper\"><p>[vc_row css=&#8221;.vc_custom_1552569006664{background-position: center !important;background-repeat: no-repeat !important;background-size: cover !important;}&#8221;][vc_column][vc_row_inner css=&#8221;.vc_custom_1552569012439{padding-top: 3% !important;padding-right: 12% !important;padding-left: 12% !important;}&#8221;][vc_column_inner width=&#8221;1\/2&#8243;][vc_column_text]<\/p>\n<h1>MZN62<br \/>\nmodu\u0142 zabezpieczenia napi\u0119ciowego<\/h1>\n<p>[\/vc_column_text][\/vc_column_inner][vc_column_inner width=&#8221;1\/4&#8243;][vc_single_image image=&#8221;3034&#8243; img_size=&#8221;large&#8221; alignment=&#8221;center&#8221; onclick=&#8221;link_image&#8221; title=&#8221;MZN62&#8243; el_class=&#8221;image_text&#8221;][\/vc_column_inner][vc_column_inner width=&#8221;1\/4&#8243;][vc_single_image image=&#8221;3036&#8243; img_size=&#8221;large&#8221; alignment=&#8221;center&#8221; onclick=&#8221;link_image&#8221; title=&#8221;MZN 62&#8243; el_class=&#8221;image_text&#8221;][\/vc_column_inner][\/vc_row_inner][vc_row_inner css=&#8221;.vc_custom_1485607271454{padding-right: 12% !important;padding-left: 12% !important;}&#8221;][vc_column_inner][vc_toggle title=&#8221;Opis produktu (rozwi\u0144\/zwi\u0144)&#8221; style=&#8221;simple&#8221; color=&#8221;green&#8221; size=&#8221;lg&#8221; el_id=&#8221;1552568975610-1195c6ce-e367&#8243;]Modu\u0142 zabezpieczenia napi\u0119ciowego MZN62 s\u0142u\u017cy do zabezpieczenia czujek OSD63 przed zbyt du\u017cym napi\u0119ciem w linii dozorowej.[\/vc_toggle][vc_toggle title=&#8221;Zasada dzia\u0142ania (rozwi\u0144\/zwi\u0144)&#8221; style=&#8221;simple&#8221; color=&#8221;green&#8221; size=&#8221;lg&#8221; el_id=&#8221;1552569026536-3ed8e85c-e27c&#8221;]Modu\u0142 zabezpieczenia napi\u0119ciowego MZN62 przejmuje energi\u0119 przepi\u0119\u0107 w linii dozorowej zawieraj\u0105cej czujki OSD63.[\/vc_toggle][vc_toggle title=&#8221;Pod\u0142\u0105czenie (rozwi\u0144\/zwi\u0144)&#8221; style=&#8221;simple&#8221; color=&#8221;green&#8221; size=&#8221;lg&#8221; el_id=&#8221;1607956029384-045e16aa-2f89&#8243;]Modu\u0142 MZN62 w\u0142\u0105cza si\u0119 pomi\u0119dzy urz\u0105dzenie (wej\u015bcie linii dozorowej) a lini\u0119 z czujkami OSD63, zgodnie ze schematem przedstawionym w karcie katalogowej &#8211; <a href=\"https:\/\/lep.pl\/files\/file\/PL\/KK\/62-mzn62-kk-190826.pdf\">MZN62 karta katalogowa<\/a>.[\/vc_toggle][vc_toggle title=&#8221;Budowa (rozwi\u0144\/zwi\u0144)&#8221; style=&#8221;simple&#8221; color=&#8221;green&#8221; size=&#8221;lg&#8221; el_id=&#8221;1607956199915-30e3c2ac-60e7&#8243;]Modu\u0142 elektroniczny wbudowany jest obudow\u0119 montowan\u0105 na szyn\u0119 DIN (TS35).[\/vc_toggle][vc_toggle title=&#8221;Dane techniczne (rozwi\u0144\/zwi\u0144)&#8221; style=&#8221;simple&#8221; color=&#8221;green&#8221; size=&#8221;lg&#8221; el_id=&#8221;1552569048418-c3341ca3-d8d6&#8243;]<\/p>\n<table style=\"width: 45.492%;\" border=\"0\">\n<tbody>\n<tr>\n<td style=\"width: 58.5253%;\">Napi\u0119cie zasilania (wej\u015bciowe)<\/td>\n<td style=\"width: 49.7696%;\" align=\"right\">16\u00f732V<\/td>\n<\/tr>\n<tr>\n<td style=\"width: 58.5253%;\">Maksymalne przepi\u0119cie na wej\u015bciu:<\/td>\n<td style=\"width: 49.7696%;\" align=\"right\">99V<\/td>\n<\/tr>\n<tr>\n<td style=\"width: 58.5253%;\">Pob\u00f3r pr\u0105du:<\/td>\n<td style=\"width: 49.7696%;\" align=\"right\">10mA<\/td>\n<\/tr>\n<tr>\n<td style=\"width: 58.5253%;\">Sygnalizacja:<\/td>\n<td style=\"width: 49.7696%;\" align=\"right\"><\/td>\n<\/tr>\n<tr>\n<td style=\"width: 58.5253%;\">&#8211; zasilanie linii WE (wej\u015bcie):<\/td>\n<td style=\"width: 49.7696%;\" align=\"right\">czerwony LED<\/td>\n<\/tr>\n<tr>\n<td style=\"width: 58.5253%;\">&#8211; zasilanie linii WY (wyj\u015bcie):<\/td>\n<td style=\"width: 49.7696%;\" align=\"right\">zielony LED<\/td>\n<\/tr>\n<tr>\n<td style=\"width: 58.5253%;\">Temperatura pracy:<\/td>\n<td style=\"width: 49.7696%;\" align=\"right\">-25\u00b0C do +70\u00b0C<\/td>\n<\/tr>\n<tr>\n<td style=\"width: 58.5253%;\">Wilgotno\u015b\u0107 wzgl\u0119dna:<\/td>\n<td style=\"width: 49.7696%;\" align=\"right\">do 95% przy 40\u00b0C<\/td>\n<\/tr>\n<tr>\n<td style=\"width: 58.5253%;\">Obudowa:<\/td>\n<td style=\"width: 49.7696%;\" align=\"right\">tworzywo sztuczne (PS)<\/td>\n<\/tr>\n<tr>\n<td style=\"width: 58.5253%;\">Wymiary:<\/td>\n<td style=\"width: 49.7696%;\" align=\"right\">90 x 34 x 65 mm<\/td>\n<\/tr>\n<tr>\n<td style=\"width: 58.5253%;\">Masa:<\/td>\n<td style=\"width: 49.7696%;\" align=\"right\">70g \u00b1 5g<\/td>\n<\/tr>\n<\/tbody>\n<\/table>\n<p>[\/vc_toggle][vc_toggle title=&#8221;Pliki i dokumenty (rozwi\u0144\/zwi\u0144)&#8221; style=&#8221;simple&#8221; color=&#8221;green&#8221; size=&#8221;lg&#8221; el_id=&#8221;1552569072781-0bbb5642-31d4&#8243;]<img decoding=\"async\" src=\"https:\/\/lep.pl\/wp-content\/uploads\/2017\/01\/ic_done.png\" width=\"20\" height=\"20\" \/> <a href=\"https:\/\/lep.pl\/files\/file\/PL\/KK\/62-mzn62-kk-190826.pdf\">MZN62 Modu\u0142 zabezpieczenia napi\u0119ciowego MZN62 &#8211; karta katalogowa<\/a>[\/vc_toggle][\/vc_column_inner][\/vc_row_inner][\/vc_column][\/vc_row][vc_row content_placement=&#8221;top&#8221; css=&#8221;.vc_custom_1552569139755{background-position: center !important;background-repeat: no-repeat !important;background-size: cover !important;}&#8221;][vc_column][vc_row_inner css=&#8221;.vc_custom_1552569144789{padding-right: 12% !important;padding-left: 12% !important;}&#8221;][vc_column_inner width=&#8221;1\/4&#8243;][vc_column_text]<a href=\"mailto:biuro@lep.pl\">biuro@lep.pl<\/a>[\/vc_column_text][\/vc_column_inner][vc_column_inner width=&#8221;1\/4&#8243;][vc_column_text](32) 754 54 54<br \/>\n(32) 754 54 55[\/vc_column_text][\/vc_column_inner][vc_column_inner width=&#8221;1\/4&#8243;][vc_column_text]<a href=\"https:\/\/goo.gl\/maps\/2HeA81byii52\" target=\"_blank\" rel=\"noopener noreferrer\">Wsp\u00f3lna 9, <\/a><a href=\"https:\/\/goo.gl\/maps\/2HeA81byii52\">32-300, Olkusz<br \/>\n<\/a>NIP: 637-010-87-21[\/vc_column_text][\/vc_column_inner][vc_column_inner width=&#8221;1\/4&#8243;][\/vc_column_inner][\/vc_row_inner][\/vc_column][\/vc_row]<\/p>\n<\/div>","protected":false},"excerpt":{"rendered":"<p>[vc_row css=&#8221;.vc_custom_1552569006664{background-position: center !important;background-repeat: no-repeat !important;background-size: cover !important;}&#8221;][vc_column][vc_row_inner css=&#8221;.vc_custom_1552569012439{padding-top: 3% !important;padding-right: 12% !important;padding-left: 12% !important;}&#8221;][vc_column_inner width=&#8221;1\/2&#8243;][vc_column_text] MZN62 modu\u0142 zabezpieczenia napi\u0119ciowego [\/vc_column_text][\/vc_column_inner][vc_column_inner width=&#8221;1\/4&#8243;][vc_single_image image=&#8221;3034&#8243; img_size=&#8221;large&#8221; alignment=&#8221;center&#8221; onclick=&#8221;link_image&#8221; title=&#8221;MZN62&#8243; el_class=&#8221;image_text&#8221;][\/vc_column_inner][vc_column_inner width=&#8221;1\/4&#8243;][vc_single_image image=&#8221;3036&#8243; img_size=&#8221;large&#8221; alignment=&#8221;center&#8221; onclick=&#8221;link_image&#8221; title=&#8221;MZN 62&#8243; el_class=&#8221;image_text&#8221;][\/vc_column_inner][\/vc_row_inner][vc_row_inner css=&#8221;.vc_custom_1485607271454{padding-right: 12% !important;padding-left: 12% !important;}&#8221;][vc_column_inner][vc_toggle title=&#8221;Opis produktu (rozwi\u0144\/zwi\u0144)&#8221; style=&#8221;simple&#8221; color=&#8221;green&#8221; size=&#8221;lg&#8221; el_id=&#8221;1552568975610-1195c6ce-e367&#8243;]Modu\u0142 zabezpieczenia napi\u0119ciowego MZN62 s\u0142u\u017cy do zabezpieczenia czujek [&hellip;]<\/p>\n","protected":false},"author":5,"featured_media":0,"parent":381,"menu_order":0,"comment_status":"closed","ping_status":"closed","template":"page-full-width.php","meta":{"footnotes":""},"class_list":["post-2723","page","type-page","status-publish","hentry"],"yoast_head":"<!-- This site is optimized with the Yoast SEO plugin v27.3 - https:\/\/yoast.com\/product\/yoast-seo-wordpress\/ -->\n<title>MZN62 modu\u0142 zabezpieczenia | LEP - producent elektroniki ppo\u017c<\/title>\n<meta name=\"description\" content=\"Modu\u0142 zabezpieczenia napi\u0119ciowego MZN62 s\u0142u\u017cy do zabezpieczenia czujek OSD63 przed zbyt du\u017cym napi\u0119ciem w linii dozorowej.\" \/>\n<meta name=\"robots\" content=\"index, follow, max-snippet:-1, max-image-preview:large, max-video-preview:-1\" \/>\n<link rel=\"canonical\" href=\"https:\/\/lep.pl\/index.php\/witamy\/mzn-62\/\" \/>\n<meta property=\"og:locale\" content=\"pl_PL\" \/>\n<meta property=\"og:type\" content=\"article\" \/>\n<meta property=\"og:title\" content=\"MZN62 modu\u0142 zabezpieczenia | LEP - producent elektroniki ppo\u017c\" \/>\n<meta property=\"og:description\" content=\"Modu\u0142 zabezpieczenia napi\u0119ciowego MZN62 s\u0142u\u017cy do zabezpieczenia czujek OSD63 przed zbyt du\u017cym napi\u0119ciem w linii dozorowej.\" \/>\n<meta property=\"og:url\" content=\"https:\/\/lep.pl\/index.php\/witamy\/mzn-62\/\" \/>\n<meta property=\"og:site_name\" content=\"LEP\" \/>\n<meta property=\"article:modified_time\" content=\"2024-11-13T12:00:39+00:00\" \/>\n<meta property=\"og:image\" content=\"http:\/\/lep.pl\/wp-content\/uploads\/2017\/01\/ic_done.png\" \/>\n<meta name=\"twitter:card\" content=\"summary_large_image\" \/>\n<meta name=\"twitter:label1\" content=\"Szacowany czas czytania\" \/>\n\t<meta name=\"twitter:data1\" content=\"2 minuty\" \/>\n<script type=\"application\/ld+json\" class=\"yoast-schema-graph\">{\"@context\":\"https:\\\/\\\/schema.org\",\"@graph\":[{\"@type\":\"WebPage\",\"@id\":\"https:\\\/\\\/lep.pl\\\/index.php\\\/witamy\\\/mzn-62\\\/\",\"url\":\"https:\\\/\\\/lep.pl\\\/index.php\\\/witamy\\\/mzn-62\\\/\",\"name\":\"MZN62 modu\u0142 zabezpieczenia | LEP - producent elektroniki ppo\u017c\",\"isPartOf\":{\"@id\":\"https:\\\/\\\/lep.pl\\\/#website\"},\"primaryImageOfPage\":{\"@id\":\"https:\\\/\\\/lep.pl\\\/index.php\\\/witamy\\\/mzn-62\\\/#primaryimage\"},\"image\":{\"@id\":\"https:\\\/\\\/lep.pl\\\/index.php\\\/witamy\\\/mzn-62\\\/#primaryimage\"},\"thumbnailUrl\":\"http:\\\/\\\/lep.pl\\\/wp-content\\\/uploads\\\/2017\\\/01\\\/ic_done.png\",\"datePublished\":\"2020-12-14T14:22:44+00:00\",\"dateModified\":\"2024-11-13T12:00:39+00:00\",\"description\":\"Modu\u0142 zabezpieczenia napi\u0119ciowego MZN62 s\u0142u\u017cy do zabezpieczenia czujek OSD63 przed zbyt du\u017cym napi\u0119ciem w linii dozorowej.\",\"breadcrumb\":{\"@id\":\"https:\\\/\\\/lep.pl\\\/index.php\\\/witamy\\\/mzn-62\\\/#breadcrumb\"},\"inLanguage\":\"pl-PL\",\"potentialAction\":[{\"@type\":\"ReadAction\",\"target\":[\"https:\\\/\\\/lep.pl\\\/index.php\\\/witamy\\\/mzn-62\\\/\"]}]},{\"@type\":\"ImageObject\",\"inLanguage\":\"pl-PL\",\"@id\":\"https:\\\/\\\/lep.pl\\\/index.php\\\/witamy\\\/mzn-62\\\/#primaryimage\",\"url\":\"http:\\\/\\\/lep.pl\\\/wp-content\\\/uploads\\\/2017\\\/01\\\/ic_done.png\",\"contentUrl\":\"http:\\\/\\\/lep.pl\\\/wp-content\\\/uploads\\\/2017\\\/01\\\/ic_done.png\"},{\"@type\":\"BreadcrumbList\",\"@id\":\"https:\\\/\\\/lep.pl\\\/index.php\\\/witamy\\\/mzn-62\\\/#breadcrumb\",\"itemListElement\":[{\"@type\":\"ListItem\",\"position\":1,\"name\":\"Strona g\u0142\u00f3wna\",\"item\":\"https:\\\/\\\/lep.pl\\\/\"},{\"@type\":\"ListItem\",\"position\":2,\"name\":\"Witamy\",\"item\":\"https:\\\/\\\/lep.pl\\\/\"},{\"@type\":\"ListItem\",\"position\":3,\"name\":\"MZN62 \u2013 modu\u0142 zabezpieczenia sieciowego\"}]},{\"@type\":\"WebSite\",\"@id\":\"https:\\\/\\\/lep.pl\\\/#website\",\"url\":\"https:\\\/\\\/lep.pl\\\/\",\"name\":\"LEP\",\"description\":\"- centrale PPO\u017b, czujniki dymu i zasilacze\",\"publisher\":{\"@id\":\"https:\\\/\\\/lep.pl\\\/#organization\"},\"potentialAction\":[{\"@type\":\"SearchAction\",\"target\":{\"@type\":\"EntryPoint\",\"urlTemplate\":\"https:\\\/\\\/lep.pl\\\/?s={search_term_string}\"},\"query-input\":{\"@type\":\"PropertyValueSpecification\",\"valueRequired\":true,\"valueName\":\"search_term_string\"}}],\"inLanguage\":\"pl-PL\"},{\"@type\":\"Organization\",\"@id\":\"https:\\\/\\\/lep.pl\\\/#organization\",\"name\":\"Lep\",\"url\":\"https:\\\/\\\/lep.pl\\\/\",\"logo\":{\"@type\":\"ImageObject\",\"inLanguage\":\"pl-PL\",\"@id\":\"https:\\\/\\\/lep.pl\\\/#\\\/schema\\\/logo\\\/image\\\/\",\"url\":\"https:\\\/\\\/lep.pl\\\/wp-content\\\/uploads\\\/2017\\\/04\\\/logo@1x.png\",\"contentUrl\":\"https:\\\/\\\/lep.pl\\\/wp-content\\\/uploads\\\/2017\\\/04\\\/logo@1x.png\",\"width\":400,\"height\":54,\"caption\":\"Lep\"},\"image\":{\"@id\":\"https:\\\/\\\/lep.pl\\\/#\\\/schema\\\/logo\\\/image\\\/\"}}]}<\/script>\n<!-- \/ Yoast SEO plugin. -->","yoast_head_json":{"title":"MZN62 modu\u0142 zabezpieczenia | LEP - producent elektroniki ppo\u017c","description":"Modu\u0142 zabezpieczenia napi\u0119ciowego MZN62 s\u0142u\u017cy do zabezpieczenia czujek OSD63 przed zbyt du\u017cym napi\u0119ciem w linii dozorowej.","robots":{"index":"index","follow":"follow","max-snippet":"max-snippet:-1","max-image-preview":"max-image-preview:large","max-video-preview":"max-video-preview:-1"},"canonical":"https:\/\/lep.pl\/index.php\/witamy\/mzn-62\/","og_locale":"pl_PL","og_type":"article","og_title":"MZN62 modu\u0142 zabezpieczenia | LEP - producent elektroniki ppo\u017c","og_description":"Modu\u0142 zabezpieczenia napi\u0119ciowego MZN62 s\u0142u\u017cy do zabezpieczenia czujek OSD63 przed zbyt du\u017cym napi\u0119ciem w linii dozorowej.","og_url":"https:\/\/lep.pl\/index.php\/witamy\/mzn-62\/","og_site_name":"LEP","article_modified_time":"2024-11-13T12:00:39+00:00","og_image":[{"url":"http:\/\/lep.pl\/wp-content\/uploads\/2017\/01\/ic_done.png","type":"","width":"","height":""}],"twitter_card":"summary_large_image","twitter_misc":{"Szacowany czas czytania":"2 minuty"},"schema":{"@context":"https:\/\/schema.org","@graph":[{"@type":"WebPage","@id":"https:\/\/lep.pl\/index.php\/witamy\/mzn-62\/","url":"https:\/\/lep.pl\/index.php\/witamy\/mzn-62\/","name":"MZN62 modu\u0142 zabezpieczenia | LEP - producent elektroniki ppo\u017c","isPartOf":{"@id":"https:\/\/lep.pl\/#website"},"primaryImageOfPage":{"@id":"https:\/\/lep.pl\/index.php\/witamy\/mzn-62\/#primaryimage"},"image":{"@id":"https:\/\/lep.pl\/index.php\/witamy\/mzn-62\/#primaryimage"},"thumbnailUrl":"http:\/\/lep.pl\/wp-content\/uploads\/2017\/01\/ic_done.png","datePublished":"2020-12-14T14:22:44+00:00","dateModified":"2024-11-13T12:00:39+00:00","description":"Modu\u0142 zabezpieczenia napi\u0119ciowego MZN62 s\u0142u\u017cy do zabezpieczenia czujek OSD63 przed zbyt du\u017cym napi\u0119ciem w linii dozorowej.","breadcrumb":{"@id":"https:\/\/lep.pl\/index.php\/witamy\/mzn-62\/#breadcrumb"},"inLanguage":"pl-PL","potentialAction":[{"@type":"ReadAction","target":["https:\/\/lep.pl\/index.php\/witamy\/mzn-62\/"]}]},{"@type":"ImageObject","inLanguage":"pl-PL","@id":"https:\/\/lep.pl\/index.php\/witamy\/mzn-62\/#primaryimage","url":"http:\/\/lep.pl\/wp-content\/uploads\/2017\/01\/ic_done.png","contentUrl":"http:\/\/lep.pl\/wp-content\/uploads\/2017\/01\/ic_done.png"},{"@type":"BreadcrumbList","@id":"https:\/\/lep.pl\/index.php\/witamy\/mzn-62\/#breadcrumb","itemListElement":[{"@type":"ListItem","position":1,"name":"Strona g\u0142\u00f3wna","item":"https:\/\/lep.pl\/"},{"@type":"ListItem","position":2,"name":"Witamy","item":"https:\/\/lep.pl\/"},{"@type":"ListItem","position":3,"name":"MZN62 \u2013 modu\u0142 zabezpieczenia sieciowego"}]},{"@type":"WebSite","@id":"https:\/\/lep.pl\/#website","url":"https:\/\/lep.pl\/","name":"LEP","description":"- centrale PPO\u017b, czujniki dymu i zasilacze","publisher":{"@id":"https:\/\/lep.pl\/#organization"},"potentialAction":[{"@type":"SearchAction","target":{"@type":"EntryPoint","urlTemplate":"https:\/\/lep.pl\/?s={search_term_string}"},"query-input":{"@type":"PropertyValueSpecification","valueRequired":true,"valueName":"search_term_string"}}],"inLanguage":"pl-PL"},{"@type":"Organization","@id":"https:\/\/lep.pl\/#organization","name":"Lep","url":"https:\/\/lep.pl\/","logo":{"@type":"ImageObject","inLanguage":"pl-PL","@id":"https:\/\/lep.pl\/#\/schema\/logo\/image\/","url":"https:\/\/lep.pl\/wp-content\/uploads\/2017\/04\/logo@1x.png","contentUrl":"https:\/\/lep.pl\/wp-content\/uploads\/2017\/04\/logo@1x.png","width":400,"height":54,"caption":"Lep"},"image":{"@id":"https:\/\/lep.pl\/#\/schema\/logo\/image\/"}}]}},"_links":{"self":[{"href":"https:\/\/lep.pl\/index.php\/wp-json\/wp\/v2\/pages\/2723","targetHints":{"allow":["GET"]}}],"collection":[{"href":"https:\/\/lep.pl\/index.php\/wp-json\/wp\/v2\/pages"}],"about":[{"href":"https:\/\/lep.pl\/index.php\/wp-json\/wp\/v2\/types\/page"}],"author":[{"embeddable":true,"href":"https:\/\/lep.pl\/index.php\/wp-json\/wp\/v2\/users\/5"}],"replies":[{"embeddable":true,"href":"https:\/\/lep.pl\/index.php\/wp-json\/wp\/v2\/comments?post=2723"}],"version-history":[{"count":19,"href":"https:\/\/lep.pl\/index.php\/wp-json\/wp\/v2\/pages\/2723\/revisions"}],"predecessor-version":[{"id":3663,"href":"https:\/\/lep.pl\/index.php\/wp-json\/wp\/v2\/pages\/2723\/revisions\/3663"}],"up":[{"embeddable":true,"href":"https:\/\/lep.pl\/index.php\/wp-json\/wp\/v2\/pages\/381"}],"wp:attachment":[{"href":"https:\/\/lep.pl\/index.php\/wp-json\/wp\/v2\/media?parent=2723"}],"curies":[{"name":"wp","href":"https:\/\/api.w.org\/{rel}","templated":true}]}}