{"id":1625,"date":"2018-04-06T12:18:22","date_gmt":"2018-04-06T12:18:22","guid":{"rendered":"http:\/\/lep.pl\/?page_id=1625"},"modified":"2024-11-13T11:58:52","modified_gmt":"2024-11-13T11:58:52","slug":"mmg42","status":"publish","type":"page","link":"https:\/\/lep.pl\/index.php\/witamy\/mmg42\/","title":{"rendered":"MMG42"},"content":{"rendered":"<div class=\"wpb-content-wrapper\"><p>[vc_row css=&#8221;.vc_custom_1552570670720{background-position: center !important;background-repeat: no-repeat !important;background-size: cover !important;}&#8221;][vc_column][vc_row_inner css=&#8221;.vc_custom_1552570680500{padding-top: 3% !important;padding-right: 12% !important;padding-left: 12% !important;}&#8221;][vc_column_inner width=&#8221;1\/2&#8243;][vc_column_text]<\/p>\n<h1><strong>MMG42<\/strong><br \/>\nmodu\u0142 monitoringu GSM do systemu AFS42<\/h1>\n<p>[\/vc_column_text][\/vc_column_inner][vc_column_inner width=&#8221;1\/4&#8243;][vc_single_image image=&#8221;2943&#8243; img_size=&#8221;large&#8221; alignment=&#8221;center&#8221; onclick=&#8221;link_image&#8221; title=&#8221;MMG42&#8243; el_class=&#8221;image_text&#8221;][\/vc_column_inner][vc_column_inner width=&#8221;1\/4&#8243;][vc_single_image image=&#8221;2938&#8243; img_size=&#8221;large&#8221; alignment=&#8221;center&#8221; onclick=&#8221;link_image&#8221; title=&#8221;MMG42&#8243; el_class=&#8221;image_text&#8221;][\/vc_column_inner][\/vc_row_inner][vc_row_inner css=&#8221;.vc_custom_1552570751798{padding-right: 12% !important;padding-left: 12% !important;}&#8221;][vc_column_inner][vc_toggle title=&#8221;Opis produktu (rozwi\u0144\/zwi\u0144)&#8221; style=&#8221;simple&#8221; color=&#8221;green&#8221; size=&#8221;lg&#8221; css=&#8221;&#8221; el_id=&#8221;1552570724457-58c78926-e13e&#8221;]Modu\u0142 MMG42 jest urz\u0105dzeniem umo\u017cliwiaj\u0105cym monitoring stanu centrali po\u017carowej AFS42 przy pomocy sieci GSM. W sytuacji wykrycia zdarzenia awarii lub alarmu przesy\u0142a wiadomo\u015b\u0107 SMS, informuj\u0105ce lub wykonuje po\u0142\u0105czenie telefoniczne na jeden lub wi\u0119cej skonfigurowanych w pami\u0119ci urz\u0105dzenia numer\u00f3w telefon\u00f3w (maksymalnie do 8 numer\u00f3w).<\/p>\n<p>Istnieje mo\u017cliwo\u015b\u0107 wyboru zakresu przekazywanych informacji:<\/p>\n<ul>\n<li>wyb\u00f3r zakresu adres\u00f3w<\/li>\n<li>wyb\u00f3r zakresu stref<\/li>\n<li>wyb\u00f3r rodzaju zg\u0142aszanych awarii<\/li>\n<li>wyb\u00f3r poziom\u00f3w alarmu<\/li>\n<\/ul>\n<p>Modu\u0142 MMG umo\u017cliwia r\u00f3wnie\u017c zdalne sterowanie central\u0105 poprzez wys\u0142anie z uprawnionego telefonu SMSa o tre\u015bci \u201eALARM\u201d \u201eKASUJ\u201d oraz \u201eSTOP\u201d (mo\u017cliwo\u015b\u0107 potwierdzania i kasowania alarm\u00f3w).[\/vc_toggle][vc_toggle title=&#8221;Budowa (rozwi\u0144\/zwi\u0144)&#8221; style=&#8221;simple&#8221; color=&#8221;green&#8221; size=&#8221;lg&#8221; css=&#8221;&#8221; el_id=&#8221;1552570757476-de8e9534-665f&#8221;]Urz\u0105dzenie MMG42 jest wyposa\u017cone w elektroniczny modu\u0142 mikroprocesorowy, realizuj\u0105cy komunikacj\u0119 USB, oraz modu\u0142 GSM, realizuj\u0105cy wysy\u0142anie wiadomo\u015bci SMS.<\/p>\n<p>Z urz\u0105dzenia wyprowadzone s\u0105 nast\u0119puj\u0105ce przy\u0142\u0105cza:<\/p>\n<ul>\n<li>przy\u0142\u0105cze antenowe GSM (w zale\u017cno\u015bci od pozycji zamocowania urz\u0105dzenia anten\u0119 mo\u017cna przekr\u0119ci\u0107 w drugi otw\u00f3r na obudowie)<\/li>\n<li>kiesze\u0144 na kart\u0119 SIM<\/li>\n<li>gniazdo USB (typu B)<\/li>\n<li>roz\u0142\u0105czne gniazdo \u015brubowe RS485, umo\u017cliwiaj\u0105ce pod\u0142\u0105czenie linii komunikacyjnej RS485 (przewody A i B)<\/li>\n<li>roz\u0142\u0105czne gniazdo \u015brubowe zasilania modu\u0142u (przewody +24V DC i GND).<\/li>\n<\/ul>\n<p>[\/vc_toggle][vc_toggle title=&#8221;Dane techniczne (rozwi\u0144\/zwi\u0144)&#8221; style=&#8221;simple&#8221; color=&#8221;green&#8221; size=&#8221;lg&#8221; css=&#8221;&#8221; el_id=&#8221;1552570784517-a489750b-c938&#8243;]<\/p>\n<div>\n<div>\n<div>\n<div>\n<div>\n<div>\n<div>\n<table style=\"width: 37.8726%;\" border=\"0\">\n<tbody>\n<tr>\n<td style=\"width: 37.3016%;\">Napi\u0119cie zasilania<\/td>\n<td style=\"width: 68.6508%;\" align=\"right\">5V DC (z portu USB), 24V DC (izolowane)<\/td>\n<\/tr>\n<tr>\n<td style=\"width: 37.3016%;\">Maksymalny pob\u00f3r pr\u0105du<\/td>\n<td style=\"width: 68.6508%;\" align=\"right\">50 mA<\/td>\n<\/tr>\n<tr>\n<td style=\"width: 37.3016%;\">Sygnalizacja<\/td>\n<td style=\"width: 68.6508%;\" align=\"right\">trzy kontrolki LED<\/td>\n<\/tr>\n<tr>\n<td style=\"width: 37.3016%;\">Temperatura pracy<\/td>\n<td style=\"width: 68.6508%;\" align=\"right\">-20\u00b0C do +40\u00b0C<\/td>\n<\/tr>\n<tr>\n<td style=\"width: 37.3016%;\">Wilgotno\u015b\u0107 wzgl\u0119dna<\/td>\n<td style=\"width: 68.6508%;\" align=\"right\">80% przy 40\u00b0C<\/td>\n<\/tr>\n<tr>\n<td style=\"width: 37.3016%;\">Obudowa<\/td>\n<td style=\"width: 68.6508%;\" align=\"right\">tworzywo sztuczne (PS) w kolorze czarnym<\/td>\n<\/tr>\n<tr>\n<td style=\"width: 37.3016%;\">Wymiary<\/td>\n<td style=\"width: 68.6508%;\" align=\"right\">134 x 77 x 31 mm<\/td>\n<\/tr>\n<tr>\n<td style=\"width: 37.3016%;\">Waga<\/td>\n<td style=\"width: 68.6508%;\" align=\"right\">ok. 120g<\/td>\n<\/tr>\n<\/tbody>\n<\/table>\n<\/div>\n<\/div>\n<\/div>\n<\/div>\n<\/div>\n<\/div>\n<\/div>\n<p>[\/vc_toggle][vc_toggle title=&#8221;Pliki i dokumenty (rozwi\u0144\/zwi\u0144)&#8221; style=&#8221;simple&#8221; color=&#8221;green&#8221; size=&#8221;lg&#8221; css=&#8221;&#8221; el_id=&#8221;1552570805305-a6e9e556-f1b2&#8243;]<img decoding=\"async\" src=\"https:\/\/lep.pl\/wp-content\/uploads\/2017\/01\/ic_done.png\" width=\"20\" height=\"20\" \/> <a href=\"https:\/\/lep.pl\/files\/file\/PL\/KK\/42-mmg42-kk-200330.pdf\" target=\"_blank\" rel=\"noopener noreferrer\">MMG42 &#8211; Modu\u0142 monitoringu GSM do systemu AFS42 &#8211; karta katalogowa<\/a><\/p>\n<p><img decoding=\"async\" src=\"https:\/\/lep.pl\/wp-content\/uploads\/2017\/01\/ic_done.png\" width=\"20\" height=\"20\" \/> <a href=\"https:\/\/lep.pl\/files\/file\/PL\/IO\/42-mmg42-iot-200330.pdf\" target=\"_blank\" rel=\"noopener noreferrer\">MMG42 &#8211; Modu\u0142 monitoringu GSM do systemu AFS42- instrukcja obs\u0142ugi, informacja techniczna<\/a>[\/vc_toggle][\/vc_column_inner][\/vc_row_inner][\/vc_column][\/vc_row][vc_row content_placement=&#8221;top&#8221; css=&#8221;.vc_custom_1552570845451{background-position: center !important;background-repeat: no-repeat !important;background-size: cover !important;}&#8221;][vc_column][vc_row_inner css=&#8221;.vc_custom_1552570851192{padding-right: 12% !important;padding-left: 12% !important;}&#8221;][vc_column_inner width=&#8221;1\/4&#8243;][vc_column_text]<a href=\"mailto:biuro@lep.pl\">biuro@lep.pl<\/a>[\/vc_column_text][\/vc_column_inner][vc_column_inner width=&#8221;1\/4&#8243;][vc_column_text](32) 754 54 54<br \/>\n(32) 754 54 55[\/vc_column_text][\/vc_column_inner][vc_column_inner width=&#8221;1\/4&#8243;][vc_column_text]<a href=\"https:\/\/goo.gl\/maps\/2HeA81byii52\" target=\"_blank\" rel=\"noopener noreferrer\">Wsp\u00f3lna 9, <\/a><a href=\"https:\/\/goo.gl\/maps\/2HeA81byii52\">32-300, Olkusz<br \/>\n<\/a>NIP: 637-010-87-21[\/vc_column_text][\/vc_column_inner][vc_column_inner width=&#8221;1\/4&#8243;][\/vc_column_inner][\/vc_row_inner][\/vc_column][\/vc_row]<\/p>\n<\/div>","protected":false},"excerpt":{"rendered":"<p>[vc_row css=&#8221;.vc_custom_1552570670720{background-position: center !important;background-repeat: no-repeat !important;background-size: cover !important;}&#8221;][vc_column][vc_row_inner css=&#8221;.vc_custom_1552570680500{padding-top: 3% !important;padding-right: 12% !important;padding-left: 12% !important;}&#8221;][vc_column_inner width=&#8221;1\/2&#8243;][vc_column_text] MMG42 modu\u0142 monitoringu GSM do systemu AFS42 [\/vc_column_text][\/vc_column_inner][vc_column_inner width=&#8221;1\/4&#8243;][vc_single_image image=&#8221;2943&#8243; img_size=&#8221;large&#8221; alignment=&#8221;center&#8221; onclick=&#8221;link_image&#8221; title=&#8221;MMG42&#8243; el_class=&#8221;image_text&#8221;][\/vc_column_inner][vc_column_inner width=&#8221;1\/4&#8243;][vc_single_image image=&#8221;2938&#8243; img_size=&#8221;large&#8221; alignment=&#8221;center&#8221; onclick=&#8221;link_image&#8221; title=&#8221;MMG42&#8243; el_class=&#8221;image_text&#8221;][\/vc_column_inner][\/vc_row_inner][vc_row_inner css=&#8221;.vc_custom_1552570751798{padding-right: 12% !important;padding-left: 12% !important;}&#8221;][vc_column_inner][vc_toggle title=&#8221;Opis produktu (rozwi\u0144\/zwi\u0144)&#8221; style=&#8221;simple&#8221; color=&#8221;green&#8221; size=&#8221;lg&#8221; css=&#8221;&#8221; el_id=&#8221;1552570724457-58c78926-e13e&#8221;]Modu\u0142 MMG42 jest urz\u0105dzeniem umo\u017cliwiaj\u0105cym [&hellip;]<\/p>\n","protected":false},"author":3,"featured_media":0,"parent":381,"menu_order":0,"comment_status":"closed","ping_status":"closed","template":"page-full-width.php","meta":{"footnotes":""},"class_list":["post-1625","page","type-page","status-publish","hentry"],"yoast_head":"<!-- This site is optimized with the Yoast SEO plugin v27.3 - https:\/\/yoast.com\/product\/yoast-seo-wordpress\/ -->\n<title>MMG42 modu\u0142 monitoringu GSM do systemu AFS42 | LEP - producent elektroniki ppo\u017c<\/title>\n<meta name=\"description\" content=\"MMG42 jest urz\u0105dzeniem umo\u017cliwiaj\u0105cym monitoring stanu centrali po\u017carowej AFS42 przy pomocy sieci GSM.\" \/>\n<meta name=\"robots\" content=\"index, follow, max-snippet:-1, max-image-preview:large, max-video-preview:-1\" \/>\n<link rel=\"canonical\" href=\"https:\/\/lep.pl\/index.php\/witamy\/mmg42\/\" \/>\n<meta property=\"og:locale\" content=\"pl_PL\" \/>\n<meta property=\"og:type\" content=\"article\" \/>\n<meta property=\"og:title\" content=\"MMG42 modu\u0142 monitoringu GSM do systemu AFS42 | LEP - producent elektroniki ppo\u017c\" \/>\n<meta property=\"og:description\" content=\"MMG42 jest urz\u0105dzeniem umo\u017cliwiaj\u0105cym monitoring stanu centrali po\u017carowej AFS42 przy pomocy sieci GSM.\" \/>\n<meta property=\"og:url\" content=\"https:\/\/lep.pl\/index.php\/witamy\/mmg42\/\" \/>\n<meta property=\"og:site_name\" content=\"LEP\" \/>\n<meta property=\"article:modified_time\" content=\"2024-11-13T11:58:52+00:00\" \/>\n<meta property=\"og:image\" content=\"http:\/\/lep.pl\/wp-content\/uploads\/2017\/01\/ic_done.png\" \/>\n<meta name=\"twitter:card\" content=\"summary_large_image\" \/>\n<meta name=\"twitter:label1\" content=\"Szacowany czas czytania\" \/>\n\t<meta name=\"twitter:data1\" content=\"3 minuty\" \/>\n<script type=\"application\/ld+json\" class=\"yoast-schema-graph\">{\"@context\":\"https:\\\/\\\/schema.org\",\"@graph\":[{\"@type\":\"WebPage\",\"@id\":\"https:\\\/\\\/lep.pl\\\/index.php\\\/witamy\\\/mmg42\\\/\",\"url\":\"https:\\\/\\\/lep.pl\\\/index.php\\\/witamy\\\/mmg42\\\/\",\"name\":\"MMG42 modu\u0142 monitoringu GSM do systemu AFS42 | LEP - producent elektroniki ppo\u017c\",\"isPartOf\":{\"@id\":\"https:\\\/\\\/lep.pl\\\/#website\"},\"primaryImageOfPage\":{\"@id\":\"https:\\\/\\\/lep.pl\\\/index.php\\\/witamy\\\/mmg42\\\/#primaryimage\"},\"image\":{\"@id\":\"https:\\\/\\\/lep.pl\\\/index.php\\\/witamy\\\/mmg42\\\/#primaryimage\"},\"thumbnailUrl\":\"http:\\\/\\\/lep.pl\\\/wp-content\\\/uploads\\\/2017\\\/01\\\/ic_done.png\",\"datePublished\":\"2018-04-06T12:18:22+00:00\",\"dateModified\":\"2024-11-13T11:58:52+00:00\",\"description\":\"MMG42 jest urz\u0105dzeniem umo\u017cliwiaj\u0105cym monitoring stanu centrali po\u017carowej AFS42 przy pomocy sieci GSM.\",\"breadcrumb\":{\"@id\":\"https:\\\/\\\/lep.pl\\\/index.php\\\/witamy\\\/mmg42\\\/#breadcrumb\"},\"inLanguage\":\"pl-PL\",\"potentialAction\":[{\"@type\":\"ReadAction\",\"target\":[\"https:\\\/\\\/lep.pl\\\/index.php\\\/witamy\\\/mmg42\\\/\"]}]},{\"@type\":\"ImageObject\",\"inLanguage\":\"pl-PL\",\"@id\":\"https:\\\/\\\/lep.pl\\\/index.php\\\/witamy\\\/mmg42\\\/#primaryimage\",\"url\":\"http:\\\/\\\/lep.pl\\\/wp-content\\\/uploads\\\/2017\\\/01\\\/ic_done.png\",\"contentUrl\":\"http:\\\/\\\/lep.pl\\\/wp-content\\\/uploads\\\/2017\\\/01\\\/ic_done.png\"},{\"@type\":\"BreadcrumbList\",\"@id\":\"https:\\\/\\\/lep.pl\\\/index.php\\\/witamy\\\/mmg42\\\/#breadcrumb\",\"itemListElement\":[{\"@type\":\"ListItem\",\"position\":1,\"name\":\"Strona g\u0142\u00f3wna\",\"item\":\"https:\\\/\\\/lep.pl\\\/\"},{\"@type\":\"ListItem\",\"position\":2,\"name\":\"Witamy\",\"item\":\"https:\\\/\\\/lep.pl\\\/\"},{\"@type\":\"ListItem\",\"position\":3,\"name\":\"MMG42\"}]},{\"@type\":\"WebSite\",\"@id\":\"https:\\\/\\\/lep.pl\\\/#website\",\"url\":\"https:\\\/\\\/lep.pl\\\/\",\"name\":\"LEP\",\"description\":\"- centrale PPO\u017b, czujniki dymu i zasilacze\",\"publisher\":{\"@id\":\"https:\\\/\\\/lep.pl\\\/#organization\"},\"potentialAction\":[{\"@type\":\"SearchAction\",\"target\":{\"@type\":\"EntryPoint\",\"urlTemplate\":\"https:\\\/\\\/lep.pl\\\/?s={search_term_string}\"},\"query-input\":{\"@type\":\"PropertyValueSpecification\",\"valueRequired\":true,\"valueName\":\"search_term_string\"}}],\"inLanguage\":\"pl-PL\"},{\"@type\":\"Organization\",\"@id\":\"https:\\\/\\\/lep.pl\\\/#organization\",\"name\":\"Lep\",\"url\":\"https:\\\/\\\/lep.pl\\\/\",\"logo\":{\"@type\":\"ImageObject\",\"inLanguage\":\"pl-PL\",\"@id\":\"https:\\\/\\\/lep.pl\\\/#\\\/schema\\\/logo\\\/image\\\/\",\"url\":\"https:\\\/\\\/lep.pl\\\/wp-content\\\/uploads\\\/2017\\\/04\\\/logo@1x.png\",\"contentUrl\":\"https:\\\/\\\/lep.pl\\\/wp-content\\\/uploads\\\/2017\\\/04\\\/logo@1x.png\",\"width\":400,\"height\":54,\"caption\":\"Lep\"},\"image\":{\"@id\":\"https:\\\/\\\/lep.pl\\\/#\\\/schema\\\/logo\\\/image\\\/\"}}]}<\/script>\n<!-- \/ Yoast SEO plugin. -->","yoast_head_json":{"title":"MMG42 modu\u0142 monitoringu GSM do systemu AFS42 | LEP - producent elektroniki ppo\u017c","description":"MMG42 jest urz\u0105dzeniem umo\u017cliwiaj\u0105cym monitoring stanu centrali po\u017carowej AFS42 przy pomocy sieci GSM.","robots":{"index":"index","follow":"follow","max-snippet":"max-snippet:-1","max-image-preview":"max-image-preview:large","max-video-preview":"max-video-preview:-1"},"canonical":"https:\/\/lep.pl\/index.php\/witamy\/mmg42\/","og_locale":"pl_PL","og_type":"article","og_title":"MMG42 modu\u0142 monitoringu GSM do systemu AFS42 | LEP - producent elektroniki ppo\u017c","og_description":"MMG42 jest urz\u0105dzeniem umo\u017cliwiaj\u0105cym monitoring stanu centrali po\u017carowej AFS42 przy pomocy sieci GSM.","og_url":"https:\/\/lep.pl\/index.php\/witamy\/mmg42\/","og_site_name":"LEP","article_modified_time":"2024-11-13T11:58:52+00:00","og_image":[{"url":"http:\/\/lep.pl\/wp-content\/uploads\/2017\/01\/ic_done.png","type":"","width":"","height":""}],"twitter_card":"summary_large_image","twitter_misc":{"Szacowany czas czytania":"3 minuty"},"schema":{"@context":"https:\/\/schema.org","@graph":[{"@type":"WebPage","@id":"https:\/\/lep.pl\/index.php\/witamy\/mmg42\/","url":"https:\/\/lep.pl\/index.php\/witamy\/mmg42\/","name":"MMG42 modu\u0142 monitoringu GSM do systemu AFS42 | LEP - producent elektroniki ppo\u017c","isPartOf":{"@id":"https:\/\/lep.pl\/#website"},"primaryImageOfPage":{"@id":"https:\/\/lep.pl\/index.php\/witamy\/mmg42\/#primaryimage"},"image":{"@id":"https:\/\/lep.pl\/index.php\/witamy\/mmg42\/#primaryimage"},"thumbnailUrl":"http:\/\/lep.pl\/wp-content\/uploads\/2017\/01\/ic_done.png","datePublished":"2018-04-06T12:18:22+00:00","dateModified":"2024-11-13T11:58:52+00:00","description":"MMG42 jest urz\u0105dzeniem umo\u017cliwiaj\u0105cym monitoring stanu centrali po\u017carowej AFS42 przy pomocy sieci GSM.","breadcrumb":{"@id":"https:\/\/lep.pl\/index.php\/witamy\/mmg42\/#breadcrumb"},"inLanguage":"pl-PL","potentialAction":[{"@type":"ReadAction","target":["https:\/\/lep.pl\/index.php\/witamy\/mmg42\/"]}]},{"@type":"ImageObject","inLanguage":"pl-PL","@id":"https:\/\/lep.pl\/index.php\/witamy\/mmg42\/#primaryimage","url":"http:\/\/lep.pl\/wp-content\/uploads\/2017\/01\/ic_done.png","contentUrl":"http:\/\/lep.pl\/wp-content\/uploads\/2017\/01\/ic_done.png"},{"@type":"BreadcrumbList","@id":"https:\/\/lep.pl\/index.php\/witamy\/mmg42\/#breadcrumb","itemListElement":[{"@type":"ListItem","position":1,"name":"Strona g\u0142\u00f3wna","item":"https:\/\/lep.pl\/"},{"@type":"ListItem","position":2,"name":"Witamy","item":"https:\/\/lep.pl\/"},{"@type":"ListItem","position":3,"name":"MMG42"}]},{"@type":"WebSite","@id":"https:\/\/lep.pl\/#website","url":"https:\/\/lep.pl\/","name":"LEP","description":"- centrale PPO\u017b, czujniki dymu i zasilacze","publisher":{"@id":"https:\/\/lep.pl\/#organization"},"potentialAction":[{"@type":"SearchAction","target":{"@type":"EntryPoint","urlTemplate":"https:\/\/lep.pl\/?s={search_term_string}"},"query-input":{"@type":"PropertyValueSpecification","valueRequired":true,"valueName":"search_term_string"}}],"inLanguage":"pl-PL"},{"@type":"Organization","@id":"https:\/\/lep.pl\/#organization","name":"Lep","url":"https:\/\/lep.pl\/","logo":{"@type":"ImageObject","inLanguage":"pl-PL","@id":"https:\/\/lep.pl\/#\/schema\/logo\/image\/","url":"https:\/\/lep.pl\/wp-content\/uploads\/2017\/04\/logo@1x.png","contentUrl":"https:\/\/lep.pl\/wp-content\/uploads\/2017\/04\/logo@1x.png","width":400,"height":54,"caption":"Lep"},"image":{"@id":"https:\/\/lep.pl\/#\/schema\/logo\/image\/"}}]}},"_links":{"self":[{"href":"https:\/\/lep.pl\/index.php\/wp-json\/wp\/v2\/pages\/1625","targetHints":{"allow":["GET"]}}],"collection":[{"href":"https:\/\/lep.pl\/index.php\/wp-json\/wp\/v2\/pages"}],"about":[{"href":"https:\/\/lep.pl\/index.php\/wp-json\/wp\/v2\/types\/page"}],"author":[{"embeddable":true,"href":"https:\/\/lep.pl\/index.php\/wp-json\/wp\/v2\/users\/3"}],"replies":[{"embeddable":true,"href":"https:\/\/lep.pl\/index.php\/wp-json\/wp\/v2\/comments?post=1625"}],"version-history":[{"count":40,"href":"https:\/\/lep.pl\/index.php\/wp-json\/wp\/v2\/pages\/1625\/revisions"}],"predecessor-version":[{"id":3662,"href":"https:\/\/lep.pl\/index.php\/wp-json\/wp\/v2\/pages\/1625\/revisions\/3662"}],"up":[{"embeddable":true,"href":"https:\/\/lep.pl\/index.php\/wp-json\/wp\/v2\/pages\/381"}],"wp:attachment":[{"href":"https:\/\/lep.pl\/index.php\/wp-json\/wp\/v2\/media?parent=1625"}],"curies":[{"name":"wp","href":"https:\/\/api.w.org\/{rel}","templated":true}]}}