{"id":1554,"date":"2018-02-02T14:54:02","date_gmt":"2018-02-02T14:54:02","guid":{"rendered":"http:\/\/lep.pl\/?page_id=1554"},"modified":"2024-11-13T12:03:17","modified_gmt":"2024-11-13T12:03:17","slug":"mlw42","status":"publish","type":"page","link":"https:\/\/lep.pl\/index.php\/witamy\/mlw42\/","title":{"rendered":"MLW42"},"content":{"rendered":"<div class=\"wpb-content-wrapper\"><p>[vc_row css=&#8221;.vc_custom_1552570330875{background-position: center !important;background-repeat: no-repeat !important;background-size: cover !important;}&#8221;][vc_column][vc_row_inner css=&#8221;.vc_custom_1552570336333{padding-top: 3% !important;padding-right: 12% !important;padding-left: 12% !important;}&#8221;][vc_column_inner width=&#8221;1\/2&#8243;][vc_column_text]<\/p>\n<h1><strong>MLW42<\/strong><br \/>\nliniowy modu\u0142 wej\u015b\u0107 \/ wyj\u015b\u0107<\/h1>\n<p>[\/vc_column_text][\/vc_column_inner][vc_column_inner width=&#8221;1\/4&#8243;][vc_single_image image=&#8221;2926&#8243; img_size=&#8221;large&#8221; alignment=&#8221;center&#8221; onclick=&#8221;link_image&#8221; title=&#8221;MLW42&#8243; el_class=&#8221;image_text&#8221;][\/vc_column_inner][vc_column_inner width=&#8221;1\/4&#8243;][vc_single_image image=&#8221;2928&#8243; img_size=&#8221;large&#8221; alignment=&#8221;center&#8221; onclick=&#8221;link_image&#8221; el_class=&#8221;image_text&#8221; title=&#8221;MLW42&#8243;][\/vc_column_inner][\/vc_row_inner][vc_row_inner css=&#8221;.vc_custom_1485607271454{padding-right: 12% !important;padding-left: 12% !important;}&#8221;][vc_column_inner][vc_toggle title=&#8221;Opis produktu (rozwi\u0144\/zwi\u0144)&#8221; style=&#8221;simple&#8221; color=&#8221;green&#8221; size=&#8221;lg&#8221; css=&#8221;&#8221; el_id=&#8221;1552570441425-56e3fa30-c29b&#8221;]Modu\u0142 MLW42, wstawiony w lini\u0119 dozorow\u0105 systemu AFS42, umo\u017cliwia sterowanie do 4 uniwersalnymi wyj\u015bciami \/wej\u015bciami. Wyj\u015bcia s\u0105 wyj\u015bciami przeka\u017anikowymi do sterowania urz\u0105dzeniami zewn\u0119trznymi. Uniwersalne wyj\u015bcia, w zale\u017cno\u015bci od konfiguracji, s\u0105 automatycznie sterowane odpowiednim alarmem lub awari\u0105 w systemie AFS 42.<\/p>\n<p>UW mog\u0105 by\u0107 tak\u017ce konfigurowane jako wej\u015bcia do kontroli za\u0142\u0105czenia innych urz\u0105dze\u0144 zewn\u0119trznych lub jako og\u00f3lne wej\u015bcia informacyjne.[\/vc_toggle][vc_toggle title=&#8221;Zasada dzia\u0142ania (rozwi\u0144\/zwi\u0144)&#8221; style=&#8221;simple&#8221; color=&#8221;green&#8221; size=&#8221;lg&#8221; css=&#8221;&#8221; el_id=&#8221;1552570472769-22f4a4d3-46f2&#8243;]Modu\u0142 MLW42 ma przypisane 4 adresy w linii dozorowej AFS42. Zaadresowanie modu\u0142u MLW42 przebiega identycznie jak czujki OSD 63 &#8211; za pomoc\u0105 DONGLA 63. Uwaga!!! Kabelek + DONGIEL 63 nale\u017cy pod\u0142\u0105czy\u0107 r\u00f3wnocze\u015bnie do +LA i +LB. Ustawia si\u0119 jedynie najni\u017cszy adres w MLW42, trzy pozosta\u0142e ustawi\u0105 si\u0119 automatycznie, np. wys\u0142anie ustawie\u0144 adresu 10 spowoduje automatyczne ustawienie kolejnych adres\u00f3w na 11, 12, 13.<\/p>\n<p>Konfiguracja LW obs\u0142ugiwanych przez MLW42 jest identyczna jak konfiguracja UW w centrali AFS42 &#8211; patrz IT AFS42, ale odbywa si\u0119 poprzez MENU LW (przy konfiguracji LW nale\u017cy dodatkowo poda\u0107 ADRES OSD63 &#8211; ustawiony w MLW42 za pomoc\u0105 DONGLA 63). Najni\u017cszy z ustawionych w MLW42 adres\u00f3w reprezentuje LW1 w module MLW42, nast\u0119pny LW2 itd.[\/vc_toggle][vc_toggle title=&#8221;Dane techniczne (rozwi\u0144\/zwi\u0144)&#8221; style=&#8221;simple&#8221; color=&#8221;green&#8221; size=&#8221;lg&#8221; css=&#8221;&#8221; el_id=&#8221;1552570489775-ba4ecfd3-ef9c&#8221;]<\/p>\n<table style=\"width: 31.4074%;\" border=\"0\">\n<tbody>\n<tr>\n<td style=\"width: 36.3636%;\">Napi\u0119cie zasilania<\/td>\n<td style=\"width: 71.7703%;\" align=\"right\">24VDC<\/td>\n<\/tr>\n<tr>\n<td style=\"width: 36.3636%;\">Pob\u00f3r pr\u0105du<\/td>\n<td style=\"width: 71.7703%;\" align=\"right\">50mA<\/td>\n<\/tr>\n<tr>\n<td style=\"width: 36.3636%;\">Temperatura pracy<\/td>\n<td style=\"width: 71.7703%;\" align=\"right\">-20\u00b0C do +40\u00b0C<\/td>\n<\/tr>\n<tr>\n<td style=\"width: 36.3636%;\">Wilgotno\u015b\u0107 wzgl\u0119dna<\/td>\n<td style=\"width: 71.7703%;\" align=\"right\">do 80% przy 40\u00b0C<\/td>\n<\/tr>\n<tr>\n<td style=\"width: 36.3636%;\">Obudowa<\/td>\n<td style=\"width: 71.7703%;\" align=\"right\">tworzywo sztuczne ABS (kolor szary)<\/td>\n<\/tr>\n<tr>\n<td style=\"width: 36.3636%;\">Wymiary<\/td>\n<td style=\"width: 71.7703%;\" align=\"right\">200 x 150 x 80 mm<\/td>\n<\/tr>\n<tr>\n<td style=\"width: 36.3636%;\">Masa z przewodami<\/td>\n<td style=\"width: 71.7703%;\" align=\"right\">250g \u00b1 5g<\/td>\n<\/tr>\n<\/tbody>\n<\/table>\n<p>[\/vc_toggle][vc_toggle title=&#8221;Pliki i dokumenty (rozwi\u0144\/zwi\u0144)&#8221; style=&#8221;simple&#8221; color=&#8221;green&#8221; size=&#8221;lg&#8221; css=&#8221;&#8221; el_id=&#8221;1552570508368-6f9b2709-ad35&#8243;]<img decoding=\"async\" src=\"https:\/\/lep.pl\/wp-content\/uploads\/2017\/01\/ic_done.png\" width=\"20\" height=\"20\" \/>\u00a0<a href=\"https:\/\/lep.pl\/files\/file\/PL\/KK\/42-mlw42-kk-190712.pdf\" target=\"_blank\" rel=\"noopener noreferrer\">MLW 42 liniowy modu\u0142 wej\u015b\u0107 \/ wyj\u015b\u0107 &#8211; karta katalogowa<\/a>[\/vc_toggle][\/vc_column_inner][\/vc_row_inner][\/vc_column][\/vc_row][vc_row content_placement=&#8221;top&#8221; css=&#8221;.vc_custom_1552570549657{background-position: center !important;background-repeat: no-repeat !important;background-size: cover !important;}&#8221;][vc_column][vc_row_inner css=&#8221;.vc_custom_1552570557158{padding-right: 12% !important;padding-left: 12% !important;}&#8221;][vc_column_inner width=&#8221;1\/4&#8243;][vc_column_text]<a href=\"mailto:biuro@lep.pl\">biuro@lep.pl<\/a>[\/vc_column_text][\/vc_column_inner][vc_column_inner width=&#8221;1\/4&#8243;][vc_column_text](32) 754 54 54<br \/>\n(32) 754 54 55[\/vc_column_text][\/vc_column_inner][vc_column_inner width=&#8221;1\/4&#8243;][vc_column_text]<a href=\"https:\/\/goo.gl\/maps\/2HeA81byii52\" target=\"_blank\" rel=\"noopener noreferrer\">Wsp\u00f3lna 9, <\/a><a href=\"https:\/\/goo.gl\/maps\/2HeA81byii52\">32-300, Olkusz<br \/>\n<\/a>NIP: 637-010-87-21[\/vc_column_text][\/vc_column_inner][vc_column_inner width=&#8221;1\/4&#8243;][\/vc_column_inner][\/vc_row_inner][\/vc_column][\/vc_row]<\/p>\n<\/div>","protected":false},"excerpt":{"rendered":"<p>[vc_row css=&#8221;.vc_custom_1552570330875{background-position: center !important;background-repeat: no-repeat !important;background-size: cover !important;}&#8221;][vc_column][vc_row_inner css=&#8221;.vc_custom_1552570336333{padding-top: 3% !important;padding-right: 12% !important;padding-left: 12% !important;}&#8221;][vc_column_inner width=&#8221;1\/2&#8243;][vc_column_text] MLW42 liniowy modu\u0142 wej\u015b\u0107 \/ wyj\u015b\u0107 [\/vc_column_text][\/vc_column_inner][vc_column_inner width=&#8221;1\/4&#8243;][vc_single_image image=&#8221;2926&#8243; img_size=&#8221;large&#8221; alignment=&#8221;center&#8221; onclick=&#8221;link_image&#8221; title=&#8221;MLW42&#8243; el_class=&#8221;image_text&#8221;][\/vc_column_inner][vc_column_inner width=&#8221;1\/4&#8243;][vc_single_image image=&#8221;2928&#8243; img_size=&#8221;large&#8221; alignment=&#8221;center&#8221; onclick=&#8221;link_image&#8221; el_class=&#8221;image_text&#8221; title=&#8221;MLW42&#8243;][\/vc_column_inner][\/vc_row_inner][vc_row_inner css=&#8221;.vc_custom_1485607271454{padding-right: 12% !important;padding-left: 12% !important;}&#8221;][vc_column_inner][vc_toggle title=&#8221;Opis produktu (rozwi\u0144\/zwi\u0144)&#8221; style=&#8221;simple&#8221; color=&#8221;green&#8221; size=&#8221;lg&#8221; css=&#8221;&#8221; el_id=&#8221;1552570441425-56e3fa30-c29b&#8221;]Modu\u0142 MLW42, wstawiony w lini\u0119 dozorow\u0105 [&hellip;]<\/p>\n","protected":false},"author":3,"featured_media":0,"parent":381,"menu_order":0,"comment_status":"closed","ping_status":"closed","template":"page-full-width.php","meta":{"footnotes":""},"class_list":["post-1554","page","type-page","status-publish","hentry"],"yoast_head":"<!-- This site is optimized with the Yoast SEO plugin v27.3 - https:\/\/yoast.com\/product\/yoast-seo-wordpress\/ -->\n<title>liniowy modu\u0142 wej\u015b\u0107 \/ wyj\u015b\u0107 | LEP - producent elektroniki ppo\u017c<\/title>\n<meta name=\"description\" content=\"MLW42 wstawione w lini\u0119 dozorow\u0105 systemu AFS42 umo\u017cliwia sterowanie do 4 uniwersalnych wyj\u015b\u0107\/wej\u015b\u0107.\" \/>\n<meta name=\"robots\" content=\"index, follow, max-snippet:-1, max-image-preview:large, max-video-preview:-1\" \/>\n<link rel=\"canonical\" href=\"https:\/\/lep.pl\/index.php\/witamy\/mlw42\/\" \/>\n<meta property=\"og:locale\" content=\"pl_PL\" \/>\n<meta property=\"og:type\" content=\"article\" \/>\n<meta property=\"og:title\" content=\"liniowy modu\u0142 wej\u015b\u0107 \/ wyj\u015b\u0107 | LEP - producent elektroniki ppo\u017c\" \/>\n<meta property=\"og:description\" content=\"MLW42 wstawione w lini\u0119 dozorow\u0105 systemu AFS42 umo\u017cliwia sterowanie do 4 uniwersalnych wyj\u015b\u0107\/wej\u015b\u0107.\" \/>\n<meta property=\"og:url\" content=\"https:\/\/lep.pl\/index.php\/witamy\/mlw42\/\" \/>\n<meta property=\"og:site_name\" content=\"LEP\" \/>\n<meta property=\"article:modified_time\" content=\"2024-11-13T12:03:17+00:00\" \/>\n<meta property=\"og:image\" content=\"http:\/\/lep.pl\/wp-content\/uploads\/2017\/01\/ic_done.png\" \/>\n<meta name=\"twitter:card\" content=\"summary_large_image\" \/>\n<meta name=\"twitter:label1\" content=\"Szacowany czas czytania\" \/>\n\t<meta name=\"twitter:data1\" content=\"3 minuty\" \/>\n<script type=\"application\/ld+json\" class=\"yoast-schema-graph\">{\"@context\":\"https:\\\/\\\/schema.org\",\"@graph\":[{\"@type\":\"WebPage\",\"@id\":\"https:\\\/\\\/lep.pl\\\/index.php\\\/witamy\\\/mlw42\\\/\",\"url\":\"https:\\\/\\\/lep.pl\\\/index.php\\\/witamy\\\/mlw42\\\/\",\"name\":\"liniowy modu\u0142 wej\u015b\u0107 \\\/ wyj\u015b\u0107 | LEP - producent elektroniki ppo\u017c\",\"isPartOf\":{\"@id\":\"https:\\\/\\\/lep.pl\\\/#website\"},\"primaryImageOfPage\":{\"@id\":\"https:\\\/\\\/lep.pl\\\/index.php\\\/witamy\\\/mlw42\\\/#primaryimage\"},\"image\":{\"@id\":\"https:\\\/\\\/lep.pl\\\/index.php\\\/witamy\\\/mlw42\\\/#primaryimage\"},\"thumbnailUrl\":\"http:\\\/\\\/lep.pl\\\/wp-content\\\/uploads\\\/2017\\\/01\\\/ic_done.png\",\"datePublished\":\"2018-02-02T14:54:02+00:00\",\"dateModified\":\"2024-11-13T12:03:17+00:00\",\"description\":\"MLW42 wstawione w lini\u0119 dozorow\u0105 systemu AFS42 umo\u017cliwia sterowanie do 4 uniwersalnych wyj\u015b\u0107\\\/wej\u015b\u0107.\",\"breadcrumb\":{\"@id\":\"https:\\\/\\\/lep.pl\\\/index.php\\\/witamy\\\/mlw42\\\/#breadcrumb\"},\"inLanguage\":\"pl-PL\",\"potentialAction\":[{\"@type\":\"ReadAction\",\"target\":[\"https:\\\/\\\/lep.pl\\\/index.php\\\/witamy\\\/mlw42\\\/\"]}]},{\"@type\":\"ImageObject\",\"inLanguage\":\"pl-PL\",\"@id\":\"https:\\\/\\\/lep.pl\\\/index.php\\\/witamy\\\/mlw42\\\/#primaryimage\",\"url\":\"http:\\\/\\\/lep.pl\\\/wp-content\\\/uploads\\\/2017\\\/01\\\/ic_done.png\",\"contentUrl\":\"http:\\\/\\\/lep.pl\\\/wp-content\\\/uploads\\\/2017\\\/01\\\/ic_done.png\"},{\"@type\":\"BreadcrumbList\",\"@id\":\"https:\\\/\\\/lep.pl\\\/index.php\\\/witamy\\\/mlw42\\\/#breadcrumb\",\"itemListElement\":[{\"@type\":\"ListItem\",\"position\":1,\"name\":\"Strona g\u0142\u00f3wna\",\"item\":\"https:\\\/\\\/lep.pl\\\/\"},{\"@type\":\"ListItem\",\"position\":2,\"name\":\"Witamy\",\"item\":\"https:\\\/\\\/lep.pl\\\/\"},{\"@type\":\"ListItem\",\"position\":3,\"name\":\"MLW42\"}]},{\"@type\":\"WebSite\",\"@id\":\"https:\\\/\\\/lep.pl\\\/#website\",\"url\":\"https:\\\/\\\/lep.pl\\\/\",\"name\":\"LEP\",\"description\":\"- centrale PPO\u017b, czujniki dymu i zasilacze\",\"publisher\":{\"@id\":\"https:\\\/\\\/lep.pl\\\/#organization\"},\"potentialAction\":[{\"@type\":\"SearchAction\",\"target\":{\"@type\":\"EntryPoint\",\"urlTemplate\":\"https:\\\/\\\/lep.pl\\\/?s={search_term_string}\"},\"query-input\":{\"@type\":\"PropertyValueSpecification\",\"valueRequired\":true,\"valueName\":\"search_term_string\"}}],\"inLanguage\":\"pl-PL\"},{\"@type\":\"Organization\",\"@id\":\"https:\\\/\\\/lep.pl\\\/#organization\",\"name\":\"Lep\",\"url\":\"https:\\\/\\\/lep.pl\\\/\",\"logo\":{\"@type\":\"ImageObject\",\"inLanguage\":\"pl-PL\",\"@id\":\"https:\\\/\\\/lep.pl\\\/#\\\/schema\\\/logo\\\/image\\\/\",\"url\":\"https:\\\/\\\/lep.pl\\\/wp-content\\\/uploads\\\/2017\\\/04\\\/logo@1x.png\",\"contentUrl\":\"https:\\\/\\\/lep.pl\\\/wp-content\\\/uploads\\\/2017\\\/04\\\/logo@1x.png\",\"width\":400,\"height\":54,\"caption\":\"Lep\"},\"image\":{\"@id\":\"https:\\\/\\\/lep.pl\\\/#\\\/schema\\\/logo\\\/image\\\/\"}}]}<\/script>\n<!-- \/ Yoast SEO plugin. -->","yoast_head_json":{"title":"liniowy modu\u0142 wej\u015b\u0107 \/ wyj\u015b\u0107 | LEP - producent elektroniki ppo\u017c","description":"MLW42 wstawione w lini\u0119 dozorow\u0105 systemu AFS42 umo\u017cliwia sterowanie do 4 uniwersalnych wyj\u015b\u0107\/wej\u015b\u0107.","robots":{"index":"index","follow":"follow","max-snippet":"max-snippet:-1","max-image-preview":"max-image-preview:large","max-video-preview":"max-video-preview:-1"},"canonical":"https:\/\/lep.pl\/index.php\/witamy\/mlw42\/","og_locale":"pl_PL","og_type":"article","og_title":"liniowy modu\u0142 wej\u015b\u0107 \/ wyj\u015b\u0107 | LEP - producent elektroniki ppo\u017c","og_description":"MLW42 wstawione w lini\u0119 dozorow\u0105 systemu AFS42 umo\u017cliwia sterowanie do 4 uniwersalnych wyj\u015b\u0107\/wej\u015b\u0107.","og_url":"https:\/\/lep.pl\/index.php\/witamy\/mlw42\/","og_site_name":"LEP","article_modified_time":"2024-11-13T12:03:17+00:00","og_image":[{"url":"http:\/\/lep.pl\/wp-content\/uploads\/2017\/01\/ic_done.png","type":"","width":"","height":""}],"twitter_card":"summary_large_image","twitter_misc":{"Szacowany czas czytania":"3 minuty"},"schema":{"@context":"https:\/\/schema.org","@graph":[{"@type":"WebPage","@id":"https:\/\/lep.pl\/index.php\/witamy\/mlw42\/","url":"https:\/\/lep.pl\/index.php\/witamy\/mlw42\/","name":"liniowy modu\u0142 wej\u015b\u0107 \/ wyj\u015b\u0107 | LEP - producent elektroniki ppo\u017c","isPartOf":{"@id":"https:\/\/lep.pl\/#website"},"primaryImageOfPage":{"@id":"https:\/\/lep.pl\/index.php\/witamy\/mlw42\/#primaryimage"},"image":{"@id":"https:\/\/lep.pl\/index.php\/witamy\/mlw42\/#primaryimage"},"thumbnailUrl":"http:\/\/lep.pl\/wp-content\/uploads\/2017\/01\/ic_done.png","datePublished":"2018-02-02T14:54:02+00:00","dateModified":"2024-11-13T12:03:17+00:00","description":"MLW42 wstawione w lini\u0119 dozorow\u0105 systemu AFS42 umo\u017cliwia sterowanie do 4 uniwersalnych wyj\u015b\u0107\/wej\u015b\u0107.","breadcrumb":{"@id":"https:\/\/lep.pl\/index.php\/witamy\/mlw42\/#breadcrumb"},"inLanguage":"pl-PL","potentialAction":[{"@type":"ReadAction","target":["https:\/\/lep.pl\/index.php\/witamy\/mlw42\/"]}]},{"@type":"ImageObject","inLanguage":"pl-PL","@id":"https:\/\/lep.pl\/index.php\/witamy\/mlw42\/#primaryimage","url":"http:\/\/lep.pl\/wp-content\/uploads\/2017\/01\/ic_done.png","contentUrl":"http:\/\/lep.pl\/wp-content\/uploads\/2017\/01\/ic_done.png"},{"@type":"BreadcrumbList","@id":"https:\/\/lep.pl\/index.php\/witamy\/mlw42\/#breadcrumb","itemListElement":[{"@type":"ListItem","position":1,"name":"Strona g\u0142\u00f3wna","item":"https:\/\/lep.pl\/"},{"@type":"ListItem","position":2,"name":"Witamy","item":"https:\/\/lep.pl\/"},{"@type":"ListItem","position":3,"name":"MLW42"}]},{"@type":"WebSite","@id":"https:\/\/lep.pl\/#website","url":"https:\/\/lep.pl\/","name":"LEP","description":"- centrale PPO\u017b, czujniki dymu i zasilacze","publisher":{"@id":"https:\/\/lep.pl\/#organization"},"potentialAction":[{"@type":"SearchAction","target":{"@type":"EntryPoint","urlTemplate":"https:\/\/lep.pl\/?s={search_term_string}"},"query-input":{"@type":"PropertyValueSpecification","valueRequired":true,"valueName":"search_term_string"}}],"inLanguage":"pl-PL"},{"@type":"Organization","@id":"https:\/\/lep.pl\/#organization","name":"Lep","url":"https:\/\/lep.pl\/","logo":{"@type":"ImageObject","inLanguage":"pl-PL","@id":"https:\/\/lep.pl\/#\/schema\/logo\/image\/","url":"https:\/\/lep.pl\/wp-content\/uploads\/2017\/04\/logo@1x.png","contentUrl":"https:\/\/lep.pl\/wp-content\/uploads\/2017\/04\/logo@1x.png","width":400,"height":54,"caption":"Lep"},"image":{"@id":"https:\/\/lep.pl\/#\/schema\/logo\/image\/"}}]}},"_links":{"self":[{"href":"https:\/\/lep.pl\/index.php\/wp-json\/wp\/v2\/pages\/1554","targetHints":{"allow":["GET"]}}],"collection":[{"href":"https:\/\/lep.pl\/index.php\/wp-json\/wp\/v2\/pages"}],"about":[{"href":"https:\/\/lep.pl\/index.php\/wp-json\/wp\/v2\/types\/page"}],"author":[{"embeddable":true,"href":"https:\/\/lep.pl\/index.php\/wp-json\/wp\/v2\/users\/3"}],"replies":[{"embeddable":true,"href":"https:\/\/lep.pl\/index.php\/wp-json\/wp\/v2\/comments?post=1554"}],"version-history":[{"count":28,"href":"https:\/\/lep.pl\/index.php\/wp-json\/wp\/v2\/pages\/1554\/revisions"}],"predecessor-version":[{"id":3665,"href":"https:\/\/lep.pl\/index.php\/wp-json\/wp\/v2\/pages\/1554\/revisions\/3665"}],"up":[{"embeddable":true,"href":"https:\/\/lep.pl\/index.php\/wp-json\/wp\/v2\/pages\/381"}],"wp:attachment":[{"href":"https:\/\/lep.pl\/index.php\/wp-json\/wp\/v2\/media?parent=1554"}],"curies":[{"name":"wp","href":"https:\/\/api.w.org\/{rel}","templated":true}]}}