{"id":134,"date":"2015-09-30T09:50:36","date_gmt":"2015-09-30T09:50:36","guid":{"rendered":"http:\/\/import.getbowtied.com\/the-retailer-v1.1\/?page_id=134"},"modified":"2019-12-19T11:15:08","modified_gmt":"2019-12-19T11:15:08","slug":"kontakt","status":"publish","type":"page","link":"https:\/\/lep.pl\/index.php\/kontakt\/","title":{"rendered":"Pomoc"},"content":{"rendered":"<div class=\"wpb-content-wrapper\"><p>[vc_row css=&#8221;.vc_custom_1485879149736{background-image: url(https:\/\/lep.pl\/wp-content\/uploads\/2015\/09\/contact-bg.jpg?id=555) !important;background-position: center !important;background-repeat: no-repeat !important;background-size: cover !important;}&#8221;][vc_column][vc_row_inner css=&#8221;.vc_custom_1485880206485{padding-top: 12% !important;padding-right: 12% !important;padding-bottom: 12% !important;padding-left: 12% !important;}&#8221;][vc_column_inner width=&#8221;1\/2&#8243; css=&#8221;.vc_custom_1485879421237{padding-right: 12% !important;}&#8221;][vc_column_text css=&#8221;.vc_custom_1576754104356{padding-bottom: 12% !important;}&#8221;]<\/p>\n<h2>Potrzebujesz pomocy?<\/h2>\n<p>Nic prostszego. Wype\u0142nij poni\u017cszy formularz<br \/>\nlub skontaktuj si\u0119 z nami telefonicznie.<br \/>\nWycena udzielana jest tylko przez e-mail.[\/vc_column_text]\n<div class=\"wpcf7 no-js\" id=\"wpcf7-f417-o1\" lang=\"pl-PL\" dir=\"ltr\" data-wpcf7-id=\"417\">\n<div class=\"screen-reader-response\"><p role=\"status\" aria-live=\"polite\" aria-atomic=\"true\"><\/p> <ul><\/ul><\/div>\n<form action=\"\/index.php\/wp-json\/wp\/v2\/pages\/134#wpcf7-f417-o1\" method=\"post\" class=\"wpcf7-form init\" aria-label=\"Formularz kontaktowy\" novalidate=\"novalidate\" data-status=\"init\">\n<fieldset class=\"hidden-fields-container\"><input type=\"hidden\" name=\"_wpcf7\" value=\"417\" \/><input type=\"hidden\" name=\"_wpcf7_version\" value=\"6.1.5\" \/><input type=\"hidden\" name=\"_wpcf7_locale\" value=\"pl_PL\" \/><input type=\"hidden\" name=\"_wpcf7_unit_tag\" value=\"wpcf7-f417-o1\" \/><input type=\"hidden\" name=\"_wpcf7_container_post\" value=\"0\" \/><input type=\"hidden\" name=\"_wpcf7_posted_data_hash\" value=\"\" \/><input type=\"hidden\" name=\"_wpcf7_recaptcha_response\" value=\"\" \/>\n<\/fieldset>\n<h5>Adres email\n<\/h5>\n<p><span class=\"wpcf7-form-control-wrap\" data-name=\"your-email\"><input size=\"40\" maxlength=\"400\" class=\"wpcf7-form-control wpcf7-email wpcf7-validates-as-required wpcf7-text wpcf7-validates-as-email\" aria-required=\"true\" aria-invalid=\"false\" value=\"\" type=\"email\" name=\"your-email\" \/><\/span>\n<\/p>\n<h5>Numer telefonu\n<\/h5>\n<p><span class=\"wpcf7-form-control-wrap\" data-name=\"your-phone\"><input size=\"40\" maxlength=\"400\" class=\"wpcf7-form-control wpcf7-tel wpcf7-validates-as-required wpcf7-text wpcf7-validates-as-tel\" aria-required=\"true\" aria-invalid=\"false\" value=\"\" type=\"tel\" name=\"your-phone\" \/><\/span>\n<\/p>\n<h5>Wiadomo\u015b\u0107\n<\/h5>\n<p><span class=\"wpcf7-form-control-wrap\" data-name=\"your-textarea\"><textarea cols=\"40\" rows=\"10\" maxlength=\"2000\" class=\"wpcf7-form-control wpcf7-textarea wpcf7-validates-as-required\" aria-required=\"true\" aria-invalid=\"false\" name=\"your-textarea\"><\/textarea><\/span><br \/>\n<input class=\"wpcf7-form-control wpcf7-submit has-spinner\" type=\"submit\" value=\"Wy\u015blij\" \/><br \/>\n<a href=\"http:\/\/lep.pl\/index.php\/polityka-prywatnosci\/\">Polityka prywatno\u015bci<\/a><br \/>\n\n<\/p><div class=\"wpcf7-response-output\" aria-hidden=\"true\"><\/div>\n<\/form>\n<\/div>\n\r\n\t\t\t\t<script>\r\n\t\t\t\tif ( typeof huOptions !== 'undefined' ) {\r\n\t\t\t\t\tvar huFormData = {\"source\":\"contactform7\",\"id\":417,\"title\":\"Formularz kontakt\",\"fields\":{\"subject\":{\"first_name\":\"your-name\",\"email\":\"your-email\"},\"preferences\":{\"terms\":\"your-consent\"}}};\r\n\t\t\t\t\tvar huFormNode = document.querySelector( '[id^=\"wpcf7-f417-\"] form' );\r\n\r\n\t\t\t\t\thuFormData['node'] = huFormNode;\r\n\t\t\t\t\thuOptions['forms'].push( huFormData );\r\n\t\t\t\t}\r\n\t\t\t\t<\/script>[\/vc_column_inner][vc_column_inner width=&#8221;1\/2&#8243; css=&#8221;.vc_custom_1485880247163{padding-top: 12% !important;padding-right: 12% !important;padding-bottom: 12% !important;padding-left: 12% !important;}&#8221;][vc_column_text]<\/p>\n<h3 style=\"color: #ffffff;\" align=\"right\">LEP Maciej Kluczewski<\/h3>\n<p>&nbsp;<\/p>\n<p style=\"color: #ffffff;\" align=\"right\">Wsp\u00f3lna 9<br \/>\n32-300 Olkusz<\/p>\n<p style=\"color: #ffffff;\" align=\"right\">tel. 32 754 54 54<br \/>\ntel. 32 754 54 55<br \/>\ntel. 600 80 13 16 (w szczeg\u00f3lnych przypadkach)<\/p>\n<p>&nbsp;<\/p>\n<div align=\"right\">\n<p style=\"color: #ffffff;\">email:<br \/>\n<a style=\"color: #ffffff;\" href=\"mailto:biuro@lep.pl\">biuro@lep.pl<\/a><\/p>\n<p style=\"color: #ffffff;\">www:<br \/>\n<a style=\"color: #ffffff;\" href=\"http:\/\/www.lep.pl\">www.lep.pl<\/a><\/p>\n<\/div>\n<p>&nbsp;<\/p>\n<p style=\"color: #ffffff;\" align=\"right\">VAT-ID: PL6370108721<br \/>\nREGON: 271109882<\/p>\n<p>[\/vc_column_text][\/vc_column_inner][\/vc_row_inner][\/vc_column][\/vc_row]<\/p>\n<\/div>","protected":false},"excerpt":{"rendered":"<p>[vc_row css=&#8221;.vc_custom_1485879149736{background-image: url(https:\/\/lep.pl\/wp-content\/uploads\/2015\/09\/contact-bg.jpg?id=555) !important;background-position: center !important;background-repeat: no-repeat !important;background-size: cover !important;}&#8221;][vc_column][vc_row_inner css=&#8221;.vc_custom_1485880206485{padding-top: 12% !important;padding-right: 12% !important;padding-bottom: 12% !important;padding-left: 12% !important;}&#8221;][vc_column_inner width=&#8221;1\/2&#8243; css=&#8221;.vc_custom_1485879421237{padding-right: 12% !important;}&#8221;][vc_column_text css=&#8221;.vc_custom_1576754104356{padding-bottom: 12% !important;}&#8221;] Potrzebujesz pomocy? Nic prostszego. Wype\u0142nij poni\u017cszy formularz lub skontaktuj si\u0119 z nami telefonicznie. Wycena udzielana jest tylko przez e-mail.[\/vc_column_text][\/vc_column_inner][vc_column_inner width=&#8221;1\/2&#8243; css=&#8221;.vc_custom_1485880247163{padding-top: 12% !important;padding-right: 12% !important;padding-bottom: 12% !important;padding-left: 12% !important;}&#8221;][vc_column_text] [&hellip;]<\/p>\n","protected":false},"author":2,"featured_media":0,"parent":0,"menu_order":0,"comment_status":"closed","ping_status":"closed","template":"page-full-width.php","meta":{"footnotes":""},"class_list":["post-134","page","type-page","status-publish","hentry"],"yoast_head":"<!-- This site is optimized with the Yoast SEO plugin v27.3 - https:\/\/yoast.com\/product\/yoast-seo-wordpress\/ -->\n<title>Kontakt | LEP - producent elektroniki ppo\u017c<\/title>\n<meta name=\"description\" content=\"Strona kontakt zawiera podstawowe dane teleadresowe do naszej firmy. Zapraszamy do wype\u0142nienia formularza lub do bezpo\u015bredniego kontaktu drog\u0105 telefoniczn\u0105.\" \/>\n<meta name=\"robots\" content=\"index, follow, max-snippet:-1, max-image-preview:large, max-video-preview:-1\" \/>\n<link rel=\"canonical\" href=\"https:\/\/lep.pl\/index.php\/kontakt\/\" \/>\n<meta property=\"og:locale\" content=\"pl_PL\" \/>\n<meta property=\"og:type\" content=\"article\" \/>\n<meta property=\"og:title\" content=\"Kontakt | LEP - producent elektroniki ppo\u017c\" \/>\n<meta property=\"og:description\" content=\"Strona kontakt zawiera podstawowe dane teleadresowe do naszej firmy. Zapraszamy do wype\u0142nienia formularza lub do bezpo\u015bredniego kontaktu drog\u0105 telefoniczn\u0105.\" \/>\n<meta property=\"og:url\" content=\"https:\/\/lep.pl\/index.php\/kontakt\/\" \/>\n<meta property=\"og:site_name\" content=\"LEP\" \/>\n<meta property=\"article:modified_time\" content=\"2019-12-19T11:15:08+00:00\" \/>\n<meta name=\"twitter:card\" content=\"summary_large_image\" \/>\n<meta name=\"twitter:label1\" content=\"Szacowany czas czytania\" \/>\n\t<meta name=\"twitter:data1\" content=\"1 minuta\" \/>\n<script type=\"application\/ld+json\" class=\"yoast-schema-graph\">{\"@context\":\"https:\\\/\\\/schema.org\",\"@graph\":[{\"@type\":\"WebPage\",\"@id\":\"https:\\\/\\\/lep.pl\\\/index.php\\\/kontakt\\\/\",\"url\":\"https:\\\/\\\/lep.pl\\\/index.php\\\/kontakt\\\/\",\"name\":\"Kontakt | LEP - producent elektroniki ppo\u017c\",\"isPartOf\":{\"@id\":\"https:\\\/\\\/lep.pl\\\/#website\"},\"datePublished\":\"2015-09-30T09:50:36+00:00\",\"dateModified\":\"2019-12-19T11:15:08+00:00\",\"description\":\"Strona kontakt zawiera podstawowe dane teleadresowe do naszej firmy. Zapraszamy do wype\u0142nienia formularza lub do bezpo\u015bredniego kontaktu drog\u0105 telefoniczn\u0105.\",\"breadcrumb\":{\"@id\":\"https:\\\/\\\/lep.pl\\\/index.php\\\/kontakt\\\/#breadcrumb\"},\"inLanguage\":\"pl-PL\",\"potentialAction\":[{\"@type\":\"ReadAction\",\"target\":[\"https:\\\/\\\/lep.pl\\\/index.php\\\/kontakt\\\/\"]}]},{\"@type\":\"BreadcrumbList\",\"@id\":\"https:\\\/\\\/lep.pl\\\/index.php\\\/kontakt\\\/#breadcrumb\",\"itemListElement\":[{\"@type\":\"ListItem\",\"position\":1,\"name\":\"Strona g\u0142\u00f3wna\",\"item\":\"https:\\\/\\\/lep.pl\\\/\"},{\"@type\":\"ListItem\",\"position\":2,\"name\":\"Pomoc\"}]},{\"@type\":\"WebSite\",\"@id\":\"https:\\\/\\\/lep.pl\\\/#website\",\"url\":\"https:\\\/\\\/lep.pl\\\/\",\"name\":\"LEP\",\"description\":\"- centrale PPO\u017b, czujniki dymu i zasilacze\",\"publisher\":{\"@id\":\"https:\\\/\\\/lep.pl\\\/#organization\"},\"potentialAction\":[{\"@type\":\"SearchAction\",\"target\":{\"@type\":\"EntryPoint\",\"urlTemplate\":\"https:\\\/\\\/lep.pl\\\/?s={search_term_string}\"},\"query-input\":{\"@type\":\"PropertyValueSpecification\",\"valueRequired\":true,\"valueName\":\"search_term_string\"}}],\"inLanguage\":\"pl-PL\"},{\"@type\":\"Organization\",\"@id\":\"https:\\\/\\\/lep.pl\\\/#organization\",\"name\":\"Lep\",\"url\":\"https:\\\/\\\/lep.pl\\\/\",\"logo\":{\"@type\":\"ImageObject\",\"inLanguage\":\"pl-PL\",\"@id\":\"https:\\\/\\\/lep.pl\\\/#\\\/schema\\\/logo\\\/image\\\/\",\"url\":\"https:\\\/\\\/lep.pl\\\/wp-content\\\/uploads\\\/2017\\\/04\\\/logo@1x.png\",\"contentUrl\":\"https:\\\/\\\/lep.pl\\\/wp-content\\\/uploads\\\/2017\\\/04\\\/logo@1x.png\",\"width\":400,\"height\":54,\"caption\":\"Lep\"},\"image\":{\"@id\":\"https:\\\/\\\/lep.pl\\\/#\\\/schema\\\/logo\\\/image\\\/\"}}]}<\/script>\n<!-- \/ Yoast SEO plugin. -->","yoast_head_json":{"title":"Kontakt | LEP - producent elektroniki ppo\u017c","description":"Strona kontakt zawiera podstawowe dane teleadresowe do naszej firmy. Zapraszamy do wype\u0142nienia formularza lub do bezpo\u015bredniego kontaktu drog\u0105 telefoniczn\u0105.","robots":{"index":"index","follow":"follow","max-snippet":"max-snippet:-1","max-image-preview":"max-image-preview:large","max-video-preview":"max-video-preview:-1"},"canonical":"https:\/\/lep.pl\/index.php\/kontakt\/","og_locale":"pl_PL","og_type":"article","og_title":"Kontakt | LEP - producent elektroniki ppo\u017c","og_description":"Strona kontakt zawiera podstawowe dane teleadresowe do naszej firmy. Zapraszamy do wype\u0142nienia formularza lub do bezpo\u015bredniego kontaktu drog\u0105 telefoniczn\u0105.","og_url":"https:\/\/lep.pl\/index.php\/kontakt\/","og_site_name":"LEP","article_modified_time":"2019-12-19T11:15:08+00:00","twitter_card":"summary_large_image","twitter_misc":{"Szacowany czas czytania":"1 minuta"},"schema":{"@context":"https:\/\/schema.org","@graph":[{"@type":"WebPage","@id":"https:\/\/lep.pl\/index.php\/kontakt\/","url":"https:\/\/lep.pl\/index.php\/kontakt\/","name":"Kontakt | LEP - producent elektroniki ppo\u017c","isPartOf":{"@id":"https:\/\/lep.pl\/#website"},"datePublished":"2015-09-30T09:50:36+00:00","dateModified":"2019-12-19T11:15:08+00:00","description":"Strona kontakt zawiera podstawowe dane teleadresowe do naszej firmy. Zapraszamy do wype\u0142nienia formularza lub do bezpo\u015bredniego kontaktu drog\u0105 telefoniczn\u0105.","breadcrumb":{"@id":"https:\/\/lep.pl\/index.php\/kontakt\/#breadcrumb"},"inLanguage":"pl-PL","potentialAction":[{"@type":"ReadAction","target":["https:\/\/lep.pl\/index.php\/kontakt\/"]}]},{"@type":"BreadcrumbList","@id":"https:\/\/lep.pl\/index.php\/kontakt\/#breadcrumb","itemListElement":[{"@type":"ListItem","position":1,"name":"Strona g\u0142\u00f3wna","item":"https:\/\/lep.pl\/"},{"@type":"ListItem","position":2,"name":"Pomoc"}]},{"@type":"WebSite","@id":"https:\/\/lep.pl\/#website","url":"https:\/\/lep.pl\/","name":"LEP","description":"- centrale PPO\u017b, czujniki dymu i zasilacze","publisher":{"@id":"https:\/\/lep.pl\/#organization"},"potentialAction":[{"@type":"SearchAction","target":{"@type":"EntryPoint","urlTemplate":"https:\/\/lep.pl\/?s={search_term_string}"},"query-input":{"@type":"PropertyValueSpecification","valueRequired":true,"valueName":"search_term_string"}}],"inLanguage":"pl-PL"},{"@type":"Organization","@id":"https:\/\/lep.pl\/#organization","name":"Lep","url":"https:\/\/lep.pl\/","logo":{"@type":"ImageObject","inLanguage":"pl-PL","@id":"https:\/\/lep.pl\/#\/schema\/logo\/image\/","url":"https:\/\/lep.pl\/wp-content\/uploads\/2017\/04\/logo@1x.png","contentUrl":"https:\/\/lep.pl\/wp-content\/uploads\/2017\/04\/logo@1x.png","width":400,"height":54,"caption":"Lep"},"image":{"@id":"https:\/\/lep.pl\/#\/schema\/logo\/image\/"}}]}},"_links":{"self":[{"href":"https:\/\/lep.pl\/index.php\/wp-json\/wp\/v2\/pages\/134","targetHints":{"allow":["GET"]}}],"collection":[{"href":"https:\/\/lep.pl\/index.php\/wp-json\/wp\/v2\/pages"}],"about":[{"href":"https:\/\/lep.pl\/index.php\/wp-json\/wp\/v2\/types\/page"}],"author":[{"embeddable":true,"href":"https:\/\/lep.pl\/index.php\/wp-json\/wp\/v2\/users\/2"}],"replies":[{"embeddable":true,"href":"https:\/\/lep.pl\/index.php\/wp-json\/wp\/v2\/comments?post=134"}],"version-history":[{"count":41,"href":"https:\/\/lep.pl\/index.php\/wp-json\/wp\/v2\/pages\/134\/revisions"}],"predecessor-version":[{"id":2603,"href":"https:\/\/lep.pl\/index.php\/wp-json\/wp\/v2\/pages\/134\/revisions\/2603"}],"wp:attachment":[{"href":"https:\/\/lep.pl\/index.php\/wp-json\/wp\/v2\/media?parent=134"}],"curies":[{"name":"wp","href":"https:\/\/api.w.org\/{rel}","templated":true}]}}