{"id":1097,"date":"2017-06-03T08:22:08","date_gmt":"2017-06-03T08:22:08","guid":{"rendered":"http:\/\/lep.pl\/?page_id=1097"},"modified":"2019-10-02T10:04:54","modified_gmt":"2019-10-02T10:04:54","slug":"gwarancja","status":"publish","type":"page","link":"https:\/\/lep.pl\/index.php\/gwarancja\/","title":{"rendered":"Warunki gwarancji"},"content":{"rendered":"<div class=\"wpb-content-wrapper\"><p>[vc_row css=&#8221;.vc_custom_1498643499930{padding-top: 12% !important;padding-right: 12% !important;padding-bottom: 12% !important;padding-left: 12% !important;background-color: #f1f1f3 !important;}&#8221;][vc_column][vc_row_inner css=&#8221;.vc_custom_1498643596238{padding-top: 6% !important;padding-right: 6% !important;padding-bottom: 6% !important;padding-left: 6% !important;background-color: #ffffff !important;}&#8221;][vc_column_inner][vc_column_text]<\/p>\n<h2>WARUNKI GWARANCJI na urz\u0105dzenia zakupione w firmie LEP<\/h2>\n<p>&nbsp;<\/p>\n<p><span style=\"font-size: 12pt;\">1. Okres gwarancji na produkowane przez nas wyroby wynosi 2 lata od daty zakupu z wyj\u0105tkami zawartymi w punkcie 2.<\/span><\/p>\n<p><span style=\"font-size: 12pt;\">2. Okres gwarancji na czujki OSD23 i OSD63 wynosi 10 lat.<\/span><\/p>\n<p><span style=\"font-size: 12pt;\">3. Producent gwarantuje, \u017ce wada fabryczna zostanie usuni\u0119ta bezp\u0142atnie w okresie gwarancji w mo\u017cliwie najkr\u00f3tszym terminie (do 14 dni roboczych) od momentu dostarczenia urz\u0105dzenia do producenta. W uzasadnionych przypadkach termin ten mo\u017ce ulec przed\u0142u\u017ceniu.<\/span><\/p>\n<p><span style=\"font-size: 12pt;\"><strong>4. Reklamowane urz\u0105dzenie powinno by\u0107 dostarczone do producenta wy\u0142\u0105cznie na koszt u\u017cytkownika z informacj\u0105 o rodzaju uszkodzenia lub z opisem nieprawid\u0142owo\u015bci w dzia\u0142aniu. Przesy\u0142ki wysy\u0142ane na koszt producenta nie b\u0119d\u0105 odbierane.<\/strong><\/span><\/p>\n<p><span style=\"font-size: 12pt;\"><strong>5. W przypadku uzasadnionej reklamacji gwarancyjnej producent ponosi koszty odes\u0142ania urz\u0105dzenia do u\u017cytkownika. Je\u017celi reklamowane urz\u0105dzenie b\u0119dzie sprawne (w tym z\u0142a konfiguracja lub zabrudzenie w przypadku czujek) \u2013 koszty odes\u0142ania ponosi u\u017cytkownik.<\/strong><\/span><\/p>\n<p><span style=\"font-size: 12pt;\">6. Gwarancj\u0105 nie s\u0105 obj\u0119te uszkodzenia spowodowane:<\/span><\/p>\n<ul>\n<li><span style=\"font-size: 12pt;\">niew\u0142a\u015bciwym transportem, instalacj\u0105 i eksploatacj\u0105 niezgodn\u0105 z dokumentacj\u0105 techniczn\u0105 lub niezgodn\u0105 z przeznaczeniem <\/span><span style=\"font-size: 12pt;\">wyrobu,<\/span><\/li>\n<li><span style=\"font-size: 12pt;\">samowolnym wykonaniem napraw, przer\u00f3bek lub zmian konstrukcyjnych przez u\u017cytkownika lub inne nieupowa\u017cnione osoby,<\/span><\/li>\n<li><span style=\"font-size: 12pt;\">zdarzeniami losowymi (np. wy\u0142adowania atmosferyczne, pow\u00f3d\u017a, zalanie, itp.).<\/span><\/li>\n<\/ul>\n<p><span style=\"font-size: 12pt;\">7. Gwarancj\u0105 nie s\u0105 obj\u0119te materia\u0142y eksploatacyjne takie jak bezpieczniki, baterie, itp.<\/span><\/p>\n<p><span style=\"font-size: 12pt;\">8. Uszkodzenia powsta\u0142e z przyczyn wymienionych w p. 6 mog\u0105 by\u0107 usuni\u0119te jedynie na koszt u\u017cytkownika. Czyszczenie czujek OSD23 wykonujemy nieodp\u0142atnie tylko w przypadku modeli wyprodukowanych przed kwietniem 2003r.<\/span><\/p>\n<p><span style=\"font-size: 12pt;\">9. Warunkiem wykonania naprawy gwarancyjnej jest dostarczenie urz\u0105dzenia z nienaruszon\u0105 nalepk\u0105 z numerem seryjnym oraz posiadanie dokumentu zakupu.<\/span><\/p>\n<p><span style=\"font-size: 12pt;\">10. Korespondencja serwisowa jak te\u017c serwis oprogramowania (porady, pomoc techniczna) odbywaj\u0105 si\u0119 wy\u0142\u0105cznie drog\u0105 mailow\u0105.<\/span>[\/vc_column_text][\/vc_column_inner][\/vc_row_inner][vc_row_inner][vc_column_inner][\/vc_column_inner][\/vc_row_inner][\/vc_column][\/vc_row][vc_row full_height=&#8221;yes&#8221;][vc_column][vc_row_inner css=&#8221;.vc_custom_1494267583209{background-image: url(http:\/\/www.lep.pl\/wp-content\/uploads\/2017\/01\/address-map.png?id=1015) !important;background-position: center !important;background-repeat: no-repeat !important;background-size: cover !important;}&#8221;][vc_column_inner width=&#8221;1\/2&#8243; css=&#8221;.vc_custom_1494266151276{padding-top: 12% !important;padding-right: 12% !important;padding-bottom: 12% !important;padding-left: 12% !important;}&#8221;][vc_column_text]<\/p>\n<h3>LEP Maciej Kluczewski<\/h3>\n<h5>Wsp\u00f3lna 9<br \/>\n32-300 Olkusz<br \/>\ntel. 32 754 54 54<br \/>\ntel. 32 754 54 55<br \/>\ntel. 600 80 13 16 (w szczeg\u00f3lnych przypadkach)<br \/>\nemail: <a href=\"mailto:biuro@lep.pl\">biuro@lep.pl<\/a><\/h5>\n<p>[\/vc_column_text]\n<div class=\"wpcf7 no-js\" id=\"wpcf7-f417-o1\" lang=\"pl-PL\" dir=\"ltr\" data-wpcf7-id=\"417\">\n<div class=\"screen-reader-response\"><p role=\"status\" aria-live=\"polite\" aria-atomic=\"true\"><\/p> <ul><\/ul><\/div>\n<form action=\"\/index.php\/wp-json\/wp\/v2\/pages\/1097#wpcf7-f417-o1\" method=\"post\" class=\"wpcf7-form init\" aria-label=\"Formularz kontaktowy\" novalidate=\"novalidate\" data-status=\"init\">\n<fieldset class=\"hidden-fields-container\"><input type=\"hidden\" name=\"_wpcf7\" value=\"417\" \/><input type=\"hidden\" name=\"_wpcf7_version\" value=\"6.1.5\" \/><input type=\"hidden\" name=\"_wpcf7_locale\" value=\"pl_PL\" \/><input type=\"hidden\" name=\"_wpcf7_unit_tag\" value=\"wpcf7-f417-o1\" \/><input type=\"hidden\" name=\"_wpcf7_container_post\" value=\"0\" \/><input type=\"hidden\" name=\"_wpcf7_posted_data_hash\" value=\"\" \/><input type=\"hidden\" name=\"_wpcf7_recaptcha_response\" value=\"\" \/>\n<\/fieldset>\n<h5>Adres email\n<\/h5>\n<p><span class=\"wpcf7-form-control-wrap\" data-name=\"your-email\"><input size=\"40\" maxlength=\"400\" class=\"wpcf7-form-control wpcf7-email wpcf7-validates-as-required wpcf7-text wpcf7-validates-as-email\" aria-required=\"true\" aria-invalid=\"false\" value=\"\" type=\"email\" name=\"your-email\" \/><\/span>\n<\/p>\n<h5>Numer telefonu\n<\/h5>\n<p><span class=\"wpcf7-form-control-wrap\" data-name=\"your-phone\"><input size=\"40\" maxlength=\"400\" class=\"wpcf7-form-control wpcf7-tel wpcf7-validates-as-required wpcf7-text wpcf7-validates-as-tel\" aria-required=\"true\" aria-invalid=\"false\" value=\"\" type=\"tel\" name=\"your-phone\" \/><\/span>\n<\/p>\n<h5>Wiadomo\u015b\u0107\n<\/h5>\n<p><span class=\"wpcf7-form-control-wrap\" data-name=\"your-textarea\"><textarea cols=\"40\" rows=\"10\" maxlength=\"2000\" class=\"wpcf7-form-control wpcf7-textarea wpcf7-validates-as-required\" aria-required=\"true\" aria-invalid=\"false\" name=\"your-textarea\"><\/textarea><\/span><br \/>\n<input class=\"wpcf7-form-control wpcf7-submit has-spinner\" type=\"submit\" value=\"Wy\u015blij\" \/><br \/>\n<a href=\"http:\/\/lep.pl\/index.php\/polityka-prywatnosci\/\">Polityka prywatno\u015bci<\/a><br \/>\n\n<\/p><div class=\"wpcf7-response-output\" aria-hidden=\"true\"><\/div>\n<\/form>\n<\/div>\n\r\n\t\t\t\t<script>\r\n\t\t\t\tif ( typeof huOptions !== 'undefined' ) {\r\n\t\t\t\t\tvar huFormData = {\"source\":\"contactform7\",\"id\":417,\"title\":\"Formularz kontakt\",\"fields\":{\"subject\":{\"first_name\":\"your-name\",\"email\":\"your-email\"},\"preferences\":{\"terms\":\"your-consent\"}}};\r\n\t\t\t\t\tvar huFormNode = document.querySelector( '[id^=\"wpcf7-f417-\"] form' );\r\n\r\n\t\t\t\t\thuFormData['node'] = huFormNode;\r\n\t\t\t\t\thuOptions['forms'].push( huFormData );\r\n\t\t\t\t}\r\n\t\t\t\t<\/script>[\/vc_column_inner][vc_column_inner width=&#8221;1\/2&#8243;][\/vc_column_inner][\/vc_row_inner][\/vc_column][\/vc_row][vc_row content_placement=&#8221;top&#8221; css=&#8221;.vc_custom_1494267722068{background-image: url(http:\/\/www.lep.pl\/wp-content\/uploads\/2017\/01\/footer-map-1.jpg?id=1018) !important;background-position: center !important;background-repeat: no-repeat !important;background-size: cover !important;}&#8221;][vc_column][vc_row_inner css=&#8221;.vc_custom_1485612616667{padding-top: 6% !important;padding-right: 12% !important;padding-bottom: 6% !important;padding-left: 12% !important;}&#8221;][vc_column_inner width=&#8221;1\/4&#8243;][vc_raw_html]JTNDcCUyMHN0eWxlJTNEJTIydGV4dC1hbGlnbiUzQSUyMGxlZnQlM0IlMjBjb2xvciUzQSUyMCUyM2QwZDBkMCUzQiUyMiUzRSUzQ2ElMjBocmVmJTNEJTIybWFpbHRvJTNBYml1cm8lNDBsZXAucGwlMjIlM0ViaXVybyU0MGxlcC5wbCUzQyUyRnAlM0UlMEElM0NwJTIwc3R5bGUlM0QlMjJ0ZXh0LWFsaWduJTNBJTIwbGVmdCUzQiUyMGNvbG9yJTNBJTIwJTIzZDBkMGQwJTNCJTIyJTNFJTNDYSUyMGhyZWYlM0QlMjJ0ZWwlM0EwMDQ4NzU0NTQ1NCUyMiUzRTMyJTIwNzU0JTIwNTQlMjA1NCUzQyUyRmElM0UlM0MlMkZwJTNFJTBBJTNDcCUyMHN0eWxlJTNEJTIydGV4dC1hbGlnbiUzQSUyMGxlZnQlM0IlMjBjb2xvciUzQSUyMCUyM2QwZDBkMCUzQiUyMiUzRSUzQ2ElMjBocmVmJTNEJTIyaHR0cHMlM0ElMkYlMkZnb28uZ2wlMkZtYXBzJTJGMkhlQTgxYnlpaTUyJTIyJTNFV3NwJUMzJUIzbG5hJTIwOSUzQyUyRnAlM0UlMEElM0NwJTIwc3R5bGUlM0QlMjJ0ZXh0LWFsaWduJTNBJTIwbGVmdCUzQiUyMGNvbG9yJTNBJTIwJTIzZDBkMGQwJTNCJTIyJTNFMzItMzAwJTJDJTIwT2xrdXN6JTNDJTJGYSUzRSUzQyUyRnAlM0U=[\/vc_raw_html][\/vc_column_inner][vc_column_inner width=&#8221;1\/4&#8243;][vc_raw_html]JTNDcCUyMHN0eWxlJTNEJTIydGV4dC1hbGlnbiUzQSUyMGxlZnQlM0IlMjBjb2xvciUzQSUyMCUyM2QwZDBkMCUzQiUyMiUzRVZBVC1JRCUzQSUyMFBMNjM3MDEwODcyMSUzQyUyRnAlM0UlMEElM0NwJTIwc3R5bGUlM0QlMjJ0ZXh0LWFsaWduJTNBJTIwbGVmdCUzQiUyMGNvbG9yJTNBJTIwJTIzZDBkMGQwJTNCJTIyJTNFUkVHT04lM0ElMjAyNzExMDk4ODIlM0MlMkZwJTNFJTBB[\/vc_raw_html][\/vc_column_inner][vc_column_inner width=&#8221;1\/4&#8243;][\/vc_column_inner][vc_column_inner width=&#8221;1\/4&#8243;][\/vc_column_inner][\/vc_row_inner][\/vc_column][\/vc_row]<\/p>\n<\/div>","protected":false},"excerpt":{"rendered":"<p>[vc_row css=&#8221;.vc_custom_1498643499930{padding-top: 12% !important;padding-right: 12% !important;padding-bottom: 12% !important;padding-left: 12% !important;background-color: #f1f1f3 !important;}&#8221;][vc_column][vc_row_inner css=&#8221;.vc_custom_1498643596238{padding-top: 6% !important;padding-right: 6% !important;padding-bottom: 6% !important;padding-left: 6% !important;background-color: #ffffff !important;}&#8221;][vc_column_inner][vc_column_text] WARUNKI GWARANCJI na urz\u0105dzenia zakupione w firmie LEP &nbsp; 1. Okres gwarancji na produkowane przez nas wyroby wynosi 2 lata od daty zakupu z wyj\u0105tkami zawartymi w punkcie 2. 2. Okres gwarancji [&hellip;]<\/p>\n","protected":false},"author":2,"featured_media":0,"parent":0,"menu_order":0,"comment_status":"closed","ping_status":"closed","template":"page-full-width.php","meta":{"footnotes":""},"class_list":["post-1097","page","type-page","status-publish","hentry"],"yoast_head":"<!-- This site is optimized with the Yoast SEO plugin v27.3 - https:\/\/yoast.com\/product\/yoast-seo-wordpress\/ -->\n<title>LEP - Warunki gwarancji<\/title>\n<meta name=\"description\" content=\"informacje og\u00f3lne, linki - strona zawiera warunki gwarancji oraz generalne zasady realizacji zam\u00f3wie\u0144. Dost\u0119pne s\u0105 tak\u017ce informacje o firmie.\" \/>\n<meta name=\"robots\" content=\"noindex, nofollow\" \/>\n<meta property=\"og:locale\" content=\"pl_PL\" \/>\n<meta property=\"og:type\" content=\"article\" \/>\n<meta property=\"og:title\" content=\"LEP - Warunki gwarancji\" \/>\n<meta property=\"og:description\" content=\"informacje og\u00f3lne, linki - strona zawiera warunki gwarancji oraz generalne zasady realizacji zam\u00f3wie\u0144. Dost\u0119pne s\u0105 tak\u017ce informacje o firmie.\" \/>\n<meta property=\"og:url\" content=\"https:\/\/lep.pl\/index.php\/gwarancja\/\" \/>\n<meta property=\"og:site_name\" content=\"LEP\" \/>\n<meta property=\"article:modified_time\" content=\"2019-10-02T10:04:54+00:00\" \/>\n<meta name=\"twitter:card\" content=\"summary_large_image\" \/>\n<meta name=\"twitter:label1\" content=\"Szacowany czas czytania\" \/>\n\t<meta name=\"twitter:data1\" content=\"3 minuty\" \/>\n<script type=\"application\/ld+json\" class=\"yoast-schema-graph\">{\"@context\":\"https:\\\/\\\/schema.org\",\"@graph\":[{\"@type\":\"WebPage\",\"@id\":\"https:\\\/\\\/lep.pl\\\/index.php\\\/gwarancja\\\/\",\"url\":\"https:\\\/\\\/lep.pl\\\/index.php\\\/gwarancja\\\/\",\"name\":\"LEP - Warunki gwarancji\",\"isPartOf\":{\"@id\":\"https:\\\/\\\/lep.pl\\\/#website\"},\"datePublished\":\"2017-06-03T08:22:08+00:00\",\"dateModified\":\"2019-10-02T10:04:54+00:00\",\"description\":\"informacje og\u00f3lne, linki - strona zawiera warunki gwarancji oraz generalne zasady realizacji zam\u00f3wie\u0144. Dost\u0119pne s\u0105 tak\u017ce informacje o firmie.\",\"breadcrumb\":{\"@id\":\"https:\\\/\\\/lep.pl\\\/index.php\\\/gwarancja\\\/#breadcrumb\"},\"inLanguage\":\"pl-PL\",\"potentialAction\":[{\"@type\":\"ReadAction\",\"target\":[\"https:\\\/\\\/lep.pl\\\/index.php\\\/gwarancja\\\/\"]}]},{\"@type\":\"BreadcrumbList\",\"@id\":\"https:\\\/\\\/lep.pl\\\/index.php\\\/gwarancja\\\/#breadcrumb\",\"itemListElement\":[{\"@type\":\"ListItem\",\"position\":1,\"name\":\"Strona g\u0142\u00f3wna\",\"item\":\"https:\\\/\\\/lep.pl\\\/\"},{\"@type\":\"ListItem\",\"position\":2,\"name\":\"Warunki gwarancji\"}]},{\"@type\":\"WebSite\",\"@id\":\"https:\\\/\\\/lep.pl\\\/#website\",\"url\":\"https:\\\/\\\/lep.pl\\\/\",\"name\":\"LEP\",\"description\":\"- centrale PPO\u017b, czujniki dymu i zasilacze\",\"publisher\":{\"@id\":\"https:\\\/\\\/lep.pl\\\/#organization\"},\"potentialAction\":[{\"@type\":\"SearchAction\",\"target\":{\"@type\":\"EntryPoint\",\"urlTemplate\":\"https:\\\/\\\/lep.pl\\\/?s={search_term_string}\"},\"query-input\":{\"@type\":\"PropertyValueSpecification\",\"valueRequired\":true,\"valueName\":\"search_term_string\"}}],\"inLanguage\":\"pl-PL\"},{\"@type\":\"Organization\",\"@id\":\"https:\\\/\\\/lep.pl\\\/#organization\",\"name\":\"Lep\",\"url\":\"https:\\\/\\\/lep.pl\\\/\",\"logo\":{\"@type\":\"ImageObject\",\"inLanguage\":\"pl-PL\",\"@id\":\"https:\\\/\\\/lep.pl\\\/#\\\/schema\\\/logo\\\/image\\\/\",\"url\":\"https:\\\/\\\/lep.pl\\\/wp-content\\\/uploads\\\/2017\\\/04\\\/logo@1x.png\",\"contentUrl\":\"https:\\\/\\\/lep.pl\\\/wp-content\\\/uploads\\\/2017\\\/04\\\/logo@1x.png\",\"width\":400,\"height\":54,\"caption\":\"Lep\"},\"image\":{\"@id\":\"https:\\\/\\\/lep.pl\\\/#\\\/schema\\\/logo\\\/image\\\/\"}}]}<\/script>\n<!-- \/ Yoast SEO plugin. -->","yoast_head_json":{"title":"LEP - Warunki gwarancji","description":"informacje og\u00f3lne, linki - strona zawiera warunki gwarancji oraz generalne zasady realizacji zam\u00f3wie\u0144. Dost\u0119pne s\u0105 tak\u017ce informacje o firmie.","robots":{"index":"noindex","follow":"nofollow"},"og_locale":"pl_PL","og_type":"article","og_title":"LEP - Warunki gwarancji","og_description":"informacje og\u00f3lne, linki - strona zawiera warunki gwarancji oraz generalne zasady realizacji zam\u00f3wie\u0144. Dost\u0119pne s\u0105 tak\u017ce informacje o firmie.","og_url":"https:\/\/lep.pl\/index.php\/gwarancja\/","og_site_name":"LEP","article_modified_time":"2019-10-02T10:04:54+00:00","twitter_card":"summary_large_image","twitter_misc":{"Szacowany czas czytania":"3 minuty"},"schema":{"@context":"https:\/\/schema.org","@graph":[{"@type":"WebPage","@id":"https:\/\/lep.pl\/index.php\/gwarancja\/","url":"https:\/\/lep.pl\/index.php\/gwarancja\/","name":"LEP - Warunki gwarancji","isPartOf":{"@id":"https:\/\/lep.pl\/#website"},"datePublished":"2017-06-03T08:22:08+00:00","dateModified":"2019-10-02T10:04:54+00:00","description":"informacje og\u00f3lne, linki - strona zawiera warunki gwarancji oraz generalne zasady realizacji zam\u00f3wie\u0144. Dost\u0119pne s\u0105 tak\u017ce informacje o firmie.","breadcrumb":{"@id":"https:\/\/lep.pl\/index.php\/gwarancja\/#breadcrumb"},"inLanguage":"pl-PL","potentialAction":[{"@type":"ReadAction","target":["https:\/\/lep.pl\/index.php\/gwarancja\/"]}]},{"@type":"BreadcrumbList","@id":"https:\/\/lep.pl\/index.php\/gwarancja\/#breadcrumb","itemListElement":[{"@type":"ListItem","position":1,"name":"Strona g\u0142\u00f3wna","item":"https:\/\/lep.pl\/"},{"@type":"ListItem","position":2,"name":"Warunki gwarancji"}]},{"@type":"WebSite","@id":"https:\/\/lep.pl\/#website","url":"https:\/\/lep.pl\/","name":"LEP","description":"- centrale PPO\u017b, czujniki dymu i zasilacze","publisher":{"@id":"https:\/\/lep.pl\/#organization"},"potentialAction":[{"@type":"SearchAction","target":{"@type":"EntryPoint","urlTemplate":"https:\/\/lep.pl\/?s={search_term_string}"},"query-input":{"@type":"PropertyValueSpecification","valueRequired":true,"valueName":"search_term_string"}}],"inLanguage":"pl-PL"},{"@type":"Organization","@id":"https:\/\/lep.pl\/#organization","name":"Lep","url":"https:\/\/lep.pl\/","logo":{"@type":"ImageObject","inLanguage":"pl-PL","@id":"https:\/\/lep.pl\/#\/schema\/logo\/image\/","url":"https:\/\/lep.pl\/wp-content\/uploads\/2017\/04\/logo@1x.png","contentUrl":"https:\/\/lep.pl\/wp-content\/uploads\/2017\/04\/logo@1x.png","width":400,"height":54,"caption":"Lep"},"image":{"@id":"https:\/\/lep.pl\/#\/schema\/logo\/image\/"}}]}},"_links":{"self":[{"href":"https:\/\/lep.pl\/index.php\/wp-json\/wp\/v2\/pages\/1097","targetHints":{"allow":["GET"]}}],"collection":[{"href":"https:\/\/lep.pl\/index.php\/wp-json\/wp\/v2\/pages"}],"about":[{"href":"https:\/\/lep.pl\/index.php\/wp-json\/wp\/v2\/types\/page"}],"author":[{"embeddable":true,"href":"https:\/\/lep.pl\/index.php\/wp-json\/wp\/v2\/users\/2"}],"replies":[{"embeddable":true,"href":"https:\/\/lep.pl\/index.php\/wp-json\/wp\/v2\/comments?post=1097"}],"version-history":[{"count":19,"href":"https:\/\/lep.pl\/index.php\/wp-json\/wp\/v2\/pages\/1097\/revisions"}],"predecessor-version":[{"id":2333,"href":"https:\/\/lep.pl\/index.php\/wp-json\/wp\/v2\/pages\/1097\/revisions\/2333"}],"wp:attachment":[{"href":"https:\/\/lep.pl\/index.php\/wp-json\/wp\/v2\/media?parent=1097"}],"curies":[{"name":"wp","href":"https:\/\/api.w.org\/{rel}","templated":true}]}}